{"id":85,"date":"2017-03-19T06:30:12","date_gmt":"2017-03-19T06:30:12","guid":{"rendered":"http:\/\/deportesalternativos.com\/kabaddi\/?page_id=85"},"modified":"2020-02-22T03:23:50","modified_gmt":"2020-02-22T03:23:50","slug":"85-2","status":"publish","type":"page","link":"https:\/\/deportesalternativos.com\/kabaddi\/liga-nacional-2017\/85-2\/","title":{"rendered":"Fichaje e inscripciones"},"content":{"rendered":"<p>Inscripci\u00f3n y Federaci\u00f3n de Jugadores\/as:<\/p>\n<p><strong>Todo contacto con Liga Argentina de Kabaddi 2020 ser\u00e1 por e-mail a:<\/strong><\/p>\n<p><strong><span style=\"color: #0000ff;\">codasports@gmail.com<\/span><\/strong><\/p>\n<p>&nbsp;<\/p>\n<p><strong>Inscripci\u00f3n:<\/strong><\/p>\n<p>Deber\u00e1 formalizarse antes del 20 de Marzo de 2020 (si un equipo se inscribe una vez iniciada La Liga, deber\u00e1 formalizar la inscripci\u00f3n antes de la Fecha en que se produzca el debut)<\/p>\n<ul>\n<li>Equipo: <strong>AR$ 3400 (anual)<\/strong>, incluye 17 jugadores que abonan AR$ 200 c\/u (anual)<\/li>\n<li>Contacto <strong>Prof. Federico Gramajo (federicogramajo@hotmail.com)<\/strong><\/li>\n<\/ul>\n<p>&nbsp;<\/p>\n<p>El mismo d\u00eda de comienzo de la etapa cada jugador\/a <strong>DEBER\u00c1 PRESENTAR de MANERA OBLIGATORIA<\/strong> su <span style=\"color: #333399;\"><strong>Carnet de Jugador\/a Federado\/a a la Asociaci\u00f3n Argentina de Kabaddi (requisito excluyente)<\/strong><\/span>. Asimismo, los<strong> jugadores\/as libres<\/strong> que deseen participar del <strong>Draft 2020<\/strong>, deber\u00e1n estar Federados\/as y con su Carnet impreso el d\u00eda de la competencia.<\/p>\n<p>Los carnets ser\u00e1n impresos por la Liga Argentina de Kabaddi y se entregar\u00e1n antes del comienzo de las fechas.<\/p>\n<p>LXS JUGADORES\/AS SER\u00c1N PESADOS EL DIA MISMO DE COMPETENCIA.<\/p>\n<p>KABADDI NATIONAL STYLE:<\/p>\n<ul>\n<li><strong>Masculino: M\u00c1XIMO 85 KG (SE ACEPTAR\u00c1 SOLO HASTA 1 KG DE TOLERANCIA)<\/strong><\/li>\n<li><strong>Femenino: M\u00c1XIMO 75 KG (SE ACEPTAR\u00c1 SOLO HASTA 1 KG DE TOLERANCIA)<\/strong><\/li>\n<\/ul>\n<p><em>El Draft 2020 se llevar\u00e1 a cabo el 21\/03\/2020<\/em><\/p>\n<p>&nbsp;<\/p>\n","protected":false},"excerpt":{"rendered":"<p>Inscripci\u00f3n y Federaci\u00f3n de Jugadores\/as: Todo contacto con Liga Argentina de Kabaddi 2020 ser\u00e1 por e-mail a: codasports@gmail.com &nbsp; Inscripci\u00f3n: Deber\u00e1 formalizarse antes del 20<\/p>\n","protected":false},"author":1,"featured_media":0,"parent":22,"menu_order":50,"comment_status":"closed","ping_status":"closed","template":"","meta":[],"_links":{"self":[{"href":"https:\/\/deportesalternativos.com\/kabaddi\/wp-json\/wp\/v2\/pages\/85"}],"collection":[{"href":"https:\/\/deportesalternativos.com\/kabaddi\/wp-json\/wp\/v2\/pages"}],"about":[{"href":"https:\/\/deportesalternativos.com\/kabaddi\/wp-json\/wp\/v2\/types\/page"}],"author":[{"embeddable":true,"href":"https:\/\/deportesalternativos.com\/kabaddi\/wp-json\/wp\/v2\/users\/1"}],"replies":[{"embeddable":true,"href":"https:\/\/deportesalternativos.com\/kabaddi\/wp-json\/wp\/v2\/comments?post=85"}],"version-history":[{"count":13,"href":"https:\/\/deportesalternativos.com\/kabaddi\/wp-json\/wp\/v2\/pages\/85\/revisions"}],"predecessor-version":[{"id":475,"href":"https:\/\/deportesalternativos.com\/kabaddi\/wp-json\/wp\/v2\/pages\/85\/revisions\/475"}],"up":[{"embeddable":true,"href":"https:\/\/deportesalternativos.com\/kabaddi\/wp-json\/wp\/v2\/pages\/22"}],"wp:attachment":[{"href":"https:\/\/deportesalternativos.com\/kabaddi\/wp-json\/wp\/v2\/media?parent=85"}],"curies":[{"name":"wp","href":"https:\/\/api.w.org\/{rel}","templated":true}]}}