{"id":790,"date":"2023-03-03T14:00:00","date_gmt":"2023-03-03T17:00:00","guid":{"rendered":"https:\/\/deportesalternativos.com\/kabaddi\/?page_id=790"},"modified":"2026-03-03T21:15:05","modified_gmt":"2026-03-04T00:15:05","slug":"capacitacion","status":"publish","type":"page","link":"https:\/\/deportesalternativos.com\/kabaddi\/capacitacion\/","title":{"rendered":"CAPACITACI\u00d3N"},"content":{"rendered":"\n<p>En <strong>abril 2026<\/strong>, durante el 1\u00b0 Campus Internacional y 1\u00b0 Sudamericano de Kabaddi, dar\u00e1 comienzo el <strong>Curso de Instructor Nacional de Kabaddi<\/strong>, dictado por <strong>Ricardo Acu\u00f1a<\/strong>, <strong>Mat\u00edas Mart\u00ednez<\/strong>, <strong>Ignacio Moreira<\/strong> y <strong>Daniel Castillo<\/strong>, todos integrantes del <strong>Comit\u00e9 T\u00e9cnico de la Asociaci\u00f3n Argentina de Kabaddi<\/strong>.<\/p>\n\n\n\n<p>Dicha instancia de capacitaci\u00f3n cuenta con el aval de la <strong>IKF (International Kabaddi Federation)<\/strong> y es compuesto por 2 (dos) instancias: PRESENCIAL y VIRTUAL (sincr\u00f3nica y asincr\u00f3nica).<\/p>\n\n\n\n<p>La inauguraci\u00f3n y etapa INICIAL y PRESENCIAL ser\u00e1 en <strong>ABRIL 2026<\/strong>, en las ciudades de Benito Ju\u00e1rez (Pcia. de Buenos Aires) y la Ciudad Aut\u00f3noma de Buenos Aires, en sedes a designar. Ser\u00e1n jornadas que comenzar\u00e1 a las 9:00 y finalizar\u00e1 a las 18:00. Durante los 4 siguientes meses se completar\u00e1 la formaci\u00f3n con actividades virtuales que incluyen 1 (una) videoconferencia v\u00eda Google Meet y finaliza en la Plataforma CODASPORTS con tareas y evaluaci\u00f3n virtual.<\/p>\n\n\n\n<p>Si est\u00e1s interesado\/a, escrib\u00ed un mail a <strong>codasportscapacitacion@gmail.com<\/strong> para que te informemos.<\/p>\n","protected":false},"excerpt":{"rendered":"<p>En abril 2026, durante el 1\u00b0 Campus Internacional y 1\u00b0 Sudamericano de Kabaddi, dar\u00e1 comienzo el Curso de Instructor Nacional de Kabaddi, dictado por Ricardo<\/p>\n","protected":false},"author":1,"featured_media":0,"parent":0,"menu_order":0,"comment_status":"closed","ping_status":"closed","template":"","meta":[],"_links":{"self":[{"href":"https:\/\/deportesalternativos.com\/kabaddi\/wp-json\/wp\/v2\/pages\/790"}],"collection":[{"href":"https:\/\/deportesalternativos.com\/kabaddi\/wp-json\/wp\/v2\/pages"}],"about":[{"href":"https:\/\/deportesalternativos.com\/kabaddi\/wp-json\/wp\/v2\/types\/page"}],"author":[{"embeddable":true,"href":"https:\/\/deportesalternativos.com\/kabaddi\/wp-json\/wp\/v2\/users\/1"}],"replies":[{"embeddable":true,"href":"https:\/\/deportesalternativos.com\/kabaddi\/wp-json\/wp\/v2\/comments?post=790"}],"version-history":[{"count":3,"href":"https:\/\/deportesalternativos.com\/kabaddi\/wp-json\/wp\/v2\/pages\/790\/revisions"}],"predecessor-version":[{"id":980,"href":"https:\/\/deportesalternativos.com\/kabaddi\/wp-json\/wp\/v2\/pages\/790\/revisions\/980"}],"wp:attachment":[{"href":"https:\/\/deportesalternativos.com\/kabaddi\/wp-json\/wp\/v2\/media?parent=790"}],"curies":[{"name":"wp","href":"https:\/\/api.w.org\/{rel}","templated":true}]}}