{"id":633,"date":"2023-07-28T18:34:00","date_gmt":"2023-07-28T21:34:00","guid":{"rendered":"https:\/\/deportesalternativos.com\/kabaddi\/?page_id=633"},"modified":"2023-07-31T21:16:12","modified_gmt":"2023-08-01T00:16:12","slug":"campeonato-nacional-2021","status":"publish","type":"page","link":"https:\/\/deportesalternativos.com\/kabaddi\/campeonato-nacional-2021\/","title":{"rendered":"Campeonato Nacional"},"content":{"rendered":"\n<p>El Campeonato Nacional ser\u00e1 obtenido por el Equipo-Franquicia que m\u00e1s puntos obtenga luego de disputados los encuentros de los diferentes torneos. Haremos fuerte hincapi\u00e9 en la especialidad <strong>K5 (Kabaddi 5)<\/strong> la cual est\u00e1 en el foco de la<strong> IKF (International Kabaddi Federation)<\/strong>, teniendo en cuenta que se ha postulado a Kabaddi para los <strong>Juegos Ol\u00edmpicos de la Juventud.<\/strong> En los AIMAG (Asian Indoor Martial Arts Games) ha sido incorporado el <strong>K5<\/strong> como <strong>Deporte Oficial<\/strong> en la pr\u00f3xima edici\u00f3n en Bangkok-Chonburi 2023<\/p>\n\n\n\n<p><\/p>\n\n\n\n<p class=\"has-large-font-size\"><strong>TABLA DE PUNTAJES Y ESPECIALIDADES<\/strong><\/p>\n\n\n\n<figure class=\"wp-block-table aligncenter is-style-stripes\"><table><tbody><tr><td><strong>Estilos de<br>Kabaddi<\/strong><\/td><td><strong>Open<br>Masculino<\/strong><\/td><td><strong>Open<br>Femenino<\/strong><\/td><td><strong>Menores de 23<br>Masculino<\/strong><\/td><td><strong>Menores de 23<br>Femenino<\/strong><\/td><\/tr><tr><td><strong>CIRCLE STYLE<\/strong><br><\/td><td>Posiciones 1\u00b0 al 4\u00b0:<br>10, 5, 3 y 1 pto.<\/td><td>Posiciones 1\u00b0 al 4\u00b0:<br>10, 5, 3 y 1 pto. <\/td><td>Posiciones 1\u00b0 al 3\u00b0:<br>4, 2 y 1 pto.  <\/td><td>Posiciones 1\u00b0 al 3\u00b0:<br>4, 2 y 1 pto. <\/td><\/tr><tr><td><strong>NATIONAL STYLE<\/strong><\/td><td>Posiciones 1\u00b0 al 4\u00b0:<br>10, 5, 3 y 1 pto. <\/td><td>Posiciones 1\u00b0 al 4\u00b0:<br>10, 5, 3 y 1 pto. <\/td><td>Posiciones 1\u00b0 al 3\u00b0:<br>4, 2 y 1 pto. <\/td><td>Posiciones 1\u00b0 al 3\u00b0:<br>4, 2 y 1 pto. <\/td><\/tr><tr><td><strong>BEACH STYLE<\/strong><br><\/td><td>Posiciones 1\u00b0 al 3\u00b0:<br>7, 3 y 1 pto. <\/td><td>Posiciones 1\u00b0 al 3\u00b0:<br>7, 3 y 1 pto.  <\/td><td>Posiciones 1\u00b0 y 2\u00b0:<br>3 y 1 pto. <\/td><td>Posiciones 1\u00b0 y 2\u00b0:<br>3 y 1 pto.  <\/td><\/tr><tr><td><strong>KABADDI 5<\/strong> <strong>(K5)<\/strong><\/td><td>Posiciones 1\u00b0 al 3\u00b0:<br>7, 3 y 1 pto.  <\/td><td>Posiciones 1\u00b0 al 3\u00b0:<br>7, 3 y 1 pto.  <\/td><td>Posiciones 1\u00b0 y 2\u00b0:<br>3 y 1 pto.  <\/td><td>Posiciones 1\u00b0 y 2\u00b0:<br>3 y 1 pto.  <\/td><\/tr><\/tbody><\/table><\/figure>\n\n\n\n<p>La novedad es la incorporaci\u00f3n de los equipos <strong>U-23 (con jugadores y jugadoras hasta 23 a\u00f1os inclusive)<\/strong>. Este grupo de jugadores\/as podr\u00e1n integrar los equipos mayores (Open) sin l\u00edmites de especialidades, ejemplo:<\/p>\n\n\n\n<p>Una jugadora de 20 a\u00f1os, como m\u00e1ximo, podr\u00e1 disputar con su equipo-franquicia los siguientes 8 (ocho) torneos:<\/p>\n\n\n\n<ul>\n<li>Circle Kabaddi \/ Open Femenino<\/li>\n\n\n\n<li>National Style \/ Open Femenino<\/li>\n\n\n\n<li>Beach Kabaddi \/ Open Femenino<\/li>\n\n\n\n<li>Kabaddi 5 \/ Open Femenino<\/li>\n\n\n\n<li>Circle Kabaddi \/ Menores de 23 Femenino <\/li>\n\n\n\n<li>National Style \/ Menores de 23 Femenino<\/li>\n\n\n\n<li>Beach Kabaddi \/ Menores de 23 Femenino  <\/li>\n\n\n\n<li>Kabaddi 5 \/ Menores de 23 Femenino<\/li>\n<\/ul>\n\n\n\n<p><\/p>\n\n\n\n<p class=\"has-large-font-size\"><strong>EQUIPO-FRANQUICIAS HABILITADOS Y\/O REGISTRADOS:<\/strong><\/p>\n\n\n\n<p>Por el momento, los equipos habilitados y registrados en Argentina son:<\/p>\n\n\n\n<ul>\n<li><strong>DEPORTIVO LA PLATA <\/strong>(LA PLATA, Pcia. Buenos Aires)<\/li>\n\n\n\n<li><strong>LA ESTAMPIDA<\/strong> (SAN FERNANDO, Pcia. Buenos Aires)<\/li>\n\n\n\n<li><strong>LOBOS <\/strong>(PILAR, Pcia. Buenos Aires)<\/li>\n\n\n\n<li><strong>LOS CAUDILLOS<\/strong> (O\u00b4BRIEN, Pcia. Buenos Aires)<\/li>\n\n\n\n<li><strong>ATHENAS <\/strong>(BENAV\u00cdDEZ, Pcia. de Buenos Aires)<\/li>\n\n\n\n<li><strong>CARPINCHOS <\/strong>(GUALEGUAYCH\u00da, Pcia. Entre R\u00edos)<\/li>\n\n\n\n<li><strong>CACIQUES <\/strong>(ESCOBAR, Pcia. Buenos Aires)<\/li>\n\n\n\n<li><strong>SINERGIA <\/strong>(C.A.B.A.)<\/li>\n\n\n\n<li><strong>AGUAR\u00c1 IVITY<\/strong> (SAN JOS\u00c9, Entre R\u00edos)<\/li>\n\n\n\n<li><strong>MUTEKI<\/strong> (COMODORO RIVADAVIA, Pcia. de Chubut)<\/li>\n\n\n\n<li><strong>C\u00d3RDOBA KABADDI<\/strong> (C\u00d3RDOBA, Pcia. de C\u00f3rdoba)<\/li>\n\n\n\n<li><strong>PATAGONIA KABADDI<\/strong> (TRELEW, Pcia. de Chubut)<\/li>\n\n\n\n<li><strong>BAK BUENOS AIRES KABADDI<\/strong> (C.A.B.A.)<\/li>\n\n\n\n<li><strong>GREGORIANOS <\/strong>(RAWSON, Pcia. de Chubut)<\/li>\n\n\n\n<li><strong>SALTA KABADDI<\/strong> (SALTA, Pcia. de Salta)<\/li>\n\n\n\n<li><strong>MENDOZA KABADDI<\/strong> (MENDOZA, Pcia. de Mendoza)<\/li>\n\n\n\n<li><strong>PAMPAS <\/strong>(HURLINGHAM, Pcia. de Buenos Aires)<\/li>\n<\/ul>\n\n\n\n<p><\/p>\n\n\n\n<p class=\"has-large-font-size\"><strong>L\u00cdMITES DE PESO:<\/strong><\/p>\n\n\n\n<p><strong>FEMENINO<\/strong><\/p>\n\n\n\n<ul>\n<li><strong>K5<\/strong>: 1 (una) jugadora que sobrepase el l\u00edmite de 75 Kg y no exceda los 80 Kg, con permiso de oficiar de Raider en 2 (dos) ocasiones por mitad de juego <\/li>\n\n\n\n<li><strong>Beach<\/strong>: 1 (una) jugadora que sobrepase el l\u00edmite de 70 Kg y no exceda los 80 Kg, con permiso de oficiar de Raider en 2 (dos) ocasiones por mitad de juego  <\/li>\n\n\n\n<li><strong>Estilo Tradicional<\/strong>: 1 (una) jugadora que sobrepase el l\u00edmite de 70 Kg y no exceda los 80 Kg, con permiso de oficiar de Raider en 1 (una) ocasi\u00f3n por mitad de juego<\/li>\n\n\n\n<li><strong>Circle Style<\/strong>: sin l\u00edmite de peso<\/li>\n<\/ul>\n\n\n\n<p><strong>MASCULINO<\/strong><\/p>\n\n\n\n<ul>\n<li><strong>K5<\/strong>: 1 (un) jugador que sobrepase el l\u00edmite de 85 Kg y no exceda los 90 Kg, con permiso de oficiar de Raider en 2 (dos) ocasiones por mitad de juego <\/li>\n\n\n\n<li><strong>Beach<\/strong>: 1 (un) jugador que sobrepase el l\u00edmite de 85 Kg y no exceda los 90 Kg, con permiso de oficiar de Raider en 2 (dos) ocasiones por mitad de juego  <\/li>\n\n\n\n<li><strong>Estilo Tradicional<\/strong>: 1 (un) jugador que sobrepase el l\u00edmite de 85 Kg y no exceda los 90 Kg, con permiso de oficiar de Raider en 1 (una) ocasi\u00f3n por mitad de juego<\/li>\n\n\n\n<li><strong>Circle Style<\/strong>: sin l\u00edmite de peso<\/li>\n<\/ul>\n\n\n\n<p><\/p>\n\n\n\n<p class=\"has-large-font-size\"><strong>JUGADORES\/AS LIBRES:&nbsp;<\/strong><\/p>\n\n\n\n<p id=\"block-ed7bde54-d2b8-4195-83cb-50e9ee7415cf\">Los\/las Jugadores\/as que no han jugado oficialmente por ninguna franquicia y que deseen inscribirse, enviar\u00e1n sus datos por correo electr\u00f3nico a <strong>codasports@gmail.com<\/strong> y ser\u00e1n distribuidos en los equipos-franquicias el d\u00eda de la inauguraci\u00f3n de la primera competencia del a\u00f1o.<\/p>\n\n\n\n<p id=\"block-589749be-89f5-4db8-a91c-2d83810f2c4b\">En dicha ceremonia, los equipos debidamente inscriptos podr\u00e1n elegir a los\/as jugadores\/as, mediante un sistema de prioridades. Los equipos con menor cantidad de inscriptos\/as elegir\u00e1n en primer t\u00e9rmino.<\/p>\n\n\n\n<p><\/p>\n\n\n\n<p class=\"has-large-font-size\" id=\"block-45d20c63-8c42-4765-80e8-57ff1b986975\"><strong>\u00c1RBITROS Y OFICIALES DE COMPETENCIAS:&nbsp;<\/strong><\/p>\n\n\n\n<p><strong>Es obligaci\u00f3n de cada Franquicia designar 1 (un) \u00e1rbitro oficial antes de cada torneo<\/strong>, dado que todos los encuentros ser\u00e1n arbitrados por una pareja de jueces de equipos neutrales, fiscalizados desde la mesa por el Director de competencia.<\/p>\n\n\n\n<p id=\"block-05d027fb-aff3-4c30-8d3a-fdc2e77fb316\"><\/p>\n\n\n\n<p class=\"has-large-font-size\"><strong>INSCRIPCIONES<\/strong><\/p>\n\n\n\n<p>Cada jugador\/a deber\u00e1 abonar para jugar cada fecha la suma de <strong>AR$500<\/strong> que ser\u00e1n destinados a costear los gastos organizativos de cada una de las sedes, siendo los\/las organizadores\/as locales los\/las encargados del cobro y manejo.<\/p>\n\n\n\n<p>El <strong>Listado de Buena Fe<\/strong> deber\u00e1 ser enviado <strong>v\u00eda Whatsapp al +549-2945-602500<\/strong> (Director de Competencia, Ricardo Acu\u00f1a) el d\u00eda anterior a la competencia para el sorteo y armando de la fecha. <\/p>\n\n\n\n<p>El listado deber\u00e1 contener <strong>NOMBRE Y APELLIDO, FECHA DE NACIMIENTO, DNI, PESO DECLARADO Y JUGADOR\/A DESIGNADO\/A como \u00c1RBITRO<\/strong><\/p>\n\n\n\n<p><\/p>\n\n\n\n<p>Cualquier duda, pueden canalizarla al N\u00b0 de Whatsapp del Director de competencia.<\/p>\n","protected":false},"excerpt":{"rendered":"<p>El Campeonato Nacional ser\u00e1 obtenido por el Equipo-Franquicia que m\u00e1s puntos obtenga luego de disputados los encuentros de los diferentes torneos. Haremos fuerte hincapi\u00e9 en<\/p>\n","protected":false},"author":1,"featured_media":0,"parent":0,"menu_order":0,"comment_status":"closed","ping_status":"closed","template":"","meta":[],"_links":{"self":[{"href":"https:\/\/deportesalternativos.com\/kabaddi\/wp-json\/wp\/v2\/pages\/633"}],"collection":[{"href":"https:\/\/deportesalternativos.com\/kabaddi\/wp-json\/wp\/v2\/pages"}],"about":[{"href":"https:\/\/deportesalternativos.com\/kabaddi\/wp-json\/wp\/v2\/types\/page"}],"author":[{"embeddable":true,"href":"https:\/\/deportesalternativos.com\/kabaddi\/wp-json\/wp\/v2\/users\/1"}],"replies":[{"embeddable":true,"href":"https:\/\/deportesalternativos.com\/kabaddi\/wp-json\/wp\/v2\/comments?post=633"}],"version-history":[{"count":5,"href":"https:\/\/deportesalternativos.com\/kabaddi\/wp-json\/wp\/v2\/pages\/633\/revisions"}],"predecessor-version":[{"id":854,"href":"https:\/\/deportesalternativos.com\/kabaddi\/wp-json\/wp\/v2\/pages\/633\/revisions\/854"}],"wp:attachment":[{"href":"https:\/\/deportesalternativos.com\/kabaddi\/wp-json\/wp\/v2\/media?parent=633"}],"curies":[{"name":"wp","href":"https:\/\/api.w.org\/{rel}","templated":true}]}}