{"id":22,"date":"2020-02-20T05:24:29","date_gmt":"2020-02-20T05:24:29","guid":{"rendered":"http:\/\/deportesalternativos.com\/kabaddi\/?page_id=22"},"modified":"2023-07-31T13:43:31","modified_gmt":"2023-07-31T16:43:31","slug":"liga-nacional-2017","status":"publish","type":"page","link":"https:\/\/deportesalternativos.com\/kabaddi\/liga-nacional-2017\/","title":{"rendered":"Copa K5 2023"},"content":{"rendered":"\n<div class=\"wp-block-group has-white-background-color has-background is-layout-flow\"><div class=\"wp-block-group__inner-container\">\n<p>La <strong>Liga Nacional de Kabaddi 2023, modalidad K5<\/strong> ser\u00e1 el <strong>primer<\/strong> <strong>evento de la Asociaci\u00f3n Argentina de Kabaddi en el presente a\u00f1o<\/strong>. Coronar\u00e1 los equipos Campeones Nacionales a su finalizaci\u00f3n, luego de 2 (dos) fechas de disputa<\/p>\n\n\n\n<ul class=\"has-white-background-color has-background\">\n<li class=\"has-medium-font-size\"><strong>Fecha 1<\/strong> | <strong>AGOSTO <\/strong>2023 | <strong>Domingo 6<\/strong><\/li>\n\n\n\n<li class=\"has-medium-font-size\"><strong>Fecha 2<\/strong> | A CONFIRMAR<\/li>\n<\/ul>\n\n\n\n<p>Se disputar\u00e1n las siguientes categor\u00edas:<\/p>\n\n\n\n<ul>\n<li>K5 Masculino Open<\/li>\n\n\n\n<li>K5 Femenino Open<\/li>\n<\/ul>\n<\/div><\/div>\n\n\n\n<p><\/p>\n\n\n\n<div class=\"wp-block-group has-white-background-color has-background is-layout-flow\"><div class=\"wp-block-group__inner-container\">\n<ul>\n<li class=\"has-large-font-size\"><strong>SISTEMA DE CLASIFICACI\u00d3N Y PUNTOS<\/strong><\/li>\n<\/ul>\n\n\n\n<p>Los equipos disputar\u00e1n las etapas siempre y cuando cumplan con la inscripci\u00f3n y los seguros obligatorios al d\u00eda anterior a la competencia.&nbsp;La Fecha de Liga Nacional <strong>deber\u00e1 COMENZAR y FINALIZAR en el mismo d\u00eda<\/strong><\/p>\n<\/div><\/div>\n\n\n\n<p><\/p>\n\n\n\n<div class=\"wp-block-group has-white-background-color has-background is-layout-flow\"><div class=\"wp-block-group__inner-container\">\n<ul class=\"has-large-font-size\">\n<li><strong>PUNTUACIONES<\/strong>:<\/li>\n<\/ul>\n\n\n\n<p class=\"has-white-background-color has-background\">De acuerdo a las posiciones, se <strong>otorgar\u00e1n<\/strong> puntos en la etapa:<\/p>\n\n\n\n<ul>\n<li>Ganador de la Etapa: <strong>18<\/strong> Puntos<\/li>\n\n\n\n<li>2\u00b0 Posici\u00f3n: <strong>10<\/strong> Puntos<\/li>\n\n\n\n<li>3\u00b0 Posici\u00f3n:&nbsp;<strong>7<\/strong>&nbsp; Puntos<\/li>\n\n\n\n<li>4\u00b0 Posici\u00f3n: <strong>4<\/strong> Puntos<\/li>\n\n\n\n<li>Del 5\u00b0 al \u00faltimo: <strong>2<\/strong> Puntos<\/li>\n<\/ul>\n\n\n\n<p>No participar de la Etapa (habi\u00e9ndose inscripto para participar): <span style=\"color: #ff0000;\"><strong>resta<\/strong>&nbsp;3 Puntos<\/span> (si un equipo juega la 2\u00b0 etapa, se le aplicar\u00e1n los descuentos de la etapa que no ha jugado)<\/p>\n\n\n\n<p>Descuentos por Tarjetas Arbitrales y Premios por Juego Limpio:<\/p>\n\n\n\n<ul>\n<li>Verde: <strong>0,25<\/strong> Puntos de Descuento por Tarjeta<\/li>\n\n\n\n<li>Amarilla: <strong>1<\/strong> Puntos de Descuento por Tarjeta<\/li>\n\n\n\n<li>Roja: <strong>3<\/strong> Puntos de Descuento por Tarjeta<\/li>\n<\/ul>\n\n\n\n<p>Importante: si al finalizar un encuentro, el equipo no recibe ninguna tarjeta, se le bonificar\u00e1 con 1 Punto.&nbsp;<\/p>\n\n\n\n<hr class=\"wp-block-separator has-css-opacity\"\/>\n\n\n\n<h3 class=\"wp-block-heading has-text-align-center has-white-color has-vivid-cyan-blue-background-color has-text-color has-background has-large-font-size\"><strong>Requisitos para participar de la Copa K5<\/strong><\/h3>\n\n\n\n<p><\/p>\n\n\n\n<ul class=\"has-white-background-color has-background\">\n<li class=\"has-large-font-size\"><strong>INSCRIPCION Y COSTO DE FRANQUICIA:<\/strong><\/li>\n<\/ul>\n\n\n\n<p><strong>Para registrar un equipo en la Liga:<\/strong><\/p>\n\n\n\n<ul>\n<li>M\u00ednimo de Jugadores varones: <strong>6 (seis)<\/strong><\/li>\n\n\n\n<li>M\u00ednimo de Jugadoras mujeres: <strong>6 (seis)<\/strong><\/li>\n\n\n\n<li><strong>Cada jugador\/a deber\u00e1 abonar la cuota anual (monto a establecerse en breve, VER FINANZAS, m\u00e1s abajo).<\/strong><\/li>\n<\/ul>\n\n\n\n<p>Por consiguiente, cada equipo. <strong>para incorporarse a la pr\u00f3xima Copa K5 deber\u00e1 abonar su inscripci\u00f3n <\/strong>antes de competir, fecha tope de admisi\u00f3n de los Equipos\/Franquicias: 1 (un) d\u00eda antes del comienzo de la primera etapa.<\/p>\n\n\n\n<p><strong><span style=\"color: #ff0000;\">Una vez decidida la participaci\u00f3n, comunicarse con codasports@gmail.com para incorporar la Franquicia\/Club \u00f3 Equipo a la Liga 2023. <\/span><\/strong><\/p>\n<\/div><\/div>\n\n\n\n<p><\/p>\n\n\n\n<div class=\"wp-block-group has-white-background-color has-background is-layout-flow\"><div class=\"wp-block-group__inner-container\">\n<ul>\n<li class=\"has-large-font-size\"><strong>MEMBRESIA Y CARNET DE JUEGO:<\/strong><\/li>\n<\/ul>\n\n\n\n<p>A su vez, cada integrante del equipo <strong>deber\u00e1 ser miembro de la Asociaci\u00f3n Argentina de Kabaddi para jugar<\/strong>. Luego de completar la membres\u00eda, se le enviar\u00e1 el correspondiente Carnet de Jugador\/a que deber\u00e1 imprimir y presentar antes de cada partido.<\/p>\n\n\n\n<p class=\"has-vivid-red-color has-text-color\"><strong>El costo de cada fecha de Liga Nacional de Kabaddi es de es de AR$500<\/strong> por cada jugador\/a, monto que administrar\u00e1\u00a0<strong>exclusivamente<\/strong> el Equipo\/Franquicia local.<\/p>\n\n\n\n<p>En el caso de la fecha inicial, el monto recaudado ser\u00e1 destinado al pago del alquiler del sal\u00f3n de juego. En caso de sobrante de dinero, lo administrar\u00e1 una persona a designar el mismo d\u00eda de competencia.<\/p>\n<\/div><\/div>\n\n\n\n<p><\/p>\n\n\n\n<div class=\"wp-block-group has-white-background-color has-background is-layout-flow\"><div class=\"wp-block-group__inner-container\">\n<ul>\n<li class=\"has-large-font-size\"><strong>INDUMENTARIA:<\/strong><\/li>\n<\/ul>\n\n\n\n<p>Las Franquicias-Equipos-Clubes, una vez incriptos deber\u00e1n remitir antes del comienzo, los colores elegidos para jugar.&nbsp;En el caso de National Style Kabaddi y Kabaddi Femenino se utilizar\u00e1n obligatoriamente remeras, shorts y medias y deber\u00e1n competir usando exclusivamente esos colores. En el caso de Circle deber\u00e1n utilizar el short elegido por la Franquicia.<\/p>\n<\/div><\/div>\n\n\n\n<p><\/p>\n\n\n\n<div class=\"wp-block-group has-white-background-color has-background is-layout-flow\"><div class=\"wp-block-group__inner-container\">\n<ul>\n<li class=\"has-large-font-size\"><strong>JUGADORES\/AS LIBRES:&nbsp;<\/strong><\/li>\n<\/ul>\n\n\n\n<p>Los\/las Jugadores\/as que deseen inscribirse enviando sus datos por correo electr\u00f3nico a <strong>codasports@gmail.com<\/strong> con sus datos b\u00e1sicos (en Asunto &#8220;DRAFT&#8221;) y formar\u00e1n parte del Draft de Selecci\u00f3n a efectuarse la semana previa al comienzo de la primera etapa de liga \u00f3 torneo.<\/p>\n\n\n\n<p>En dicha ceremonia, los equipos debidamente inscriptos podr\u00e1n elegir a los jugadores, mediante un sistema de prioridades. Los equipos nuevos elegir\u00e1n en primer t\u00e9rmino y los equipos que ya hayan jugado, lo har\u00e1n ordenados del \u00faltimo puesto al campe\u00f3n. Habr\u00e1 4 (cuatro) Drafts de Selecci\u00f3n, uno por cada especialidad. Los\/as jugadores\/as elegidos\/as integrar\u00e1n las franquicias que los elijan para todo el a\u00f1o en curso.<\/p>\n<\/div><\/div>\n\n\n\n<p><\/p>\n\n\n\n<div class=\"wp-block-group has-white-background-color has-background is-layout-flow\"><div class=\"wp-block-group__inner-container\">\n<ul>\n<li class=\"has-large-font-size\"><strong>\u00c1RBITROS Y OFICIALES DE COMPETENCIAS:&nbsp;<\/strong><\/li>\n<\/ul>\n\n\n\n<p>Los\/las personas que deseen oficiar de \u00e1rbitros y\/u oficiales de competencia deber\u00e1n contactarse con la Asociaci\u00f3n Argentina de Kabaddi (via E-mail, <strong>codasports@gmail.com<\/strong>). Ser\u00e1 una funci\u00f3n por la cual recibir\u00e1 una remuneraci\u00f3n variable. <strong>Asimismo es obligaci\u00f3n de cada Franquicia designar 1 (un) \u00e1rbitro oficial para la Liga 2023.<\/strong><\/p>\n<\/div><\/div>\n\n\n\n<p><\/p>\n\n\n\n<ul>\n<li class=\"has-large-font-size\"><strong>FINANZAS:<\/strong><\/li>\n<\/ul>\n\n\n\n<p>Para la recaudaci\u00f3n resultante de la inscripci\u00f3n anual de los equipos y de los carnets de federado\/a, se utilizar\u00e1 una cuenta del sistema MercadoPago, a la cual tendr\u00e1n acceso los y las representantes de cada franquicia aportante (una persona por franquicia). Sus fondos ser\u00e1n utilizados para los fines que determine el conjunto de personas autorizadas, en propuesta y votaci\u00f3n.<\/p>\n\n\n\n<p><\/p>\n\n\n\n<hr class=\"wp-block-separator has-alpha-channel-opacity\"\/>\n","protected":false},"excerpt":{"rendered":"<p>La Liga Nacional de Kabaddi 2023, modalidad K5 ser\u00e1 el primer evento de la Asociaci\u00f3n Argentina de Kabaddi en el presente a\u00f1o. Coronar\u00e1 los equipos<\/p>\n","protected":false},"author":1,"featured_media":0,"parent":0,"menu_order":20,"comment_status":"closed","ping_status":"closed","template":"","meta":[],"_links":{"self":[{"href":"https:\/\/deportesalternativos.com\/kabaddi\/wp-json\/wp\/v2\/pages\/22"}],"collection":[{"href":"https:\/\/deportesalternativos.com\/kabaddi\/wp-json\/wp\/v2\/pages"}],"about":[{"href":"https:\/\/deportesalternativos.com\/kabaddi\/wp-json\/wp\/v2\/types\/page"}],"author":[{"embeddable":true,"href":"https:\/\/deportesalternativos.com\/kabaddi\/wp-json\/wp\/v2\/users\/1"}],"replies":[{"embeddable":true,"href":"https:\/\/deportesalternativos.com\/kabaddi\/wp-json\/wp\/v2\/comments?post=22"}],"version-history":[{"count":36,"href":"https:\/\/deportesalternativos.com\/kabaddi\/wp-json\/wp\/v2\/pages\/22\/revisions"}],"predecessor-version":[{"id":850,"href":"https:\/\/deportesalternativos.com\/kabaddi\/wp-json\/wp\/v2\/pages\/22\/revisions\/850"}],"wp:attachment":[{"href":"https:\/\/deportesalternativos.com\/kabaddi\/wp-json\/wp\/v2\/media?parent=22"}],"curies":[{"name":"wp","href":"https:\/\/api.w.org\/{rel}","templated":true}]}}