{"id":5666,"date":"2025-11-17T15:39:33","date_gmt":"2025-11-17T18:39:33","guid":{"rendered":"https:\/\/deportesalternativos.com\/cursos\/?page_id=5666"},"modified":"2025-11-17T23:46:18","modified_gmt":"2025-11-18T02:46:18","slug":"congresocoda","status":"publish","type":"page","link":"https:\/\/deportesalternativos.com\/cursos\/congresocoda\/","title":{"rendered":"Congreso CODASPORTS 2025"},"content":{"rendered":"<p><a href=\"https:\/\/deportesalternativos.com\/cursos\/congreso-codasports-2025\/congre01\/\" rel=\"attachment wp-att-5681\"><img decoding=\"async\" loading=\"lazy\" class=\"aligncenter wp-image-5681\" src=\"https:\/\/deportesalternativos.com\/cursos\/wp-content\/uploads\/2025\/11\/congre01.jpg\" alt=\"\" width=\"637\" height=\"191\" srcset=\"https:\/\/deportesalternativos.com\/cursos\/wp-content\/uploads\/2025\/11\/congre01.jpg 1000w, https:\/\/deportesalternativos.com\/cursos\/wp-content\/uploads\/2025\/11\/congre01-300x90.jpg 300w, https:\/\/deportesalternativos.com\/cursos\/wp-content\/uploads\/2025\/11\/congre01-768x230.jpg 768w, https:\/\/deportesalternativos.com\/cursos\/wp-content\/uploads\/2025\/11\/congre01-230x69.jpg 230w, https:\/\/deportesalternativos.com\/cursos\/wp-content\/uploads\/2025\/11\/congre01-350x105.jpg 350w, https:\/\/deportesalternativos.com\/cursos\/wp-content\/uploads\/2025\/11\/congre01-480x144.jpg 480w\" sizes=\"(max-width: 637px) 100vw, 637px\" \/><\/a><\/p>\n<div style=\"width: 1170px;\" class=\"wp-video\"><!--[if lt IE 9]><script>document.createElement('video');<\/script><![endif]-->\n<video class=\"wp-video-shortcode\" id=\"video-5666-1\" width=\"1170\" height=\"658\" loop=\"1\" preload=\"metadata\" controls=\"controls\"><source type=\"video\/mp4\" src=\"https:\/\/deportesalternativos.com\/cursos\/wp-content\/uploads\/2025\/11\/OPEN.mp4?_=1\" \/><a href=\"https:\/\/deportesalternativos.com\/cursos\/wp-content\/uploads\/2025\/11\/OPEN.mp4\">https:\/\/deportesalternativos.com\/cursos\/wp-content\/uploads\/2025\/11\/OPEN.mp4<\/a><\/video><\/div>\n<p>&nbsp;<\/p>\n<p>Bienvenidos\/as.<\/p>\n<p>El <strong>1\u00b0 Congreso (virtual) CODASPORTS<\/strong> estar\u00e1 disponible desde el <strong>LUNES 17 al DOMINGO 23 de NOVIEMBRE de 2025.<\/strong><\/p>\n<p>En ese lapso de apertura, quienes se hayan inscripto podr\u00e1n ingresar con su clave al <strong>Sal\u00f3n Principal<\/strong>, donde encontrar\u00e1n <strong>Conferencias, Transmisiones en vivo y Minitalleres de Deportes Alternativos.<\/strong><\/p>\n<p>&nbsp;<\/p>\n<p style=\"text-align: center;\"><strong>CONTENIDO DEL CONGRESO CODASPORTS 2025<\/strong><\/p>\n<p style=\"text-align: center;\"><strong>Lunes 17 de noviembre:<\/strong><\/p>\n<h3 style=\"text-align: center;\"><strong>Queda inaugurado el Congreso CODASPORTS 2025, a las 8 pm (hora Argentina)<\/strong><\/h3>\n<h3 style=\"text-align: center;\"><a href=\"https:\/\/deportesalternativos.com\/cursos\/portal\">INGRESAR A LA SALA PRINCIPAL \/ CLIC AQU\u00cd<\/a><\/h3>\n<p>&nbsp;<\/p>\n<p>A partir de esa fecha y hora, <strong>podr\u00e1n ingresar de manera ilimitada<\/strong> hasta el d\u00eda<strong> domingo 23\/11\/2025 inclusive<\/strong> para participar del Congreso.<\/p>\n<h6><em>Nota: todo el material incluido es de libre acceso en redes sociales y plataformas y el material exclusivo de CODASPORTS completa la colecci\u00f3n de Conferencias y Minitalleres de la propuesta<\/em><\/h6>\n<p>Las conferencias ir\u00e1n inaugur\u00e1ndose de a 2 (dos) por d\u00eda y los Minitalleres estar\u00e1n disponibles desde el D\u00eda 1 durante toda la duraci\u00f3n del Congreso.<\/p>\n<p>El mismo consta de:<\/p>\n<p>&nbsp;<\/p>\n<p><a href=\"https:\/\/deportesalternativos.com\/cursos\/congresocoda\/confe\/\" rel=\"attachment wp-att-5697\"><img decoding=\"async\" loading=\"lazy\" class=\"aligncenter size-medium wp-image-5697\" src=\"https:\/\/deportesalternativos.com\/cursos\/wp-content\/uploads\/2025\/11\/confe-300x94.jpg\" alt=\"\" width=\"300\" height=\"94\" srcset=\"https:\/\/deportesalternativos.com\/cursos\/wp-content\/uploads\/2025\/11\/confe-300x94.jpg 300w, https:\/\/deportesalternativos.com\/cursos\/wp-content\/uploads\/2025\/11\/confe-768x241.jpg 768w, https:\/\/deportesalternativos.com\/cursos\/wp-content\/uploads\/2025\/11\/confe-1000x313.jpg 1000w, https:\/\/deportesalternativos.com\/cursos\/wp-content\/uploads\/2025\/11\/confe-230x72.jpg 230w, https:\/\/deportesalternativos.com\/cursos\/wp-content\/uploads\/2025\/11\/confe-350x110.jpg 350w, https:\/\/deportesalternativos.com\/cursos\/wp-content\/uploads\/2025\/11\/confe-480x150.jpg 480w, https:\/\/deportesalternativos.com\/cursos\/wp-content\/uploads\/2025\/11\/confe.jpg 1012w\" sizes=\"(max-width: 300px) 100vw, 300px\" \/><\/a><\/p>\n<p style=\"text-align: center;\"><strong>Conferencias virtuales (14, a raz\u00f3n de 2 conferencias diarias):<\/strong><\/p>\n<h4 style=\"text-align: center;\">RICARDO ACU\u00d1A (Argentina)<br \/>\nANTONIO MENDEZ GIMENEZ (Espa\u00f1a)<br \/>\nVICTOR MANSO LORENZO (Espa\u00f1a)<br \/>\nROMINA GONZ\u00c1LEZ (Argentina)<br \/>\nRAM\u00d3N REY GOMEZ (Espa\u00f1a)<br \/>\nALFONSO ESPINAL GADEA (M\u00e9xico)<br \/>\nPANTALE\u00d3N RIQUELME (Argentina)<br \/>\nJORGE LOPEZ HARO (M\u00e9xico)<br \/>\nDANIEL CASTILLO (Argentina)<br \/>\nVIVIAN MABARDI GONZALEZ (Colombia)<br \/>\nBRENDA SINGH (Argentina)<br \/>\nALEJANDRO DE BRANDI (Argentina)<br \/>\nCARLOS VALENZUELA (Argentina)<br \/>\nELKIN LONDO\u00d1O MAR\u00cdN (Colombia)<br \/>\nDAVID MEJ\u00cdA (M\u00e9xico)<\/h4>\n<p>&nbsp;<\/p>\n<p>&nbsp;<\/p>\n<p style=\"text-align: center;\"><a href=\"https:\/\/deportesalternativos.com\/cursos\/congresocoda\/minital\/\" rel=\"attachment wp-att-5698\"><img decoding=\"async\" loading=\"lazy\" class=\"aligncenter size-medium wp-image-5698\" src=\"https:\/\/deportesalternativos.com\/cursos\/wp-content\/uploads\/2025\/11\/minital-300x94.jpg\" alt=\"\" width=\"300\" height=\"94\" srcset=\"https:\/\/deportesalternativos.com\/cursos\/wp-content\/uploads\/2025\/11\/minital-300x94.jpg 300w, https:\/\/deportesalternativos.com\/cursos\/wp-content\/uploads\/2025\/11\/minital-768x240.jpg 768w, https:\/\/deportesalternativos.com\/cursos\/wp-content\/uploads\/2025\/11\/minital-1000x313.jpg 1000w, https:\/\/deportesalternativos.com\/cursos\/wp-content\/uploads\/2025\/11\/minital-230x72.jpg 230w, https:\/\/deportesalternativos.com\/cursos\/wp-content\/uploads\/2025\/11\/minital-350x109.jpg 350w, https:\/\/deportesalternativos.com\/cursos\/wp-content\/uploads\/2025\/11\/minital-480x150.jpg 480w, https:\/\/deportesalternativos.com\/cursos\/wp-content\/uploads\/2025\/11\/minital.jpg 1014w\" sizes=\"(max-width: 300px) 100vw, 300px\" \/><\/a><\/p>\n<p style=\"text-align: center;\"><strong>Minitalleres virtuales (24), DISPONIBLES DESDE EL D\u00cdA 1 DURANTE TODO EL CONGRESO:<\/strong><\/p>\n<h4 style=\"text-align: center;\">MINITALLER DE ATYA PATYA<br \/>\nMINITALLER DE BALL BADMINTON<br \/>\nMINITALLER DE BATALLA DE FUERZAS<br \/>\nMINITALLER DE BRAIDOM<br \/>\nMINITALLER DE CACHEBALL<br \/>\nMINITALLER DE CARROM<br \/>\nMINITALLER DE CIRCLE KABADDI<br \/>\nMINITALLER DE CORNHOLE ADAPTADO PENDULAR<br \/>\nMINITALLER DE COURT HANDBALL<br \/>\nMINITALLER DE DARDOS<br \/>\nMINITALLER DE DODGEBEE<br \/>\nMINITALLER DE DODGEBEE ADAPTADO<br \/>\nMINITALLER DE EISSTOCK ADAPTADO<br \/>\nMINITALLER DE GOUBAK<br \/>\nMINITALLER DE GYM RINGETTE<br \/>\nMINITALLER DE IGLOO POP ADAPTADO<br \/>\nMINITALLER DE JIANZI<br \/>\nMINITALLER DE KABADDI X4<br \/>\nMINITALLER DE KIN-BALL<br \/>\nMINITALLER DE KRACHTBAL<br \/>\nMINITALLER DE LAGORI<br \/>\nMINITALLER DE NASCONDINO<br \/>\nMINITALLER DE TAMBURELLO<br \/>\nMINITALLER DE TRIPELA<\/h4>\n<p>&nbsp;<\/p>\n<p>\u00a1Te esperamos en el Congreso CODASPORTS 2025!<\/p>\n<hr \/>\n<p>&nbsp;<\/p>\n<h4><strong>\u00bfTODAV\u00cdA NO TE INSCRIBISTE?<\/strong><\/h4>\n<h4>Podr\u00e1s hacerlo <strong>hoy o durante la duraci\u00f3n del Congreso<\/strong>, que d\u00eda a d\u00eda ir\u00e1 sumando propuestas.<\/h4>\n<h4><\/h4>\n<h4><strong>Costo general:<\/strong><\/h4>\n<ul>\n<li>\n<h4>Costo general: <span style=\"color: #000000;\">USD 15<\/span> \/ <strong>Pagar v\u00eda PayPal &gt; <a href=\"https:\/\/www.paypal.com\/ncp\/payment\/LHSK8DZTU6VBJ\">CLIC AQU\u00cd<\/a><\/strong><\/h4>\n<\/li>\n<\/ul>\n<h4><strong>Costos Argentina:<\/strong><\/h4>\n<ul>\n<li>\n<h4>Costo general: AR$ 15.000 \/<strong> Pagar v\u00eda MercadoPago &gt; <a href=\"https:\/\/mpago.li\/1NvEdjj\">CLIC AQU\u00cd<\/a><\/strong><\/h4>\n<\/li>\n<li>\n<h4>Costo para <strong>Miembros CODASPORTS Full<\/strong>: AR$ 7.500 \/ <strong>Pagar v\u00eda MercadoPago &gt; <a href=\"https:\/\/mpago.li\/2HjZVUL\">CLIC AQU\u00cd<\/a><\/strong><\/h4>\n<\/li>\n<\/ul>\n<h4><em>El costo en Argentina se podr\u00e1 abonar v\u00eda Transferencia Bancaria al alias CODASPORTS.<\/em><\/h4>\n<h4><\/h4>\n<h4 style=\"text-align: center;\">Apenas finalice el pago \u00f3 transferencia, <strong><a href=\"https:\/\/forms.gle\/afaqMSQnUPR8BHHTA\">COMPLETE el siguiente FORMULARIO<\/a><\/strong> para recibir la credencial de acceso v\u00eda WHATSAPP \u00f3 v\u00eda E-MAIL<\/h4>\n<h4 style=\"text-align: center;\"><strong>\u00a1Bienvenidos\/as!<\/strong><\/h4>\n","protected":false},"excerpt":{"rendered":"<p>&nbsp; Bienvenidos\/as. El 1\u00b0 Congreso (virtual) CODASPORTS estar\u00e1 disponible desde el LUNES 17 al DOMINGO 23 de NOVIEMBRE de 2025. En ese [&hellip;]<\/p>\n","protected":false},"author":1,"featured_media":5681,"parent":0,"menu_order":0,"comment_status":"open","ping_status":"closed","template":"","meta":[],"_links":{"self":[{"href":"https:\/\/deportesalternativos.com\/cursos\/wp-json\/wp\/v2\/pages\/5666"}],"collection":[{"href":"https:\/\/deportesalternativos.com\/cursos\/wp-json\/wp\/v2\/pages"}],"about":[{"href":"https:\/\/deportesalternativos.com\/cursos\/wp-json\/wp\/v2\/types\/page"}],"author":[{"embeddable":true,"href":"https:\/\/deportesalternativos.com\/cursos\/wp-json\/wp\/v2\/users\/1"}],"replies":[{"embeddable":true,"href":"https:\/\/deportesalternativos.com\/cursos\/wp-json\/wp\/v2\/comments?post=5666"}],"version-history":[{"count":18,"href":"https:\/\/deportesalternativos.com\/cursos\/wp-json\/wp\/v2\/pages\/5666\/revisions"}],"predecessor-version":[{"id":5740,"href":"https:\/\/deportesalternativos.com\/cursos\/wp-json\/wp\/v2\/pages\/5666\/revisions\/5740"}],"wp:featuredmedia":[{"embeddable":true,"href":"https:\/\/deportesalternativos.com\/cursos\/wp-json\/wp\/v2\/media\/5681"}],"wp:attachment":[{"href":"https:\/\/deportesalternativos.com\/cursos\/wp-json\/wp\/v2\/media?parent=5666"}],"curies":[{"name":"wp","href":"https:\/\/api.w.org\/{rel}","templated":true}]}}