{"id":4733,"date":"2022-07-04T22:46:35","date_gmt":"2022-07-05T01:46:35","guid":{"rendered":"https:\/\/deportesalternativos.com\/cursos\/?page_id=4608"},"modified":"2022-07-10T19:55:21","modified_gmt":"2022-07-10T22:55:21","slug":"ceida_apef","status":"publish","type":"page","link":"https:\/\/deportesalternativos.com\/cursos\/ceida_apef\/","title":{"rendered":"CeIDA APEF MDP"},"content":{"rendered":"\r\n<figure id=\"attachment_4730\" class=\"wp-caption aligncenter\" style=\"width: 600px;\" aria-describedby=\"caption-attachment-4730\">\r\n<p style=\"text-align: center;\"><img decoding=\"async\" src=\"https:\/\/deportesalternativos.com\/cursos\/wp-content\/uploads\/2022\/07\/FLYER-CEIDA-MDQ.jpg\" \/><\/p>\r\n<figcaption id=\"caption-attachment-4730\" class=\"wp-caption-text\"><em><span style=\"color: #000080;\"><strong>Flyer Oficial 2022<\/strong><\/span><\/em><\/figcaption>\r\n<\/figure>\r\n<p>&nbsp;<\/p>\r\n\n<h3><strong style=\"background-color: transparent; font-size: 24px;\">Certificaci\u00f3n en Deportes Alternativos<\/strong><\/h3>\n<p><strong>&nbsp;<\/strong><\/p>\n<p><strong style=\"font-size: 25px; background-color: #c0504d; color: #ffffff;\">Capacitaci\u00f3n PRESENCIAL<\/strong><\/p>\n<p><strong style=\"color: #ffffff;\">&nbsp;<\/strong><\/p>\n<p><strong style=\"font-size: 19px; background-color: #8064a2; color: #ffffff;\">_CRONOGRAMA ETAPA PRESENCIAL_<\/strong><\/p>\n<ul>\n<li><strong>Viernes 12 de agosto \/ 18:00 a 22:00 hs.<\/strong><\/li>\n<li><strong>S\u00e1bado 13 de agosto \/ 10:00 a 13:00 y 15:00 a 20:00 hs.<\/strong><\/li>\n<li><strong>Domingo 14 de agosto \/ 10:00 a 15:00 hs.<\/strong><\/li>\n<\/ul>\n<p><strong>&nbsp;<\/strong><\/p>\n<p><span style=\"font-size: 19px; background-color: #8064a2; color: #ffffff;\"><strong>_ETAPA VIRTUAL_<\/strong><\/span><\/p>\n<ul>\n<li><strong>Del 14 de agosto al 30 de setiembre: hoja de tareas en Plataforma CODASPORTS<\/strong><\/li>\n<\/ul>\n<h3><span style=\"font-weight: bolder; color: #ffffff; font-size: 19px; background-color: #8064a2;\">&nbsp;<\/span><\/h3>\n<h3><span style=\"font-weight: bolder; color: #ffffff; font-size: 19px; background-color: #8064a2;\">_DETALLES_<\/span><\/h3>\n<ul>\n<li><strong>PRESENCIAL y ARANCELADO<\/strong><\/li>\n<li>Sede: Escuela de Ed. Primaria N\u00b0 31 \u00abSargento Cabral\u00bb&nbsp;<span style=\"font-weight: bold;\">San Lorenzo 3486,&nbsp;B7602GZR Mar del Plata, Provincia de Buenos Aires<\/span>(al final de esta p\u00e1gina encontrar\u00e1s la ubicaci\u00f3n)<\/li>\n<li><strong>Certificaci\u00f3n v\u00e1lida para Latinoam\u00e9rica, avalada por WASG (World Alternative Sports &amp; Games)<\/strong><\/li>\n<li>Inscripci\u00f3n en el formulario de \u00e9sta p\u00e1gina.&nbsp;<\/li>\n<\/ul>\n<span style=\"background-color: transparent; font-size: 12px; color: #ffffff;\">&nbsp;<\/span><span style=\"color: #443f3f; font-family: Raleway, sans-serif; font-size: 16px; font-weight: bold;\"><br><\/span>\n<p style=\"text-align: center;\"><span style=\"color: #443f3f; font-family: Raleway, sans-serif; font-size: 16px; font-weight: bold;\">MEDIOS DE PAGO Y ARANCELES:<\/span><\/p>\n&nbsp;\n<p style=\"text-align: center;\"><a href=\"https:\/\/mpago.la\/2sbhVTE\"><img decoding=\"async\" src=\"https:\/\/deportesalternativos.com\/cursos\/wp-content\/uploads\/2022\/07\/BOTON_APEF_CEIDA.jpg\" alt=\"\" width=\"350\"><\/a><\/p>\n&nbsp;\n<p style=\"text-align: center;\"><a href=\"https:\/\/apefmdp.org\/apef-abono-socios\/\"><img decoding=\"async\" src=\"https:\/\/deportesalternativos.com\/cursos\/wp-content\/uploads\/2022\/07\/socioapef.jpg\" alt=\"\"><\/a><\/p>\n&nbsp;\n<p style=\"text-align: center;\"><a href=\"https:\/\/mpago.la\/1Ymt8C3\"><img decoding=\"async\" xmlns=\"http:\/\/www.w3.org\/1999\/xhtml\" src=\"https:\/\/deportesalternativos.com\/cursos\/wp-content\/uploads\/2022\/07\/BOTON_CEIDA_MDP.jpg\" alt=\"\" width=\"300\"><\/a><\/p>&nbsp;<span style=\"font-size: 12px;\"><a href=\"https:\/\/mpago.la\/1Bna8T9\"><img decoding=\"async\" loading=\"lazy\" xmlns=\"http:\/\/www.w3.org\/1999\/xhtml\" class=\"aligncenter wp-image-4751 size-medium\" src=\"https:\/\/deportesalternativos.com\/cursos\/wp-content\/uploads\/2022\/07\/BOTON_CEIDA_EST_MDP-300x256.jpg\" alt=\"\" width=\"300\" height=\"256\" srcset=\"https:\/\/deportesalternativos.com\/cursos\/wp-content\/uploads\/2022\/07\/BOTON_CEIDA_EST_MDP-300x256.jpg 300w, https:\/\/deportesalternativos.com\/cursos\/wp-content\/uploads\/2022\/07\/BOTON_CEIDA_EST_MDP-230x196.jpg 230w, https:\/\/deportesalternativos.com\/cursos\/wp-content\/uploads\/2022\/07\/BOTON_CEIDA_EST_MDP-350x298.jpg 350w, https:\/\/deportesalternativos.com\/cursos\/wp-content\/uploads\/2022\/07\/BOTON_CEIDA_EST_MDP-480x409.jpg 480w, https:\/\/deportesalternativos.com\/cursos\/wp-content\/uploads\/2022\/07\/BOTON_CEIDA_EST_MDP.jpg 600w\" sizes=\"(max-width: 300px) 100vw, 300px\" \/><\/a><\/span>\n<br><span style=\"font-size: 19px;\"><strong style=\"background-color: #1f497d; color: #ffffff;\"><br><\/strong><\/span>&nbsp; &nbsp;&nbsp;&nbsp;&nbsp;\n<p style=\"text-align: center;\"><strong>FLYER OFICIAL CON DETALLES DE LOS DEPORTES A CONOCER:<\/strong><\/p>\n<p style=\"text-align: center;\"><img decoding=\"async\" src=\"https:\/\/deportesalternativos.com\/cursos\/wp-content\/uploads\/2022\/07\/DEPORTESCEIDAAPEF.jpg\"><\/p>\n<figure id=\"attachment_4731\" class=\"wp-caption aligncenter\" style=\"width: 600px;\" aria-describedby=\"caption-attachment-4731\">\n<figcaption id=\"caption-attachment-4731\" class=\"wp-caption-text\"><\/figcaption>\n<\/figure>\n<p style=\"text-align: center;\"><span style=\"font-size: 25px;\"><strong>Formulario de inscripci\u00f3n<\/strong><\/span><\/p>\n<p style=\"text-align: center;\"><em><strong>(Te enviaremos una confirmaci\u00f3n v\u00eda correo electr\u00f3nico de tu inscripci\u00f3n<\/strong><\/em>)<\/p>\n&nbsp;\n\r\n<p><iframe loading=\"lazy\" src=\"https:\/\/docs.google.com\/forms\/d\/e\/1FAIpQLSepHB871vi_zsniqdI8kK8LJGPpo49G2LvO8UF44wDe5vae4Q\/viewform?embedded=true\" width=\"640\" height=\"2027\" frameborder=\"0\" marginwidth=\"0\" marginheight=\"0\">Cargando\u2026<\/iframe><\/p>\r\n\n\r\n<p><em>\u00a0<\/em><\/p>\r\n<p><span style=\"color: #632423;\"><strong>Tambi\u00e9n podr\u00e1s abonar por Dep\u00f3sito y\/o Transferencia Bancaria<\/strong><\/span><\/p>\r\n<p><span style=\"color: #632423;\"><strong>DATOS:<\/strong><\/span><\/p>\r\n<ul>\r\n<li><span style=\"color: #632423;\"><strong>CBU:\u00a0<\/strong><\/span><span style=\"color: #000000; font-family: arial; font-size: 16px; font-weight: bold; background-color: transparent;\">0340217908139001698005<\/span><\/li>\r\n<li><span style=\"font-weight: bolder; color: #632423;\">ALIAS: <\/span><span style=\"font-weight: bolder; color: #000000;\">codasports<\/span><\/li>\r\n<\/ul>\r\n<p><span style=\"color: #000000;\"><strong>\u00a0<\/strong><\/span><\/p>\r\n<p><span style=\"color: #000000;\"><strong>\u00a0<\/strong><\/span><\/p>\r\n<p>\n<\/p>\r\n<p><b>Sede de la Certificaci\u00f3n:<\/b><\/p>\r\n<p><strong>Escuela de Educaci\u00f3n Primaria N\u00b0 31 \u00abSargento Cabral\u00bb<\/strong><\/p>\r\n<p><strong>\u00a0<\/strong><\/p>\r\n<p><strong>Direcci\u00f3n:<\/strong><\/p>\r\n<p><b>San Lorenzo 3486,\u00a0B7602GZR Mar del Plata, Provincia de Buenos Aires<\/b><\/p>\r\n<p><strong>\u00a0<\/strong><\/p>\r\n<p><strong>Ubicaci\u00f3n:<\/strong><\/p>\r\n<p>&nbsp;<\/p>\r\n<p>\n<iframe loading=\"lazy\" style=\"border: 0;\" src=\"https:\/\/www.google.com\/maps\/embed?pb=!1m18!1m12!1m3!1d3143.7150373687136!2d-57.567895084890914!3d-38.00710675290396!2m3!1f0!2f0!3f0!3m2!1i1024!2i768!4f13.1!3m3!1m2!1s0x9584debac3463ebb%3A0xc09b3764c555ed2f!2sSan%20Lorenzo%203486%2C%20B7602GZR%20Mar%20del%20Plata%2C%20Provincia%20de%20Buenos%20Aires!5e0!3m2!1ses-419!2sar!4v1657124254791!5m2!1ses-419!2sar\" width=\"600\" height=\"450\" allowfullscreen=\"allowfullscreen\"><\/iframe>\n","protected":false},"excerpt":{"rendered":"","protected":false},"author":1,"featured_media":0,"parent":0,"menu_order":0,"comment_status":"closed","ping_status":"closed","template":"","meta":[],"_links":{"self":[{"href":"https:\/\/deportesalternativos.com\/cursos\/wp-json\/wp\/v2\/pages\/4733"}],"collection":[{"href":"https:\/\/deportesalternativos.com\/cursos\/wp-json\/wp\/v2\/pages"}],"about":[{"href":"https:\/\/deportesalternativos.com\/cursos\/wp-json\/wp\/v2\/types\/page"}],"author":[{"embeddable":true,"href":"https:\/\/deportesalternativos.com\/cursos\/wp-json\/wp\/v2\/users\/1"}],"replies":[{"embeddable":true,"href":"https:\/\/deportesalternativos.com\/cursos\/wp-json\/wp\/v2\/comments?post=4733"}],"version-history":[{"count":10,"href":"https:\/\/deportesalternativos.com\/cursos\/wp-json\/wp\/v2\/pages\/4733\/revisions"}],"predecessor-version":[{"id":4754,"href":"https:\/\/deportesalternativos.com\/cursos\/wp-json\/wp\/v2\/pages\/4733\/revisions\/4754"}],"wp:attachment":[{"href":"https:\/\/deportesalternativos.com\/cursos\/wp-json\/wp\/v2\/media?parent=4733"}],"curies":[{"name":"wp","href":"https:\/\/api.w.org\/{rel}","templated":true}]}}