{"id":3755,"date":"2021-05-06T22:52:53","date_gmt":"2021-05-07T01:52:53","guid":{"rendered":"https:\/\/deportesalternativos.com\/cursos\/?page_id=3755"},"modified":"2026-02-05T20:06:00","modified_gmt":"2026-02-05T23:06:00","slug":"modulo-cero","status":"publish","type":"page","link":"https:\/\/deportesalternativos.com\/cursos\/modulo-cero\/","title":{"rendered":"M\u00f3dulo cero"},"content":{"rendered":"\n\n<p style=\"text-align: center;\"><strong style=\"font-size: 20px; color: rgb(149, 55, 52);\"><br><\/strong><\/p><p style=\"text-align: left;\"><strong style=\"font-size: 20px; color: rgb(149, 55, 52);\">Clasificaci\u00f3n de los Juegos y Deportes Alternativos | CODASPORTS<\/strong><\/p><p style=\"text-align: left;\"><strong style=\"font-size: 20px;\"><span style=\"color: rgb(0, 0, 0);\"><span style=\"font-size: 14px;\"><\/span><span style=\"font-size: 14px;\">M\u00f3dulo cero es la introducci\u00f3n definitiva al mundo de los Juegos y Deportes Alternativos que propone CODASPORTS.<\/span><\/span><\/strong><\/p><p style=\"text-align: left;\"><strong style=\"font-size: 20px;\"><span style=\"color: rgb(0, 0, 0);\"><span style=\"font-size: 14px;\">Aqu\u00ed encontrar\u00e1s el 100% de los Deportes y Juegos en los cuales CODASPORTS divulga, desarrolla, capacita y coordina alto rendimiento.&nbsp;<\/span><\/span><\/strong><\/p><p style=\"text-align: left;\"><strong style=\"font-size: 20px;\"><span style=\"color: rgb(0, 0, 0);\"><span style=\"font-size: 14px;\">Conocer la Clasificaci\u00f3n Oficial permite imaginar la diversidad deportiva, las variantes, las adaptaciones y quiz\u00e1s dimensionar la investigaci\u00f3n realizada para confeccionar este trabajo, que se edita cada a\u00f1o en el mes de abril.<\/span><\/span><\/strong><\/p><p style=\"text-align: center;\"><strong style=\"font-size: 20px;\"><span style=\"color: rgb(0, 0, 0);\"><span style=\"font-size: 14px;\"><br><\/span><\/span><\/strong><\/p><p style=\"text-align: center; \"><span style=\"font-size: 48px;\"><strong>MATERIAL EXCLUSIVO<\/strong><\/span><\/p><span style=\"font-size: 25px; color: rgb(99, 36, 35);\"><\/span><p style=\"text-align: center;\"><span style=\"background-color: transparent;\"><strong style=\"color: rgb(99, 36, 35);\">Prohibida su distribuci\u00f3n<\/strong>.&nbsp;<\/span><\/p><p style=\"text-align: center;\"><span style=\"background-color: transparent;\"><span style=\"font-size: 23px; color: rgb(149, 55, 52);\">Material integrante del <strong>M\u00f3dulo Cero<\/strong> en CeIDA2 y EIDAA2<\/span><\/span><\/p><p style=\"text-align: center;\"><span style=\"background-color: transparent;\"><span style=\"font-size: 23px;\"><strong><a href=\"https:\/\/deportesalternativos.com\/cursos\/wp-content\/uploads\/2021\/05\/LIBROCLASIFICACION2021.pdf\">Descargar Minilibro<\/a><\/strong><\/span><\/span><\/p><p style=\"text-align: center;\"><span style=\"background-color: transparent;\"><span style=\"font-size: 23px;\"><strong>&nbsp;\u00abClasificaci\u00f3n de los Juegos y Deportes Alternativos\u00bb<\/strong><\/span><\/span><\/p><p style=\"text-align: center;\"><a href=\"https:\/\/deportesalternativos.com\/cursos\/wp-content\/uploads\/2021\/05\/LIBROCLASIFICACION2021.pdf\"><img decoding=\"async\" xmlns=\"http:\/\/www.w3.org\/1999\/xhtml\" src=\"https:\/\/deportesalternativos.com\/cursos\/wp-content\/uploads\/2021\/05\/ICONODESCARGAPDF100.jpg\" alt=\"\" pl-media-id=\"3868\" style=\"background-color: transparent; font-size: 12px;\"><\/a><\/p><p style=\"text-align: center;\"><strong style=\"font-size: 20px;\"><span style=\"color: rgb(0, 0, 0);\"><span style=\"font-size: 14px;\"><\/span><\/span><\/strong><\/p><br><p style=\"text-align: center;\"><span style=\"background-color: transparent; font-size: 12px;\">&nbsp;<\/span><\/p>\n<p style=\"text-align: center; \"><span style=\"font-size: 48px; font-family: Georgia, serif; color: rgb(192, 80, 77);\">\u00a1NUEVO!<\/span><span style=\"font-size: 54;\"><\/span><\/p><span style=\"background-color: transparent; font-size: 23px;\"><strong><\/strong><\/span><span style=\"font-size: 18px;\"><\/span><p style=\"text-align: center;\"><span style=\"background-color: transparent;\"><strong style=\"font-size: 23px;\">Descargar PROGRAMACI\u00d3N ACTUALIZADA DEL NIVEL 2<\/strong><\/span><\/p><p style=\"text-align: center;\"><span style=\"background-color: transparent;\"><strong>CeIDA Nivel 2<\/strong> | <a href=\"https:\/\/deportesalternativos.com\/cursos\/wp-content\/uploads\/2021\/05\/Programa_CeIDA2_2021_II.pdf\"><strong>CLIC AQU\u00cd<\/strong><\/a><\/span><\/p><p style=\"text-align: center;\"><span style=\"background-color: transparent;\"><strong>EIDAA Nivel 2<\/strong> | <a href=\"https:\/\/deportesalternativos.com\/cursos\/wp-content\/uploads\/2021\/05\/Programa_EIDAA2_2021_II.pdf\"><strong xmlns=\"http:\/\/www.w3.org\/1999\/xhtml\">CLIC AQU\u00cd<\/strong><\/a><strong><\/strong><\/span><\/p><span style=\"background-color: transparent;\"><br><\/span><span style=\"background-color: transparent;\"><br><\/span>\n\n\n\n\n\n\n\n\n\n\n\n\n\n\n\n\n\n\n\n\n\n\n\n\n\n\n\n\n\n\n\n\n\n\n\n\n\n\n\n\n\n\n\n\n\n\n\n\n\n\n\n\n\n\n\n\n\n\n\n\n\n\n\n\n\n\n\n\n\n\n\n\n\n\n\n\n\n\n\n\n\n\n\n\n\n\n\n\n\n\n\n\n\n\n\n\n\n\n\n\n\n\n\n\n\n\n\n\n\n\n\n\n\n\n\n\n\n\n\n\n\n\n\n","protected":false},"excerpt":{"rendered":"","protected":false},"author":1,"featured_media":0,"parent":0,"menu_order":0,"comment_status":"closed","ping_status":"closed","template":"","meta":[],"_links":{"self":[{"href":"https:\/\/deportesalternativos.com\/cursos\/wp-json\/wp\/v2\/pages\/3755"}],"collection":[{"href":"https:\/\/deportesalternativos.com\/cursos\/wp-json\/wp\/v2\/pages"}],"about":[{"href":"https:\/\/deportesalternativos.com\/cursos\/wp-json\/wp\/v2\/types\/page"}],"author":[{"embeddable":true,"href":"https:\/\/deportesalternativos.com\/cursos\/wp-json\/wp\/v2\/users\/1"}],"replies":[{"embeddable":true,"href":"https:\/\/deportesalternativos.com\/cursos\/wp-json\/wp\/v2\/comments?post=3755"}],"version-history":[{"count":12,"href":"https:\/\/deportesalternativos.com\/cursos\/wp-json\/wp\/v2\/pages\/3755\/revisions"}],"predecessor-version":[{"id":3897,"href":"https:\/\/deportesalternativos.com\/cursos\/wp-json\/wp\/v2\/pages\/3755\/revisions\/3897"}],"wp:attachment":[{"href":"https:\/\/deportesalternativos.com\/cursos\/wp-json\/wp\/v2\/media?parent=3755"}],"curies":[{"name":"wp","href":"https:\/\/api.w.org\/{rel}","templated":true}]}}