{"id":2806,"date":"2020-09-19T23:38:08","date_gmt":"2020-09-20T02:38:08","guid":{"rendered":"https:\/\/deportesalternativos.com\/cursos\/?page_id=2806"},"modified":"2021-04-20T18:44:31","modified_gmt":"2021-04-20T21:44:31","slug":"ceida3","status":"publish","type":"page","link":"https:\/\/deportesalternativos.com\/cursos\/ceida3\/","title":{"rendered":"CeIDA03"},"content":{"rendered":"<h2 style=\"text-align: center;\"><span style=\"color: #ff0000;\">FINALIZADO<\/span><\/h2>\r\n<h2 style=\"text-align: center;\">\u00a0<\/h2>\r\n<h2 style=\"text-align: center;\"><strong>#CeIDA3 \/ Curso 2020<\/strong><\/h2>\r\n<p><em><strong>Chubut, Argentina, Octubre de 2020<\/strong> | <strong>CODASPORTS Cursos<\/strong> vuelve a lanzar la <strong>Certificaci\u00f3n Internacional en Deportes Alternativos<\/strong>. Esta capacitaci\u00f3n se cursar\u00e1 <strong>totalmente a distancia<\/strong>, mediante m\u00f3vil, tablet \u00f3 computador de escritorio usando la <strong>Plataforma CODASPORTS\u00ae<\/strong>. Numerosos avales y apoyos ha recibido esta propuesta novedosa en Am\u00e9rica Latina. CODASPORTS, desde 1997 viene trabajando e investigando el desarrollo, divulgaci\u00f3n, capacitaci\u00f3n y alto rendimiento en Deportes Alternativos. Esta Certificaci\u00f3n (denominada <strong>#CeIDA3<\/strong>) es una propuesta exclusiva y cuenta con el aval de la <strong>Confederaci\u00f3n Argentina de Deportes (CAD)<\/strong> y el <strong>Consejo Argentino de Deportes Alternativos (CADALT)<\/strong>.<\/em><\/p>\r\n<p><a href=\"https:\/\/deportesalternativos.com\/cursos\/wp-content\/uploads\/2020\/08\/logos-cadalt-y-cad.jpg\"><img decoding=\"async\" loading=\"lazy\" class=\"aligncenter size-full wp-image-2815\" src=\"https:\/\/deportesalternativos.com\/cursos\/wp-content\/uploads\/2020\/08\/logos-cadalt-y-cad.jpg\" alt=\"\" width=\"294\" height=\"150\" srcset=\"https:\/\/deportesalternativos.com\/cursos\/wp-content\/uploads\/2020\/08\/logos-cadalt-y-cad.jpg 294w, https:\/\/deportesalternativos.com\/cursos\/wp-content\/uploads\/2020\/08\/logos-cadalt-y-cad-230x117.jpg 230w\" sizes=\"(max-width: 294px) 100vw, 294px\" \/><\/a><\/p>\r\n<p><em>Es una propuesta ideal para profesionales y estudiantes de educaci\u00f3n f\u00edsica, periodismo, recreaci\u00f3n y todo tipo de carreras afines al deporte, donde podr\u00e1n conocer 77 Deportes Alternativos en profundidad.\u00a0<\/em><\/p>\r\n<h2 style=\"text-align: center;\"><strong>#CeIDA3 \/ CONTENIDO<\/strong><\/h2>\r\n<p style=\"text-align: center;\"><em><strong>\u00a1Bienvenidos\/as!<\/strong> En esta secci\u00f3n encontrar\u00e1s <strong>TODO<\/strong> lo necesario para saber, conocer, inscribirte y sumarte a la\u00a0 3era. edici\u00f3n de la <strong>Certificaci\u00f3n Internacional en Deportes Alternativos\u00a0 2020<\/strong><\/em><\/p>\r\n<p><em><span style=\"color: #800000;\">La nueva propuesta de CODASPORTS Capacitaci\u00f3n <strong>ya est\u00e1 abierta.<\/strong><\/span> Debido a la gran cantidad de inscriptos\/as de las ediciones 1 y 2,\u00a0 <strong>decidimos lanzar nuevamente el curso, 100% a distancia<\/strong>. <\/em> <em><strong><span style=\"color: #800000;\">Deportes Alternativos<\/span> <\/strong>es una propuesta ideal para <strong>profesionales, estudiantes (educaci\u00f3n f\u00edsica, recreaci\u00f3n, l\u00edderes barriales, sociales, comunitarios, trabajadores y miembros de direcciones y secretar\u00edas, periodistas, etc. <\/strong>No te quedes afuera, conoce los detalles y te esperamos para poder contarte el fruto de una ardua y colaborativa investigaci\u00f3n.<\/em> \u00a0<\/p>\r\n<p>&nbsp;<\/p>\r\n<blockquote>\r\n<h3 style=\"text-align: center;\"><span style=\"color: #ffcc00;\">1\u00b0 paso: completas el formulario de inscripci\u00f3n (al final de esta p\u00e1gina) \/ 2\u00b0 paso: concretas el pago seg\u00fan la forma de pago que decidas (1, 3 \u00f3 6 m\u00f3dulos) \/ 3\u00b0 paso: luego de efectuar el pago, te enviaremos las credenciales para comenzar a cursar.<\/span><\/h3>\r\n<\/blockquote>\r\n<p>&nbsp;<\/p>\r\n<p style=\"text-align: center;\"><a href=\"https:\/\/deportesalternativos.com\/cursos\/wp-content\/uploads\/2020\/08\/CeIDA3.pdf\"><strong>AQU\u00cd PODR\u00c1S DESCARGAR EL PLAN DE ESTUDIOS COMPLETO (CURR\u00cdCULA, PENSUM) EN FORMATO PDF<\/strong><\/a><a href=\"https:\/\/deportesalternativos.com\/cursos\/wp-content\/uploads\/2020\/08\/CeIDA3.pdf\"><img decoding=\"async\" loading=\"lazy\" class=\"aligncenter wp-image-2214 size-thumbnail\" src=\"https:\/\/deportesalternativos.com\/cursos\/wp-content\/uploads\/2020\/02\/descarga-150x150.jpg\" alt=\"\" width=\"150\" height=\"150\" srcset=\"https:\/\/deportesalternativos.com\/cursos\/wp-content\/uploads\/2020\/02\/descarga-150x150.jpg 150w, https:\/\/deportesalternativos.com\/cursos\/wp-content\/uploads\/2020\/02\/descarga.jpg 225w\" sizes=\"(max-width: 150px) 100vw, 150px\" \/><\/a><\/p>\r\n<hr \/>\r\n<p>\u00a0 <img decoding=\"async\" loading=\"lazy\" class=\"size-full wp-image-1557 aligncenter\" src=\"https:\/\/deportesalternativos.com\/cursos\/wp-content\/uploads\/2019\/08\/10_denomi.jpg\" alt=\"\" width=\"600\" height=\"113\" srcset=\"https:\/\/deportesalternativos.com\/cursos\/wp-content\/uploads\/2019\/08\/10_denomi.jpg 600w, https:\/\/deportesalternativos.com\/cursos\/wp-content\/uploads\/2019\/08\/10_denomi-300x57.jpg 300w, https:\/\/deportesalternativos.com\/cursos\/wp-content\/uploads\/2019\/08\/10_denomi-230x43.jpg 230w, https:\/\/deportesalternativos.com\/cursos\/wp-content\/uploads\/2019\/08\/10_denomi-350x66.jpg 350w, https:\/\/deportesalternativos.com\/cursos\/wp-content\/uploads\/2019\/08\/10_denomi-480x90.jpg 480w\" sizes=\"(max-width: 600px) 100vw, 600px\" \/><\/p>\r\n<!-- \/wp:paragraph -->\r\n\r\n<!-- wp:paragraph -->\r\n<p>&nbsp;<\/p>\r\n<p><em><span style=\"color: #000000;\"><strong>CODASPORTS<\/strong> (Comisi\u00f3n de Deportes Alternativos de Argentina), <strong>CAD<\/strong> (Confederaci\u00f3n Argentina de Deportes -entidad madre del deporte en Argentina-) y el <strong>CADALT<\/strong> (Consejo Argentino de Deportes Alternativos) junto al Programa <strong>EDUVIC Inspira Sport<\/strong> (Catalu\u00f1a); y en el convencimiento que solamente con la capacitaci\u00f3n y actualizaci\u00f3n permanente de los profesionales e id\u00f3neos\/as dedicados\/as a la pr\u00e1ctica de las distintas disciplinas vinculadas con el deporte y la actividad f\u00edsica, se lograr\u00e1 mejorar la calidad de vida de nuestros ciudadanos, desarrollar\u00e1 lo que ha denominado <strong>\u201cCERTIFICACI\u00d3N INTERNACIONAL EN DEPORTES ALTERNATIVOS, 3era. EDICI\u00d3N\u201d.<\/strong><\/span><\/em> <em><span style=\"color: #000000;\"><!-- \/wp:paragraph -->\r\n\r\n<!-- wp:paragraph --><\/span><\/em><\/p>\r\n<hr \/><!-- \/wp:paragraph -->\r\n\r\n<!-- wp:paragraph {\"customFontSize\":32} -->\r\n<p>&nbsp;<\/p>\r\n<p><img decoding=\"async\" loading=\"lazy\" class=\"size-full wp-image-1556 aligncenter\" src=\"https:\/\/deportesalternativos.com\/cursos\/wp-content\/uploads\/2019\/08\/10_fundame.jpg\" alt=\"\" width=\"600\" height=\"78\" srcset=\"https:\/\/deportesalternativos.com\/cursos\/wp-content\/uploads\/2019\/08\/10_fundame.jpg 600w, https:\/\/deportesalternativos.com\/cursos\/wp-content\/uploads\/2019\/08\/10_fundame-300x39.jpg 300w, https:\/\/deportesalternativos.com\/cursos\/wp-content\/uploads\/2019\/08\/10_fundame-230x30.jpg 230w, https:\/\/deportesalternativos.com\/cursos\/wp-content\/uploads\/2019\/08\/10_fundame-350x46.jpg 350w, https:\/\/deportesalternativos.com\/cursos\/wp-content\/uploads\/2019\/08\/10_fundame-480x62.jpg 480w\" sizes=\"(max-width: 600px) 100vw, 600px\" \/><\/p>\r\n<!-- \/wp:paragraph -->\r\n\r\n<!-- wp:paragraph {\"customFontSize\":12} -->\r\n<p><em>Los Deportes Alternativos se presentan como una gran oportunidad entre las m\u00faltiples pr\u00e1cticas que permanentemente van surgiendo, pues ellos engloban todas las actividades f\u00edsicas que se refieren a modalidades l\u00fadico-deportivas no habituales, ni hegem\u00f3nicas, ni estandarizadas en nuestra cultura, las que pueden proporcionar un amplio abanico de posibilidades, para que los sujetos descubran las pr\u00e1cticas corporales que mejor se adaptan a sus intereses y aptitudes.<\/em><\/p>\r\n<p><em>La falta de actividad y de tiempo, sumado al desarrollo tecnol\u00f3gico ofrece como resultado ese concepto casi asimilado del deporte: entendido como de alta competici\u00f3n o deporte espect\u00e1culo. Casi convertidos\/as en espectadores de los\/las grandes atletas y las inmensas estrellas deportivas que buscan la cumbre, que intentan lograr el \u201cDRRCM\u201d (Deporte, Rendimiento, R\u00e9cord, Campe\u00f3n, Medalla) una gran cantidad de personas necesita alicientes, nuevas actividades, opciones, ofertas y otros sin\u00f3nimos, para volver a las fuentes: movernos, estar activos\/as f\u00edsica y mentalmente. <\/em><\/p>\r\n<p><em>Dejar de lado ese concepto que el deporte es algo que s\u00f3lo pueden practicar los\/las m\u00e1s dotados\/as f\u00edsicamente: el deporte es un derecho de todos y todas al cual deber\u00edamos poder acceder con s\u00f3lo desearlo siempre y cuando dispongamos en nuestro entorno de los medios f\u00edsicos y materiales para poder practicarlo. Por ello el empe\u00f1o encomiable de los poderes p\u00fablicos en dotar de instalaciones y programas deportivos apropiados tanto para la escuela como para el resto de la poblaci\u00f3n.<\/em> <em>Sin embargo, en esa evoluci\u00f3n se ha cometido omisiones, debido por un lado, a la falta de una cultura deportiva y, por otro, a la implantaci\u00f3n tanto a nivel educativo como recreativo del deporte a imagen y semejanza del deporte federado o profesional, de tal forma que pr\u00e1cticamente todas las estructuras que se han creado de equipamientos y programas de formaci\u00f3n se han hecho pensando exclusivamente en dicho modelo deportivo.<\/em><\/p>\r\n<p><em>Si se analizan los planes de estudio de los centros de formaci\u00f3n de docentes tanto privados como estatales, nos daremos cuenta que, a pesar de los a\u00f1os transcurridos, adolecen del mismo defecto: se da excesiva importancia al deporte entendido como \u00abdeporte de alto nivel\u00bb y casi ninguna relevancia al \u00abdeporte recreativo o deporte de ocio\u00bb.<\/em> <em>Aunque tambi\u00e9n es verdad, que, desde alg\u00fan tiempo atr\u00e1s, se est\u00e1 estudiando y llevando a cabo una reforma de los planes de estudio, corrigi\u00e9ndose en gran medida la polarizaci\u00f3n de los estudios en un determinado sentido y su extensi\u00f3n, por tanto, a otros \u00e1reas, m\u00e1s acordes con los intereses y demandas de la sociedad actual.<\/em><\/p>\r\n<p><em>Es necesario decir tambi\u00e9n que precisamente uno de los objetivos de los <strong>Juegos y Deportes Alternativos<\/strong> es presentar actividades que no necesitan instalaciones convencionales para su pr\u00e1ctica, utiliz\u00e1ndose preferentemente los patios, salones, S.U.M., canchas de tierra y otras opciones de los colegios o los espacios como parques, plazas, etc.<\/em> <em>La vasta geograf\u00eda de nuestro continente nos lleva a plantear una instancia de capacitaci\u00f3n novedosa integrando la tecnolog\u00eda y nuestros conocimientos pioneros en Latinoam\u00e9rica y pa\u00edses de habla hispana.<\/em><\/p>\r\n<hr \/>\r\n<p>&nbsp;<\/p>\r\n<!-- \/wp:paragraph -->\r\n\r\n<!-- wp:paragraph {\"customFontSize\":32} -->\r\n<p><img decoding=\"async\" loading=\"lazy\" class=\"size-full wp-image-1555 aligncenter\" src=\"https:\/\/deportesalternativos.com\/cursos\/wp-content\/uploads\/2019\/08\/10_obje.jpg\" alt=\"\" width=\"600\" height=\"78\" srcset=\"https:\/\/deportesalternativos.com\/cursos\/wp-content\/uploads\/2019\/08\/10_obje.jpg 600w, https:\/\/deportesalternativos.com\/cursos\/wp-content\/uploads\/2019\/08\/10_obje-300x39.jpg 300w, https:\/\/deportesalternativos.com\/cursos\/wp-content\/uploads\/2019\/08\/10_obje-230x30.jpg 230w, https:\/\/deportesalternativos.com\/cursos\/wp-content\/uploads\/2019\/08\/10_obje-350x46.jpg 350w, https:\/\/deportesalternativos.com\/cursos\/wp-content\/uploads\/2019\/08\/10_obje-480x62.jpg 480w\" sizes=\"(max-width: 600px) 100vw, 600px\" \/><\/p>\r\n<!-- \/wp:paragraph -->\r\n\r\n<!-- wp:paragraph -->\r\n<p style=\"text-align: center;\"><em>\u00abSatisfacer la necesidad de capacitaci\u00f3n y actualizaci\u00f3n de Profesionales, T\u00e9cnicos\/as e id\u00f3neos\/as, estudiantes, deportistas, etc. con el fin de contribuir en la ampliaci\u00f3n de los marcos de informaci\u00f3n y conocimientos necesarios para hacer frente a los retos de mejoramiento continuo, aprendizaje, nuevas tendencias que van surgiendo en cuanto a la utilizaci\u00f3n de nuestro tiempo libre y en cuanto a la creaci\u00f3n de nuevos horizontes deportivos-recreativos.\u00bb.<\/em><\/p>\r\n<hr \/><!-- \/wp:paragraph -->\r\n\r\n<!-- wp:paragraph {\"customFontSize\":32} -->\r\n<p>&nbsp;<\/p>\r\n<p><img decoding=\"async\" loading=\"lazy\" class=\"size-full wp-image-1554 aligncenter\" src=\"https:\/\/deportesalternativos.com\/cursos\/wp-content\/uploads\/2019\/08\/10_progra.jpg\" alt=\"\" width=\"600\" height=\"78\" srcset=\"https:\/\/deportesalternativos.com\/cursos\/wp-content\/uploads\/2019\/08\/10_progra.jpg 600w, https:\/\/deportesalternativos.com\/cursos\/wp-content\/uploads\/2019\/08\/10_progra-300x39.jpg 300w, https:\/\/deportesalternativos.com\/cursos\/wp-content\/uploads\/2019\/08\/10_progra-230x30.jpg 230w, https:\/\/deportesalternativos.com\/cursos\/wp-content\/uploads\/2019\/08\/10_progra-350x46.jpg 350w, https:\/\/deportesalternativos.com\/cursos\/wp-content\/uploads\/2019\/08\/10_progra-480x62.jpg 480w\" sizes=\"(max-width: 600px) 100vw, 600px\" \/><\/p>\r\n<p>&nbsp;<\/p>\r\n<!-- \/wp:paragraph -->\r\n\r\n<!-- wp:paragraph -->\r\n<p>\u00a0 <strong>CARGA HORARIA Y MODALIDAD<\/strong> <em>La Certificaci\u00f3n Internacional en Deportes Alternativos Adaptados consta de <strong>195 (ciento noventa y cinco) horas-reloj de Capacitaci\u00f3n<\/strong>. Ser\u00e1n 2 (tres) niveles (A y B) a completar, cada una <strong>Evaluaci\u00f3n-Proyecto<\/strong> al finalizar el curso.<\/em><\/p>\r\n<blockquote><em><strong>77 Deportes Alternativos en profundidad para conocer herramientas con mucho valor deportivo-recreativo-educativo<\/strong><\/em><\/blockquote>\r\n<p><em>La capacitaci\u00f3n se desarrollar\u00e1 \u00edntegramente de manera on-line (virtual) a trav\u00e9s de la <strong>Plataforma CODASPORTS\u00ae<\/strong><\/em> \u00a0 <strong>Nivel A (1\u00b0 Trimestre)<\/strong><\/p>\r\n<ul>\r\n<li><span style=\"color: #800080;\">M\u00f3dulo 1: OCTUBRE-NOVIEMBRE <strong>2020<\/strong><\/span><\/li>\r\n<li><span style=\"color: #800080;\">M\u00f3dulo 2: NOVIEMBRE-DICIEMBRE <strong>2020<\/strong><\/span><\/li>\r\n<li><span style=\"color: #800080;\">M\u00f3dulo 3: DICIEMBRE <strong>2020<\/strong>-ENERO <strong>2021<\/strong><\/span><\/li>\r\n<\/ul>\r\n<p><strong>Nivel B (2\u00b0 Trimestre)<\/strong><\/p>\r\n<ul>\r\n<li><span style=\"color: #800080;\">M\u00f3dulo 4: ENERO-FEBRERO<strong> 2021<\/strong><\/span><\/li>\r\n<li><span style=\"color: #800080;\">M\u00f3dulo 5: FEBRERO-MARZO<strong> 2021<\/strong><\/span><\/li>\r\n<li><span style=\"color: #800080;\">M\u00f3dulo 6: MARZO-ABRIL <strong>2021<\/strong><\/span><\/li>\r\n<\/ul>\r\n<p>&nbsp;<\/p>\r\n<h2 style=\"text-align: center;\"><strong>UNA VEZ CONCRETADA TU INSCRIPCI\u00d3N, COMIENZAS A CURSAR ADAPTADO A TUS TIEMPOS<\/strong><\/h2>\r\n<p>Ser\u00e1n <strong>6 (seis) M\u00f3dulos<\/strong> mensuales a cursar. Durante MARZO 2021 recibiremos los trabajos de graduaci\u00f3n. <strong>La clausura ser\u00e1 el 31 de MARZO de 2021.<\/strong><\/p>\r\n<p><img decoding=\"async\" loading=\"lazy\" class=\"aligncenter wp-image-2863 size-full\" src=\"https:\/\/deportesalternativos.com\/cursos\/wp-content\/uploads\/2020\/08\/CEIDA_1_trim.jpg\" alt=\"\" width=\"650\" height=\"680\" srcset=\"https:\/\/deportesalternativos.com\/cursos\/wp-content\/uploads\/2020\/08\/CEIDA_1_trim.jpg 650w, https:\/\/deportesalternativos.com\/cursos\/wp-content\/uploads\/2020\/08\/CEIDA_1_trim-287x300.jpg 287w, https:\/\/deportesalternativos.com\/cursos\/wp-content\/uploads\/2020\/08\/CEIDA_1_trim-230x241.jpg 230w, https:\/\/deportesalternativos.com\/cursos\/wp-content\/uploads\/2020\/08\/CEIDA_1_trim-350x366.jpg 350w, https:\/\/deportesalternativos.com\/cursos\/wp-content\/uploads\/2020\/08\/CEIDA_1_trim-480x502.jpg 480w\" sizes=\"(max-width: 650px) 100vw, 650px\" \/><img decoding=\"async\" loading=\"lazy\" class=\"aligncenter wp-image-2864 size-full\" src=\"https:\/\/deportesalternativos.com\/cursos\/wp-content\/uploads\/2020\/08\/CEIDA_2_trim.jpg\" alt=\"\" width=\"650\" height=\"650\" srcset=\"https:\/\/deportesalternativos.com\/cursos\/wp-content\/uploads\/2020\/08\/CEIDA_2_trim.jpg 650w, https:\/\/deportesalternativos.com\/cursos\/wp-content\/uploads\/2020\/08\/CEIDA_2_trim-150x150.jpg 150w, https:\/\/deportesalternativos.com\/cursos\/wp-content\/uploads\/2020\/08\/CEIDA_2_trim-300x300.jpg 300w, https:\/\/deportesalternativos.com\/cursos\/wp-content\/uploads\/2020\/08\/CEIDA_2_trim-230x230.jpg 230w, https:\/\/deportesalternativos.com\/cursos\/wp-content\/uploads\/2020\/08\/CEIDA_2_trim-350x350.jpg 350w, https:\/\/deportesalternativos.com\/cursos\/wp-content\/uploads\/2020\/08\/CEIDA_2_trim-480x480.jpg 480w\" sizes=\"(max-width: 650px) 100vw, 650px\" \/> \u00a0<\/p>\r\n<!-- \/wp:paragraph -->\r\n\r\n<!-- wp:list --><!-- \/wp:paragraph -->\r\n\r\n<!-- wp:paragraph {\"customFontSize\":12} --><hr \/><!-- \/wp:paragraph -->\r\n\r\n<!-- wp:paragraph {\"align\":\"center\",\"backgroundColor\":\"pale-cyan-blue\",\"customFontSize\":18} --><!-- \/wp:image -->\r\n\r\n<!-- wp:button {\"align\":\"center\"} -->\r\n<p><img decoding=\"async\" loading=\"lazy\" class=\"aligncenter wp-image-2208 size-full\" src=\"https:\/\/deportesalternativos.com\/cursos\/wp-content\/uploads\/2020\/02\/abierto_a.png\" alt=\"\" width=\"425\" height=\"240\" srcset=\"https:\/\/deportesalternativos.com\/cursos\/wp-content\/uploads\/2020\/02\/abierto_a.png 425w, https:\/\/deportesalternativos.com\/cursos\/wp-content\/uploads\/2020\/02\/abierto_a-300x169.png 300w, https:\/\/deportesalternativos.com\/cursos\/wp-content\/uploads\/2020\/02\/abierto_a-230x130.png 230w, https:\/\/deportesalternativos.com\/cursos\/wp-content\/uploads\/2020\/02\/abierto_a-350x198.png 350w\" sizes=\"(max-width: 425px) 100vw, 425px\" \/><\/p>\r\n<p><img decoding=\"async\" loading=\"lazy\" class=\"aligncenter wp-image-164 size-full\" src=\"https:\/\/deportesalternativos.com\/cursos\/wp-content\/uploads\/2018\/06\/banner_inscripcion.png\" alt=\"\" width=\"400\" height=\"56\" srcset=\"https:\/\/deportesalternativos.com\/cursos\/wp-content\/uploads\/2018\/06\/banner_inscripcion.png 400w, https:\/\/deportesalternativos.com\/cursos\/wp-content\/uploads\/2018\/06\/banner_inscripcion-300x42.png 300w, https:\/\/deportesalternativos.com\/cursos\/wp-content\/uploads\/2018\/06\/banner_inscripcion-230x32.png 230w, https:\/\/deportesalternativos.com\/cursos\/wp-content\/uploads\/2018\/06\/banner_inscripcion-350x49.png 350w\" sizes=\"(max-width: 400px) 100vw, 400px\" \/><\/p>\r\n<p>&nbsp;<\/p>\r\n<ol>\r\n<li>\r\n<blockquote><em>Complete el <strong>Formulario de Inscripci\u00f3n<\/strong><\/em><\/blockquote>\r\n<\/li>\r\n<li>\r\n<blockquote><em>Te contactaremos por e-mail para enviarte el enlace de pago elegido en el Formulario (tambi\u00e9n puedes ingresar directamente al <strong><a href=\"https:\/\/deportesalternativos.com\/cursos\/centro-de-pagos\/\">Centro de Pagos<\/a><\/strong>, elegir tu opci\u00f3n y pagar sin esperar nuestro e-mail.<\/em><\/blockquote>\r\n<\/li>\r\n<li>\r\n<blockquote><em>Una vez recibido el <strong>formulario y el pago<\/strong>, te contactaremos para brindarte las credenciales y tutoriales de acceso a cursada.<\/em><\/blockquote>\r\n<\/li>\r\n<\/ol>\r\n<p style=\"text-align: center;\">[cforms name=\u00bbInscripcion_CeIDA #3&#8243;]<\/p>\r\n<p>&nbsp;<\/p>\r\n<!-- \/wp:paragraph -->\r\n\r\n<!-- wp:paragraph {\"customFontSize\":32} -->\r\n<p><img decoding=\"async\" loading=\"lazy\" class=\"size-full wp-image-1553 aligncenter\" src=\"https:\/\/deportesalternativos.com\/cursos\/wp-content\/uploads\/2019\/08\/10_arance.jpg\" alt=\"\" width=\"600\" height=\"78\" srcset=\"https:\/\/deportesalternativos.com\/cursos\/wp-content\/uploads\/2019\/08\/10_arance.jpg 600w, https:\/\/deportesalternativos.com\/cursos\/wp-content\/uploads\/2019\/08\/10_arance-300x39.jpg 300w, https:\/\/deportesalternativos.com\/cursos\/wp-content\/uploads\/2019\/08\/10_arance-230x30.jpg 230w, https:\/\/deportesalternativos.com\/cursos\/wp-content\/uploads\/2019\/08\/10_arance-350x46.jpg 350w, https:\/\/deportesalternativos.com\/cursos\/wp-content\/uploads\/2019\/08\/10_arance-480x62.jpg 480w\" sizes=\"(max-width: 600px) 100vw, 600px\" \/><\/p>\r\n<p><a href=\"https:\/\/deportesalternativos.com\/cursos\/wp-content\/uploads\/2020\/08\/costos.png\"><img decoding=\"async\" loading=\"lazy\" class=\"aligncenter wp-image-2865 size-full\" src=\"https:\/\/deportesalternativos.com\/cursos\/wp-content\/uploads\/2020\/08\/costos.png\" alt=\"\" width=\"472\" height=\"217\" srcset=\"https:\/\/deportesalternativos.com\/cursos\/wp-content\/uploads\/2020\/08\/costos.png 472w, https:\/\/deportesalternativos.com\/cursos\/wp-content\/uploads\/2020\/08\/costos-300x138.png 300w, https:\/\/deportesalternativos.com\/cursos\/wp-content\/uploads\/2020\/08\/costos-230x106.png 230w, https:\/\/deportesalternativos.com\/cursos\/wp-content\/uploads\/2020\/08\/costos-350x161.png 350w\" sizes=\"(max-width: 472px) 100vw, 472px\" \/><\/a><\/p>\r\n<p style=\"text-align: center;\"><em>Una vez que <strong>elijas<\/strong> tu opci\u00f3n, puedes ingresar al <strong><a href=\"https:\/\/deportesalternativos.com\/cursos\/centro-de-pagos\/\">Centro de Pagos<\/a> y abonar<\/strong>.<\/em><\/p>\r\n<!-- \/wp:paragraph -->\r\n\r\n<!-- wp:paragraph --><!-- \/wp:paragraph -->\r\n\r\n<!-- wp:paragraph {\"customFontSize\":22} --><!-- \/wp:paragraph -->\r\n\r\n<!-- wp:list --><!-- \/wp:list -->\r\n\r\n<!-- wp:paragraph {\"customFontSize\":22} -->\r\n<p style=\"text-align: center;\"><a href=\"https:\/\/deportesalternativos.com\/cursos\/centro-de-pagos\/\"><img decoding=\"async\" loading=\"lazy\" class=\"alignnone wp-image-165 size-full\" src=\"https:\/\/deportesalternativos.com\/cursos\/wp-content\/uploads\/2018\/06\/banner_pagos.png\" alt=\"\" width=\"400\" height=\"56\" srcset=\"https:\/\/deportesalternativos.com\/cursos\/wp-content\/uploads\/2018\/06\/banner_pagos.png 400w, https:\/\/deportesalternativos.com\/cursos\/wp-content\/uploads\/2018\/06\/banner_pagos-300x42.png 300w, https:\/\/deportesalternativos.com\/cursos\/wp-content\/uploads\/2018\/06\/banner_pagos-230x32.png 230w, https:\/\/deportesalternativos.com\/cursos\/wp-content\/uploads\/2018\/06\/banner_pagos-350x49.png 350w\" sizes=\"(max-width: 400px) 100vw, 400px\" \/><\/a><\/p>\r\n<p>&nbsp;<\/p>","protected":false},"excerpt":{"rendered":"<p>FINALIZADO \u00a0 #CeIDA3 \/ Curso 2020 Chubut, Argentina, Octubre de 2020 | CODASPORTS Cursos vuelve a lanzar la Certificaci\u00f3n Internacional en Deportes [&hellip;]<\/p>\n","protected":false},"author":1,"featured_media":2957,"parent":0,"menu_order":0,"comment_status":"closed","ping_status":"closed","template":"","meta":[],"_links":{"self":[{"href":"https:\/\/deportesalternativos.com\/cursos\/wp-json\/wp\/v2\/pages\/2806"}],"collection":[{"href":"https:\/\/deportesalternativos.com\/cursos\/wp-json\/wp\/v2\/pages"}],"about":[{"href":"https:\/\/deportesalternativos.com\/cursos\/wp-json\/wp\/v2\/types\/page"}],"author":[{"embeddable":true,"href":"https:\/\/deportesalternativos.com\/cursos\/wp-json\/wp\/v2\/users\/1"}],"replies":[{"embeddable":true,"href":"https:\/\/deportesalternativos.com\/cursos\/wp-json\/wp\/v2\/comments?post=2806"}],"version-history":[{"count":15,"href":"https:\/\/deportesalternativos.com\/cursos\/wp-json\/wp\/v2\/pages\/2806\/revisions"}],"predecessor-version":[{"id":3671,"href":"https:\/\/deportesalternativos.com\/cursos\/wp-json\/wp\/v2\/pages\/2806\/revisions\/3671"}],"wp:featuredmedia":[{"embeddable":true,"href":"https:\/\/deportesalternativos.com\/cursos\/wp-json\/wp\/v2\/media\/2957"}],"wp:attachment":[{"href":"https:\/\/deportesalternativos.com\/cursos\/wp-json\/wp\/v2\/media?parent=2806"}],"curies":[{"name":"wp","href":"https:\/\/api.w.org\/{rel}","templated":true}]}}