{"id":25,"date":"2018-10-15T03:45:14","date_gmt":"2018-10-15T03:45:14","guid":{"rendered":"https:\/\/deportesalternativos.com\/cursos\/?page_id=25"},"modified":"2019-08-10T23:00:12","modified_gmt":"2019-08-11T02:00:12","slug":"especializacion_da","status":"publish","type":"page","link":"https:\/\/deportesalternativos.com\/cursos\/listado\/especializacion_da\/","title":{"rendered":"Especializaci\u00f3n en Deportes Alternativos"},"content":{"rendered":"<h3 style=\"text-align: center;\"><span style=\"color: #ff0000;\">INSCRIPCIONES CERRADAS \/ CAPACITACI\u00d3N EN CURSO<\/span><\/h3>\n<h3><a href=\"https:\/\/deportesalternativos.com\/cursos\/listado-de-cursos\/especializacion_da\/campus-virtual\/\"><img decoding=\"async\" loading=\"lazy\" class=\"aligncenter wp-image-299 size-full\" src=\"https:\/\/deportesalternativos.com\/cursos\/wp-content\/uploads\/2018\/07\/INGRESO-negro.png\" alt=\"\" width=\"590\" height=\"175\" srcset=\"https:\/\/deportesalternativos.com\/cursos\/wp-content\/uploads\/2018\/07\/INGRESO-negro.png 590w, https:\/\/deportesalternativos.com\/cursos\/wp-content\/uploads\/2018\/07\/INGRESO-negro-300x89.png 300w, https:\/\/deportesalternativos.com\/cursos\/wp-content\/uploads\/2018\/07\/INGRESO-negro-230x68.png 230w, https:\/\/deportesalternativos.com\/cursos\/wp-content\/uploads\/2018\/07\/INGRESO-negro-350x104.png 350w, https:\/\/deportesalternativos.com\/cursos\/wp-content\/uploads\/2018\/07\/INGRESO-negro-480x142.png 480w\" sizes=\"(max-width: 590px) 100vw, 590px\" \/><\/a><\/h3>\n<h3><\/h3>\n<h3 style=\"text-align: center;\"><strong>***\u00a0 \u00a0F I C H A\u00a0 \u00a0T \u00c9 C N I C A\u00a0 \u00a0***<\/strong><\/h3>\n<h3 style=\"text-align: left;\"><span style=\"color: #ff6600;\">DENOMINACI\u00d3N<\/span><\/h3>\n<h3 style=\"text-align: left;\"><span style=\"color: #000000;\">Especializaci\u00f3n en Deportes Alternativos<\/span><\/h3>\n<p>(V\u00e1lida para Argentina \u00fanicamente)<\/p>\n<p>&nbsp;<\/p>\n<ul>\n<li><span style=\"color: #008000;\"><em>INICIO ESTIPULADO<\/em><\/span>: <strong>MAYO, 2018\u00a0<\/strong><\/li>\n<\/ul>\n<ul>\n<li><span style=\"color: #000000;\"><span style=\"color: #008000;\"><em>INSCRIPCIONES<\/em><\/span>: al inicio de los 2 primeros cuatrimestres<\/span>\n<ul>\n<li>Cuatrimestre I: MAYO 2018 (del 1\u00b0 al 31)<\/li>\n<li>\n<h3><span style=\"color: #ff0000;\"><strong>INSCRIPCIONES CERRADAS<\/strong><\/span><\/h3>\n<\/li>\n<\/ul>\n<\/li>\n<li><span style=\"color: #000000;\"><span style=\"color: #008000;\"><em>DURACI\u00d3N<\/em><\/span>: <strong>133 (Ciento treinta y tres) HORAS RELOJ<\/strong><\/span><\/li>\n<li>\n<h3><span style=\"color: #000000;\"><span style=\"color: #008000;\"><em>PUNTAJE DOCENTE<\/em><\/span>: <strong>0,50 pts.<\/strong> (Otorga: Ministerio de Educaci\u00f3n de Chubut, <strong>EXPEDIENTE 2007\/18<\/strong>)<\/span><\/h3>\n<\/li>\n<li><span style=\"color: #008000;\"><em>RESPALDOS ACAD\u00c9MICOS<\/em><\/span>: <strong>CODASPORTS<\/strong> (Comisi\u00f3n de Deportes Alternativos de Argentina), <strong>CADALT<\/strong> (Consejo Argentino de Deportes Alternativos y <strong>EDUVIC INSPIRA<\/strong> (Programa <strong>Inspira Sport<\/strong> Barcelona-Miami)<\/li>\n<\/ul>\n<p>&nbsp;<\/p>\n<hr \/>\n<h3 style=\"text-align: center;\">FORMULARIO DE INSCRIPCI\u00d3N <a href=\"https:\/\/deportesalternativos.com\/cursos\/listado-de-cursos\/cursos\/inscripciones\/\">(CLIC AQU\u00cd)<\/a><\/h3>\n<h3 style=\"text-align: center;\"><strong>Programa de la Especializaci\u00f3n:<\/strong><\/h3>\n<p style=\"text-align: center;\">Contenidos y Cronograma completo,<strong> <a href=\"https:\/\/docs.google.com\/spreadsheets\/d\/1NUe5AL82slXwxGXjS8rLkFqc1xbf-Ktdxk25BU61KEg\/edit?usp=sharing\">CLIC AQUI<\/a><\/strong><\/p>\n<hr \/>\n<h3><\/h3>\n<h3 style=\"text-align: center;\"><span style=\"color: #ff6600;\">RESUMEN de la ESPECIALIZACI\u00d3N<\/span><\/h3>\n<h3 style=\"text-align: center;\"><strong>Cuatrimestre 1 (Mayo-Agosto)<\/strong><\/h3>\n<ul>\n<li>M\u00f3dulo 1:\u00a0<strong>MAYO<\/strong> 2018 (<strong>A DISTANCIA<\/strong>, <em>Plataforma habilitada del <strong>01\/05\/2018 al 17\/12\/2018)<\/strong><\/em><\/li>\n<li>M\u00f3dulo 2:\u00a0<strong>JUNIO<\/strong> 2018\u00a0(<strong>A DISTANCIA<\/strong>, <em>Plataforma habilitada del <strong>01\/06\/2018 al 17\/12\/2018)<\/strong><\/em><\/li>\n<li>M\u00f3dulo 3: <strong>JULIO<\/strong> 2018\u00a0(<strong>A DISTANCIA<\/strong>, <em>Plataforma habilitada del <strong>01\/07\/2018 al 17\/12\/2018)<\/strong><\/em><\/li>\n<li>M\u00f3dulo 4: <strong>AGOSTO<\/strong> 2018,\n<ul>\n<li><span style=\"color: #ff0000;\"><strong>INSTANCIAS PRESENCIALES<\/strong><\/span><\/li>\n<li><span style=\"color: #ff0000;\">Podr\u00e1s elegir donde cursar la Instancia personal entre:<\/span>\n<ul>\n<li><strong>Rawson (Chubut, Argentina)<\/strong>.\n<ul>\n<li>Sede: <strong>Escuela N\u00b0 729<\/strong><\/li>\n<li>Fecha: <strong><span style=\"color: #ff0000;\">S\u00e1bado 8 de Setiembre (9 a 17 hs.)<\/span><\/strong><\/li>\n<\/ul>\n<\/li>\n<li><strong>Sarmiento (Chubut, Argentina)<\/strong>.\n<ul>\n<li>Sede: <strong>Escuela N\u00b0 28<\/strong><\/li>\n<li>Fecha: <strong><span style=\"color: #ff0000;\">Lunes 10 de Setiembre (12 a 20 hs.)<\/span><\/strong><\/li>\n<\/ul>\n<\/li>\n<li><strong>Ezeiza (Buenos Aires, Argentina)<\/strong>\n<ul>\n<li>Sede: <strong>Centro Nacional de Desarrollo Deportivo (Ezeiza, Buenos Aires)<\/strong><\/li>\n<li>Fecha: <span style=\"color: #ff0000;\"><strong>Mi\u00e9rcoles 5 de Setiembre, de 12 a 20 horas<\/strong><\/span><\/li>\n<\/ul>\n<\/li>\n<li><strong>Oncativo (C\u00f3rdoba, Argentina)<\/strong>\n<ul>\n<li><strong>Sede: Club Uni\u00f3n de Oncativo<\/strong><\/li>\n<li>Fecha: <span style=\"color: #ff0000;\"><strong>Lunes 3 de Setiembre, de 12 a 20 horas<\/strong><\/span><\/li>\n<\/ul>\n<\/li>\n<\/ul>\n<\/li>\n<\/ul>\n<\/li>\n<\/ul>\n<p>&nbsp;<\/p>\n<h3 style=\"text-align: center;\"><strong>Cuatrimestre 2 (Setiembre-Diciembre)<\/strong><\/h3>\n<ul>\n<li>M\u00f3dulo 5: <strong>SETIEMBRE<\/strong> 2018\u00a0(<strong>A DISTANCIA<\/strong>, <em>Plataforma habilitada a partir del <strong>17 de Octubre aprox.<\/strong><\/em>)<\/li>\n<li>M\u00f3dulo 6: <strong>OCTUBRE\u00a0<\/strong>2018\u00a0(<strong>A DISTANCIA<\/strong>, <em>Plataforma habilitada a partir del <strong>22 de Octubre aprox.<\/strong><\/em>)<\/li>\n<li>M\u00f3dulo 7: <strong>NOVIEMBRE\u00a0<\/strong>2018 (<strong>A DISTANCIA<\/strong>, <em>Plataforma habilitada a partir del <strong>23 de Noviembre aprox.<\/strong><\/em>)<\/li>\n<li>M\u00f3dulo 8: <strong>DICIEMBRE<\/strong> 2018, <span style=\"color: #ff0000;\"><strong>INSTANCIA PRESENCIAL<\/strong><\/span>\n<ul>\n<li><span style=\"color: #000000;\">Sede:<\/span>\n<ul>\n<li><strong>Esquel (Chubut, Argentina)<\/strong>.\n<ul>\n<li>Sede: <strong>A CONFIRMAR<\/strong><\/li>\n<li>Fecha: <strong>A CONFIRMAR\u00a0(entre 15\/12\/2018 y 22\/12\/2018)<\/strong><\/li>\n<\/ul>\n<\/li>\n<\/ul>\n<\/li>\n<\/ul>\n<\/li>\n<\/ul>\n<p>&nbsp;<\/p>\n<h3 style=\"text-align: center;\"><span style=\"color: #ff0000;\">MARZO 2019: INSCRIPCIONES ABIERTAS entre 1\u00b0 y 31 de MARZO de 2019<\/span><\/h3>\n<p style=\"text-align: center;\"><span style=\"color: #ff0000;\"><strong>Cursada intensiva MARZO\/ABRIL\/MAYO\/JUNIO<\/strong><\/span><\/p>\n<h3><\/h3>\n<h3 style=\"text-align: center;\"><strong>Cuatrimestre 3 (Abril-Agosto 2019)<\/strong><\/h3>\n<ul>\n<li>M\u00f3dulo 9: <strong>ABRIL<\/strong> 2019 (<strong>A DISTANCIA<\/strong>, <em>Plataforma habilitada hasta 31\/08\/2019)<\/em><\/li>\n<li>M\u00f3dulo 10: <strong>MAYO\u00a0<\/strong>2019 (<strong>A DISTANCIA<\/strong>, <em>Plataforma habilitada hasta 31\/08\/2019)<\/em><\/li>\n<li>M\u00f3dulo 11: <strong>JUNIO\u00a0<\/strong>2019 (<strong>A DISTANCIA<\/strong>, <em>Plataforma habilitada hasta 31\/08\/2019)<\/em><\/li>\n<li>M\u00f3dulo 12: <b>AGOSTO <\/b>2019, <span style=\"color: #ff0000;\"><strong>INSTANCIA PRESENCIAL<\/strong><\/span>\n<ul>\n<li><span style=\"color: #ff0000;\">Podr\u00e1s elegir donde cursar la Instancia personal entre:<\/span>\n<ul>\n<li><strong>Caleta Olivia (Santa Cruz, Argentina)<\/strong>\n<ul>\n<li>Sede: <strong>A CONFIRMAR<\/strong><\/li>\n<li>Fecha: <strong>S\u00e1bado 17\/08\/2019<\/strong><\/li>\n<\/ul>\n<\/li>\n<li><strong>Esquel (Chubut, Argentina)<\/strong>.\n<ul>\n<li>Sede: <strong>A CONFIRMAR<\/strong><\/li>\n<li>Fecha: <strong>S\u00e1bado 24\/08\/2019<\/strong><\/li>\n<\/ul>\n<\/li>\n<li><strong>Ciudad Aut\u00f3noma de Buenos Aires<\/strong>\n<ul>\n<li>Sede: <strong>A CONFIRMAR<\/strong><\/li>\n<li>Fecha: <strong>A CONFIRMAR<\/strong> <strong>(entre 01\/09\/2019 y 30\/09\/2019)<\/strong><\/li>\n<\/ul>\n<\/li>\n<\/ul>\n<\/li>\n<\/ul>\n<\/li>\n<\/ul>\n<h3><span style=\"color: #800080;\">COSTOS<\/span><\/h3>\n<ul>\n<li>Abonando por M\u00f3dulo: <strong>AR$ 700<\/strong> cada m\u00f3dulo\n<ul>\n<li>No habr\u00e1 matr\u00edcula<\/li>\n<li>Pagando el M\u00f3dulo 1 quedar\u00e1 habilitado\/a para iniciar el curso.<\/li>\n<li>Al finalizar la Especializaci\u00f3n deber\u00e1 haber abonado los 12 (doce) M\u00f3dulos para acreditar su finalizaci\u00f3n y aprobaci\u00f3n.<\/li>\n<li>Los M\u00f3dulos deben abonarse antes de la finalizaci\u00f3n del mes a cursar.<\/li>\n<\/ul>\n<\/li>\n<\/ul>\n<p>Bonificaciones:<\/p>\n<ul>\n<li>Abonando el cuatrimestre completo (4 m\u00f3dulos), <strong>AR$ 2.600<\/strong><\/li>\n<li>Abonando el curso completo (12 m\u00f3dulos), <strong>AR$ 7.200<\/strong><br \/>\n<h3><\/h3>\n<\/li>\n<\/ul>\n<h3><span style=\"color: #800080;\"><strong>DESTINATARIOS<\/strong><\/span><\/h3>\n<ul>\n<li><span style=\"color: #800080;\">Estudiantes, Profesores, Licenciados y Magister de Educaci\u00f3n F\u00edsica<\/span><\/li>\n<li><span style=\"color: #800080;\">Estudiantes y profesionales de la Recreaci\u00f3n<\/span><\/li>\n<li><span style=\"color: #800080;\">Docentes de Nivel Primario, Secundario y Terciario<\/span><\/li>\n<li><span style=\"color: #800080;\">Interesados\/as en general.<\/span><\/li>\n<\/ul>\n<p>&nbsp;<\/p>\n<h3><span style=\"color: #800080;\">DETALLES<\/span><\/h3>\n<p><span style=\"color: #800080;\"><a style=\"color: #800080;\" href=\"http:\/\/deportesalternativos.com\/argentina\"><strong>CODASPORTS<\/strong> (Comisi\u00f3n de Deportes Alternativos de Argentina)<\/a>, <a style=\"color: #800080;\" href=\"http:\/\/deportesalternativos.com\/argentina\"><strong>CADALT<\/strong> (Consejo Argentino de Deportes Alternativos)<\/a> y el <a style=\"color: #800080;\" href=\"http:\/\/inspira.eduvic.coop\"><strong>Programa<\/strong> <strong>EDUVIC<\/strong> Inspira Catalu\u00f1a<\/a>, en el convencimiento que solamente con la capacitaci\u00f3n y actualizaci\u00f3n permanente de los profesionales e id\u00f3neos dedicados a la pr\u00e1ctica de las distintas disciplinas vinculadas con el deporte y la actividad f\u00edsica, se lograr\u00e1 mejorar la calidad de vida de nuestros ciudadanos, quieren desarrollar lo que han denominado <strong>\u201cESPECIALIZACI\u00d3N EN DEPORTES ALTERNATIVOS\u201d<\/strong>.<\/span><br \/>\n<span style=\"color: #800080;\"> El objetivo de este proyecto es brindar nuevas herramientas a la educaci\u00f3n f\u00edsica y a la docencia en general que incidan directamente con el alumnado y\/o practicantes y as\u00ed lograr encontrar alternativas para el desarrollo de contenidos curriculares en la clase de educaci\u00f3n f\u00edsica, enriqueciendo las pr\u00e1cticas psicomotrices y sociomotrices en el sistema educativo.<\/span><\/p>\n<h4><\/h4>\n<h3><span style=\"color: #800080;\">OBJETIVOS<\/span><\/h3>\n<p><span style=\"color: #800080;\">Satisfacer la necesidad de capacitaci\u00f3n y actualizaci\u00f3n de Profesionales, T\u00e9cnicos e id\u00f3neos, estudiantes, deportistas, etc. con el fin de contribuir en la ampliaci\u00f3n de los marcos de informaci\u00f3n y conocimientos necesarios para hacer frente a los retos de mejoramiento continuo, aprendizaje, nuevas tendencias que van surgiendo en cuanto a la utilizaci\u00f3n de nuestro tiempo libre y en cuanto a la creaci\u00f3n de nuevos horizontes deportivos-recreativos.<\/span><\/p>\n<h4><\/h4>\n<p>FLYER OFICIAL<\/p>\n<p><img decoding=\"async\" loading=\"lazy\" class=\"alignnone size-full wp-image-836\" src=\"https:\/\/deportesalternativos.com\/cursos\/wp-content\/uploads\/2018\/07\/Flyer_EDA_Set_2018.jpg\" alt=\"\" width=\"600\" height=\"718\" srcset=\"https:\/\/deportesalternativos.com\/cursos\/wp-content\/uploads\/2018\/07\/Flyer_EDA_Set_2018.jpg 600w, https:\/\/deportesalternativos.com\/cursos\/wp-content\/uploads\/2018\/07\/Flyer_EDA_Set_2018-251x300.jpg 251w, https:\/\/deportesalternativos.com\/cursos\/wp-content\/uploads\/2018\/07\/Flyer_EDA_Set_2018-230x275.jpg 230w, https:\/\/deportesalternativos.com\/cursos\/wp-content\/uploads\/2018\/07\/Flyer_EDA_Set_2018-350x419.jpg 350w, https:\/\/deportesalternativos.com\/cursos\/wp-content\/uploads\/2018\/07\/Flyer_EDA_Set_2018-480x574.jpg 480w\" sizes=\"(max-width: 600px) 100vw, 600px\" \/><\/p>\n<p>&nbsp;<\/p>\n","protected":false},"excerpt":{"rendered":"<p>INSCRIPCIONES CERRADAS \/ CAPACITACI\u00d3N EN CURSO ***\u00a0 \u00a0F I C H A\u00a0 \u00a0T \u00c9 C N I C A\u00a0 \u00a0*** DENOMINACI\u00d3N Especializaci\u00f3n [&hellip;]<\/p>\n","protected":false},"author":1,"featured_media":836,"parent":39,"menu_order":10,"comment_status":"closed","ping_status":"closed","template":"","meta":[],"_links":{"self":[{"href":"https:\/\/deportesalternativos.com\/cursos\/wp-json\/wp\/v2\/pages\/25"}],"collection":[{"href":"https:\/\/deportesalternativos.com\/cursos\/wp-json\/wp\/v2\/pages"}],"about":[{"href":"https:\/\/deportesalternativos.com\/cursos\/wp-json\/wp\/v2\/types\/page"}],"author":[{"embeddable":true,"href":"https:\/\/deportesalternativos.com\/cursos\/wp-json\/wp\/v2\/users\/1"}],"replies":[{"embeddable":true,"href":"https:\/\/deportesalternativos.com\/cursos\/wp-json\/wp\/v2\/comments?post=25"}],"version-history":[{"count":42,"href":"https:\/\/deportesalternativos.com\/cursos\/wp-json\/wp\/v2\/pages\/25\/revisions"}],"predecessor-version":[{"id":1581,"href":"https:\/\/deportesalternativos.com\/cursos\/wp-json\/wp\/v2\/pages\/25\/revisions\/1581"}],"up":[{"embeddable":true,"href":"https:\/\/deportesalternativos.com\/cursos\/wp-json\/wp\/v2\/pages\/39"}],"wp:featuredmedia":[{"embeddable":true,"href":"https:\/\/deportesalternativos.com\/cursos\/wp-json\/wp\/v2\/media\/836"}],"wp:attachment":[{"href":"https:\/\/deportesalternativos.com\/cursos\/wp-json\/wp\/v2\/media?parent=25"}],"curies":[{"name":"wp","href":"https:\/\/api.w.org\/{rel}","templated":true}]}}