{"id":2357,"date":"2020-03-30T11:06:55","date_gmt":"2020-03-30T14:06:55","guid":{"rendered":"https:\/\/deportesalternativos.com\/cursos\/?page_id=2357"},"modified":"2021-01-07T00:11:33","modified_gmt":"2021-01-07T03:11:33","slug":"acceso-a-modulos-edaa-2-abr-a-dic-2020","status":"publish","type":"page","link":"https:\/\/deportesalternativos.com\/cursos\/plataforma-codasports\/acceso-a-modulos-edaa-2-abr-a-dic-2020\/","title":{"rendered":"Acceso a M\u00f3dulos EDAA #2 \/ Abr. a Dic. 2020"},"content":{"rendered":"<h3 style=\"text-align: center;\"><span style=\"color: #800080;\">Acceso a M\u00f3dulos de cursada<\/span><\/h3>\n<h3 style=\"text-align: center;\">Especializaci\u00f3n de Deportes Alternativos Adaptados \/ <span style=\"color: #800080;\">Edici\u00f3n #2<\/span> \/ Abril a Diciembre 2020<\/h3>\n<p>&nbsp;<\/p>\n<hr \/>\n<ul>\n<li><strong>M\u00d3DULO 1 \/ Abril 2020<\/strong><\/li>\n<\/ul>\n<p>Sigue este <strong><a href=\"https:\/\/deportesalternativos.com\/cursos\/wp-content\/uploads\/2020\/04\/CODASPORTS-Tutorial-de-ingreso-a-EDAA2.pdf\">ENLACE para VER \u00f3 DESCARGAR<\/a><\/strong> el<strong> Tutorial de Ingreso a M\u00f3dulos<\/strong><\/p>\n<p>Apertura de M\u00f3dulo: <strong><span style=\"color: #ff0000;\">05\/04\/2020<\/span><\/strong> |\u00a0<strong><a href=\"https:\/\/deportesalternativos.com\/cursos\/listado\/edaa2\/edaa2-modulo-1\/\">CLIC AQU\u00cd para INGRESAR A CURSADA<\/a><\/strong><\/p>\n<p>Cierre de M\u00f3dulo: <strong><span style=\"color: #ff0000;\">15\/05\/2020<\/span><\/strong> \/ Cierre de pagos: <strong><span style=\"color: #ff0000;\">5\/05\/2020<\/span><\/strong><\/p>\n<hr \/>\n<ul>\n<li><strong>M\u00d3DULO 2 \/ Mayo 2020<\/strong><\/li>\n<\/ul>\n<p>Apertura de M\u00f3dulo: <strong><span style=\"color: #ff0000;\">05\/05\/2020<\/span><\/strong> |\u00a0<strong><a href=\"https:\/\/deportesalternativos.com\/cursos\/listado\/edaa2\/edaa2-modulo-2\/\">CLIC AQU\u00cd para INGRESAR A CURSADA<\/a><\/strong><\/p>\n<p>Cierre de M\u00f3dulo: <strong><span style=\"color: #ff0000;\">15\/06\/2020<\/span><\/strong> \/ Cierre de pagos: <strong><span style=\"color: #ff0000;\">15\/06\/2020<\/span><\/strong><\/p>\n<hr \/>\n<ul>\n<li><strong>M\u00d3DULO 3 \/ Junio 2020<\/strong><\/li>\n<\/ul>\n<p>Apertura de M\u00f3dulo: <strong><span style=\"color: #ff0000;\">03\/06\/2020<\/span><\/strong> |\u00a0<strong><a href=\"https:\/\/deportesalternativos.com\/cursos\/listado\/edaa2\/edaa2-modulo-3\/\">CLIC AQU\u00cd para INGRESAR A CURSADA<\/a><\/strong><\/p>\n<p>Cierre de M\u00f3dulo: <strong><span style=\"color: #ff0000;\">15\/08\/2020<\/span><\/strong> \/ Cierre de pagos: <strong><span style=\"color: #ff0000;\">5\/07\/2020<\/span><\/strong><\/p>\n<hr \/>\n<ul>\n<li><strong>M\u00d3DULO 4 \/ Julio 2020<\/strong><\/li>\n<\/ul>\n<p>Apertura de M\u00f3dulo: <strong><span style=\"color: #ff0000;\">05\/07\/2020<\/span><\/strong> | <strong><a href=\"https:\/\/deportesalternativos.com\/cursos\/listado\/edaa2\/edaa2-modulo-4\/\">CLIC AQU\u00cd para INGRESAR A CURSADA<\/a><\/strong><\/p>\n<p>Cierre de M\u00f3dulo: <strong><span style=\"color: #ff0000;\">15\/08\/2020<\/span><\/strong> \/ Cierre de pagos: <strong><span style=\"color: #ff0000;\">5\/08\/2020<\/span><\/strong><\/p>\n<hr \/>\n<ul>\n<li><strong>M\u00d3DULO 5 \/ Agosto 2020<\/strong><\/li>\n<\/ul>\n<p>Apertura de M\u00f3dulo: <strong><span style=\"color: #ff0000;\">03\/08\/2020<\/span><\/strong> | <strong><a href=\"https:\/\/deportesalternativos.com\/cursos\/listado\/edaa2\/edaa2-modulo-5\/\">CLIC AQU\u00cd para INGRESAR A CURSADA<\/a><\/strong><\/p>\n<p>Cierre de M\u00f3dulo: <strong><span style=\"color: #ff0000;\">15\/09\/2020<\/span><\/strong> \/ Cierre de pagos: <strong><span style=\"color: #ff0000;\">1\/09\/2020<\/span><\/strong><\/p>\n<hr \/>\n<ul>\n<li><strong>M\u00d3DULO 6 \/ Septiembre 2020<\/strong><\/li>\n<\/ul>\n<p>Apertura de M\u00f3dulo: <strong><span style=\"color: #ff0000;\">4\/09\/2020 | <a href=\"https:\/\/deportesalternativos.com\/cursos\/listado\/edaa2\/edaa2-modulo-6\/\">CLIC AQU\u00cd para INGRESAR A CURSADA<\/a><\/span><\/strong><\/p>\n<p>Cierre de M\u00f3dulo: <span style=\"color: #ff0000;\"><strong>15\/10\/2020<\/strong><\/span> \/ Cierre de pagos: <strong><span style=\"color: #ff0000;\">5\/10\/2020<\/span><\/strong><\/p>\n<hr \/>\n<ul>\n<li><strong>M\u00d3DULO 7 \/ Octubre 2020<\/strong><\/li>\n<\/ul>\n<p>Apertura de M\u00f3dulo: <strong><span style=\"color: #ff0000;\">5\/10\/2020<\/span> <span style=\"color: #ff0000;\">|<\/span> <a href=\"https:\/\/deportesalternativos.com\/cursos\/listado\/edaa2\/edaa2-modulo-7\/\">CLIC AQU\u00cd para INGRESAR A CURSADA<\/a><\/strong><\/p>\n<p>Cierre de M\u00f3dulo: <strong><span style=\"color: #ff0000;\">15\/11\/2020<\/span><\/strong> \/ Cierre de pagos: <strong><span style=\"color: #ff0000;\">5\/11\/2020<\/span><\/strong><\/p>\n<hr \/>\n<ul>\n<li><strong>M\u00d3DULO 8 \/ Noviembre 2020<\/strong><\/li>\n<\/ul>\n<p>Apertura de M\u00f3dulo: <strong><span style=\"color: #ff0000;\">3\/10\/2020<\/span><\/strong> | <a href=\"https:\/\/deportesalternativos.com\/cursos\/listado\/edaa2\/edaa2-modulo-8\/\"><strong>CLIC AQU\u00cd para INGRESAR A CURSADA<\/strong><\/a><\/p>\n<p>Cierre de M\u00f3dulo: <strong><span style=\"color: #ff0000;\">15\/12\/2020<\/span><\/strong> \/ Cierre de pagos: <strong><span style=\"color: #ff0000;\">5\/12\/2020<\/span><\/strong><\/p>\n<hr \/>\n<ul>\n<li><strong>M\u00d3DULO 9 \/ Diciembre 2020<\/strong><\/li>\n<\/ul>\n<p>Apertura de M\u00f3dulo: <strong><span style=\"color: #ff0000;\">3\/12\/2020<\/span><\/strong> | <a href=\"https:\/\/deportesalternativos.com\/cursos\/listado\/edaa2\/edaa2-modulo-9\/\"><strong>CLIC AQU\u00cd para INGRESAR A CURSADA<\/strong><\/a><\/p>\n<p>Cierre de M\u00f3dulo: <strong><span style=\"color: #ff0000;\">15\/01\/2021<\/span><\/strong> \/ Cierre de pagos: <strong><span style=\"color: #ff0000;\">5\/01\/2021<\/span><\/strong><\/p>\n<hr \/>\n<p style=\"text-align: center;\"><em>Si est\u00e1 inscripto\/a oficialmente y no recibi\u00f3 la clave de acceso, solic\u00edtela a <strong>codasportscapacitacion<span class=\"\">@gmail.com<\/span><\/strong><\/em><\/p>\n<hr \/>\n<p>&nbsp;<\/p>\n<h3 style=\"text-align: center;\">ETAPA FINAL | ACTUALIZACI\u00d3N 06\/01\/2021<\/h3>\n<h3 style=\"text-align: center;\">La <span style=\"color: #ff0000;\">Evaluaci\u00f3n General (Final de la EDAA2)<\/span> se enviar\u00e1 entre el <span style=\"color: #ff0000;\">10-20 de Enero de 2021<\/span>\u00a0y dispondr\u00e1n de <span style=\"color: #ff0000;\">60 d\u00edas<\/span> m\u00e1ximo para su entrega. <span style=\"color: #ff0000;\">El D\u00eda 10\/03\/2021<\/span> quedar\u00e1 oficialmente cerrada la Especializaci\u00f3n en Deportes Alternativos 2 de CODASPORTS<\/h3>\n<h3 style=\"text-align: center;\">La <span style=\"color: #ff0000;\">Evaluaci\u00f3n-Proyecto<\/span> que han enviado en el M\u00f3dulo 6 est\u00e1 en proceso de correcci\u00f3n (es le\u00edda-evaluada por nuestro Comit\u00e9 Acad\u00e9mico, compuesto por 6 -seis- personas de 5 -cinco- pa\u00edses) y a partir del <span style=\"color: #ff0000;\">10 de Enero de 2021<\/span> hemos reconfirmado la publicaci\u00f3n en la <span style=\"color: #ff0000;\">Secci\u00f3n Balances y Pagos<\/span> (a la cual acceden con el v\u00ednculo debajo de este p\u00e1rrafo).<\/h3>\n<p style=\"text-align: center;\"><em>Gracias y desde ya les pedimos disculpas dado que esta in\u00e9dita situaci\u00f3n de pandemia mundial nos ha cambiado varias fechas y m\u00e1xime teniendo en cuenta las diversas realidades de nuestro alumnado, por lo cual hemos tratado de prever todas las situaciones. Desde ya que cualquier retraso, pr\u00f3rroga o cambio que deseen se comunican con el Equipo CODASPORTS mediante el correo codasportscapacitacion<span class=\"\">@gmail.com<\/span><\/em><\/p>\n<p>&nbsp;<\/p>\n<hr \/>\n<p>&nbsp;<\/p>\n<h4 style=\"text-align: center;\"><span style=\"color: #ff6600;\"><strong>CONOCE TU ESTADO DE CUENTA (CUOTAS) Y LA ACTUALIDAD DE TUS MINIEVALUACIONES Y EVALUACIONES-ENCUESTAS<\/strong><\/span><\/h4>\n<h2 style=\"text-align: center;\"><span style=\"color: #ff0000;\">[&#8211; \u00a1ACTUALIZADO! &#8211;]<\/span><a href=\"https:\/\/deportesalternativos.com\/cursos\/balances\/\"><img decoding=\"async\" loading=\"lazy\" class=\"aligncenter\" src=\"https:\/\/deportesalternativos.com\/cursos\/wp-content\/uploads\/2019\/08\/clic-a-balance-y-evaluac.jpg\" alt=\"\" width=\"600\" height=\"258\" \/><\/a><\/h2>\n<hr \/>\n<p>&nbsp;<\/p>\n<h2 style=\"text-align: center;\"><a href=\"https:\/\/deportesalternativos.com\/cursos\/centro-de-pagos\/\">CLIC AQU\u00cd<\/a> PARA IR AL<\/h2>\n<p style=\"text-align: center;\"><a href=\"https:\/\/deportesalternativos.com\/cursos\/centro-de-pagos\/\"><img decoding=\"async\" loading=\"lazy\" class=\"alignnone size-full wp-image-165\" src=\"https:\/\/deportesalternativos.com\/cursos\/wp-content\/uploads\/2018\/06\/banner_pagos.png\" alt=\"\" width=\"400\" height=\"56\" srcset=\"https:\/\/deportesalternativos.com\/cursos\/wp-content\/uploads\/2018\/06\/banner_pagos.png 400w, https:\/\/deportesalternativos.com\/cursos\/wp-content\/uploads\/2018\/06\/banner_pagos-300x42.png 300w, https:\/\/deportesalternativos.com\/cursos\/wp-content\/uploads\/2018\/06\/banner_pagos-230x32.png 230w, https:\/\/deportesalternativos.com\/cursos\/wp-content\/uploads\/2018\/06\/banner_pagos-350x49.png 350w\" sizes=\"(max-width: 400px) 100vw, 400px\" \/><\/a><\/p>\n<p>&nbsp;<\/p>\n","protected":false},"excerpt":{"rendered":"<p>Acceso a M\u00f3dulos de cursada Especializaci\u00f3n de Deportes Alternativos Adaptados \/ Edici\u00f3n #2 \/ Abril a Diciembre 2020 &nbsp; M\u00d3DULO 1 \/ [&hellip;]<\/p>\n","protected":false},"author":1,"featured_media":0,"parent":302,"menu_order":0,"comment_status":"closed","ping_status":"closed","template":"","meta":[],"_links":{"self":[{"href":"https:\/\/deportesalternativos.com\/cursos\/wp-json\/wp\/v2\/pages\/2357"}],"collection":[{"href":"https:\/\/deportesalternativos.com\/cursos\/wp-json\/wp\/v2\/pages"}],"about":[{"href":"https:\/\/deportesalternativos.com\/cursos\/wp-json\/wp\/v2\/types\/page"}],"author":[{"embeddable":true,"href":"https:\/\/deportesalternativos.com\/cursos\/wp-json\/wp\/v2\/users\/1"}],"replies":[{"embeddable":true,"href":"https:\/\/deportesalternativos.com\/cursos\/wp-json\/wp\/v2\/comments?post=2357"}],"version-history":[{"count":17,"href":"https:\/\/deportesalternativos.com\/cursos\/wp-json\/wp\/v2\/pages\/2357\/revisions"}],"predecessor-version":[{"id":3224,"href":"https:\/\/deportesalternativos.com\/cursos\/wp-json\/wp\/v2\/pages\/2357\/revisions\/3224"}],"up":[{"embeddable":true,"href":"https:\/\/deportesalternativos.com\/cursos\/wp-json\/wp\/v2\/pages\/302"}],"wp:attachment":[{"href":"https:\/\/deportesalternativos.com\/cursos\/wp-json\/wp\/v2\/media?parent=2357"}],"curies":[{"name":"wp","href":"https:\/\/api.w.org\/{rel}","templated":true}]}}