{"id":225,"date":"2018-07-01T23:22:48","date_gmt":"2018-07-02T02:22:48","guid":{"rendered":"https:\/\/deportesalternativos.com\/cursos\/?page_id=225"},"modified":"2019-09-08T02:14:07","modified_gmt":"2019-09-08T05:14:07","slug":"campus-virtual","status":"publish","type":"page","link":"https:\/\/deportesalternativos.com\/cursos\/campus-virtual\/","title":{"rendered":"Campus virtual | Especializaci\u00f3n Nacional en Deportes Alternativos | Mayo 2018 a Julio 2019"},"content":{"rendered":"<h2 style=\"text-align: center;\"><span style=\"color: #ff6600;\">Especializaci\u00f3n en Deportes Alternativos<\/span><\/h2>\n<p><a href=\"https:\/\/deportesalternativos.com\/cursos\/balances-eda-scn\/\"><img decoding=\"async\" loading=\"lazy\" class=\"aligncenter wp-image-1741 size-full\" src=\"https:\/\/deportesalternativos.com\/cursos\/wp-content\/uploads\/2019\/08\/clic-a-balance-y-evaluac.jpg\" alt=\"\" width=\"600\" height=\"258\" srcset=\"https:\/\/deportesalternativos.com\/cursos\/wp-content\/uploads\/2019\/08\/clic-a-balance-y-evaluac.jpg 600w, https:\/\/deportesalternativos.com\/cursos\/wp-content\/uploads\/2019\/08\/clic-a-balance-y-evaluac-300x129.jpg 300w, https:\/\/deportesalternativos.com\/cursos\/wp-content\/uploads\/2019\/08\/clic-a-balance-y-evaluac-230x99.jpg 230w, https:\/\/deportesalternativos.com\/cursos\/wp-content\/uploads\/2019\/08\/clic-a-balance-y-evaluac-350x151.jpg 350w, https:\/\/deportesalternativos.com\/cursos\/wp-content\/uploads\/2019\/08\/clic-a-balance-y-evaluac-480x206.jpg 480w\" sizes=\"(max-width: 600px) 100vw, 600px\" \/><\/a><\/p>\n<p>&nbsp;<\/p>\n<h2 style=\"text-align: center;\"><span style=\"color: #ff0000;\">___ ACCESO A M\u00d3DULOS ___<\/span><\/h2>\n<hr \/>\n<h3 style=\"text-align: left;\"><strong><span style=\"color: #000080;\">M\u00f3dulo 1 (Mayo 2018)<\/span><\/strong><\/h3>\n<p style=\"text-align: left;\"><strong>Hoja de tareas<\/strong> habilitada desde: Julio 2, 2018 \/ Fin: <strong><span style=\"color: #ff0000;\">FEBRERO 28, 2019<\/span><\/strong><\/p>\n<p><strong>Ingresar a M\u00f3dulo 1 | <span style=\"color: #ff0000;\">CERRADO <span style=\"color: #000000;\">(Solicite datos adicionales a <a href=\"mailto:codasportscapacitacion@gmail.com\"><span style=\"color: #0000ff;\">codasportscapacitacion@gmail.com<\/span><\/a>)<\/span><\/span><\/strong><\/p>\n<hr \/>\n<h3 style=\"text-align: left;\"><strong><span style=\"color: #000080;\">M\u00f3dulo 2 <\/span><\/strong><span style=\"color: #000080;\">(Junio 2018)<\/span><\/h3>\n<p style=\"text-align: left;\"><strong>Hoja de tareas<\/strong> habilitada desde Julio 9, 2018 \/ Fin: <strong><span style=\"color: #ff0000;\">FEBRERO 28, 2019<\/span><\/strong><\/p>\n<p><strong>Ingresar a M\u00f3dulo 2 |\u00a0<\/strong><strong><span style=\"color: #ff0000;\">CERRADO <span style=\"color: #000000;\">(Solicite datos adicionales a <a href=\"mailto:codasportscapacitacion@gmail.com\"><span style=\"color: #0000ff;\">codasportscapacitacion@gmail.com<\/span><\/a>)<\/span><\/span><\/strong><\/p>\n<hr \/>\n<h3><strong><span style=\"color: #000080;\">M\u00f3dulo 3\u00a0<\/span><\/strong><span style=\"color: #000080;\">(Julio 2018)<\/span><\/h3>\n<p style=\"text-align: left;\"><strong>Hoja de tareas<\/strong> habilitada desde Julio 23, 2018 \/ Fin: <strong><span style=\"color: #ff0000;\">FEBRERO 28, 2019<\/span><\/strong><\/p>\n<p><strong>Ingresar a M\u00f3dulo 3 |\u00a0<\/strong><strong><span style=\"color: #ff0000;\">CERRADO <span style=\"color: #000000;\">(Solicite datos adicionales a <a href=\"mailto:codasportscapacitacion@gmail.com\"><span style=\"color: #0000ff;\">codasportscapacitacion@gmail.com<\/span><\/a>)<\/span><\/span><\/strong><\/p>\n<hr \/>\n<h3 style=\"text-align: left;\"><strong><span style=\"color: #000080;\">M\u00f3dulo 4 <\/span><\/strong><span style=\"color: #000080;\">(Agosto 2018) \/ <\/span><strong>Instancia PRESENCIAL<\/strong>:<\/h3>\n<ul style=\"text-align: left;\">\n<li>Inicio: <strong><span style=\"color: #ff0000;\">SETIEMBRE 3, 2018 &#8211;\u00a0<\/span><\/strong>Fin: <strong><span style=\"color: #ff0000;\">SETIEMBRE 10, 2018<\/span><\/strong><\/li>\n<li><strong>Detalles de Instancia PRESENCIAL (SE REPLIC\u00d3 EN 4 CIUDADES):<\/strong><\/li>\n<\/ul>\n<ul style=\"text-align: center;\">\n<li style=\"text-align: left;\"><span style=\"color: #333333;\">3\/09\/2018,\u00a0<\/span><span style=\"color: #333333;\"><a style=\"color: #333333;\" href=\"https:\/\/www.google.com\/maps\/place\/Club+Deportivo+y+Cultural+Uni%C3%B3n\/@-31.9172283,-63.6769195,17z\/data=!3m1!4b1!4m5!3m4!1s0x95cd21600364e4d9:0x5daa7b77b163cb7b!8m2!3d-31.9172329!4d-63.6747308\">CLUB UNI\u00d3N (Oncativo, Provincia de C\u00f3rdoba)<\/a><\/span><\/li>\n<li style=\"text-align: left;\"><span style=\"color: #333333;\">5\/09\/2018, <\/span><span style=\"color: #333333;\"><a style=\"color: #333333;\" href=\"https:\/\/www.google.com\/maps\/place\/CeNaDe\/@-34.7800907,-58.5237739,17z\/data=!3m1!4b1!4m5!3m4!1s0x95bcd0264832ccc9:0x395023f52b3e74e7!8m2!3d-34.7800951!4d-58.5215852\">CENADDE (Ezeiza, Provincia de Buenos Aires)<\/a><\/span><\/li>\n<li style=\"text-align: left;\"><span style=\"color: #333333;\">8\/09\/2018, <\/span><span style=\"color: #333333;\"><a style=\"color: #333333;\" href=\"https:\/\/www.google.com\/maps\/place\/Escuela+N+729\/@-43.2980951,-65.1139149,14z\/data=!4m8!1m2!2m1!1sescuela+729+rawson!3m4!1s0x0:0xfb6793641b10d653!8m2!3d-43.29917!4d-65.0876963\">ESCUELA N\u00b0729 (Rawson, Provincia de Chubut)<\/a><\/span><\/li>\n<li style=\"text-align: left;\"><span style=\"color: #333333;\">10\/09\/2018,\u00a0<\/span><span style=\"color: #333333;\"><a style=\"color: #333333;\" href=\"https:\/\/www.google.com\/maps\/place\/Escuela+Provincial+28\/@-45.5856155,-69.0799072,14z\/data=!4m8!1m2!2m1!1sescuela+28+sarmiento+chubut!3m4!1s0x0:0x73c2fba43fdc089!8m2!3d-45.5898521!4d-69.0748215\">ESCUELA N\u00b028 (Sarmiento, Provincia de Chubut)<\/a><\/span><\/li>\n<\/ul>\n<hr \/>\n<h3 style=\"text-align: left;\"><strong><span style=\"color: #000080;\">M\u00f3dulo 4 <\/span><\/strong><span style=\"color: #000080;\">(Agosto 2018) \/ <span style=\"color: #ff0000;\">Soporte al M\u00f3dulo Presencial<\/span><\/span><\/h3>\n<p style=\"text-align: left;\"><strong>Hoja de tareas<\/strong> habilitada desde Octubre 17, 2018 \/ Fin: <strong><span style=\"color: #ff0000;\">FEBRERO 28, 2019<\/span><\/strong><\/p>\n<p><strong>Ingresar a M\u00f3dulo 4 |\u00a0<\/strong><strong><span style=\"color: #ff0000;\">CERRADO <span style=\"color: #000000;\">(Solicite datos adicionales a <a href=\"mailto:codasportscapacitacion@gmail.com\"><span style=\"color: #0000ff;\">codasportscapacitacion@gmail.com<\/span><\/a>)<\/span><\/span><\/strong><\/p>\n<hr \/>\n<h3 style=\"text-align: left;\"><strong><span style=\"color: #000080;\">M\u00f3dulo 5 <\/span><\/strong><span style=\"color: #000080;\">(Setiembre 2018)<\/span><\/h3>\n<p style=\"text-align: left;\"><strong>Hoja de tareas<\/strong> habilitada desde Octubre 17, 2018 \/ Fin: <strong><span style=\"color: #ff0000;\">FEBRERO 28, 2019<\/span><\/strong><strong><span style=\"color: #ff0000;\">\u00a0<\/span><\/strong><\/p>\n<p><strong>Ingresar a M\u00f3dulo 5 |\u00a0<\/strong><strong><span style=\"color: #ff0000;\">CERRADO <span style=\"color: #000000;\">(Solicite datos adicionales a <a href=\"mailto:codasportscapacitacion@gmail.com\"><span style=\"color: #0000ff;\">codasportscapacitacion@gmail.com<\/span><\/a>)<\/span><\/span><\/strong><\/p>\n<hr \/>\n<h3 style=\"text-align: left;\"><strong><span style=\"color: #000080;\">M\u00f3dulo 6 <\/span><\/strong><span style=\"color: #000080;\">(Octubre 2018)<\/span><\/h3>\n<p style=\"text-align: left;\"><strong>Hoja de tareas<\/strong> habilitada desde Noviembre 3, 2018 \/ Fin: <strong><span style=\"color: #ff0000;\">FEBRERO 28, 2019<\/span><\/strong><strong><span style=\"color: #ff0000;\">\u00a0 \u00a0 \u00a0\u00a0<\/span><\/strong><\/p>\n<p><strong>Ingresar a M\u00f3dulo 6 |\u00a0<\/strong><strong><span style=\"color: #ff0000;\">CERRADO <span style=\"color: #000000;\">(Solicite datos adicionales a <a href=\"mailto:codasportscapacitacion@gmail.com\"><span style=\"color: #0000ff;\">codasportscapacitacion@gmail.com<\/span><\/a>)<\/span><\/span><\/strong><\/p>\n<hr \/>\n<h3 style=\"text-align: left;\"><strong><span style=\"color: #000080;\">M\u00f3dulo 7 <\/span><\/strong><span style=\"color: #000080;\">(Noviembre 2018)<\/span><\/h3>\n<p style=\"text-align: left;\"><strong>Hoja de tareas<\/strong> habilitada desde Diciembre 13, 2018 \/ Fin: <strong><span style=\"color: #ff0000;\">AGOSTO 16, 2019<\/span><\/strong><strong><span style=\"color: #ff0000;\">\u00a0 \u00a0 \u00a0\u00a0<\/span><\/strong><\/p>\n<p><strong>Ingresar a M\u00f3dulo 7 | <a href=\"https:\/\/deportesalternativos.com\/cursos\/listado-de-cursos\/especializacion_da\/especializacion-eda-cuatrimestre-2-modulo-7\/\">CLIC AQU\u00cd<\/a><\/strong><\/p>\n<hr \/>\n<h3 style=\"text-align: left;\"><span style=\"color: #000080;\"><strong>M\u00f3dulo 8 <\/strong>(Diciembre 2018)<\/span><\/h3>\n<p style=\"text-align: left;\"><strong>Hoja de tareas<\/strong> habilitada desde Enero 8, 2019 \/ Fin: <span style=\"color: #ff0000;\"><strong>AGOSTO 16, 2019<\/strong><\/span><strong>\u00a0 \u00a0 \u00a0\u00a0<\/strong><\/p>\n<p><strong>Ingresar a M\u00f3dulo 8 | <a href=\"https:\/\/deportesalternativos.com\/cursos\/listado-de-cursos\/especializacion_da\/especializacion-eda-cuatrimestre-2-modulo-8\/\">CLIC AQU\u00cd<\/a><\/strong><\/p>\n<hr \/>\n<h3 style=\"text-align: left;\"><span style=\"color: #000080;\"><strong>M\u00f3dulo 9 <\/strong>(Abril 2019)<\/span><\/h3>\n<p style=\"text-align: left;\"><strong>Hoja de tareas<\/strong> habilitada desde Abril 22, 2019 \/ Fin: <span style=\"color: #ff0000;\"><strong>AGOSTO 16, 2019<\/strong><\/span><strong>\u00a0 \u00a0 \u00a0\u00a0<\/strong><\/p>\n<p><strong>Ingresar a M\u00f3dulo 9 | <a href=\"https:\/\/deportesalternativos.com\/cursos\/listado-de-cursos\/especializacion_da\/especializacion-eda-cuatrimestre-3-modulo-9\/\">CLIC AQU\u00cd<\/a><\/strong><\/p>\n<hr \/>\n<h3 style=\"text-align: left;\"><strong><span style=\"color: #000080;\">M\u00f3dulo 10 <\/span><\/strong><span style=\"color: #000080;\">(Mayo 2019) <\/span><span style=\"color: #000080;\">\/ <\/span><strong>Instancia PRESENCIAL<\/strong>:<\/h3>\n<ul style=\"text-align: left;\">\n<li>Inicio: <strong><span style=\"color: #ff0000;\">MAYO 4, 2019 &#8211;\u00a0<\/span><\/strong>Fin: <strong><span style=\"color: #ff0000;\">JUNIO 1\u00b0, 2019<\/span><\/strong><\/li>\n<li><strong>Detalles de Instancia PRESENCIAL (SE REPLIC\u00d3 EN 3 CIUDADES):<\/strong><\/li>\n<\/ul>\n<ul style=\"text-align: center;\">\n<li style=\"text-align: left;\"><span style=\"color: #333333;\">4\/05\/2019, <\/span><span style=\"color: #333333;\">ESCUELA N\u00b0714 (Trelew, Provincia de Chubut)<\/span><\/li>\n<li style=\"text-align: left;\"><span style=\"color: #333333;\">11\/05\/2019,\u00a0<\/span><span style=\"color: #333333;\"><a style=\"color: #333333;\" href=\"https:\/\/www.google.com\/maps\/place\/Club+Deportivo+y+Cultural+Uni%C3%B3n\/@-31.9172283,-63.6769195,17z\/data=!3m1!4b1!4m5!3m4!1s0x95cd21600364e4d9:0x5daa7b77b163cb7b!8m2!3d-31.9172329!4d-63.6747308\">CLUB UNI\u00d3N (Oncativo, Provincia de C\u00f3rdoba)<\/a><\/span><\/li>\n<li style=\"text-align: left;\"><span style=\"color: #333333;\">1\u00b0\/06\/2019, <\/span><span style=\"color: #333333;\"><a style=\"color: #333333;\" href=\"https:\/\/www.google.com\/maps\/place\/CeNaDe\/@-34.7800907,-58.5237739,17z\/data=!3m1!4b1!4m5!3m4!1s0x95bcd0264832ccc9:0x395023f52b3e74e7!8m2!3d-34.7800951!4d-58.5215852\">CENADDE (Ezeiza, Provincia de Buenos Aires)<\/a><\/span><\/li>\n<\/ul>\n<hr \/>\n<h3 style=\"text-align: left;\"><strong><span style=\"color: #000080;\">M\u00f3dulo 10 <\/span><\/strong><span style=\"color: #000080;\">(Mayo 2019) \/ <\/span><span style=\"color: #000080;\"><span style=\"color: #ff0000;\">Soporte al M\u00f3dulo Presencial<\/span><\/span><\/h3>\n<p style=\"text-align: left;\"><strong>Hoja de tareas<\/strong> habilitada desde <span style=\"color: #ff0000;\"><strong>Junio 15, 2019 \/ <\/strong><\/span>Fin: <strong><span style=\"color: #ff0000;\">AGOSTO 16, 2019<\/span><\/strong><\/p>\n<p><strong>Ingresar a M\u00f3dulo 10 |\u00a0<\/strong><a href=\"https:\/\/deportesalternativos.com\/cursos\/listado-de-cursos\/especializacion_da\/especializacion-eda-cuatrimestre-3-modulo-10\/\">CLIC AQU\u00cd<\/a><\/p>\n<hr \/>\n<h3 style=\"text-align: left;\"><span style=\"color: #000080;\"><strong>M\u00f3dulo 11 <\/strong>(Junio 2019)<\/span><\/h3>\n<p style=\"text-align: left;\"><strong>Hoja de tareas<\/strong> habilitada desde <strong><span style=\"color: #ff0000;\">Junio 15, 2019 \/ <\/span><\/strong>Fin: <span style=\"color: #ff0000;\"><strong>AGOSTO 16, 2019<\/strong><\/span><strong>\u00a0 \u00a0 \u00a0\u00a0<\/strong><\/p>\n<p><strong>Ingresar a M\u00f3dulo 11 | <a href=\"https:\/\/deportesalternativos.com\/cursos\/listado-de-cursos\/especializacion_da\/especializacion-eda-cuatrimestre-3-modulo-11\/\">CLIC AQU\u00cd<\/a><\/strong><\/p>\n<hr \/>\n<h3 style=\"text-align: left;\"><strong><span style=\"color: #000080;\">M\u00f3dulo 12 <\/span><\/strong><span style=\"color: #000080;\">(AGOSTO 2019)\u00a0<\/span>\/<span style=\"color: #000080;\">\u00a0<\/span><strong>Instancia PRESENCIAL<\/strong>: M\u00d3DULO FINAL<\/h3>\n<ul>\n<li style=\"text-align: left;\"><strong>Detalles de Instancia PRESENCIAL (habr\u00e1 2 opciones disponibles):<\/strong>\n<ul>\n<li style=\"text-align: left;\"><span style=\"color: #333333;\"><strong><span style=\"color: #ff0000;\">17\/08\/2019<\/span><\/strong>, <strong>Caleta Olivia<\/strong>,<\/span><span style=\"color: #333333;\"> Provincia de Santa Cruz \/ <span style=\"color: #ff0000;\"><strong>CULMINADA<\/strong><\/span><\/span><\/li>\n<li style=\"text-align: left;\"><span style=\"color: #333333;\"><span style=\"color: #ff0000;\"><strong>14\/09\/2019<\/strong><\/span>, <\/span><span style=\"color: #333333;\"><strong>Ezeiza<\/strong>, Provincia de Buenos Aires<\/span><\/li>\n<li style=\"text-align: left;\"><em><span style=\"color: #ff0000;\">Nota: comunicarse en caso de no poder concurrir a ambas posibilidades. La Opci\u00f3n Esquel ha quedado descartada debido a la situaci\u00f3n imperante en la Provincia de Chubut, donde se origina la propuesta.<\/span><\/em><\/li>\n<\/ul>\n<\/li>\n<\/ul>\n<hr \/>\n<h3 style=\"text-align: left;\"><strong><span style=\"color: #000080;\">M\u00f3dulo 12 <\/span><\/strong><span style=\"color: #000080;\">(SETIEMBRE 2019) \/ <\/span><span style=\"color: #000080;\"><span style=\"color: #ff0000;\">Soporte al M\u00f3dulo Presencial<\/span><\/span><\/h3>\n<p style=\"text-align: left;\"><strong>Hoja de tareas<\/strong> habilitada desde <span style=\"color: #ff0000;\"><strong>SETIEMBRE 7, 2019 \/ <\/strong><\/span>Fin: <strong><span style=\"color: #ff0000;\">OCTUBRE 15, 2019<\/span><\/strong><\/p>\n<p><strong>Ingresar a M\u00f3dulo 12 | <a href=\"https:\/\/deportesalternativos.com\/cursos\/campus-virtual\/especializacion-eda-cuatrimestre-3-modulo-12\/\">CLIC AQU\u00cd<\/a><\/strong><\/p>\n","protected":false},"excerpt":{"rendered":"<p>Especializaci\u00f3n en Deportes Alternativos &nbsp; ___ ACCESO A M\u00d3DULOS ___ M\u00f3dulo 1 (Mayo 2018) Hoja de tareas habilitada desde: Julio 2, 2018 [&hellip;]<\/p>\n","protected":false},"author":1,"featured_media":0,"parent":0,"menu_order":0,"comment_status":"closed","ping_status":"closed","template":"","meta":[],"_links":{"self":[{"href":"https:\/\/deportesalternativos.com\/cursos\/wp-json\/wp\/v2\/pages\/225"}],"collection":[{"href":"https:\/\/deportesalternativos.com\/cursos\/wp-json\/wp\/v2\/pages"}],"about":[{"href":"https:\/\/deportesalternativos.com\/cursos\/wp-json\/wp\/v2\/types\/page"}],"author":[{"embeddable":true,"href":"https:\/\/deportesalternativos.com\/cursos\/wp-json\/wp\/v2\/users\/1"}],"replies":[{"embeddable":true,"href":"https:\/\/deportesalternativos.com\/cursos\/wp-json\/wp\/v2\/comments?post=225"}],"version-history":[{"count":32,"href":"https:\/\/deportesalternativos.com\/cursos\/wp-json\/wp\/v2\/pages\/225\/revisions"}],"predecessor-version":[{"id":1881,"href":"https:\/\/deportesalternativos.com\/cursos\/wp-json\/wp\/v2\/pages\/225\/revisions\/1881"}],"wp:attachment":[{"href":"https:\/\/deportesalternativos.com\/cursos\/wp-json\/wp\/v2\/media?parent=225"}],"curies":[{"name":"wp","href":"https:\/\/api.w.org\/{rel}","templated":true}]}}