{"id":2118,"date":"2022-03-22T02:04:36","date_gmt":"2022-03-22T05:04:36","guid":{"rendered":"https:\/\/deportesalternativos.com\/cursos\/?page_id=2118"},"modified":"2022-03-23T19:05:47","modified_gmt":"2022-03-23T22:05:47","slug":"centro-de-pagos","status":"publish","type":"page","link":"https:\/\/deportesalternativos.com\/cursos\/centro-de-pagos\/","title":{"rendered":"Centro de Pagos"},"content":{"rendered":"\r\n<p style=\"text-align: center;\"><span style=\"font-size: 18px; background-color: transparent;\"><strong style=\"font-size: 22px;\"><span style=\"font-size: 24px;\">Oferta exclusiva para Alumnos\/as de Argentina<\/span><\/strong><\/span><\/p>\r\n<p style=\"text-align: center;\"><span style=\"font-size: 18px; background-color: transparent;\"><strong style=\"font-size: 22px;\"><span style=\"font-size: 24px;\">CYBER MONDAY 50<\/span><\/strong><\/span><\/p>\r\n<p style=\"text-align: center;\"><img decoding=\"async\" loading=\"lazy\" class=\"aligncenter size-full wp-image-3703\" src=\"https:\/\/deportesalternativos.com\/cursos\/wp-content\/uploads\/2021\/04\/Aceptamos-Mercado-Pago-1.png\" sizes=\"(max-width: 440px) 100vw, 440px\" srcset=\"https:\/\/deportesalternativos.com\/cursos\/wp-content\/uploads\/2021\/04\/Aceptamos-Mercado-Pago-1.png 440w, https:\/\/deportesalternativos.com\/cursos\/wp-content\/uploads\/2021\/04\/Aceptamos-Mercado-Pago-1-300x144.png 300w, https:\/\/deportesalternativos.com\/cursos\/wp-content\/uploads\/2021\/04\/Aceptamos-Mercado-Pago-1-230x110.png 230w, https:\/\/deportesalternativos.com\/cursos\/wp-content\/uploads\/2021\/04\/Aceptamos-Mercado-Pago-1-350x168.png 350w\" alt=\"\" width=\"440\" height=\"211\" \/><\/p>\r\n<p>&nbsp;<\/p>\r\n\r\n\r\n\r\n\r\n\r\n<p style=\"text-align: center;\"><strong><a href=\"http:\/\/deportesalternativos.com\/cursos\/ceida1\">Conoc\u00e9 en detalle la Certificaci\u00f3n Internacional en Deportes Alternativos haciendo CLIC AQU\u00cd<\/a><\/strong><\/p>\r\n<p style=\"text-align: center; font-size: 24px;\"><strong>CyberMonday 50% OFF<\/strong><\/p>\r\n<p style=\"text-align: center;\"><strong>Comprando <\/strong>el curso entre los d\u00edas <span style=\"font-size: 24px; background-color: #c0504d; color: #ffffff;\">23 y 28 de MARZO de 2022<\/span>, <strong>pagas <\/strong>un total de:<\/p>\r\n<p style=\"text-align: center;\"><strong style=\"background-color: #c0504d; color: #ffffff; font-size: 24px;\">AR$ 4.500<\/strong><\/p>\r\n<p style=\"text-align: center;\"><strong style=\"background-color: #c0504d; color: #ffffff; font-size: 20px;\">por el TOTAL de la Certificaci\u00f3n Internacional<\/strong><\/p>\r\n<p style=\"text-align: center;\">\u00a0(mediante <strong>MercadoPago \u00f3 Transferencia Bancaria<\/strong>)<\/p>\r\n<p>&nbsp;<\/p>\r\n<p style=\"text-align: center;\"><a href=\"https:\/\/mpago.la\/1FoGrt5\"><span style=\"background-color: transparent;\"><strong>CLIC AQU\u00cd para ACCEDER a MercadoPago<\/strong><\/span><\/a><\/p>\r\n<p><span style=\"background-color: transparent;\">\u00a0<\/span><\/p>\r\n<p style=\"text-align: center;\"><strong><span style=\"background-color: transparent; color: #953734;\">No olvides\u00a0enviar e-mail a <\/span><span style=\"color: #ffffff; background-color: #1f497d;\">codasportscapacitacion@gmail.com<\/span><span style=\"background-color: transparent; color: #953734;\"> para reservar tu cupo antes que expire la oferta.<\/span><\/strong><\/p>\r\n<p><span style=\"background-color: transparent;\">\u00a0<\/span><\/p>\r\n<p style=\"text-align: center;\"><span style=\"background-color: transparent; font-size: 25px;\">Podr\u00e1s pagar a trav\u00e9s de <strong>Transferencia Bancaria:<\/strong><\/span><\/p>\r\n<p style=\"text-align: center;\">Alias: CODASPORTS<\/p>\r\n<p style=\"text-align: center;\">CBU: 0340217908139001698005<\/p>\r\n<p style=\"text-align: center;\">Cuenta: CA $ 217-139001698-000<\/p>\r\n<p>&nbsp;<\/p>\r\n\r\n<p>&nbsp;<\/p>","protected":false},"excerpt":{"rendered":"<p>&nbsp;<\/p>\n","protected":false},"author":1,"featured_media":0,"parent":0,"menu_order":0,"comment_status":"closed","ping_status":"closed","template":"","meta":[],"_links":{"self":[{"href":"https:\/\/deportesalternativos.com\/cursos\/wp-json\/wp\/v2\/pages\/2118"}],"collection":[{"href":"https:\/\/deportesalternativos.com\/cursos\/wp-json\/wp\/v2\/pages"}],"about":[{"href":"https:\/\/deportesalternativos.com\/cursos\/wp-json\/wp\/v2\/types\/page"}],"author":[{"embeddable":true,"href":"https:\/\/deportesalternativos.com\/cursos\/wp-json\/wp\/v2\/users\/1"}],"replies":[{"embeddable":true,"href":"https:\/\/deportesalternativos.com\/cursos\/wp-json\/wp\/v2\/comments?post=2118"}],"version-history":[{"count":51,"href":"https:\/\/deportesalternativos.com\/cursos\/wp-json\/wp\/v2\/pages\/2118\/revisions"}],"predecessor-version":[{"id":4606,"href":"https:\/\/deportesalternativos.com\/cursos\/wp-json\/wp\/v2\/pages\/2118\/revisions\/4606"}],"wp:attachment":[{"href":"https:\/\/deportesalternativos.com\/cursos\/wp-json\/wp\/v2\/media?parent=2118"}],"curies":[{"name":"wp","href":"https:\/\/api.w.org\/{rel}","templated":true}]}}