{"id":2095,"date":"2019-11-17T23:07:57","date_gmt":"2019-11-18T02:07:57","guid":{"rendered":"https:\/\/deportesalternativos.com\/cursos\/?page_id=2095"},"modified":"2019-11-27T02:38:19","modified_gmt":"2019-11-27T05:38:19","slug":"cursos-y-modulos-presenciales-edaa","status":"publish","type":"page","link":"https:\/\/deportesalternativos.com\/cursos\/especializacion-en-deportes-alternativos-adaptados\/cursos-y-modulos-presenciales-edaa\/","title":{"rendered":"M\u00f3dulos y Cursos Presenciales EDAA"},"content":{"rendered":"<p><span style=\"color: #993300;\"><strong>M\u00f3dulos y Cursos Presenciales CODASPORTS<\/strong><\/span><br \/>\n(Abiertos a Profesores, Estudiantes y trabajadores de Educaci\u00f3n F\u00edsica, Recreaci\u00f3n, Discapacidad, etc.)<\/p>\n<p>Para lxs alumnxs de la Especializaci\u00f3n en Deportes Alternativos Adaptados ser\u00e1 el M\u00f3dulo Presencial 1)<\/p>\n<p>&nbsp;<\/p>\n<h2 style=\"text-align: center;\"><strong>OPCIONES PARA CURSAR M\u00d3DULO 3 (Presencial)<\/strong><\/h2>\n<hr \/>\n<h2 style=\"text-align: center;\"><span style=\"color: #993300;\"><strong>S\u00e1bado 30 de Noviembre, de 10 a 17 hs.<\/strong><\/span><br \/>\n<span style=\"color: #993300;\"><strong>Provincia de BUENOS AIRES\/CABA<\/strong><\/span><br \/>\nCiudad sede: Ezeiza<br \/>\nLugar: Centro Recreativo Nacional (CERENA)<\/h2>\n<p>&nbsp;<\/p>\n<hr \/>\n<h2 style=\"text-align: center;\"><span style=\"color: #993300;\"><strong>S\u00e1bado 14 de Diciembre, de 10 a 17 hs.<\/strong><\/span><br \/>\n<span style=\"color: #993300;\"><strong>Provincia de TUCUM\u00c1N<\/strong><\/span><br \/>\nCiudad sede: San Miguel de Tucum\u00e1n<br \/>\nLugar: a confirmar<\/h2>\n<hr \/>\n<p>OPCIONES YA REALIZADAS:<\/p>\n<h3><span style=\"color: #993300;\"><strong>S\u00e1bado 16 de Noviembre, de 10 a 17 hs. \/ <\/strong><\/span><span style=\"color: #993300;\"><strong>Provincia de NEUQU\u00c9N<\/strong><\/span><br \/>\nCiudad sede: Neuqu\u00e9n \/ Lugar: Parque Valentina Norte<\/h3>\n<p><a href=\"https:\/\/deportesalternativos.com\/cursos\/wp-content\/uploads\/2019\/11\/Neuquen_Presencial_CODASPORTS_2019.png\"><img decoding=\"async\" loading=\"lazy\" class=\"wp-image-2126 size-medium\" src=\"https:\/\/deportesalternativos.com\/cursos\/wp-content\/uploads\/2019\/11\/Neuquen_Presencial_CODASPORTS_2019-300x213.png\" alt=\"\" width=\"300\" height=\"213\" srcset=\"https:\/\/deportesalternativos.com\/cursos\/wp-content\/uploads\/2019\/11\/Neuquen_Presencial_CODASPORTS_2019-300x213.png 300w, https:\/\/deportesalternativos.com\/cursos\/wp-content\/uploads\/2019\/11\/Neuquen_Presencial_CODASPORTS_2019-768x544.png 768w, https:\/\/deportesalternativos.com\/cursos\/wp-content\/uploads\/2019\/11\/Neuquen_Presencial_CODASPORTS_2019-1024x726.png 1024w, https:\/\/deportesalternativos.com\/cursos\/wp-content\/uploads\/2019\/11\/Neuquen_Presencial_CODASPORTS_2019-830x588.png 830w, https:\/\/deportesalternativos.com\/cursos\/wp-content\/uploads\/2019\/11\/Neuquen_Presencial_CODASPORTS_2019-230x163.png 230w, https:\/\/deportesalternativos.com\/cursos\/wp-content\/uploads\/2019\/11\/Neuquen_Presencial_CODASPORTS_2019-350x248.png 350w, https:\/\/deportesalternativos.com\/cursos\/wp-content\/uploads\/2019\/11\/Neuquen_Presencial_CODASPORTS_2019-480x340.png 480w, https:\/\/deportesalternativos.com\/cursos\/wp-content\/uploads\/2019\/11\/Neuquen_Presencial_CODASPORTS_2019.png 1500w\" sizes=\"(max-width: 300px) 100vw, 300px\" \/><\/a><\/p>\n<p>&nbsp;<\/p>\n<hr \/>\n<h3><span style=\"color: #993300;\"><strong>S\u00e1bado 23 de Noviembre, de 10 a 17 hs. \/ <\/strong><\/span><span style=\"color: #993300;\"><strong>Provincia de CHUBUT<\/strong><\/span><br \/>\nCiudad sede: Puerto Madryn \/ Lugar: Escuela Nro. 3<\/h3>\n<p><a style=\"font-size: 16px;\" href=\"https:\/\/deportesalternativos.com\/cursos\/wp-content\/uploads\/2019\/11\/Chubut_Presencial_CODASPORTS_2019.png\"><img decoding=\"async\" loading=\"lazy\" class=\"wp-image-2125 size-medium\" src=\"https:\/\/deportesalternativos.com\/cursos\/wp-content\/uploads\/2019\/11\/Chubut_Presencial_CODASPORTS_2019-300x213.png\" alt=\"\" width=\"300\" height=\"213\" srcset=\"https:\/\/deportesalternativos.com\/cursos\/wp-content\/uploads\/2019\/11\/Chubut_Presencial_CODASPORTS_2019-300x213.png 300w, https:\/\/deportesalternativos.com\/cursos\/wp-content\/uploads\/2019\/11\/Chubut_Presencial_CODASPORTS_2019-768x544.png 768w, https:\/\/deportesalternativos.com\/cursos\/wp-content\/uploads\/2019\/11\/Chubut_Presencial_CODASPORTS_2019-1024x726.png 1024w, https:\/\/deportesalternativos.com\/cursos\/wp-content\/uploads\/2019\/11\/Chubut_Presencial_CODASPORTS_2019-830x588.png 830w, https:\/\/deportesalternativos.com\/cursos\/wp-content\/uploads\/2019\/11\/Chubut_Presencial_CODASPORTS_2019-230x163.png 230w, https:\/\/deportesalternativos.com\/cursos\/wp-content\/uploads\/2019\/11\/Chubut_Presencial_CODASPORTS_2019-350x248.png 350w, https:\/\/deportesalternativos.com\/cursos\/wp-content\/uploads\/2019\/11\/Chubut_Presencial_CODASPORTS_2019-480x340.png 480w, https:\/\/deportesalternativos.com\/cursos\/wp-content\/uploads\/2019\/11\/Chubut_Presencial_CODASPORTS_2019.png 1500w\" sizes=\"(max-width: 300px) 100vw, 300px\" \/><\/a><\/p>\n<hr \/>\n<p>&nbsp;<\/p>\n<h3 style=\"text-align: left;\"><span style=\"color: #993300;\"><strong>S\u00e1bado 23 de Noviembre, de 10 a 16 hs. <\/strong><\/span><span style=\"color: #993300;\"><strong>Provincia de C\u00d3RDOBA<\/strong><\/span><br \/>\nCiudad sede: Colonia Tirolesa \/ Sede: S.U.M. Municipal<\/h3>\n<p><img decoding=\"async\" loading=\"lazy\" class=\"size-medium wp-image-2138 alignleft\" src=\"https:\/\/deportesalternativos.com\/cursos\/wp-content\/uploads\/2019\/11\/IMG_20191118_200655_653-300x213.jpg\" alt=\"\" width=\"300\" height=\"213\" srcset=\"https:\/\/deportesalternativos.com\/cursos\/wp-content\/uploads\/2019\/11\/IMG_20191118_200655_653-300x213.jpg 300w, https:\/\/deportesalternativos.com\/cursos\/wp-content\/uploads\/2019\/11\/IMG_20191118_200655_653-768x544.jpg 768w, https:\/\/deportesalternativos.com\/cursos\/wp-content\/uploads\/2019\/11\/IMG_20191118_200655_653-1024x725.jpg 1024w, https:\/\/deportesalternativos.com\/cursos\/wp-content\/uploads\/2019\/11\/IMG_20191118_200655_653-830x588.jpg 830w, https:\/\/deportesalternativos.com\/cursos\/wp-content\/uploads\/2019\/11\/IMG_20191118_200655_653-230x163.jpg 230w, https:\/\/deportesalternativos.com\/cursos\/wp-content\/uploads\/2019\/11\/IMG_20191118_200655_653-350x248.jpg 350w, https:\/\/deportesalternativos.com\/cursos\/wp-content\/uploads\/2019\/11\/IMG_20191118_200655_653-480x340.jpg 480w, https:\/\/deportesalternativos.com\/cursos\/wp-content\/uploads\/2019\/11\/IMG_20191118_200655_653.jpg 1200w\" sizes=\"(max-width: 300px) 100vw, 300px\" \/><\/p>\n<p>&nbsp;<\/p>\n<p>&nbsp;<\/p>\n<p>&nbsp;<\/p>\n<p>&nbsp;<\/p>\n<p>&nbsp;<\/p>\n<p>&nbsp;<\/p>\n<h3 style=\"text-align: left;\"><\/h3>\n<hr \/>\n<p>&nbsp;<\/p>\n<p><strong>Importante:<\/strong><\/p>\n<p>En todas las instancias podr\u00e1n participar quienes se inscriban y deseen cursar esta instancia de aprendizaje.<\/p>\n<p>La actividad es arancelada.\u00a0Quienes <strong>NO SEAN ALUMNXS<\/strong> de la Especializaci\u00f3n y deseen participar abonar\u00e1n antes del comienzo el arancel:<\/p>\n<ul>\n<li>Profesionales, docentes, profesores, especialistas: ARS 500<\/li>\n<li>Estudiantes (educaci\u00f3n f\u00edsica, recreaci\u00f3n y carreras afines a la tem\u00e1tica de la discapacidad): ARS 250<\/li>\n<\/ul>\n<p><em>Nota: quienes deseen, una vez finalizada la instancia presencial <strong>podr\u00e1n incorporarse a la Especializaci\u00f3n en Deportes Adaptados<\/strong>, debiendo escribir un correo electr\u00f3nico a <span style=\"color: #993300;\">codasportscapacitacion<span class=\"\">@gmail.com\u00a0 <\/span><\/span><\/em><em>Nuestro equipo se contactar\u00e1 para informarte los pasos a seguir (inscripci\u00f3n y pago de los M\u00f3dulos 1 y 2. El pago realizado en este M\u00f3dulo se descontar\u00e1.<\/em><\/p>\n<p>El mismo dia de la instancia presencial, el\/la docente a cargo recibir\u00e1 los aranceles, que podr\u00e1n ser abonados en efectivo \u00f3 con tarjetas de d\u00e9bito y cr\u00e9dito.<\/p>\n<p>Cualquier informaci\u00f3n la pueden solicitar por correo electr\u00f3nico a:<\/p>\n<p><strong>codasportscapacitacion@gmail.com<\/strong><\/p>\n<p>&nbsp;<\/p>\n","protected":false},"excerpt":{"rendered":"<p>M\u00f3dulos y Cursos Presenciales CODASPORTS (Abiertos a Profesores, Estudiantes y trabajadores de Educaci\u00f3n F\u00edsica, Recreaci\u00f3n, Discapacidad, etc.) Para lxs alumnxs de la [&hellip;]<\/p>\n","protected":false},"author":1,"featured_media":0,"parent":1497,"menu_order":0,"comment_status":"closed","ping_status":"closed","template":"","meta":[],"_links":{"self":[{"href":"https:\/\/deportesalternativos.com\/cursos\/wp-json\/wp\/v2\/pages\/2095"}],"collection":[{"href":"https:\/\/deportesalternativos.com\/cursos\/wp-json\/wp\/v2\/pages"}],"about":[{"href":"https:\/\/deportesalternativos.com\/cursos\/wp-json\/wp\/v2\/types\/page"}],"author":[{"embeddable":true,"href":"https:\/\/deportesalternativos.com\/cursos\/wp-json\/wp\/v2\/users\/1"}],"replies":[{"embeddable":true,"href":"https:\/\/deportesalternativos.com\/cursos\/wp-json\/wp\/v2\/comments?post=2095"}],"version-history":[{"count":7,"href":"https:\/\/deportesalternativos.com\/cursos\/wp-json\/wp\/v2\/pages\/2095\/revisions"}],"predecessor-version":[{"id":2150,"href":"https:\/\/deportesalternativos.com\/cursos\/wp-json\/wp\/v2\/pages\/2095\/revisions\/2150"}],"up":[{"embeddable":true,"href":"https:\/\/deportesalternativos.com\/cursos\/wp-json\/wp\/v2\/pages\/1497"}],"wp:attachment":[{"href":"https:\/\/deportesalternativos.com\/cursos\/wp-json\/wp\/v2\/media?parent=2095"}],"curies":[{"name":"wp","href":"https:\/\/api.w.org\/{rel}","templated":true}]}}