{"id":1829,"date":"2020-02-15T02:08:22","date_gmt":"2020-02-15T05:08:22","guid":{"rendered":"https:\/\/deportesalternativos.com\/cursos\/?page_id=1829"},"modified":"2020-07-26T23:37:56","modified_gmt":"2020-07-27T02:37:56","slug":"global","status":"publish","type":"page","link":"https:\/\/deportesalternativos.com\/cursos\/global\/","title":{"rendered":"CODASPORTS Global"},"content":{"rendered":"<figure id=\"attachment_2237\" aria-describedby=\"caption-attachment-2237\" style=\"width: 600px\" class=\"wp-caption aligncenter\"><a href=\"https:\/\/deportesalternativos.com\/cursos\/wp-content\/uploads\/2020\/02\/flyerceida2020.jpg\"><img decoding=\"async\" loading=\"lazy\" class=\"wp-image-2237\" src=\"https:\/\/deportesalternativos.com\/cursos\/wp-content\/uploads\/2020\/02\/flyerceida2020-300x283.jpg\" alt=\"\" width=\"600\" height=\"567\" srcset=\"https:\/\/deportesalternativos.com\/cursos\/wp-content\/uploads\/2020\/02\/flyerceida2020-300x283.jpg 300w, https:\/\/deportesalternativos.com\/cursos\/wp-content\/uploads\/2020\/02\/flyerceida2020-768x726.jpg 768w, https:\/\/deportesalternativos.com\/cursos\/wp-content\/uploads\/2020\/02\/flyerceida2020-830x784.jpg 830w, https:\/\/deportesalternativos.com\/cursos\/wp-content\/uploads\/2020\/02\/flyerceida2020-230x217.jpg 230w, https:\/\/deportesalternativos.com\/cursos\/wp-content\/uploads\/2020\/02\/flyerceida2020-350x331.jpg 350w, https:\/\/deportesalternativos.com\/cursos\/wp-content\/uploads\/2020\/02\/flyerceida2020-480x454.jpg 480w, https:\/\/deportesalternativos.com\/cursos\/wp-content\/uploads\/2020\/02\/flyerceida2020.jpg 960w\" sizes=\"(max-width: 600px) 100vw, 600px\" \/><\/a><figcaption id=\"caption-attachment-2237\" class=\"wp-caption-text\">FLYER OFICIAL \/ CLIC PARA AGRANDAR<\/figcaption><\/figure>\n<h2 style=\"text-align: center;\"><strong>Curso 2020<\/strong><\/h2>\n<p><img decoding=\"async\" loading=\"lazy\" class=\"aligncenter wp-image-2209 size-full\" src=\"https:\/\/deportesalternativos.com\/cursos\/wp-content\/uploads\/2020\/02\/banner_ceida.png\" alt=\"\" width=\"684\" height=\"238\" srcset=\"https:\/\/deportesalternativos.com\/cursos\/wp-content\/uploads\/2020\/02\/banner_ceida.png 684w, https:\/\/deportesalternativos.com\/cursos\/wp-content\/uploads\/2020\/02\/banner_ceida-300x104.png 300w, https:\/\/deportesalternativos.com\/cursos\/wp-content\/uploads\/2020\/02\/banner_ceida-230x80.png 230w, https:\/\/deportesalternativos.com\/cursos\/wp-content\/uploads\/2020\/02\/banner_ceida-350x122.png 350w, https:\/\/deportesalternativos.com\/cursos\/wp-content\/uploads\/2020\/02\/banner_ceida-480x167.png 480w\" sizes=\"(max-width: 684px) 100vw, 684px\" \/><\/p>\n<p style=\"text-align: center;\"><strong>Para conocer, aprender, jugar, construir, coordinar y desarrollar 72 deportes y juegos alternativos del mundo.<\/strong><\/p>\n<p style=\"text-align: center;\"><strong>Podr\u00e1s cursarlo 100% virtual desde la Plataforma CODASPORTS.<\/strong><\/p>\n<p><img decoding=\"async\" loading=\"lazy\" class=\"aligncenter wp-image-2208 size-full\" src=\"https:\/\/deportesalternativos.com\/cursos\/wp-content\/uploads\/2020\/02\/abierto_a.png\" alt=\"\" width=\"425\" height=\"240\" srcset=\"https:\/\/deportesalternativos.com\/cursos\/wp-content\/uploads\/2020\/02\/abierto_a.png 425w, https:\/\/deportesalternativos.com\/cursos\/wp-content\/uploads\/2020\/02\/abierto_a-300x169.png 300w, https:\/\/deportesalternativos.com\/cursos\/wp-content\/uploads\/2020\/02\/abierto_a-230x130.png 230w, https:\/\/deportesalternativos.com\/cursos\/wp-content\/uploads\/2020\/02\/abierto_a-350x198.png 350w\" sizes=\"(max-width: 425px) 100vw, 425px\" \/><\/p>\n<p style=\"text-align: center;\">La Certificaci\u00f3n fue dividida en 6 (seis) M\u00f3dulos, a cursar en 6 (seis meses): de Marzo a Agosto de 2020<\/p>\n<p style=\"text-align: center;\"><span style=\"color: #ff0000;\"><strong>Las inscripciones comienzan el 7 de Febrero y a partir del 1\u00b0 de Marzo de 2020 podr\u00e1s comenzar a cursar<\/strong><\/span><\/p>\n<hr \/>\n<p style=\"text-align: center;\"><strong><a href=\"https:\/\/deportesalternativos.com\/cursos\/wp-content\/uploads\/2020\/02\/CeIDA-pensum-2020.pdf\">AQU\u00cd PODR\u00c1S DESCARGAR EL PLAN DE ESTUDIOS COMPLETO (CURR\u00cdCULA, PENSUM) EN FORMATO PDF<\/a><\/strong><\/p>\n<p><a href=\"https:\/\/deportesalternativos.com\/cursos\/wp-content\/uploads\/2020\/02\/CeIDA-pensum-2020.pdf\" target=\"_blank\" rel=\"noopener noreferrer\"><img decoding=\"async\" loading=\"lazy\" class=\"aligncenter wp-image-2214 size-thumbnail\" src=\"https:\/\/deportesalternativos.com\/cursos\/wp-content\/uploads\/2020\/02\/descarga-150x150.jpg\" alt=\"\" width=\"150\" height=\"150\" srcset=\"https:\/\/deportesalternativos.com\/cursos\/wp-content\/uploads\/2020\/02\/descarga-150x150.jpg 150w, https:\/\/deportesalternativos.com\/cursos\/wp-content\/uploads\/2020\/02\/descarga.jpg 225w\" sizes=\"(max-width: 150px) 100vw, 150px\" \/><\/a><\/p>\n<hr \/>\n<h2 style=\"text-align: center;\">PROGRAMA DE LA <span style=\"color: #800080;\">CERTIFICACI\u00d3N EN DEPORTES ALTERNATIVOS<\/span> PARA TODO EL MUNDO DE HABLA HISPANA:<\/h2>\n<p><a href=\"https:\/\/deportesalternativos.com\/cursos\/wp-content\/uploads\/2020\/07\/Global2_Trimestre1.png\"><img decoding=\"async\" loading=\"lazy\" class=\"aligncenter wp-image-2740\" src=\"https:\/\/deportesalternativos.com\/cursos\/wp-content\/uploads\/2020\/07\/Global2_Trimestre1-300x296.png\" alt=\"\" width=\"600\" height=\"593\" srcset=\"https:\/\/deportesalternativos.com\/cursos\/wp-content\/uploads\/2020\/07\/Global2_Trimestre1-300x296.png 300w, https:\/\/deportesalternativos.com\/cursos\/wp-content\/uploads\/2020\/07\/Global2_Trimestre1-768x759.png 768w, https:\/\/deportesalternativos.com\/cursos\/wp-content\/uploads\/2020\/07\/Global2_Trimestre1-1024x1012.png 1024w, https:\/\/deportesalternativos.com\/cursos\/wp-content\/uploads\/2020\/07\/Global2_Trimestre1-830x820.png 830w, https:\/\/deportesalternativos.com\/cursos\/wp-content\/uploads\/2020\/07\/Global2_Trimestre1-230x227.png 230w, https:\/\/deportesalternativos.com\/cursos\/wp-content\/uploads\/2020\/07\/Global2_Trimestre1-350x346.png 350w, https:\/\/deportesalternativos.com\/cursos\/wp-content\/uploads\/2020\/07\/Global2_Trimestre1-480x474.png 480w, https:\/\/deportesalternativos.com\/cursos\/wp-content\/uploads\/2020\/07\/Global2_Trimestre1.png 1500w\" sizes=\"(max-width: 600px) 100vw, 600px\" \/><\/a><a href=\"https:\/\/deportesalternativos.com\/cursos\/wp-content\/uploads\/2020\/07\/Global2_Trimestre2.png\"><img decoding=\"async\" loading=\"lazy\" class=\"aligncenter wp-image-2741\" src=\"https:\/\/deportesalternativos.com\/cursos\/wp-content\/uploads\/2020\/07\/Global2_Trimestre2-294x300.png\" alt=\"\" width=\"600\" height=\"612\" srcset=\"https:\/\/deportesalternativos.com\/cursos\/wp-content\/uploads\/2020\/07\/Global2_Trimestre2-294x300.png 294w, https:\/\/deportesalternativos.com\/cursos\/wp-content\/uploads\/2020\/07\/Global2_Trimestre2-768x784.png 768w, https:\/\/deportesalternativos.com\/cursos\/wp-content\/uploads\/2020\/07\/Global2_Trimestre2-1003x1024.png 1003w, https:\/\/deportesalternativos.com\/cursos\/wp-content\/uploads\/2020\/07\/Global2_Trimestre2-830x847.png 830w, https:\/\/deportesalternativos.com\/cursos\/wp-content\/uploads\/2020\/07\/Global2_Trimestre2-230x235.png 230w, https:\/\/deportesalternativos.com\/cursos\/wp-content\/uploads\/2020\/07\/Global2_Trimestre2-350x357.png 350w, https:\/\/deportesalternativos.com\/cursos\/wp-content\/uploads\/2020\/07\/Global2_Trimestre2-480x490.png 480w, https:\/\/deportesalternativos.com\/cursos\/wp-content\/uploads\/2020\/07\/Global2_Trimestre2.png 1500w\" sizes=\"(max-width: 600px) 100vw, 600px\" \/><\/a><\/p>\n<p>&nbsp;<\/p>\n<p>&nbsp;<\/p>\n<p>&nbsp;<\/p>\n<hr \/>\n<h3 style=\"text-align: center;\">INSCRIPCIONES<\/h3>\n<p style=\"text-align: center;\"><span style=\"color: #800080;\"><strong>1\u00b0 Paso: eliges la forma de pago<\/strong><\/span><\/p>\n<p style=\"text-align: center;\"><span style=\"color: #800080;\"><strong>2\u00b0 Paso: realizas el pago<\/strong><\/span><\/p>\n<p style=\"text-align: center;\"><span style=\"color: #800080;\"><strong>3\u00b0 Paso: completas y envias el Formulario de Inscripci\u00f3n<\/strong><\/span><\/p>\n<p>&nbsp;<\/p>\n<h3 style=\"text-align: center;\">COSTOS<\/h3>\n<h3 style=\"text-align: center;\"><strong>Costos para Argentina:<\/strong><\/h3>\n<ul>\n<li style=\"text-align: center;\"><span style=\"color: #800080;\">Pagando 1 (un) m\u00f3dulo: ARS 1.500 cada mes\/m\u00f3dulo | <strong>PAGO TOTAL ARS 1.500<\/strong><\/span><\/li>\n<li style=\"text-align: center;\"><span style=\"color: #800080;\">Pagando 3 (tres) m\u00f3dulos: ARS 1.200 cada mes\/m\u00f3dulo | <strong>PAGO TOTAL ARS 3.600<\/strong><\/span><\/li>\n<li style=\"text-align: center;\"><span style=\"color: #800080;\">Pagando Curso Completo (6 m\u00f3dulos): ARS 900 cada mes\/m\u00f3dulo | <strong>PAGO TOTAL ARS 5.400<\/strong><\/span><\/li>\n<\/ul>\n<h3><\/h3>\n<h3 style=\"text-align: center;\"><strong>Para todos los pa\u00edses de habla hispana (excepto Argentina):<\/strong><\/h3>\n<ul>\n<li style=\"text-align: center;\"><span style=\"color: #800080;\">Pagando 1 (un) m\u00f3dulo: USD 30 cada mes\/m\u00f3dulo | <strong>PAGO TOTAL USD 30<\/strong><\/span><\/li>\n<li style=\"text-align: center;\"><span style=\"color: #800080;\">Pagando 3 (tres) m\u00f3dulos: USD 25 cada mes\/m\u00f3dulo | <strong>PAGO TOTAL USD 75<\/strong><\/span><\/li>\n<li style=\"text-align: center;\"><span style=\"color: #800080;\">Pagando Curso Completo (6 m\u00f3dulos): USD 20 cada mes\/m\u00f3dulo | <strong>PAGO TOTAL USD 120<\/strong><\/span><\/li>\n<\/ul>\n<p>&nbsp;<\/p>\n<p>&nbsp;<\/p>\n<hr \/>\n<h3 style=\"text-align: center;\">ENLACES DE PAGOS<\/h3>\n<p style=\"text-align: center;\"><em><strong>(MercadoPago es aceptado en toda Am\u00e9rica)<\/strong><\/em><\/p>\n<p><img decoding=\"async\" loading=\"lazy\" class=\"aligncenter wp-image-2226 size-thumbnail\" src=\"https:\/\/deportesalternativos.com\/cursos\/wp-content\/uploads\/2020\/02\/MERCPAG-150x150.png\" alt=\"\" width=\"150\" height=\"150\" \/><\/p>\n<h3 style=\"text-align: center;\"><span style=\"color: #800080;\"><a href=\"https:\/\/www.mercadopago.com.ar\/checkout\/v1\/redirect?pref_id=77974053-b1abc1c1-e39f-4c62-ac55-6c218f7a8e4a\">Pago de 1 (un) m\u00f3dulo (ARS 1.500)<\/a><\/span><a href=\"https:\/\/www.mercadopago.com.ar\/checkout\/v1\/redirect?pref_id=77974053-b1abc1c1-e39f-4c62-ac55-6c218f7a8e4a\"><img decoding=\"async\" loading=\"lazy\" class=\"aligncenter wp-image-2223 size-full\" src=\"https:\/\/deportesalternativos.com\/cursos\/wp-content\/uploads\/2020\/02\/MP_1m.png\" alt=\"\" width=\"216\" height=\"91\" \/><\/a><\/h3>\n<h3><\/h3>\n<h3 style=\"text-align: center;\"><a href=\"https:\/\/www.mercadopago.com.ar\/checkout\/v1\/redirect?pref_id=77974053-d88316ed-4001-4f00-90da-f3a59ae2bb5d\"><strong><span style=\"color: #800080;\">Pago de 3 (tres) m\u00f3dulos (ARS 3.600)<\/span><\/strong><\/a><span style=\"color: #800080;\"><a class=\"blue-ar-l-ov-aron\" href=\"https:\/\/www.mercadopago.com.ar\/checkout\/v1\/redirect?pref_id=77974053-d88316ed-4001-4f00-90da-f3a59ae2bb5d\" name=\"MP-payButton\"><img decoding=\"async\" loading=\"lazy\" class=\"aligncenter wp-image-2224 size-full\" src=\"https:\/\/deportesalternativos.com\/cursos\/wp-content\/uploads\/2020\/02\/MP_3m.png\" alt=\"\" width=\"219\" height=\"91\" \/><\/a><\/span><\/h3>\n<h3><\/h3>\n<h3 style=\"text-align: center;\"><span style=\"color: #800080;\"><a href=\"https:\/\/www.mercadopago.com.ar\/checkout\/v1\/redirect?pref_id=77974053-17ee3cd0-ffd8-4599-bd8d-d2ef9e00de52\">Pago de Curso Completo (ARS 5.400)<\/a><\/span><a href=\"https:\/\/www.mercadopago.com.ar\/checkout\/v1\/redirect?pref_id=77974053-17ee3cd0-ffd8-4599-bd8d-d2ef9e00de52\"><img decoding=\"async\" loading=\"lazy\" class=\"aligncenter wp-image-2225 size-full\" src=\"https:\/\/deportesalternativos.com\/cursos\/wp-content\/uploads\/2020\/02\/MP_6m.png\" alt=\"\" width=\"382\" height=\"91\" srcset=\"https:\/\/deportesalternativos.com\/cursos\/wp-content\/uploads\/2020\/02\/MP_6m.png 382w, https:\/\/deportesalternativos.com\/cursos\/wp-content\/uploads\/2020\/02\/MP_6m-300x71.png 300w, https:\/\/deportesalternativos.com\/cursos\/wp-content\/uploads\/2020\/02\/MP_6m-230x55.png 230w, https:\/\/deportesalternativos.com\/cursos\/wp-content\/uploads\/2020\/02\/MP_6m-350x83.png 350w\" sizes=\"(max-width: 382px) 100vw, 382px\" \/><\/a><\/h3>\n<hr \/>\n<h3 style=\"text-align: center;\"><span style=\"color: #ff6600;\">ENLACES DE PAGO (para todo el mundo)<\/span><\/h3>\n<p>&nbsp;<\/p>\n<p><strong>PAGAR 1 M\u00f3dulo (<span style=\"color: #ff0000;\">USD 30<\/span>)<\/strong><\/p>\n<form action=\"https:\/\/www.paypal.com\/cgi-bin\/webscr\" method=\"post\" target=\"_top\"><input alt=\"PayPal, la forma r\u00e1pida y segura de pagar en Internet.\" name=\"submit\" src=\"https:\/\/www.paypalobjects.com\/es_ES\/ES\/i\/btn\/btn_buynowCC_LG.gif\" type=\"image\" \/><br \/>\n<img decoding=\"async\" loading=\"lazy\" src=\"https:\/\/www.paypalobjects.com\/es_XC\/i\/scr\/pixel.gif\" alt=\"\" width=\"1\" height=\"1\" border=\"0\" \/><\/form>\n<p>&nbsp;<\/p>\n<p><strong>PAGAR 3 M\u00f3dulos (<span style=\"color: #ff0000;\">USD 25<\/span> cada m\u00f3dulo, Total: <span style=\"color: #ff0000;\">USD 75<\/span>)<\/strong><\/p>\n<form action=\"https:\/\/www.paypal.com\/cgi-bin\/webscr\" method=\"post\" target=\"_top\"><input alt=\"PayPal, la forma r\u00e1pida y segura de pagar en Internet.\" name=\"submit\" src=\"https:\/\/www.paypalobjects.com\/es_ES\/ES\/i\/btn\/btn_buynowCC_LG.gif\" type=\"image\" \/><br \/>\n<img decoding=\"async\" loading=\"lazy\" src=\"https:\/\/www.paypalobjects.com\/es_XC\/i\/scr\/pixel.gif\" alt=\"\" width=\"1\" height=\"1\" border=\"0\" \/><\/form>\n<p>&nbsp;<\/p>\n<p><strong>Pagar 6 M\u00f3dulos (curso COMPLETO, cada m\u00f3dulo <span style=\"color: #ff0000;\">USD 20<\/span>, Total: <span style=\"color: #ff0000;\">USD 120<\/span>)<\/strong><\/p>\n<form action=\"https:\/\/www.paypal.com\/cgi-bin\/webscr\" method=\"post\" target=\"_top\"><input alt=\"PayPal, la forma r\u00e1pida y segura de pagar en Internet.\" name=\"submit\" src=\"https:\/\/www.paypalobjects.com\/es_ES\/ES\/i\/btn\/btn_buynowCC_LG.gif\" type=\"image\" \/><br \/>\n<img decoding=\"async\" loading=\"lazy\" src=\"https:\/\/www.paypalobjects.com\/es_XC\/i\/scr\/pixel.gif\" alt=\"\" width=\"1\" height=\"1\" border=\"0\" \/><\/form>\n<p>&nbsp;<\/p>\n<p>&nbsp;<\/p>\n<hr \/>\n<form action=\"https:\/\/www.paypal.com\/cgi-bin\/webscr\" method=\"post\" target=\"_top\">\n<p style=\"text-align: center;\">\n<\/form>\n<h3 style=\"text-align: left;\"><\/h3>\n<h3 style=\"text-align: center;\">FORMULARIO DE INSCRIPCI\u00d3N:<\/h3>\n<p>&nbsp;<\/p>\n<p>[cforms name=\u00bbInscripcionGLOBAL2020&#8243;]<\/p>\n<p style=\"text-align: center;\">\n","protected":false},"excerpt":{"rendered":"<p>Curso 2020 Para conocer, aprender, jugar, construir, coordinar y desarrollar 72 deportes y juegos alternativos del mundo. Podr\u00e1s cursarlo 100% virtual desde [&hellip;]<\/p>\n","protected":false},"author":1,"featured_media":2237,"parent":0,"menu_order":0,"comment_status":"closed","ping_status":"closed","template":"","meta":[],"_links":{"self":[{"href":"https:\/\/deportesalternativos.com\/cursos\/wp-json\/wp\/v2\/pages\/1829"}],"collection":[{"href":"https:\/\/deportesalternativos.com\/cursos\/wp-json\/wp\/v2\/pages"}],"about":[{"href":"https:\/\/deportesalternativos.com\/cursos\/wp-json\/wp\/v2\/types\/page"}],"author":[{"embeddable":true,"href":"https:\/\/deportesalternativos.com\/cursos\/wp-json\/wp\/v2\/users\/1"}],"replies":[{"embeddable":true,"href":"https:\/\/deportesalternativos.com\/cursos\/wp-json\/wp\/v2\/comments?post=1829"}],"version-history":[{"count":33,"href":"https:\/\/deportesalternativos.com\/cursos\/wp-json\/wp\/v2\/pages\/1829\/revisions"}],"predecessor-version":[{"id":2742,"href":"https:\/\/deportesalternativos.com\/cursos\/wp-json\/wp\/v2\/pages\/1829\/revisions\/2742"}],"wp:featuredmedia":[{"embeddable":true,"href":"https:\/\/deportesalternativos.com\/cursos\/wp-json\/wp\/v2\/media\/2237"}],"wp:attachment":[{"href":"https:\/\/deportesalternativos.com\/cursos\/wp-json\/wp\/v2\/media?parent=1829"}],"curies":[{"name":"wp","href":"https:\/\/api.w.org\/{rel}","templated":true}]}}