{"id":156,"date":"2018-06-03T20:19:50","date_gmt":"2018-06-03T20:19:50","guid":{"rendered":"https:\/\/deportesalternativos.com\/cursos\/?page_id=156"},"modified":"2022-02-03T01:00:53","modified_gmt":"2022-02-03T04:00:53","slug":"quienes-somos","status":"publish","type":"page","link":"https:\/\/deportesalternativos.com\/cursos\/quienes-somos\/","title":{"rendered":"Quienes somos"},"content":{"rendered":"<p><img decoding=\"async\" loading=\"lazy\" class=\"size-full wp-image-157 aligncenter\" src=\"https:\/\/deportesalternativos.com\/cursos\/wp-content\/uploads\/2018\/06\/LOGOCAPACITACIONCODASPORTS.png\" alt=\"\" width=\"295\" height=\"169\" srcset=\"https:\/\/deportesalternativos.com\/cursos\/wp-content\/uploads\/2018\/06\/LOGOCAPACITACIONCODASPORTS.png 295w, https:\/\/deportesalternativos.com\/cursos\/wp-content\/uploads\/2018\/06\/LOGOCAPACITACIONCODASPORTS-230x132.png 230w\" sizes=\"(max-width: 295px) 100vw, 295px\" \/><\/p>\n<p><em><strong>CODASPORTS Capacitaci\u00f3n<\/strong> es un proyecto educativo-colaborativo basado en los m\u00e1s de 20 a\u00f1os de experiencia de la <strong>Comisi\u00f3n de Deportes Alternativos de Argentina (ONG CODASPORTS Argentina)<\/strong>.<\/em><\/p>\n<p><em>\u00abLa uni\u00f3n hace la fuerza\u00bb y es por eso que el grupo de docentes que integran <strong>CODASPORTS Capacitaci\u00f3n<\/strong> construy\u00f3 esta propuesta educativa que conjuga modernas actividades con el crecimiento exponencial de nuestra tem\u00e1tica deportiva.<\/em><\/p>\n<p><em>Por lo expuesto, sean bienvenidos y bienvenidas. Esperamos ser de utilidad apuntando a vuestro crecimiento profesional y deportivo.\u00a0<\/em><\/p>\n<p><em><strong>El Equipo CODASPORTS<\/strong><\/em><\/p>\n<hr \/>\n<p>&nbsp;<\/p>\n<h3><span style=\"color: #ff6600;\">CUERPO DOCENTE<\/span><\/h3>\n<p>Los\/as m\u00e1s calificados\/as docentes en la tem\u00e1tica son los\/as encargados\/as de delinear nuestras capacitaciones.<\/p>\n<p>&nbsp;<\/p>\n<ul>\n<li><strong>Ricardo Acu\u00f1a <\/strong><em>(<strong>Director<\/strong>, Comodoro Rivadavia, Chubut, Argentina)<\/em><\/li>\n<li><strong>Dar\u00edo Arias <\/strong><em>(Caleta Olivia, Santa Cruz, Argentina)<\/em><\/li>\n<li><strong>Sebasti\u00e1n Bolboch\u00e1n <\/strong><em>(Agua de Oro, C\u00f3rdoba, Argentina)<\/em><\/li>\n<li><strong>Jos\u00e9 Luis Bonato <\/strong><em>(R\u00edo Gallegos, Santa Cruz, Argentina)<\/em><\/li>\n<li><strong>Mat\u00edas Canario <\/strong><em>(Rawson, Chubut, Argentina)<\/em><\/li>\n<li><strong>Daniel Castillo <\/strong><em>(C\u00f3rdoba, C\u00f3rdoba, Argentina)<\/em><\/li>\n<li><strong>R<\/strong><strong>om\u00e1n C\u00e9saro <\/strong><em>(La Plata, Buenos Aires, Argentina)<\/em><\/li>\n<li><strong>Sol De Rossi <\/strong><em>(C\u00f3rdoba, C\u00f3rdoba, Argentina)<\/em><\/li>\n<li><strong>Luciano Giuliani Cella <\/strong><em>(San Salvador, Jujuy, Argentina)<\/em><\/li>\n<li><strong>Vivian Mabardi <\/strong><em>(Bogot\u00e1 Distrito Capital, Colombia)<\/em><\/li>\n<li><strong>Mar\u00eda Alejandra Quiroga<\/strong> <em>(C\u00f3rdoba, C\u00f3rdoba, Argentina)<\/em><\/li>\n<li><strong>Pantale\u00f3n Riquelme <\/strong><em>(Ciudad Aut\u00f3noma de Buenos Aires, Argentina)<\/em><\/li>\n<li><strong>Luciano Silva<\/strong> (Benito Ju\u00e1rez, Buenos Aires<em>, Argentina<\/em>)<\/li>\n<li><strong>Marisa Torres <\/strong><em>(La Rioja, La Rioja, Argentina)<\/em><\/li>\n<li><strong>David Villegas <\/strong><em>(Oncativo, C\u00f3rdoba, Argentina)<\/em><\/li>\n<\/ul>\n<p>&nbsp;<\/p>\n","protected":false},"excerpt":{"rendered":"<p>CODASPORTS Capacitaci\u00f3n es un proyecto educativo-colaborativo basado en los m\u00e1s de 20 a\u00f1os de experiencia de la Comisi\u00f3n de Deportes Alternativos de [&hellip;]<\/p>\n","protected":false},"author":1,"featured_media":0,"parent":0,"menu_order":1,"comment_status":"closed","ping_status":"closed","template":"","meta":[],"_links":{"self":[{"href":"https:\/\/deportesalternativos.com\/cursos\/wp-json\/wp\/v2\/pages\/156"}],"collection":[{"href":"https:\/\/deportesalternativos.com\/cursos\/wp-json\/wp\/v2\/pages"}],"about":[{"href":"https:\/\/deportesalternativos.com\/cursos\/wp-json\/wp\/v2\/types\/page"}],"author":[{"embeddable":true,"href":"https:\/\/deportesalternativos.com\/cursos\/wp-json\/wp\/v2\/users\/1"}],"replies":[{"embeddable":true,"href":"https:\/\/deportesalternativos.com\/cursos\/wp-json\/wp\/v2\/comments?post=156"}],"version-history":[{"count":12,"href":"https:\/\/deportesalternativos.com\/cursos\/wp-json\/wp\/v2\/pages\/156\/revisions"}],"predecessor-version":[{"id":4455,"href":"https:\/\/deportesalternativos.com\/cursos\/wp-json\/wp\/v2\/pages\/156\/revisions\/4455"}],"wp:attachment":[{"href":"https:\/\/deportesalternativos.com\/cursos\/wp-json\/wp\/v2\/media?parent=156"}],"curies":[{"name":"wp","href":"https:\/\/api.w.org\/{rel}","templated":true}]}}