{"id":1205,"date":"2019-02-13T15:14:33","date_gmt":"2019-02-13T15:14:33","guid":{"rendered":"https:\/\/deportesalternativos.com\/cursos\/?page_id=1205"},"modified":"2019-08-05T15:45:02","modified_gmt":"2019-08-05T15:45:02","slug":"certificacion-nacional-en-deportes-alternativos-nivel-1-2019","status":"publish","type":"page","link":"https:\/\/deportesalternativos.com\/cursos\/listado\/certificacion-nacional-en-deportes-alternativos-nivel-1-2019\/","title":{"rendered":"Certificaci\u00f3n Nacional en Deportes Alternativos | Nivel 1 | 2019"},"content":{"rendered":"<h3 style=\"text-align: center;\"><span style=\"color: #ff0000;\">\u00a1CAPACITACI\u00d3N ACTIVA!<\/span><\/h3>\n<h3 style=\"text-align: center;\"><span style=\"color: #ff0000;\">LA INSCRIPCI\u00d3N FINALIZA EL 31\/08\/2019<\/span><\/h3>\n<p>&nbsp;<\/p>\n<p style=\"padding-left: 30px;\">Una capacitaci\u00f3n premiada y elegida por su utilidad y facilidad. Los tiempos modernos han mutado hacia un deporte simple, inclusivo, eficaz, recreativo (tambi\u00e9n competitivo) donde la posibilidad de ampliar la tasa de personas participantes est\u00e1 asegurada.<\/p>\n<p style=\"padding-left: 30px;\">Nuevas propuestas, viejos deportes casi desconocidos, \u00ababrir la mente\u00bb, conocer, difundir, desarrollar, divulgar, compartir, crecer, re-crearse, autoestima, valores y todo de la mano de un grupo de DEPORTES (denominados Alternativos) pero que cada d\u00eda tienen m\u00e1s practicantes en todo el planeta.<\/p>\n<p style=\"padding-left: 30px;\">Clubes, colonias de vacaciones, colegios, cruceros, escuelas, patios, centros comunitarios, grupos de Scouts, utilizan cada vez m\u00e1s las opciones que proponen los Deportes y Juegos Alternativos. CODASPORTS es la pionera en Argentina y Latinoam\u00e9rica, voz autorizada para promover \u00e9sta, la primera camada de la Certificaci\u00f3n Nacional en Deportes Alternativos.<\/p>\n<p style=\"padding-left: 30px;\">Dirigida a mayores de 18 a\u00f1os, en especial a estudiantes y profesionales de la educac\u00ed\u00f3n f\u00edsica y la recreaci\u00f3n, operadores comunitarios, docentes innovadores y todo aquel interesadx en conocer lo que el mundo ofrece y est\u00e1 al alcance de la mano. \u00a1Te acercamos un mundo de deportes!<\/p>\n<p>&nbsp;<\/p>\n<h3>Modalidad:<\/h3>\n<ul>\n<li><strong>Virtual<\/strong> (m\u00f3dulos 1 a 8) y <strong>Presencial<\/strong> (m\u00f3dulo 9, en <strong>Ciudad Aut\u00f3noma de Buenos Aires<\/strong>)<\/li>\n<\/ul>\n<p>&nbsp;<\/p>\n<h3>Duraci\u00f3n:<\/h3>\n<ul>\n<li>Marzo a Noviembre (<strong>9 meses<\/strong>, 1 m\u00f3dulo mensual)<\/li>\n<\/ul>\n<p>&nbsp;<\/p>\n<h3>Fecha de inicio:<\/h3>\n<ul>\n<li><strong>15 de Marzo de 2019<\/strong><\/li>\n<\/ul>\n<p>&nbsp;<\/p>\n<h3>Costo:<\/h3>\n<ul>\n<li>Valor del M\u00f3dulo: AR$ 900 mensual. Pago de 3 m\u00f3dulos, <strong>20% de descuento<\/strong>; pago Certificaci\u00f3n completa, <strong>30% de descuento<\/strong>)<\/li>\n<li>Se abona por <strong>MercadoPago<\/strong>, que incluye todos los medios de pago posibles (al final de esta p\u00e1gina acceder\u00e1s al <strong>Centro de Pagos<\/strong>)<\/li>\n<\/ul>\n<p>&nbsp;<\/p>\n<h3>Inscripci\u00f3n:<\/h3>\n<ul>\n<li>Completando el formulario al final de esta p\u00e1gina.<\/li>\n<\/ul>\n<p>&nbsp;<\/p>\n<h3>Cursada y contenidos:<\/h3>\n<ul>\n<li>Ser\u00e1n 3 trimestres (3 m\u00f3dulos cada uno) con evaluaciones-encuestas al finalizar la cursada de cada m\u00f3dulo.<\/li>\n<\/ul>\n<p>&nbsp;<\/p>\n<p style=\"text-align: center;\"><strong>Contenidos Trimestre 1 | M\u00f3dulo 1 (Marzo), 2 (Abril) y 3 (Mayo)<\/strong><\/p>\n<p><img decoding=\"async\" loading=\"lazy\" class=\"size-full wp-image-1206 aligncenter\" src=\"https:\/\/deportesalternativos.com\/cursos\/wp-content\/uploads\/2019\/02\/mod123certifnac2019.jpg\" alt=\"\" width=\"786\" height=\"374\" srcset=\"https:\/\/deportesalternativos.com\/cursos\/wp-content\/uploads\/2019\/02\/mod123certifnac2019.jpg 786w, https:\/\/deportesalternativos.com\/cursos\/wp-content\/uploads\/2019\/02\/mod123certifnac2019-300x143.jpg 300w, https:\/\/deportesalternativos.com\/cursos\/wp-content\/uploads\/2019\/02\/mod123certifnac2019-768x365.jpg 768w, https:\/\/deportesalternativos.com\/cursos\/wp-content\/uploads\/2019\/02\/mod123certifnac2019-230x109.jpg 230w, https:\/\/deportesalternativos.com\/cursos\/wp-content\/uploads\/2019\/02\/mod123certifnac2019-350x167.jpg 350w, https:\/\/deportesalternativos.com\/cursos\/wp-content\/uploads\/2019\/02\/mod123certifnac2019-480x228.jpg 480w\" sizes=\"(max-width: 786px) 100vw, 786px\" \/><\/p>\n<p style=\"text-align: center;\"><strong><span style=\"text-align: left; color: #333333; text-transform: none; text-indent: 0px; letter-spacing: normal; font-family: Georgia,'Times New Roman','Bitstream Charter',Times,serif; font-size: 16px; font-style: normal; font-variant: normal; text-decoration: none; word-spacing: 0px; display: inline !important; white-space: normal; cursor: text; orphans: 2; float: none; -webkit-text-stroke-width: 0px; background-color: transparent;\">Contenidos Trimestre 2 | M\u00f3dulo 4 (Junio), 2 (Julio) y 3 (Agosto)<\/span><\/strong><\/p>\n<p><img decoding=\"async\" loading=\"lazy\" class=\"alignnone size-full wp-image-1207 aligncenter\" src=\"https:\/\/deportesalternativos.com\/cursos\/wp-content\/uploads\/2019\/02\/mod456certifnac2019.jpg\" alt=\"\" width=\"784\" height=\"374\" srcset=\"https:\/\/deportesalternativos.com\/cursos\/wp-content\/uploads\/2019\/02\/mod456certifnac2019.jpg 784w, https:\/\/deportesalternativos.com\/cursos\/wp-content\/uploads\/2019\/02\/mod456certifnac2019-300x143.jpg 300w, https:\/\/deportesalternativos.com\/cursos\/wp-content\/uploads\/2019\/02\/mod456certifnac2019-768x366.jpg 768w, https:\/\/deportesalternativos.com\/cursos\/wp-content\/uploads\/2019\/02\/mod456certifnac2019-230x110.jpg 230w, https:\/\/deportesalternativos.com\/cursos\/wp-content\/uploads\/2019\/02\/mod456certifnac2019-350x167.jpg 350w, https:\/\/deportesalternativos.com\/cursos\/wp-content\/uploads\/2019\/02\/mod456certifnac2019-480x229.jpg 480w\" sizes=\"(max-width: 784px) 100vw, 784px\" \/><\/p>\n<p style=\"text-align: center;\"><strong><span style=\"text-align: left; color: #333333; text-transform: none; text-indent: 0px; letter-spacing: normal; font-family: Georgia,'Times New Roman','Bitstream Charter',Times,serif; font-size: 16px; font-style: normal; font-variant: normal; text-decoration: none; word-spacing: 0px; display: inline !important; white-space: normal; cursor: text; orphans: 2; float: none; -webkit-text-stroke-width: 0px; background-color: transparent;\">Contenidos Trimestre 3 | M\u00f3dulo 3 (Setiembre), 2 (Octubre) y 3 (Noviembre)<\/span><\/strong><\/p>\n<p><img decoding=\"async\" loading=\"lazy\" class=\"alignnone size-full wp-image-1208 aligncenter\" src=\"https:\/\/deportesalternativos.com\/cursos\/wp-content\/uploads\/2019\/02\/mod789certifnac2019.jpg\" alt=\"\" width=\"783\" height=\"314\" srcset=\"https:\/\/deportesalternativos.com\/cursos\/wp-content\/uploads\/2019\/02\/mod789certifnac2019.jpg 783w, https:\/\/deportesalternativos.com\/cursos\/wp-content\/uploads\/2019\/02\/mod789certifnac2019-300x120.jpg 300w, https:\/\/deportesalternativos.com\/cursos\/wp-content\/uploads\/2019\/02\/mod789certifnac2019-768x308.jpg 768w, https:\/\/deportesalternativos.com\/cursos\/wp-content\/uploads\/2019\/02\/mod789certifnac2019-230x92.jpg 230w, https:\/\/deportesalternativos.com\/cursos\/wp-content\/uploads\/2019\/02\/mod789certifnac2019-350x140.jpg 350w, https:\/\/deportesalternativos.com\/cursos\/wp-content\/uploads\/2019\/02\/mod789certifnac2019-480x192.jpg 480w\" sizes=\"(max-width: 783px) 100vw, 783px\" \/><\/p>\n<p>&nbsp;<\/p>\n<h3>Certificaci\u00f3n:<\/h3>\n<ul>\n<li>Al finalizar los tres trimestres, lxs participantes recibir\u00e1n la Certificaci\u00f3n Digital e impresa v\u00eda correo con el aval central de <strong>Eduvic Inspira Sport (Barcelona, Catalu\u00f1a), ONG CODASPORTS Argentina y CADALT (Consejo Argentino de Deportes Alternativos)<\/strong>. Tambien se incluir\u00e1n los avales de las instituciones educativas que integran la <strong>REDCODA INTERNACIONAL<\/strong>. No otorga puntaje docente.<\/li>\n<\/ul>\n<p>&nbsp;<\/p>\n<h3>Informaci\u00f3n adicional:<\/h3>\n<ul>\n<li>Puedes enviar un correo a <a href=\"mailto:codasportscapacitacion@gmail.com\"><strong>codasportscapacitacion@gmail.com<\/strong><\/a> para consultas, dudas, pedidos y sugerencias.<\/li>\n<\/ul>\n<p>&nbsp;<\/p>\n<h3><strong>\u00bfYa est\u00e1s inscripto\/a?<\/strong><\/h3>\n<ul>\n<li>ACCEDE <a href=\"https:\/\/deportesalternativos.com\/cursos\/plataforma-codasports\/\">DESDE AQU\u00cd A LA PLATAFORMA CODASPORTS<\/a><\/li>\n<\/ul>\n<p>&nbsp;<\/p>\n<h3>Formulario de inscripci\u00f3n:<\/h3>\n<ul>\n<li>Completa el siguiente formulario de inscripci\u00f3n. Podr\u00e1s inscribirte <strong>hasta el 1\u00b0 de Mayo de 2019<\/strong>, debiendo igualmente completar los 9 m\u00f3dulos para obtener la Certificaci\u00f3n.<\/li>\n<\/ul>\n<p>[cforms name=\u00bbInscripcionCeNDA\u00bb]<\/p>\n<p>&nbsp;<\/p>\n<h3>Centro de Pagos:<\/h3>\n<p>&nbsp;<\/p>\n<p style=\"text-align: center;\"><strong>Pago 1 (un) M\u00f3dulo (<span style=\"color: #ff0000;\">AR$ 900<\/span>)<\/strong> MercadoPago (todos los medios de pago)<\/p>\n<p style=\"text-align: center;\"><a class=\"red-ar-l-rn-aron\" href=\"https:\/\/www.mercadopago.com\/mla\/checkout\/start?pref_id=77974053-db153e84-4d12-4561-8b48-fb3d26f0828e\" name=\"MP-payButton\">Pagar 1 M\u00f3dulo<\/a><br \/>\n<script type=\"text\/javascript\">\n(function(){function $MPC_load(){window.$MPC_loaded !== true && (function(){var s = document.createElement(\"script\");s.type = \"text\/javascript\";s.async = true;s.src = document.location.protocol+\"\/\/secure.mlstatic.com\/mptools\/render.js\";var x = document.getElementsByTagName('script')[0];x.parentNode.insertBefore(s, x);window.$MPC_loaded = true;})();}window.$MPC_loaded !== true ? (window.attachEvent ?window.attachEvent('onload', $MPC_load) : window.addEventListener('load', $MPC_load, false)) : null;})();\n<\/script><\/p>\n<p>&nbsp;<\/p>\n<p style=\"text-align: center;\"><strong>Pago 3 (tres) M\u00f3dulos (<span style=\"color: #ff0000;\">20% de DESCUENTO, AR$ 2.160<\/span>)<\/strong>\u00a0MercadoPago (todos los medios de pago)<\/p>\n<p style=\"text-align: center;\"><a class=\"red-ar-l-rn-none\" href=\"https:\/\/www.mercadopago.com\/mla\/checkout\/start?pref_id=77974053-71f0c6c4-8879-4938-be43-50afc25a6fd4\" name=\"MP-payButton\">Pagar 3 M\u00f3dulos<\/a><br \/>\n<script type=\"text\/javascript\">\n(function(){function $MPC_load(){window.$MPC_loaded !== true && (function(){var s = document.createElement(\"script\");s.type = \"text\/javascript\";s.async = true;s.src = document.location.protocol+\"\/\/secure.mlstatic.com\/mptools\/render.js\";var x = document.getElementsByTagName('script')[0];x.parentNode.insertBefore(s, x);window.$MPC_loaded = true;})();}window.$MPC_loaded !== true ? (window.attachEvent ?window.attachEvent('onload', $MPC_load) : window.addEventListener('load', $MPC_load, false)) : null;})();\n<\/script><\/p>\n<p>&nbsp;<\/p>\n<p style=\"text-align: center;\"><strong>Pago 9 (nueve) M\u00f3dulos (Curso completo, <span style=\"color: #ff0000;\">30% de DESCUENTO, AR$ 5.670<\/span>)<\/strong> MercadoPago (todos los medios de pago)<\/p>\n<p style=\"text-align: center;\"><a class=\"red-ar-l-rn-aron\" href=\"https:\/\/www.mercadopago.com\/mla\/checkout\/start?pref_id=77974053-947f6d3f-ebb6-46fa-be08-109cf29f2761\" name=\"MP-payButton\">Pagar 9 M\u00f3dulos (curso completo)<\/a><br \/>\n<script type=\"text\/javascript\">\n(function(){function $MPC_load(){window.$MPC_loaded !== true && (function(){var s = document.createElement(\"script\");s.type = \"text\/javascript\";s.async = true;s.src = document.location.protocol+\"\/\/secure.mlstatic.com\/mptools\/render.js\";var x = document.getElementsByTagName('script')[0];x.parentNode.insertBefore(s, x);window.$MPC_loaded = true;})();}window.$MPC_loaded !== true ? (window.attachEvent ?window.attachEvent('onload', $MPC_load) : window.addEventListener('load', $MPC_load, false)) : null;})();\n<\/script><\/p>\n","protected":false},"excerpt":{"rendered":"<p>\u00a1CAPACITACI\u00d3N ACTIVA! LA INSCRIPCI\u00d3N FINALIZA EL 31\/08\/2019 &nbsp; Una capacitaci\u00f3n premiada y elegida por su utilidad y facilidad. Los tiempos modernos han [&hellip;]<\/p>\n","protected":false},"author":1,"featured_media":0,"parent":39,"menu_order":0,"comment_status":"closed","ping_status":"closed","template":"","meta":[],"_links":{"self":[{"href":"https:\/\/deportesalternativos.com\/cursos\/wp-json\/wp\/v2\/pages\/1205"}],"collection":[{"href":"https:\/\/deportesalternativos.com\/cursos\/wp-json\/wp\/v2\/pages"}],"about":[{"href":"https:\/\/deportesalternativos.com\/cursos\/wp-json\/wp\/v2\/types\/page"}],"author":[{"embeddable":true,"href":"https:\/\/deportesalternativos.com\/cursos\/wp-json\/wp\/v2\/users\/1"}],"replies":[{"embeddable":true,"href":"https:\/\/deportesalternativos.com\/cursos\/wp-json\/wp\/v2\/comments?post=1205"}],"version-history":[{"count":12,"href":"https:\/\/deportesalternativos.com\/cursos\/wp-json\/wp\/v2\/pages\/1205\/revisions"}],"predecessor-version":[{"id":1561,"href":"https:\/\/deportesalternativos.com\/cursos\/wp-json\/wp\/v2\/pages\/1205\/revisions\/1561"}],"up":[{"embeddable":true,"href":"https:\/\/deportesalternativos.com\/cursos\/wp-json\/wp\/v2\/pages\/39"}],"wp:attachment":[{"href":"https:\/\/deportesalternativos.com\/cursos\/wp-json\/wp\/v2\/media?parent=1205"}],"curies":[{"name":"wp","href":"https:\/\/api.w.org\/{rel}","templated":true}]}}