{"id":1037,"date":"2018-11-16T11:04:04","date_gmt":"2018-11-16T11:04:04","guid":{"rendered":"https:\/\/deportesalternativos.com\/cursos\/?page_id=1037"},"modified":"2019-08-05T18:13:17","modified_gmt":"2019-08-05T18:13:17","slug":"especializacion-en-deportes-alternativos-santa-cruz-norte","status":"publish","type":"page","link":"https:\/\/deportesalternativos.com\/cursos\/listado\/especializacion-en-deportes-alternativos-santa-cruz-norte\/","title":{"rendered":"Especializaci\u00f3n en Deportes Alternativos | Santa Cruz Norte"},"content":{"rendered":"<p style=\"text-align: center;\"><span style=\"color: #ff0000;\"><strong>CAPACITACI\u00d3N EN CURSO \/ INSCRIPCIONES CERRADAS<\/strong><\/span><\/p>\n<hr \/>\n<h3 style=\"text-align: center;\"><span style=\"color: #ff6600;\">\u00bfYa sos alumno\/a? <a style=\"color: #ff6600;\" href=\"https:\/\/deportesalternativos.com\/cursos\/listado-de-cursos\/especializacion-en-deportes-alternativos-santa-cruz-norte\/campus-virtual-eda-s-c-n\/\">INGRES\u00c1 DESDE AQU\u00cd<\/a> AL CAMPUS VIRTUAL<\/span><\/h3>\n<hr \/>\n<h3><strong>***\u00a0 \u00a0F I C H A\u00a0 \u00a0T \u00c9 C N I C A\u00a0 \u00a0***<\/strong><\/h3>\n<h3>DENOMINACI\u00d3N<\/h3>\n<h3>Especializaci\u00f3n en Deportes Alternativos | Santa Cruz Norte<\/h3>\n<p>(V\u00e1lida para Argentina \u00fanicamente)<\/p>\n<p>&nbsp;<\/p>\n<ul>\n<li><em>INICIO ESTIPULADO<\/em>: <strong>DICIEMBRE, 2018\u00a0<\/strong>\n<ul>\n<li>\n<h3><strong>INSCRIPCIONES ABIERTAS HASTA 31\/05\/2019 <span style=\"color: #ff0000;\">(Cierre final)<\/span><\/strong><\/h3>\n<\/li>\n<\/ul>\n<\/li>\n<\/ul>\n<p>&nbsp;<\/p>\n<ul>\n<li><em>DURACI\u00d3N<\/em>: <strong>133 (Ciento treinta y tres) HORAS RELOJ<\/strong><\/li>\n<li>\n<h3><em>PUNTAJE DOCENTE<\/em>: <strong>0,50 pts.<\/strong> (Otorga: Ministerio de Educaci\u00f3n de Chubut, <strong>EXPEDIENTE 2007\/18<\/strong>)<\/h3>\n<\/li>\n<li><em>RESPALDOS ACAD\u00c9MICOS<\/em>: <strong>CODASPORTS<\/strong> (Comisi\u00f3n de Deportes Alternativos de Argentina), <strong>CADALT<\/strong> (Consejo Argentino de Deportes Alternativos y <strong>EDUVIC INSPIRA<\/strong> (Programa <strong>Inspira Sport<\/strong> Barcelona-Miami)<\/li>\n<\/ul>\n<p>&nbsp;<\/p>\n<hr \/>\n<h3>Enlaces:<\/h3>\n<h3>1) FORMULARIO DE INSCRIPCI\u00d3N <a href=\"https:\/\/goo.gl\/forms\/CgO2SmSWhZbeST093\">(CLIC AQU\u00cd)<\/a><\/h3>\n<h3><strong>2) PROGRAMA de la ESPECIALIZACI\u00d3N: c<\/strong>ontenidos y cronograma completo (<a href=\"https:\/\/docs.google.com\/spreadsheets\/d\/1XkPixdXwtQHR_SPcbeQ9iU82q6CSvAMRYsTacvICXYE\">CLIC AQU\u00cd<\/a>)<\/h3>\n<hr \/>\n<h3><\/h3>\n<h3>RESUMEN de la ESPECIALIZACI\u00d3N<\/h3>\n<h3><strong>Etapa 1 (Diciembre 2018-Febrero 2019)<\/strong><\/h3>\n<ul>\n<li>M\u00f3dulo 1:\n<ul>\n<li><strong>DICIEMBRE\u00a0<\/strong>2018<\/li>\n<li><strong>A DISTANCIA<\/strong>, (<em>Plataforma habilitada del <strong>15\/11\/2018 al 30\/4\/2019)<\/strong><\/em><\/li>\n<\/ul>\n<\/li>\n<li>M\u00f3dulo 2:\n<ul>\n<li><strong>DICIEMBRE\u00a0<\/strong>2018,<\/li>\n<li><strong>PRESENCIAL,\u00a0<\/strong>(<span style=\"color: #ff0000;\"><strong>Caleta Olivia<\/strong><\/span>, entre el\u00a0<em><strong>18\/12\/2018 y el 28\/12\/2018) <span style=\"color: #ff0000;\">Realizado!<\/span><\/strong><\/em><\/li>\n<li><strong>M\u00f3dulo virtual soporte<\/strong> habilitado hasta <em><strong>30\/4\/2019<\/strong><\/em><\/li>\n<\/ul>\n<\/li>\n<li>M\u00f3dulo 3:\n<ul>\n<li><strong>MARZO<\/strong>\u00a02019<\/li>\n<li><strong>A DISTANCIA<\/strong>, (<em>Plataforma habilitada del <strong>1\/3\/2019 al 30\/4\/2019)<\/strong><\/em><\/li>\n<\/ul>\n<\/li>\n<li>M\u00f3dulo 4:\n<ul>\n<li><strong>MARZO\u00a0<\/strong>2019,<\/li>\n<li><strong>PRESENCIAL,<\/strong>\u00a0(<span style=\"color: #ff0000;\"><strong>Pico Truncado<\/strong><\/span>, entre el\u00a0<em><strong>10\/3\/2019 y el 20\/3\/2019)\u00a0<span style=\"color: #ff0000;\">Realizado!<\/span><\/strong><\/em><\/li>\n<li><strong>M\u00f3dulo virtual soporte<\/strong> habilitado hasta <em><strong>30\/4\/2019<\/strong><\/em><\/li>\n<\/ul>\n<\/li>\n<\/ul>\n<h3><strong>Etapa 2 (Abril-Mayo 2019)<\/strong><\/h3>\n<ul>\n<li>M\u00f3dulo 5:\n<ul>\n<li><b>ABRIL\u00a0<\/b>2019<\/li>\n<li><strong>A DISTANCIA<\/strong>, (<em>Plataforma habilitada del <strong>1\/4\/2019 al 31\/5\/2019<\/strong><\/em>)<\/li>\n<\/ul>\n<\/li>\n<li>M\u00f3dulo 6:\n<ul>\n<li><strong>ABRIL\u00a0<\/strong>2019,<\/li>\n<li><strong>PRESENCIAL<\/strong>, (<span style=\"color: #ff0000;\"><strong>Las Heras<\/strong><\/span>, entre el\u00a0<em><strong>20\/4\/2019 y el 28\/4\/2019)<\/strong><\/em><\/li>\n<li><strong>M\u00f3dulo virtual soporte<\/strong> habilitado hasta <em><strong>31\/5\/2019<\/strong><\/em><\/li>\n<\/ul>\n<\/li>\n<li>M\u00f3dulo 7:\n<ul>\n<li><b>MAYO\u00a0<\/b>2019<\/li>\n<li><strong>A DISTANCIA<\/strong>, (<em>Plataforma habilitada del <strong>1\/5\/2019 al 31\/5\/2019<\/strong><\/em>)<\/li>\n<\/ul>\n<\/li>\n<li>M\u00f3dulo 8:\n<ul>\n<li><strong>MAYO <\/strong>2019,<\/li>\n<li><strong>PRESENCIAL<\/strong>, (<span style=\"color: #ff0000;\"><strong>Caleta Olivia<\/strong><\/span>, a definir fecha y a realizarse entre el\u00a0<em><strong>18\/5\/2019 y el 30\/5\/2019)<\/strong><\/em><\/li>\n<li><strong>M\u00f3dulo virtual soporte<\/strong> habilitado hasta <em><strong>31\/5\/2019<\/strong><\/em><\/li>\n<\/ul>\n<\/li>\n<\/ul>\n<h3><strong>Etapa 3 (Junio-Julio 2019)<\/strong><\/h3>\n<ul>\n<li>M\u00f3dulo 9:\n<ul>\n<li><strong>JUNIO<\/strong>\u00a02019<\/li>\n<li><strong>A DISTANCIA<\/strong>, (<em>Plataforma habilitada del <strong>1\/6\/2019 al 31\/7\/2019<\/strong><\/em>)<\/li>\n<\/ul>\n<\/li>\n<li>M\u00f3dulo 10:\n<ul>\n<li><strong>JUNIO\u00a0<\/strong>2019,<\/li>\n<li><strong>PRESENCIAL<\/strong>, (<span style=\"color: #ff0000;\"><strong>Pico Truncado<\/strong><\/span>, a definir fecha y a realizarse entre el\u00a0<em><strong>18\/6\/2019 y el 30\/6\/2019)<\/strong><\/em><\/li>\n<li><strong>M\u00f3dulo virtual soporte<\/strong> habilitado hasta <em><strong>31\/7\/2019<\/strong><\/em><\/li>\n<\/ul>\n<\/li>\n<li>M\u00f3dulo 11:\n<ul>\n<li><strong>JULIO\u00a0<\/strong>2019,<\/li>\n<li><strong>A DISTANCIA<\/strong>, (<em>Plataforma habilitada del <strong>1\/7\/2019 al 31\/7\/2019<\/strong><\/em>)<\/li>\n<\/ul>\n<\/li>\n<li>M\u00f3dulo 12:\n<ul>\n<li><strong>JULIO\u00a0<\/strong>2019,<\/li>\n<li><strong>PRESENCIAL<\/strong>, (<span style=\"color: #ff0000;\"><strong>Las Heras<\/strong><\/span>, a definir fecha y a realizarse entre el\u00a0<em><strong>18\/7\/2019 y el 31\/7\/2019)<\/strong><\/em><\/li>\n<li><strong>M\u00f3dulo virtual soporte<\/strong> habilitado hasta <em><strong>31\/7\/2019<\/strong><\/em><\/li>\n<\/ul>\n<\/li>\n<\/ul>\n<h3><\/h3>\n<h3>COSTOS<\/h3>\n<ul>\n<li>Abonando por 2 M\u00f3dulos: <strong>AR$ 700<\/strong>\u00a0(incluye 2 m\u00f3dulos)\n<ul>\n<li>No habr\u00e1 matr\u00edcula<\/li>\n<li>Al finalizar la Especializaci\u00f3n deber\u00e1 haber abonado los 12 (doce) M\u00f3dulos para acreditar su finalizaci\u00f3n y aprobaci\u00f3n.<\/li>\n<li>Los M\u00f3dulos deben abonarse antes de la finalizaci\u00f3n del mes a cursar.<\/li>\n<\/ul>\n<\/li>\n<\/ul>\n<h3><\/h3>\n<h3><strong>Enlaces a Mercado Pago<\/strong> (se puede abonar con cualquier medio de pago)<\/h3>\n<ul>\n<li>\n<h3>Pagar 1 (un) m\u00f3dulo, <a href=\"http:\/\/mpago.la\/KkAd\">CLIC AQU\u00cd<\/a><\/h3>\n<\/li>\n<li>\n<h3>Pagar 4 (cuatro) m\u00f3dulos, <a href=\"http:\/\/mpago.la\/re1p\">CLIC AQU\u00cd<\/a><\/h3>\n<\/li>\n<li>\n<h3>Pagar 12 (doce) m\u00f3dulos, <a href=\"http:\/\/mpago.la\/1Zlc\">CLIC AQU\u00cd<\/a><\/h3>\n<\/li>\n<\/ul>\n<h3><\/h3>\n<h3><strong>DESTINATARIOS<\/strong><\/h3>\n<ul>\n<li>Estudiantes, Profesores, Licenciados y Magister de Educaci\u00f3n F\u00edsica<\/li>\n<li>Estudiantes y profesionales de la Recreaci\u00f3n<\/li>\n<li>Docentes de Nivel Primario, Secundario y Terciario<\/li>\n<li>Interesados\/as en general.<\/li>\n<\/ul>\n<p>&nbsp;<\/p>\n<h3>DETALLES<\/h3>\n<p><a href=\"http:\/\/deportesalternativos.com\/argentina\"><strong>CODASPORTS<\/strong> (Comisi\u00f3n de Deportes Alternativos de Argentina)<\/a>, <a href=\"http:\/\/deportesalternativos.com\/argentina\"><strong>CADALT<\/strong> (Consejo Argentino de Deportes Alternativos)<\/a> y el <a href=\"http:\/\/inspira.eduvic.coop\"><strong>Programa<\/strong> <strong>EDUVIC<\/strong> Inspira Catalu\u00f1a<\/a>, en el convencimiento que solamente con la capacitaci\u00f3n y actualizaci\u00f3n permanente de los profesionales e id\u00f3neos dedicados a la pr\u00e1ctica de las distintas disciplinas vinculadas con el deporte y la actividad f\u00edsica, se lograr\u00e1 mejorar la calidad de vida de nuestros ciudadanos, quieren desarrollar lo que han denominado <strong>\u201cESPECIALIZACI\u00d3N EN DEPORTES ALTERNATIVOS | SANTA CRUZ NORTE\u201d<\/strong>.<br \/>\nEl objetivo de este proyecto es brindar nuevas herramientas a la educaci\u00f3n f\u00edsica y a la docencia en general que incidan directamente con el alumnado y\/o practicantes y as\u00ed lograr encontrar alternativas para el desarrollo de contenidos curriculares en la clase de educaci\u00f3n f\u00edsica, enriqueciendo las pr\u00e1cticas psicomotrices y sociomotrices en el sistema educativo.<\/p>\n<h4><\/h4>\n<h3>OBJETIVOS<\/h3>\n<p>Satisfacer la necesidad de capacitaci\u00f3n y actualizaci\u00f3n de Profesionales, T\u00e9cnicos e id\u00f3neos, estudiantes, deportistas, etc. con el fin de contribuir en la ampliaci\u00f3n de los marcos de informaci\u00f3n y conocimientos necesarios para hacer frente a los retos de mejoramiento cont\u00ednuo, aprendizaje, nuevas tendencias que van surgiendo en cuanto a la utilizaci\u00f3n de nuestro tiempo libre y en cuanto a la creaci\u00f3n de nuevos horizontes deportivos-recreativos.<\/p>\n","protected":false},"excerpt":{"rendered":"<p>CAPACITACI\u00d3N EN CURSO \/ INSCRIPCIONES CERRADAS \u00bfYa sos alumno\/a? INGRES\u00c1 DESDE AQU\u00cd AL CAMPUS VIRTUAL ***\u00a0 \u00a0F I C H A\u00a0 \u00a0T [&hellip;]<\/p>\n","protected":false},"author":1,"featured_media":0,"parent":39,"menu_order":0,"comment_status":"closed","ping_status":"closed","template":"","meta":[],"_links":{"self":[{"href":"https:\/\/deportesalternativos.com\/cursos\/wp-json\/wp\/v2\/pages\/1037"}],"collection":[{"href":"https:\/\/deportesalternativos.com\/cursos\/wp-json\/wp\/v2\/pages"}],"about":[{"href":"https:\/\/deportesalternativos.com\/cursos\/wp-json\/wp\/v2\/types\/page"}],"author":[{"embeddable":true,"href":"https:\/\/deportesalternativos.com\/cursos\/wp-json\/wp\/v2\/users\/1"}],"replies":[{"embeddable":true,"href":"https:\/\/deportesalternativos.com\/cursos\/wp-json\/wp\/v2\/comments?post=1037"}],"version-history":[{"count":9,"href":"https:\/\/deportesalternativos.com\/cursos\/wp-json\/wp\/v2\/pages\/1037\/revisions"}],"predecessor-version":[{"id":1582,"href":"https:\/\/deportesalternativos.com\/cursos\/wp-json\/wp\/v2\/pages\/1037\/revisions\/1582"}],"up":[{"embeddable":true,"href":"https:\/\/deportesalternativos.com\/cursos\/wp-json\/wp\/v2\/pages\/39"}],"wp:attachment":[{"href":"https:\/\/deportesalternativos.com\/cursos\/wp-json\/wp\/v2\/media?parent=1037"}],"curies":[{"name":"wp","href":"https:\/\/api.w.org\/{rel}","templated":true}]}}