{"id":31,"date":"2025-09-18T21:53:10","date_gmt":"2025-09-18T21:53:10","guid":{"rendered":"https:\/\/deportesalternativos.com\/congreso\/?page_id=31"},"modified":"2026-01-28T18:22:35","modified_gmt":"2026-01-28T18:22:35","slug":"inscripciones","status":"publish","type":"page","link":"https:\/\/deportesalternativos.com\/congreso\/index.php\/inscripciones\/","title":{"rendered":"Inscripciones"},"content":{"rendered":"\n<p class=\"has-large-font-size\"><\/p>\n\n\n\n<p class=\"has-medium-font-size\"><strong>Calendario:<\/strong><\/p>\n\n\n\n<p class=\"has-pale-cyan-blue-background-color has-background\"><strong>10 de octubre de 2025:<\/strong> apertura del plazo de inscripci\u00f3n al congreso con tarifa reducida.<\/p>\n\n\n\n<p>Si se superase el <strong>cupo de 200 inscripciones<\/strong> se confeccionar\u00e1 una lista de espera que se utilizar\u00e1 en caso de que hubiera renuncias.<\/p>\n\n\n\n<p>Se contempla un <strong>descuento del 20 %<\/strong> de la cuota de inscripci\u00f3n para docentes colegiados del <strong>COLEF<\/strong>.<\/p>\n\n\n\n<p>Las fechas y precios de inscripci\u00f3n se detallan en la siguiente tabla en funci\u00f3n del tipo de participante:<\/p>\n\n\n\n<figure class=\"wp-block-table\"><table class=\"has-fixed-layout\"><tbody><tr><td class=\"has-text-align-center\" data-align=\"center\"><\/td><td class=\"has-text-align-center\" data-align=\"center\"><strong>TARIFA&nbsp;<\/strong> <strong>REDUCIDA<\/strong><\/td><td class=\"has-text-align-center\" data-align=\"center\"><strong>TARIFA EST\u00c1NDAR<\/strong><\/td><td class=\"has-text-align-center\" data-align=\"center\"><strong>TARIFA \u201cLATE\u201d<\/strong><\/td><\/tr><tr><td class=\"has-text-align-center\" data-align=\"center\"><\/td><td class=\"has-text-align-center\" data-align=\"center\">Hasta el 15 de marzo de 2026<\/td><td class=\"has-text-align-center\" data-align=\"center\">Del 16 de marzo al 15  de mayo de 2026<\/td><td class=\"has-text-align-center\" data-align=\"center\">Del 16 de mayo en adelante<\/td><\/tr><tr><td class=\"has-text-align-center\" data-align=\"center\">*Alumnado universitario<\/td><td class=\"has-text-align-center\" data-align=\"center\">60 \u20ac<\/td><td class=\"has-text-align-center\" data-align=\"center\">90 \u20ac<\/td><td class=\"has-text-align-center\" data-align=\"center\">120 \u20ac<\/td><\/tr><tr><td class=\"has-text-align-center\" data-align=\"center\">Docentes y otros profesionales<\/td><td class=\"has-text-align-center\" data-align=\"center\">120 \u20ac<\/td><td class=\"has-text-align-center\" data-align=\"center\">150 \u20ac<\/td><td class=\"has-text-align-center\" data-align=\"center\">180 \u20ac<\/td><\/tr><tr><td class=\"has-text-align-center\" data-align=\"center\">Colegiados<br>COLEF<\/td><td class=\"has-text-align-center\" data-align=\"center\">96 \u20ac<\/td><td class=\"has-text-align-center\" data-align=\"center\">120 \u20ac<\/td><td class=\"has-text-align-center\" data-align=\"center\">144 \u20ac<\/td><\/tr><\/tbody><\/table><\/figure>\n\n\n\n<p class=\"has-small-font-size\">RECONOCIMIENTO DE ACTIVIDAD DE FORMACI\u00d3N PARA DOCENTES DEL PRINCIPADO DE ASTURIAS. Dado que se trata de una formaci\u00f3n de una entidad acreditada (Universidad de Oviedo) que adem\u00e1s cuenta con convenio de colaboraci\u00f3n con la Consejer\u00eda de Educaci\u00f3n del Principado de Asturias, los docentes de centros p\u00fablicos y concertados de Asturias que asistan al congreso podr\u00e1n solicitar directamente la equiparaci\u00f3n de la formaci\u00f3n con el certificado emitido por la Universidad.<\/p>\n\n\n\n<p class=\"has-small-font-size\"><em>* Acreditar mediante copia del carnet de estudiante<\/em><\/p>\n\n\n\n<p class=\"has-vivid-red-color has-text-color has-link-color wp-elements-cab5b3465514ca2aada9a01ad4a794c6\"><strong><u><a href=\"https:\/\/www.eventosfuo.com\/qfuo\/fonline\/cong\/acceso_cong.php?idcgrs=702995&amp;idioma=es\">ACCEDER A LA INSCRIPCI\u00d3N<\/a><\/u><\/strong><\/p>\n\n\n\n<p><\/p>\n","protected":false},"excerpt":{"rendered":"<p>Calendario: 10 de octubre de 2025: apertura del plazo de inscripci\u00f3n al congreso con tarifa reducida. Si se superase el cupo de 200 inscripciones se confeccionar\u00e1 una lista de espera que se utilizar\u00e1 en caso de que hubiera renuncias. Se contempla un descuento del 20 % de la cuota de inscripci\u00f3n para docentes colegiados del [&hellip;]<\/p>\n","protected":false},"author":1,"featured_media":0,"parent":0,"menu_order":0,"comment_status":"closed","ping_status":"closed","template":"","meta":{"pagelayer_contact_templates":[],"_pagelayer_content":"","footnotes":""},"class_list":["post-31","page","type-page","status-publish","hentry"],"_links":{"self":[{"href":"https:\/\/deportesalternativos.com\/congreso\/index.php\/wp-json\/wp\/v2\/pages\/31","targetHints":{"allow":["GET"]}}],"collection":[{"href":"https:\/\/deportesalternativos.com\/congreso\/index.php\/wp-json\/wp\/v2\/pages"}],"about":[{"href":"https:\/\/deportesalternativos.com\/congreso\/index.php\/wp-json\/wp\/v2\/types\/page"}],"author":[{"embeddable":true,"href":"https:\/\/deportesalternativos.com\/congreso\/index.php\/wp-json\/wp\/v2\/users\/1"}],"replies":[{"embeddable":true,"href":"https:\/\/deportesalternativos.com\/congreso\/index.php\/wp-json\/wp\/v2\/comments?post=31"}],"version-history":[{"count":12,"href":"https:\/\/deportesalternativos.com\/congreso\/index.php\/wp-json\/wp\/v2\/pages\/31\/revisions"}],"predecessor-version":[{"id":187,"href":"https:\/\/deportesalternativos.com\/congreso\/index.php\/wp-json\/wp\/v2\/pages\/31\/revisions\/187"}],"wp:attachment":[{"href":"https:\/\/deportesalternativos.com\/congreso\/index.php\/wp-json\/wp\/v2\/media?parent=31"}],"curies":[{"name":"wp","href":"https:\/\/api.w.org\/{rel}","templated":true}]}}