{"id":29,"date":"2025-09-18T21:52:46","date_gmt":"2025-09-18T21:52:46","guid":{"rendered":"https:\/\/deportesalternativos.com\/congreso\/?page_id=29"},"modified":"2025-11-20T12:01:39","modified_gmt":"2025-11-20T12:01:39","slug":"comites","status":"publish","type":"page","link":"https:\/\/deportesalternativos.com\/congreso\/index.php\/comites\/","title":{"rendered":"Comit\u00e9s"},"content":{"rendered":"\n<p><strong>COMIT\u00c9 ORGANIZADOR<\/strong><\/p>\n\n\n\n<ul class=\"wp-block-list\">\n<li><strong>Antonio M\u00e9ndez Gim\u00e9nez<\/strong>&nbsp;(Universidad de Oviedo)<\/li>\n\n\n\n<li><strong>Javier Fern\u00e1ndez R\u00edo<\/strong>&nbsp;(Universidad de Oviedo)<\/li>\n\n\n\n<li><strong>Sixto Gonz\u00e1lez-V\u00edllora<\/strong>&nbsp;(Universidad de Castilla- La Mancha)<\/li>\n\n\n\n<li><strong>Alejandro Fabi\u00e1n De Brandi<\/strong>&nbsp;(Universidad Fasta, Argentina)<\/li>\n\n\n\n<li><strong>Ricardo Alberto Acu\u00f1a<\/strong>&nbsp;(CODASPORTS, Argentina)<\/li>\n\n\n\n<li><strong>Carlos Evangelio Caballero<\/strong>&nbsp;(Universidad Aut\u00f3noma de Madrid)<\/li>\n\n\n\n<li><strong>Concepci\u00f3n Ros Ros<\/strong>&nbsp;(Universidad Cat\u00f3lica de Valencia)<\/li>\n<\/ul>\n\n\n\n<p><strong>COLABORADORES<\/strong><\/p>\n\n\n\n<ul class=\"wp-block-list\">\n<li>Alejandro Carriedo Cay\u00f3n (Universidad de Oviedo)<\/li>\n\n\n\n<li>J. Miguel Pallas\u00e1 Manteca (Universidad de Oviedo)<\/li>\n\n\n\n<li>Javier R. Bernab\u00e9 Mart\u00edn (Universidad de Oviedo)<\/li>\n\n\n\n<li>Noelia Belando Pedre\u00f1o (Universidad de Oviedo)<\/li>\n\n\n\n<li>Manuel Jacob Sierra D\u00edaz (Universidad de Oviedo)<\/li>\n\n\n\n<li>Jorge Carlos Lafuente Fern\u00e1ndez (Universidad de Oviedo)<\/li>\n\n\n\n<li>Pablo Saiz Gonz\u00e1lez (Universidad de Oviedo)<\/li>\n\n\n\n<li>I\u00f1aki Salazar L\u00f3pez (Consejer\u00eda de Educaci\u00f3n del Principado de Asturias)<\/li>\n\n\n\n<li>Diego Miranda Lozano (Consejer\u00eda de Educaci\u00f3n del Principado de Asturias)<\/li>\n\n\n\n<li>Sandra Lombao \u00c1lvarez (Consejer\u00eda de Educaci\u00f3n del Principado de Asturias)<\/li>\n\n\n\n<li>Pablo del Valle Vega (Consejer\u00eda de Educaci\u00f3n del Principado de Asturias)<\/li>\n\n\n\n<li>Lorena M\u00aa Vicente Dom\u00ednguez (Consejer\u00eda de Educaci\u00f3n del Principado de Asturias)<\/li>\n\n\n\n<li>Eduardo Madrera Mayor (Universidad de Oviedo)<\/li>\n<\/ul>\n\n\n\n<p><strong>COMIT\u00c9 CIENT\u00cdFICO<\/strong><\/p>\n\n\n\n<ul class=\"wp-block-list\">\n<li>Joan Amores Bargays (Universidad Internacional de Catalu\u00f1a)<\/li>\n\n\n\n<li>Miguel Monta\u00f1o Freire (Universidad Europea)<\/li>\n\n\n\n<li>Mercedes Chicote Beato (Universidad de Castilla- La Mancha).<\/li>\n\n\n\n<li>Victor Manso Lorenzo (Universidad Complutense de Madrid)<\/li>\n\n\n\n<li>Juan Vicente Sierra (Florida Universitaria)<\/li>\n\n\n\n<li>Alejandro Carriedo Cay\u00f3n (Universidad de Oviedo)<\/li>\n\n\n\n<li>Noelia Belando Pedre\u00f1o (Universidad de Oviedo)<\/li>\n\n\n\n<li>Jacob Sierra D\u00edaz (Universidad de Oviedo)<\/li>\n\n\n\n<li>Jorge Lafuente Fern\u00e1ndez (Universidad de Oviedo)<\/li>\n\n\n\n<li>Pablo Saiz Gonz\u00e1lez (Universidad de Oviedo)<\/li>\n\n\n\n<li>Pablo Ur\u00eda Valle (Universidad de Oviedo)<\/li>\n\n\n\n<li>Jos\u00e9 Coto Lousas (Universidad P\u00fablica de Navarra)<\/li>\n\n\n\n<li>David D\u00edaz Tejerina (Universidad de Oviedo)<\/li>\n\n\n\n<li>Igor Conde Cortabitarte (Consejer\u00eda de Educaci\u00f3n de Cantabria)<\/li>\n\n\n\n<li>Miguel Pallas\u00e1 Manteca (Universidad de Oviedo)<\/li>\n\n\n\n<li>Roberto S\u00e1nchez G\u00f3mez (Gobierno de Canarias)<\/li>\n\n\n\n<li>Jon Ortuondo Barcena (Escuela Universitaria de Magisterio Bego\u00f1ako Andra Mari)<\/li>\n\n\n\n<li>Josu Barrenetxea-Garc\u00eda (Colegio Osotu Lanbarri Ikastetxea Pa\u00eds Vasco)<\/li>\n\n\n\n<li>Alejandro Prieto Ayuso (Universidad de Castilla-La Mancha)<\/li>\n\n\n\n<li>Mar\u00eda Pilar Le\u00f3n Gonz\u00e1lez (Universidad de Castilla-La Mancha)<\/li>\n\n\n\n<li>Natalia Mar\u00eda Arias Palencia (Universidad de Castilla-La Mancha)<\/li>\n\n\n\n<li>Eva Guijarro Jare\u00f1o (Universidad Internacional de la Rioja)<\/li>\n\n\n\n<li>Irene Rocamora Ortega (Centro de Ense\u00f1anza Superior Don Bosco)<\/li>\n\n\n\n<li>Ana P\u00e9rez Curiel (Universidad Aut\u00f3noma de Madrid)<\/li>\n\n\n\n<li>Iv\u00e1n Gonz\u00e1lez Guti\u00e9rrez (Universidad Europea del Atl\u00e1ntico, Espa\u00f1a)<\/li>\n\n\n\n<li>Claudio Farias (Universidad de Oporto, Portugal)<\/li>\n<\/ul>\n\n\n","protected":false},"excerpt":{"rendered":"<p>COMIT\u00c9 ORGANIZADOR COLABORADORES COMIT\u00c9 CIENT\u00cdFICO<\/p>\n","protected":false},"author":1,"featured_media":0,"parent":0,"menu_order":0,"comment_status":"closed","ping_status":"closed","template":"","meta":{"pagelayer_contact_templates":[],"_pagelayer_content":"","footnotes":""},"class_list":["post-29","page","type-page","status-publish","hentry"],"_links":{"self":[{"href":"https:\/\/deportesalternativos.com\/congreso\/index.php\/wp-json\/wp\/v2\/pages\/29","targetHints":{"allow":["GET"]}}],"collection":[{"href":"https:\/\/deportesalternativos.com\/congreso\/index.php\/wp-json\/wp\/v2\/pages"}],"about":[{"href":"https:\/\/deportesalternativos.com\/congreso\/index.php\/wp-json\/wp\/v2\/types\/page"}],"author":[{"embeddable":true,"href":"https:\/\/deportesalternativos.com\/congreso\/index.php\/wp-json\/wp\/v2\/users\/1"}],"replies":[{"embeddable":true,"href":"https:\/\/deportesalternativos.com\/congreso\/index.php\/wp-json\/wp\/v2\/comments?post=29"}],"version-history":[{"count":6,"href":"https:\/\/deportesalternativos.com\/congreso\/index.php\/wp-json\/wp\/v2\/pages\/29\/revisions"}],"predecessor-version":[{"id":163,"href":"https:\/\/deportesalternativos.com\/congreso\/index.php\/wp-json\/wp\/v2\/pages\/29\/revisions\/163"}],"wp:attachment":[{"href":"https:\/\/deportesalternativos.com\/congreso\/index.php\/wp-json\/wp\/v2\/media?parent=29"}],"curies":[{"name":"wp","href":"https:\/\/api.w.org\/{rel}","templated":true}]}}