{"id":25,"date":"2026-03-02T21:51:00","date_gmt":"2026-03-02T21:51:00","guid":{"rendered":"https:\/\/deportesalternativos.com\/congreso\/?page_id=25"},"modified":"2026-03-03T03:40:03","modified_gmt":"2026-03-03T03:40:03","slug":"comunicaciones-posters-y-talleres","status":"publish","type":"page","link":"https:\/\/deportesalternativos.com\/congreso\/index.php\/comunicaciones-posters-y-talleres\/","title":{"rendered":"Comunicaciones, posters y talleres"},"content":{"rendered":"\n<p><strong>ENV\u00cdO DE TRABAJOS<\/strong><\/p>\n\n\n\n<p class=\"has-large-font-size\"><strong>Calendario<\/strong><\/p>\n\n\n\n<p class=\"has-pale-cyan-blue-background-color has-background\">IMPORTANTE: se aceptar\u00e1n 16 talleres de las propuestas enviadas. Se tendr\u00e1n en cuenta los siguientes criterios:<\/p>\n\n\n\n<ul class=\"wp-block-list\">\n<li><strong>1\u00b0 Valoraci\u00f3n del comit\u00e9 cient\u00edfico y calidad de la propuesta enviada<\/strong><\/li>\n\n\n\n<li><strong>2\u00b0 Fecha de env\u00edo de la propuesta<\/strong><\/li>\n<\/ul>\n\n\n\n<p class=\"has-pale-cyan-blue-background-color has-background\"><strong>1 de octubre de 2025:<\/strong>&nbsp;apertura del plazo de inscripci\u00f3n al congreso con tarifa reducida y de presentaci\u00f3n de propuestas&nbsp;de talleres, comunicaciones o p\u00f3steres.&nbsp;<\/p>\n\n\n\n<p class=\"has-pale-cyan-blue-background-color has-background\"><strong>Hasta el 20 de abril de 2026:\u00a0<\/strong>fecha l\u00edmite para la presentaci\u00f3n de propuestas de comunicaciones\/p\u00f3steres y talleres.<\/p>\n\n\n\n<p class=\"has-pale-cyan-blue-background-color has-background\"><strong>Hasta el 11 de mayo de 2026:\u00a0<\/strong>confirmaci\u00f3n de aceptaci\u00f3n\/rechazo de las propuestas presentadas.<\/p>\n\n\n\n<p class=\"has-pale-cyan-blue-background-color has-background\"><strong>1\u00b0 de junio de 2026<\/strong>: apertura del plazo para seleccionar talleres y comunicaciones a los asistentes al congreso.<\/p>\n\n\n\n<p>Solo se admitir\u00e1 un m\u00e1ximo de 4 autores por cada comunicaci\u00f3n\/p\u00f3ster o 3 por taller. Cada persona inscrita puede ser autora como m\u00e1ximo de 2 contribuciones, ya sean comunicaciones, p\u00f3steres o talleres.<\/p>\n\n\n\n<p><\/p>\n\n\n\n<p class=\"has-medium-font-size\"><strong>Normas para presentar propuestas de comunicaciones\/p\u00f3steres o talleres<\/strong><\/p>\n\n\n\n<p>Al menos la mitad de los autores de cada contribuci\u00f3n deber\u00e1n estar inscritos en el congreso.<\/p>\n\n\n\n<p>Los trabajos deber\u00e1n ser originales e in\u00e9ditos y versar\u00e1n sobre los contenidos tem\u00e1ticos del Congreso.<\/p>\n\n\n\n<p>Criterios para la selecci\u00f3n de propuestas presentadas:<\/p>\n\n\n\n<ul class=\"wp-block-list\">\n<li>Calidad y coherencia.<\/li>\n\n\n\n<li>Adecuaci\u00f3n tem\u00e1tica.<\/li>\n\n\n\n<li>Cumplimiento de los requisitos de presentaci\u00f3n y formato.<\/li>\n\n\n\n<li>Aportaci\u00f3n innovadora.<\/li>\n<\/ul>\n\n\n\n<p>Las comunicaciones, p\u00f3steres y talleres se remitir\u00e1n a la organizaci\u00f3n a trav\u00e9s de las direcciones de correo electr\u00f3nico detalladas m\u00e1s abajo.<\/p>\n\n\n\n<p>Los trabajos deben ser escritos y presentados en castellano.<\/p>\n\n\n\n<p>Los aspectos formales de los archivos que se deben adjuntar en el formulario de las propuestas son los siguientes:<\/p>\n\n\n\n<p><\/p>\n\n\n\n<p class=\"has-medium-font-size\"><strong>Para las&nbsp;comunicaciones:<\/strong><\/p>\n\n\n\n<p>\u2022 Documento de word y pdf.&nbsp;<\/p>\n\n\n\n<ul class=\"wp-block-list\">\n<li>&nbsp;Se utilizar\u00e1 la plantilla espec\u00edfica proporcionada por el congreso.<\/li>\n<\/ul>\n\n\n\n<p>\u2022 Letra Times New Roman-12 e interlineado sencillo.<\/p>\n\n\n\n<p>\u2022 Su extensi\u00f3n ser\u00e1 de un m\u00e1ximo de 3.500 palabras incluyendo en dicho n\u00famero de p\u00e1ginas las referencias y los anexos.<\/p>\n\n\n\n<p>\u2022 En la primera p\u00e1gina se concretar\u00e1 el nombre y apellidos del autor\/es, afiliaci\u00f3n y correo electr\u00f3nico de contacto. Asimismo, se aportar\u00e1 el t\u00edtulo de la comunicaci\u00f3n y un resumen del trabajo en espa\u00f1ol e ingl\u00e9s (m\u00e1ximo 300 palabras cada uno).<\/p>\n\n\n\n<p>\u2022 El manuscrito debe ser redactado siguiendo las normas APA (7.\u00aa edici\u00f3n).<\/p>\n\n\n\n<p>\u2022 Todas las citas en el texto deben aparecer en el apartado de referencias.<\/p>\n\n\n\n<p class=\"has-vivid-cyan-blue-color has-text-color has-link-color has-medium-font-size wp-elements-a8935a5f320fffd39bbed09abf526780\"><a href=\"https:\/\/deportesalternativos.com\/congreso\/wp-content\/uploads\/2025\/10\/Plantilla_Comunicaciones_Posters_Congreso.docx\"><strong>DESCARGAR PLANTILLA PARA COMUNICACIONES Y POSTERES<\/strong> | <strong>CLIC AQU\u00cd<\/strong><\/a><\/p>\n\n\n\n<p><\/p>\n\n\n\n<p class=\"has-medium-font-size\"><strong>Para los&nbsp;talleres pr\u00e1cticos:<\/strong><\/p>\n\n\n\n<p>\u2022 Se seguir\u00e1n las mismas normas detalladas para las comunicaciones y la plantilla espec\u00edfica.&nbsp;<\/p>\n\n\n\n<p>\u2022 En la \u00faltima p\u00e1gina se indicar\u00e1 el espacio y materiales necesarios para su realizaci\u00f3n (caracter\u00edsticas y cantidad) as\u00ed como cualquier otra consideraci\u00f3n que la organizaci\u00f3n deba saber para el correcto desarrollo del taller. La organizaci\u00f3n adjudicar\u00e1 un espacio a cada taller aceptado en funci\u00f3n de las solicitudes recibidas y las instalaciones disponibles.&nbsp;<\/p>\n\n\n\n<ul class=\"wp-block-list\">\n<li class=\"has-vivid-cyan-blue-color has-text-color has-link-color has-medium-font-size wp-elements-8b7cc7449729cad27052d52d0deaa56b\"><a href=\"https:\/\/deportesalternativos.com\/congreso\/wp-content\/uploads\/2025\/10\/Plantilla_Talleres_Congreso.docx\"><strong>DESCARGAR PLANTILLA PARA PRESENTAR TALLERES<\/strong> | <strong>CLIC AQU\u00cd<\/strong><\/a><\/li>\n<\/ul>\n\n\n\n<p>Las propuestas ser\u00e1n revisadas por el comit\u00e9 cient\u00edfico del congreso mediante un sistema de doble revisi\u00f3n an\u00f3nima. El comit\u00e9 cient\u00edfico podr\u00e1 proponer la transformaci\u00f3n de comunicaciones en p\u00f3steres y viceversa, si se considerase oportuno, siempre respetando la autor\u00eda de estos.&nbsp;<\/p>\n\n\n\n<p>Se dispondr\u00e1 de 15 minutos para la presentaci\u00f3n de las comunicaciones (incluidas preguntas) y de 50 minutos para el desarrollo de los talleres. Durante el periodo de presentaci\u00f3n de los p\u00f3steres especificados en el programa del congreso, los autores deber\u00e1n atender junto a su contribuci\u00f3n a las personas interesadas.<\/p>\n\n\n\n<p><\/p>\n\n\n\n<p class=\"has-medium-font-size\"><strong>Publicaci\u00f3n de comunicaciones o talleres<\/strong><\/p>\n\n\n\n<p>Desde la organizaci\u00f3n del congreso se editar\u00e1 una publicaci\u00f3n con las actas en formato electr\u00f3nico abierto y con ISBN, donde se recoger\u00e1n todas las comunicaciones, p\u00f3sters y talleres aceptados. Los autores renuncian a percibir cantidad econ\u00f3mica alguna en concepto de derechos de autor por dicha publicaci\u00f3n. La organizaci\u00f3n del congreso declina cualquier responsabilidad si alguno de los autores violara con su comunicaci\u00f3n o taller alguno de los derechos de imagen o literarios de otras obras y\/o autores, siendo dicho autor\/a \u00fanico responsable de ello.&nbsp;<\/p>\n\n\n\n<p><strong>Normas APA 7.\u00aa edici\u00f3n (ejemplos)<\/strong><\/p>\n\n\n\n<p>Alonso-Garc\u00eda, S., Aznar-D\u00edaz, I., C\u00e1ceres-Reche, M. P., Trujillo-Torres, J. M., &amp; Romero-Rodr\u00edguez, J. M. (2019). Systematic Review of Good Teaching Practices with ICT in Spanish Higher Education. Trends and Challenges for Sustainability.&nbsp;<em>Sustainability,<\/em>&nbsp;<em>11<\/em>(24), 7150.&nbsp;<a href=\"https:\/\/doi.org\/10.3390\/su11247150\">https:\/\/doi.org\/10.3390\/su11247150<\/a>&nbsp;<\/p>\n\n\n\n<p>Hinojo-Lucena, F. J., Aznar-D\u00edaz, I., C\u00e1ceres-Reche, M. P., Trujillo-Torres, J. M., &amp; Romero-Rodr\u00edguez, J. M. (2020). Sharenting: Adicci\u00f3n a Internet, autocontrol y fotograf\u00edas online de menores.&nbsp;<em>Comunicar,<\/em>&nbsp;<em>28<\/em>(64), 97-108.&nbsp;<a href=\"https:\/\/doi.org\/10.3916\/C64-2020-09\">https:\/\/doi.org\/10.3916\/C64-2020-09<\/a><\/p>\n\n\n\n<p><strong>Informaci\u00f3n.<\/strong>&nbsp;Para cualquier consulta pod\u00e9is contactar con la organizaci\u00f3n en esta direcci\u00f3n de correo:&nbsp;<\/p>\n\n\n\n<p class=\"has-text-align-center has-vivid-cyan-blue-color has-text-color has-link-color has-large-font-size wp-elements-1ab9c3c744a3955116da5ec98c4b3585\"><strong>Alternativos26@gmail.com<\/strong><\/p>\n\n\n\n\n\n<p class=\"has-vivid-red-color has-text-color has-link-color wp-elements-c9365267f914bd71ea50e5e539e3962b\"><\/p>\n\n\n\n<p><\/p>\n","protected":false},"excerpt":{"rendered":"<p>ENV\u00cdO DE TRABAJOS Calendario IMPORTANTE: se aceptar\u00e1n 16 talleres de las propuestas enviadas. Se tendr\u00e1n en cuenta los siguientes criterios: 1 de octubre de 2025:&nbsp;apertura del plazo de inscripci\u00f3n al congreso con tarifa reducida y de presentaci\u00f3n de propuestas&nbsp;de talleres, comunicaciones o p\u00f3steres.&nbsp; Hasta el 20 de abril de 2026:\u00a0fecha l\u00edmite para la presentaci\u00f3n de [&hellip;]<\/p>\n","protected":false},"author":1,"featured_media":0,"parent":0,"menu_order":0,"comment_status":"closed","ping_status":"closed","template":"","meta":{"pagelayer_contact_templates":[],"_pagelayer_content":"","footnotes":""},"class_list":["post-25","page","type-page","status-publish","hentry"],"_links":{"self":[{"href":"https:\/\/deportesalternativos.com\/congreso\/index.php\/wp-json\/wp\/v2\/pages\/25","targetHints":{"allow":["GET"]}}],"collection":[{"href":"https:\/\/deportesalternativos.com\/congreso\/index.php\/wp-json\/wp\/v2\/pages"}],"about":[{"href":"https:\/\/deportesalternativos.com\/congreso\/index.php\/wp-json\/wp\/v2\/types\/page"}],"author":[{"embeddable":true,"href":"https:\/\/deportesalternativos.com\/congreso\/index.php\/wp-json\/wp\/v2\/users\/1"}],"replies":[{"embeddable":true,"href":"https:\/\/deportesalternativos.com\/congreso\/index.php\/wp-json\/wp\/v2\/comments?post=25"}],"version-history":[{"count":13,"href":"https:\/\/deportesalternativos.com\/congreso\/index.php\/wp-json\/wp\/v2\/pages\/25\/revisions"}],"predecessor-version":[{"id":197,"href":"https:\/\/deportesalternativos.com\/congreso\/index.php\/wp-json\/wp\/v2\/pages\/25\/revisions\/197"}],"wp:attachment":[{"href":"https:\/\/deportesalternativos.com\/congreso\/index.php\/wp-json\/wp\/v2\/media?parent=25"}],"curies":[{"name":"wp","href":"https:\/\/api.w.org\/{rel}","templated":true}]}}