{"id":21,"date":"2025-09-18T21:49:48","date_gmt":"2025-09-18T21:49:48","guid":{"rendered":"https:\/\/deportesalternativos.com\/congreso\/?page_id=21"},"modified":"2025-09-19T01:18:03","modified_gmt":"2025-09-19T01:18:03","slug":"presentacion","status":"publish","type":"page","link":"https:\/\/deportesalternativos.com\/congreso\/index.php\/presentacion\/","title":{"rendered":"Presentaci\u00f3n"},"content":{"rendered":"\n<p><strong>PRESENTACI\u00d3N<\/strong><\/p>\n\n\n\n<p>La Facultad de Formaci\u00f3n del Profesorado y Educaci\u00f3n de la Universidad de Oviedo tiene el honor de acoger el II Congreso Internacional de Juegos y Deportes Alternativos, que se celebrar\u00e1 del 1 al 3 de julio de 2026.<\/p>\n\n\n\n<p>Tras el \u00e9xito de la primera edici\u00f3n celebrada en Torrent (Valencia) y organizada por la Facultad de Ciencias de la Actividad F\u00edsica y el Deporte de la Universidad Cat\u00f3lica de Valencia, en colaboraci\u00f3n con la Universidad Fasta (Argentina), es un privilegio para los organizadores celebrar esta segunda edici\u00f3n en la ciudad de Oviedo, en el para\u00edso natural de Asturias (Espa\u00f1a).<\/p>\n\n\n\n<p>Este congreso se presenta como un foro \u00fanico para la reflexi\u00f3n, el debate y la difusi\u00f3n de experiencias innovadores y de investigaciones en torno a la diversa realidad de los juegos y deportes alternativos. A lo largo de tres intensas jornadas, profesionales, investigadores, docentes y estudiantes del \u00e1mbito de la Actividad F\u00edsica y el Deporte se dar\u00e1n cita para explorar el potencial educativo, social y cultural de estas sugerentes manifestaciones l\u00fadicas.<\/p>\n\n\n\n<p><\/p>\n\n\n\n<p class=\"has-medium-font-size\"><strong>Objetivos del congreso<\/strong><\/p>\n\n\n\n<p>a. Promover los juegos y deportes alternativos en los \u00e1mbitos educativos, recreativos y deportivos.<\/p>\n\n\n\n<p>b. Intercambiar experiencias sobre los juegos y deportes alternativos desde la perspectiva de los modelos pedag\u00f3gicos (entre otros, ense\u00f1anza comprensiva, aprendizaje cooperativo, educaci\u00f3n deportiva, aprendizaje-servicio, modelo ludot\u00e9cnico y autoconstrucci\u00f3n de materiales).<\/p>\n\n\n\n<p>c. Compartir evidencias cient\u00edficas sobre la pr\u00e1ctica y ense\u00f1anza de los juegos y deportes alternativos.<\/p>\n\n\n\n<p>d. Reflexionar sobre las buenas pr\u00e1cticas en este campo.<\/p>\n\n\n\n<p><\/p>\n\n\n\n<p class=\"has-medium-font-size\"><strong>Contenidos del congreso<\/strong><\/p>\n\n\n\n<p>a. Los juegos y los deportes alternativos en el contexto de la Educaci\u00f3n F\u00edsica, la recreaci\u00f3n y el deporte federativo.<\/p>\n\n\n\n<p>b. La ense\u00f1anza de los juegos y los deportes alternativos en diferentes contextos.<\/p>\n\n\n\n<p>c. La inclusi\u00f3n y la coeducaci\u00f3n a trav\u00e9s de los juegos y deportes alternativos.<\/p>\n\n\n\n<p>Esta p\u00e1gina web del congreso ser\u00e1 el punto de encuentro virtual de nuestra comunidad, ofreciendo toda la informaci\u00f3n necesaria: el programa detallado, los plazos de inscripci\u00f3n y de env\u00edo de propuestas de comunicaciones, p\u00f3sters y talleres, las normas de participaci\u00f3n, as\u00ed como recursos de inter\u00e9s que se ir\u00e1n actualizando.<\/p>\n\n\n\n<p>Invitamos a todos los interesados a unirse a este evento, a compartir sus conocimientos y a descubrir nuevas perspectivas que enriquezcan nuestro entendimiento de los juegos y deportes alternativos como herramientas de transformaci\u00f3n personal y colectiva.<\/p>\n\n\n\n<p>\u00a1Esperamos contar con vuestra valiosa participaci\u00f3n!<\/p>\n\n\n\n<p><\/p>\n","protected":false},"excerpt":{"rendered":"<p>PRESENTACI\u00d3N La Facultad de Formaci\u00f3n del Profesorado y Educaci\u00f3n de la Universidad de Oviedo tiene el honor de acoger el II Congreso Internacional de Juegos y Deportes Alternativos, que se celebrar\u00e1 del 1 al 3 de julio de 2026. Tras el \u00e9xito de la primera edici\u00f3n celebrada en Torrent (Valencia) y organizada por la Facultad [&hellip;]<\/p>\n","protected":false},"author":1,"featured_media":0,"parent":0,"menu_order":0,"comment_status":"closed","ping_status":"closed","template":"","meta":{"pagelayer_contact_templates":[],"_pagelayer_content":"","footnotes":""},"class_list":["post-21","page","type-page","status-publish","hentry"],"_links":{"self":[{"href":"https:\/\/deportesalternativos.com\/congreso\/index.php\/wp-json\/wp\/v2\/pages\/21","targetHints":{"allow":["GET"]}}],"collection":[{"href":"https:\/\/deportesalternativos.com\/congreso\/index.php\/wp-json\/wp\/v2\/pages"}],"about":[{"href":"https:\/\/deportesalternativos.com\/congreso\/index.php\/wp-json\/wp\/v2\/types\/page"}],"author":[{"embeddable":true,"href":"https:\/\/deportesalternativos.com\/congreso\/index.php\/wp-json\/wp\/v2\/users\/1"}],"replies":[{"embeddable":true,"href":"https:\/\/deportesalternativos.com\/congreso\/index.php\/wp-json\/wp\/v2\/comments?post=21"}],"version-history":[{"count":3,"href":"https:\/\/deportesalternativos.com\/congreso\/index.php\/wp-json\/wp\/v2\/pages\/21\/revisions"}],"predecessor-version":[{"id":96,"href":"https:\/\/deportesalternativos.com\/congreso\/index.php\/wp-json\/wp\/v2\/pages\/21\/revisions\/96"}],"wp:attachment":[{"href":"https:\/\/deportesalternativos.com\/congreso\/index.php\/wp-json\/wp\/v2\/media?parent=21"}],"curies":[{"name":"wp","href":"https:\/\/api.w.org\/{rel}","templated":true}]}}