{"id":192,"date":"2026-02-05T04:31:12","date_gmt":"2026-02-05T04:31:12","guid":{"rendered":"https:\/\/deportesalternativos.com\/congreso\/?page_id=192"},"modified":"2026-02-05T04:31:12","modified_gmt":"2026-02-05T04:31:12","slug":"alojamientos","status":"publish","type":"page","link":"https:\/\/deportesalternativos.com\/congreso\/index.php\/alojamientos\/","title":{"rendered":"Alojamientos"},"content":{"rendered":"\n<p>ALOJAMIENTOS RECOMENDADOS POR LA ORGANIZACI\u00d3N<br>Tarifas de alojamiento de las Residencias Universitarias San Gregorio, Am\u00e9rica y Mieres, para alojamiento de 3 a 4 d\u00edas en el mes de julio 2026.<\/p>\n\n\n\n<p><\/p>\n\n\n\n<ol class=\"wp-block-list\">\n<li><strong>RESIDENCIA UNIVERSITARIA AM\u00c9RICA<\/strong> (en las propias instalaciones del CAU,<br>Oviedo, donde tendr\u00e1n lugar los talleres del congreso).<br>Alojamiento en habitaci\u00f3n individual sin desayuno 30,00 \u20ac\/d\u00eda (IVA 10% incluido)<\/li>\n<\/ol>\n\n\n\n<p class=\"has-text-align-center\"><a href=\"https:\/\/deportesalternativos.com\/congreso\/wp-content\/uploads\/2026\/02\/VID-20260205-WA0001.mp4\">VER VIDEO DE RESIDENCIA UNIVERSITARIA AM\u00c9RICA<\/a><\/p>\n\n\n\n\n\n<ol start=\"2\" class=\"wp-block-list\">\n<li><strong>RESIDENCIA UNIVERSITARIA SAN GREGORIO<\/strong> (en las propias instalaciones del<br>CAU, Oviedo, donde tendr\u00e1n lugar los talleres del congreso):<br>Alojamiento en habitaci\u00f3n individual sin desayuno 28,00 \u20ac\/d\u00eda (IVA 10% incluido)<\/li>\n<\/ol>\n\n\n\n<p class=\"has-text-align-center\"><a href=\"https:\/\/deportesalternativos.com\/congreso\/wp-content\/uploads\/2026\/02\/VID-20260205-WA0002.mp4\">VER VIDEO DE RESIDENCIA UNIVERSITARIA SAN GREGORIO<\/a><\/p>\n\n\n\n\n\n<ol start=\"3\" class=\"wp-block-list\">\n<li><strong>RESIDENCIA UNIVERSITARIA MIERES<\/strong> (a 20-25 minutos en coche por autov\u00eda):<br>Alojamiento en habitaci\u00f3n individual sin desayuno 28,00 \u20ac\/d\u00eda (IVA 10% incluido)<\/li>\n<\/ol>\n\n\n\n<p class=\"has-text-align-center\"><a href=\"https:\/\/deportesalternativos.com\/congreso\/wp-content\/uploads\/2026\/02\/VID-20260205-WA0000.mp4\">VER VIDEO DE RESIDENCIA UNIVERSITARIA MIERES<\/a><\/p>\n\n\n\n\n\n<p><strong>MANUTENCI\u00d3N<\/strong>:<\/p>\n\n\n\n<ul class=\"wp-block-list\">\n<li>Desayuno 3,60 \u20ac (IVA 10% incluido)<\/li>\n\n\n\n<li>Comida o cena 12,00 \u20ac (IVA 10% incluido)<br><\/li>\n\n\n\n<li><strong>Reservas de las residencias Universitarias:<\/strong><br><\/li>\n\n\n\n<li><strong>IBERHOSTELERIA Y OCIO<\/strong>. Oficinas: C\/ Alcalde Garc\u00eda Conde, 11, 1\u00ba. Oficina 11,<br>33001, Oviedo, Asturias. Tfno.: 985 50 95 42. email: veapri@veapri.com<br>Avisad que est\u00e1is inscritos en el Congreso.<br><\/li>\n\n\n\n<li><strong>HOTELES PR\u00d3XIMOS<\/strong><br><strong>HOTEL Zentral Oviedo Ramiro I<\/strong>. Leopoldo Calvo Sotelo 13 | 33007 Oviedo<br>Web: <a href=\"http:\/\/www.hotelzentraloviedo.com\">www.hotelzentraloviedo.com<\/a><br>Precios:<br>DUI (individual): 101 \u20ac\/noche; DBL (doble): 109 \u20ac\/noche.<br>Alojamiento + Desayuno buffet.<br>Suplemento pensi\u00f3n: 20.00 \u20ac persona y servicio.<br>Reservas directas al 985232850 o reservas@zentraloviedo.com<\/li>\n<\/ul>\n\n\n\n\n\n<p><\/p>\n","protected":false},"excerpt":{"rendered":"<p>ALOJAMIENTOS RECOMENDADOS POR LA ORGANIZACI\u00d3NTarifas de alojamiento de las Residencias Universitarias San Gregorio, Am\u00e9rica y Mieres, para alojamiento de 3 a 4 d\u00edas en el mes de julio 2026. VER VIDEO DE RESIDENCIA UNIVERSITARIA AM\u00c9RICA VER VIDEO DE RESIDENCIA UNIVERSITARIA SAN GREGORIO VER VIDEO DE RESIDENCIA UNIVERSITARIA MIERES MANUTENCI\u00d3N:<\/p>\n","protected":false},"author":1,"featured_media":0,"parent":0,"menu_order":0,"comment_status":"closed","ping_status":"closed","template":"","meta":{"pagelayer_contact_templates":[],"_pagelayer_content":"","footnotes":""},"class_list":["post-192","page","type-page","status-publish","hentry"],"_links":{"self":[{"href":"https:\/\/deportesalternativos.com\/congreso\/index.php\/wp-json\/wp\/v2\/pages\/192","targetHints":{"allow":["GET"]}}],"collection":[{"href":"https:\/\/deportesalternativos.com\/congreso\/index.php\/wp-json\/wp\/v2\/pages"}],"about":[{"href":"https:\/\/deportesalternativos.com\/congreso\/index.php\/wp-json\/wp\/v2\/types\/page"}],"author":[{"embeddable":true,"href":"https:\/\/deportesalternativos.com\/congreso\/index.php\/wp-json\/wp\/v2\/users\/1"}],"replies":[{"embeddable":true,"href":"https:\/\/deportesalternativos.com\/congreso\/index.php\/wp-json\/wp\/v2\/comments?post=192"}],"version-history":[{"count":1,"href":"https:\/\/deportesalternativos.com\/congreso\/index.php\/wp-json\/wp\/v2\/pages\/192\/revisions"}],"predecessor-version":[{"id":193,"href":"https:\/\/deportesalternativos.com\/congreso\/index.php\/wp-json\/wp\/v2\/pages\/192\/revisions\/193"}],"wp:attachment":[{"href":"https:\/\/deportesalternativos.com\/congreso\/index.php\/wp-json\/wp\/v2\/media?parent=192"}],"curies":[{"name":"wp","href":"https:\/\/api.w.org\/{rel}","templated":true}]}}