{"id":59,"date":"2015-01-03T12:12:33","date_gmt":"2015-01-03T15:12:33","guid":{"rendered":"http:\/\/deportesalternativos.com\/argentina\/?page_id=59"},"modified":"2024-01-14T10:40:00","modified_gmt":"2024-01-14T13:40:00","slug":"que-son-los-deportes-alternativos","status":"publish","type":"page","link":"https:\/\/deportesalternativos.com\/argentina\/que-son-los-deportes-alternativos\/","title":{"rendered":"Deportes Alternativos"},"content":{"rendered":"<div style=\"color: #000000;\" align=\"justify\"><\/div>\n<div style=\"color: #000000;\" align=\"justify\"><span class=\"ws9\" style=\"font-family: Tahoma;\">El concepto de Juego y Deporte Alternativo<\/span><span class=\"ws9\" style=\"font-family: Tahoma;\"><b>\u00a0(JyDA)<\/b><\/span><span class=\"ws9\" style=\"font-family: Tahoma;\"> en Argentina fue implantado por CODASPORTS en 1997.<\/span><\/div>\n<div style=\"color: #000000;\" align=\"justify\"><\/div>\n<div style=\"color: #000000;\" align=\"justify\"><span class=\"ws9\" style=\"font-family: Tahoma;\">Dicho t\u00e9rmino era utilizado por deportes extremos principalmente, actividades en las cuales <\/span><span class=\"ws9\" style=\"font-family: Tahoma;\"><span style=\"text-decoration: underline;\">no hab\u00eda<\/span><\/span><span class=\"ws9\" style=\"font-family: Tahoma;\">\u00a0alternativas v\u00e1lidas para disfrutarlos si alguien no dispon\u00eda de los recursos originales.<\/span><\/div>\n<div style=\"color: #000000;\" align=\"justify\"><\/div>\n<div style=\"color: #000000;\" align=\"justify\"><span class=\"ws9\" style=\"font-family: Tahoma;\">La variante de comenzar a utilizar elementos ya existentes para otras actividades empez\u00f3 a tener gran auge a partir de 1998, a\u00f1o de nacimiento de la idea CODA.<\/span><\/div>\n<div style=\"color: #000000;\" align=\"justify\"><\/div>\n<div style=\"color: #000000;\" align=\"justify\"><span class=\"ws9\" style=\"font-family: Tahoma;\"><b>CODASports (Comisi\u00f3n de Juegos y Deportes Alternativos) naci\u00f3 el 21 de Diciembre de 1997 en la Ciudad Aut\u00f3noma de Buenos Aires,<\/b><\/span><span class=\"ws9\" style=\"font-family: Tahoma;\"> fundado por Ricardo Acu\u00f1a, un deportista chubutense precursor de esta modalidad. Actualmente, Ricardo Acu\u00f1a es el presidente de <a href=\"http:\/\/www.wasg.info\"><strong>WASG (World Alternative Sports and Games)<\/strong><\/a>, por el per\u00edodo 2021-2025, con sede en Melbourne (Australia) y que nuclea a m\u00e1s de 40 pa\u00edses.<\/span><\/div>\n<div style=\"color: #000000;\" align=\"justify\"><\/div>\n<div style=\"color: #000000;\" align=\"justify\"><span class=\"ws9\" style=\"font-family: Tahoma;\">Hab\u00eda nacido un camino que hoy much@s transitan con pasi\u00f3n y futuro.<\/span><\/div>\n<div style=\"color: #000000;\" align=\"justify\"><\/div>\n<div style=\"color: #000000;\" align=\"justify\"><span class=\"ws9\" style=\"font-family: Tahoma;\">Desde 1998 comenz\u00f3 la expansi\u00f3n, la investigaci\u00f3n, el desarrollo y difusi\u00f3n de las actividades alternativas, incorporando deportes emergentes (de reciente creaci\u00f3n), aut\u00f3ctonos, juegos populares y ancestrales (\u00abdeportivizados\u00bb o no) y deportes de escasa difusi\u00f3n en la mayor parte del globo terr\u00e1queo. Todas las actividades cumplen con las premisas de la idea CODA: r\u00e1pida puesta en marcha, consignas claras, elementos al alcance (reciclados, autoconstruidos, adaptados), que permita la participaci\u00f3n casi irrestricta y principalmente JUGAR.<\/span><\/div>\n<div style=\"color: #000000;\" align=\"justify\"><\/div>\n<div style=\"color: #000000;\" align=\"justify\"><span class=\"ws9\" style=\"font-family: Tahoma;\">Cuenta la historia que en 1999 , <b>Argentina, Australia, Canad\u00e1, India, Alemania y Puerto Rico sientan las bases de IASO Worldwide (International Alternative Sports Organization), actualmente <a href=\"http:\/\/www.wasg.info\">WASG (World Alternative Sports and Games)<\/a>.<\/b><\/span><\/div>\n<div style=\"color: #000000;\" align=\"justify\"><\/div>\n<div style=\"color: #000000;\" align=\"justify\"><span class=\"ws9\" style=\"font-family: Tahoma;\">CODASPORTS sigue \u00abcultivando\u00bb deportes, muchos de los cuales hoy ya est\u00e1n \u00abmaduros\u00bb y con estructuras autoabastecidas para funcionar como entidades rectoras: Lacrosse, Kabaddi, F\u00fatbol Australiano, Indiaca, Floorball y Korfball conformaron las primeras seis Asociaciones Nacionales desprendidas de CODASPORTS y muchas otras ya tienen clubes rectores. Asimismo, a\u00fan conviven en CODASPORTS alrededor de 550 deportes y juegos m\u00e1s, que siguen siendo disfrutados\/utilizados en beneficio de la recreaci\u00f3n, la educaci\u00f3n corporal y los valores que representan.<\/span><\/div>\n<div style=\"color: #000000;\" align=\"justify\"><\/div>\n<div style=\"color: #000000;\" align=\"justify\">\n<div style=\"color: #000000;\">\n<div align=\"justify\"><span class=\"ws9\"><b>En 2011 nace <span style=\"color: #339966;\">CADALT (Consejo Argentino de Deportes Alternativos)<\/span>, entidad que engloba los JyDA\u00a0 m\u00e1s populares de CODASPORTS, adem\u00e1s de otros que son regidos por otras asociaciones, federaciones, confederaciones y clubes, conformando un \u00abparaguas\u00bb de Juegos y Deportes Alternativos que funciona como una unidad de voluntad, solidificando fuerzas en pos del desarrollo\/divulgaci\u00f3n\/consolidaci\u00f3n de diversas nuevas propuestas en Latinoam\u00e9rica.<\/b><\/span><\/div>\n<div align=\"justify\"><span class=\"ws9\">\u00a0<\/span><\/div>\n<div align=\"justify\"><span class=\"ws9\">Tambi\u00e9n y durante la realizaci\u00f3n de los <\/span><span class=\"ws9\"><b>World Games Cali 2013<\/b><\/span><span class=\"ws9\">,\u00a0<\/span><span class=\"ws9\"><b>CADALT recibi\u00f3 el voto de confianza de la <span style=\"color: #339966;\">IWGA (International World Games Association)<\/span> para la coordinaci\u00f3n en el futuro de los Juegos Mundiales en Argentina.<\/b><\/span><\/div>\n<div align=\"justify\"><\/div>\n<div align=\"justify\"><a href=\"https:\/\/deportesalternativos.com\/argentina\/wp-content\/uploads\/2015\/01\/breslavia2017.png\"><img decoding=\"async\" loading=\"lazy\" class=\"aligncenter size-medium wp-image-64\" src=\"https:\/\/deportesalternativos.com\/argentina\/wp-content\/uploads\/2015\/01\/breslavia2017-300x39.png\" alt=\"breslavia2017\" width=\"300\" height=\"39\" srcset=\"https:\/\/deportesalternativos.com\/argentina\/wp-content\/uploads\/2015\/01\/breslavia2017-300x39.png 300w, https:\/\/deportesalternativos.com\/argentina\/wp-content\/uploads\/2015\/01\/breslavia2017-1024x135.png 1024w, https:\/\/deportesalternativos.com\/argentina\/wp-content\/uploads\/2015\/01\/breslavia2017.png 1346w\" sizes=\"(max-width: 300px) 100vw, 300px\" \/><\/a><\/div>\n<\/div>\n<div style=\"color: #000000;\"><\/div>\n<div id=\"image13\" style=\"color: #000000;\"><\/div>\n<div id=\"text6\" style=\"color: #000000;\">\n<div class=\"wpmd\">\n<div align=\"justify\">\n<div id=\"attachment_63\" style=\"width: 310px\" class=\"wp-caption aligncenter\"><a href=\"https:\/\/deportesalternativos.com\/argentina\/wp-content\/uploads\/2015\/01\/KorenyAcuna.png\"><img aria-describedby=\"caption-attachment-63\" decoding=\"async\" loading=\"lazy\" class=\"wp-image-63 size-medium\" src=\"https:\/\/deportesalternativos.com\/argentina\/wp-content\/uploads\/2015\/01\/KorenyAcuna-300x244.png\" alt=\"KorenyAcuna\" width=\"300\" height=\"244\" srcset=\"https:\/\/deportesalternativos.com\/argentina\/wp-content\/uploads\/2015\/01\/KorenyAcuna-300x244.png 300w, https:\/\/deportesalternativos.com\/argentina\/wp-content\/uploads\/2015\/01\/KorenyAcuna.png 380w\" sizes=\"(max-width: 300px) 100vw, 300px\" \/><\/a><p id=\"caption-attachment-63\" class=\"wp-caption-text\">Foto: Ricardo Acu\u00f1a (CADALT) y Co Koren (Vicepresidente Honorario de la IWGA, International World Games Association)<\/p><\/div>\n<\/div>\n<div align=\"justify\"><\/div>\n<\/div>\n<\/div>\n<\/div>\n<div style=\"color: #000000;\" align=\"justify\"><\/div>\n","protected":false},"excerpt":{"rendered":"<p>El concepto de Juego y Deporte Alternativo\u00a0(JyDA) en Argentina fue implantado por CODASPORTS en 1997. Dicho t\u00e9rmino era utilizado por deportes extremos principalmente, actividades en las cuales no hab\u00eda\u00a0alternativas v\u00e1lidas para disfrutarlos si alguien no dispon\u00eda de los recursos originales. La variante de comenzar a utilizar elementos ya existentes para otras actividades empez\u00f3 a tener&hellip; <br \/> <a class=\"read-more\" href=\"https:\/\/deportesalternativos.com\/argentina\/que-son-los-deportes-alternativos\/\">Leer m\u00e1s<\/a><\/p>\n","protected":false},"author":1,"featured_media":0,"parent":0,"menu_order":40,"comment_status":"open","ping_status":"closed","template":"","meta":{"pagelayer_contact_templates":[],"_pagelayer_content":""},"_links":{"self":[{"href":"https:\/\/deportesalternativos.com\/argentina\/wp-json\/wp\/v2\/pages\/59"}],"collection":[{"href":"https:\/\/deportesalternativos.com\/argentina\/wp-json\/wp\/v2\/pages"}],"about":[{"href":"https:\/\/deportesalternativos.com\/argentina\/wp-json\/wp\/v2\/types\/page"}],"author":[{"embeddable":true,"href":"https:\/\/deportesalternativos.com\/argentina\/wp-json\/wp\/v2\/users\/1"}],"replies":[{"embeddable":true,"href":"https:\/\/deportesalternativos.com\/argentina\/wp-json\/wp\/v2\/comments?post=59"}],"version-history":[{"count":10,"href":"https:\/\/deportesalternativos.com\/argentina\/wp-json\/wp\/v2\/pages\/59\/revisions"}],"predecessor-version":[{"id":1911,"href":"https:\/\/deportesalternativos.com\/argentina\/wp-json\/wp\/v2\/pages\/59\/revisions\/1911"}],"wp:attachment":[{"href":"https:\/\/deportesalternativos.com\/argentina\/wp-json\/wp\/v2\/media?parent=59"}],"curies":[{"name":"wp","href":"https:\/\/api.w.org\/{rel}","templated":true}]}}