{"id":1983,"date":"2025-05-19T12:03:22","date_gmt":"2025-05-19T15:03:22","guid":{"rendered":"https:\/\/deportesalternativos.com\/argentina\/?page_id=1983"},"modified":"2025-09-16T20:18:03","modified_gmt":"2025-09-16T23:18:03","slug":"tienda","status":"publish","type":"page","link":"https:\/\/deportesalternativos.com\/argentina\/tienda\/","title":{"rendered":"Tienda"},"content":{"rendered":"\n\n<br><p style=\"text-align: center;\"><img decoding=\"async\" src=\"https:\/\/deportesalternativos.com\/argentina\/wp-content\/uploads\/2025\/05\/tienda-cartel-04.jpg\" alt=\"\" pl-media-id=\"2018\" width=\"300\"><\/p><br><p style=\"text-align: center; font-size: 22px;\"><strong>\u00a1COMUNICATE DIRECTO CON TIENDA CODASPORTS!<br><\/strong><\/p><span style=\"font-size: 48px;\"><span style=\"background-color: transparent;\"><\/span><\/span><p style=\"text-align: center; font-size: 22px;\"><strong><\/strong><\/p>\n<br><p style=\"text-align: center; \"><span style=\"font-size: 42px; color: rgb(192, 80, 77);\"><strong>+54-911-73634855<\/strong><\/span><\/p>\n<span style=\"background-color: transparent; color: rgb(128, 100, 162);\"><strong style=\"font-size: 30px;\"><br><\/strong><\/span><p style=\"text-align: center;\"><span style=\"background-color: transparent; color: rgb(128, 100, 162);\"><strong style=\"font-size: 30px;\">\u00a1Agreg\u00e1nos a tu agenda y contactanos por Whatsapp!<\/strong><\/span><\/p>\n<span style=\"color: rgb(0, 0, 0);\"><br><\/span><p><span style=\"color: rgb(0, 0, 0);\">Aqu\u00ed encontrar\u00e1s <strong>Deportes Alternativos<\/strong> y sus implementos de juego, <strong>materiales oficiales y alternativos, ofertas, capacitaciones y dem\u00e1s \u00edtems de inter\u00e9s<\/strong> para todos\/as quienes se han sumado y se suman a esta tem\u00e1tica en constante crecimiento. \u00a1A tu disposici\u00f3n!<\/span><\/p><span style=\"color: rgb(0, 0, 0);\"><br><\/span><span><br><\/span><p style=\"text-align: center; \"><a href=\"https:\/\/deportesalternativos.com\/argentina\/wp-content\/uploads\/2025\/09\/Catalogo-CodaSports-2025.pdf\"><img decoding=\"async\" xmlns=\"http:\/\/www.w3.org\/1999\/xhtml\" src=\"https:\/\/deportesalternativos.com\/argentina\/wp-content\/uploads\/2025\/06\/DESCARGAR_CATALOGO.jpg\"><\/a><\/p><br><br>\n\n<br><p style=\"text-align: center;\"><a href=\"https:\/\/deportesalternativos.com\/argentina\/wp-content\/uploads\/2025\/06\/Catalogo-CodaSports-2025.pdf\"><img decoding=\"async\" xmlns=\"http:\/\/www.w3.org\/1999\/xhtml\" src=\"https:\/\/deportesalternativos.com\/argentina\/wp-content\/uploads\/2025\/06\/DISPONIBLES_2.jpg\" alt=\"\" pl-media-id=\"2032\" width=\"1000\"><\/a><\/p><br>\n\n\n\n\n<p><hr style=\"text-align: center;\"><\/p><p style=\"text-align: center;\"><img decoding=\"async\" src=\"https:\/\/deportesalternativos.com\/argentina\/wp-content\/uploads\/2025\/06\/Flyer_CEIDA1_2025.jpg\" alt=\"\" pl-media-id=\"2035\" scale=\"0\" width=\"500\"><\/p><p style=\"text-align: center;\"><strong><br><\/strong><\/p><p style=\"text-align: center;\"><strong>Certificaci\u00f3n Internacional en Deportes Alternativos<\/strong><\/p><p style=\"text-align: center;\">COSTO FINAL: AR$ <strong>70.000<\/strong><\/p><p style=\"text-align: center;\"><a href=\"https:\/\/deportesalternativos.com\/cursos\/ceida1\/\">CLIC AQU\u00cd<\/a><\/p><br><p style=\"text-align: center;\">Podr\u00e1s pagar este curso en 2 pagos de AR$40.000&nbsp;<\/p><br><br><br><p><hr><\/p><p style=\"text-align: center;\"><img decoding=\"async\" src=\"https:\/\/deportesalternativos.com\/argentina\/wp-content\/uploads\/2025\/05\/flyer_oficial_eidaa_2024.jpg\" alt=\"\" pl-media-id=\"1990\" width=\"500\" scale=\"0\"><\/p><p style=\"text-align: center; \"><strong><br><\/strong><\/p><p style=\"text-align: center; \"><strong>Especializaci\u00f3n Internacional en Deportes Alternativos Adaptados<\/strong>&nbsp;<\/p><p style=\"text-align: center; \">COSTO FINAL: <strong>AR$ 70.000<\/strong><\/p><p style=\"text-align: center;\"><a href=\"https:\/\/deportesalternativos.com\/cursos\/eidaa1\/\">CLIC AQU\u00cd<\/a><\/p><span style=\"text-align: center;\"><br><\/span><p><span style=\"text-align: center;\">Podr\u00e1s pagar este curso en 2 pagos de AR$ 40.000<\/span><\/p><span style=\"text-align: center;\"><br><\/span>\n\n\n\n\n\n\n<p style=\"text-align: center;\"><img decoding=\"async\" src=\"https:\/\/deportesalternativos.com\/argentina\/wp-content\/uploads\/2025\/05\/WhatsApp-Image-2025-05-20-at-23.42.08.jpeg\" alt=\"\" pl-media-id=\"1994\" width=\"600\" style=\"background-color: transparent; font-size: 12px;\" scale=\"0\"><\/p><br><p style=\"text-align: center; \"><img decoding=\"async\" src=\"https:\/\/deportesalternativos.com\/argentina\/wp-content\/uploads\/2025\/05\/image-1.png\" scale=\"0\"><\/p><p style=\"text-align: center; \"><br><\/p><p style=\"text-align: center; \"><br><\/p>\n\n\n\n\n\n\n<p style=\"text-align: center;\"><img decoding=\"async\" src=\"https:\/\/deportesalternativos.com\/argentina\/wp-content\/uploads\/2025\/05\/WhatsApp-Image-2025-05-20-at-23.42.08-1.jpeg\" alt=\"\" pl-media-id=\"2002\" width=\"600\" style=\"background-color: transparent; font-size: 12px;\"><\/p><p style=\"text-align: center;\"><img decoding=\"async\" src=\"https:\/\/deportesalternativos.com\/argentina\/wp-content\/uploads\/2025\/05\/dodgebee4.jpg\" alt=\"\" pl-media-id=\"2001\" width=\"300\"><img decoding=\"async\" src=\"https:\/\/deportesalternativos.com\/argentina\/wp-content\/uploads\/2025\/05\/dodgebee3.jpg\" style=\"background-color: transparent; font-size: 12px;\" alt=\"\" pl-media-id=\"2000\" width=\"300\"><\/p><br><p style=\"text-align: center;\"><img decoding=\"async\" src=\"https:\/\/deportesalternativos.com\/argentina\/wp-content\/uploads\/2025\/05\/image-2.png\"><\/p><br><p style=\"text-align: center;\"><br><\/p>\n\n\n\n\n\n\n<p style=\"text-align: center;\"><img decoding=\"async\" src=\"https:\/\/deportesalternativos.com\/argentina\/wp-content\/uploads\/2025\/05\/WhatsApp-Image-2025-05-20-at-23.46.37.jpeg\" alt=\"\" pl-media-id=\"2005\" width=\"500\" style=\"background-color: transparent; font-size: 12px;\"><\/p><br><p style=\"text-align: center;\"><img decoding=\"async\" src=\"https:\/\/deportesalternativos.com\/argentina\/wp-content\/uploads\/2025\/05\/image-3.png\" style=\"background-color: transparent; font-size: 12px;\"><\/p><br><br>\n\n\n\n\n\n\n<p style=\"text-align: center;\"><img decoding=\"async\" src=\"https:\/\/deportesalternativos.com\/argentina\/wp-content\/uploads\/2025\/05\/WhatsApp-Image-2025-05-20-at-23.42.08-2.jpeg\" alt=\"\" pl-media-id=\"2008\" width=\"500\" style=\"background-color: transparent; font-size: 12px;\" scale=\"0\"><\/p><br><p style=\"text-align: center;\"><img decoding=\"async\" src=\"https:\/\/deportesalternativos.com\/argentina\/wp-content\/uploads\/2025\/05\/image-4.png\" scale=\"0\"><\/p><p style=\"text-align: center;\"><br><\/p><p style=\"text-align: center;\"><br><\/p>\n\n\n\n\n\n\n<p style=\"text-align: center;\"><img decoding=\"async\" src=\"https:\/\/deportesalternativos.com\/argentina\/wp-content\/uploads\/2025\/05\/STRIKE360.jpg\" alt=\"\" pl-media-id=\"2010\" width=\"500\" style=\"background-color: transparent; font-size: 12px;\" scale=\"0\"><\/p><p style=\"text-align: center;\"><br><\/p><br><p style=\"text-align: center;\"><img decoding=\"async\" src=\"https:\/\/deportesalternativos.com\/argentina\/wp-content\/uploads\/2025\/05\/image-5.png\" scale=\"0\"><\/p><p style=\"text-align: center;\"><br><\/p><p style=\"text-align: center;\"><br><\/p>\n\n\n\n\n\n\n<p style=\"text-align: center;\"><img decoding=\"async\" src=\"https:\/\/deportesalternativos.com\/argentina\/wp-content\/uploads\/2025\/06\/WhatsApp-Image-2025-05-29-at-20.55.40.jpeg\" alt=\"\" pl-media-id=\"2027\" width=\"500\"><\/p><br><p style=\"text-align: center;\"><img decoding=\"async\" src=\"https:\/\/deportesalternativos.com\/argentina\/wp-content\/uploads\/2025\/06\/image.png\"><\/p>\n\n\n\n\n\n\n<p style=\"text-align: center;\"><img decoding=\"async\" src=\"https:\/\/deportesalternativos.com\/argentina\/wp-content\/uploads\/2025\/06\/WhatsApp-Image-2025-05-29-at-20.31.53.jpeg\" alt=\"\" pl-media-id=\"2026\" width=\"500\"><\/p><p style=\"text-align: center;\"><img decoding=\"async\" src=\"https:\/\/deportesalternativos.com\/argentina\/wp-content\/uploads\/2025\/06\/image-1.png\"><\/p>\n\n\n\n\n\n\n\n\n\n\n\n\n\n\n\n\n\n\n\n\n\n\n\n\n\n\n\n\n\n\n\n\n\n\n\n\n\n\n\n\n\n\n\n\n\n\n\n\n\n","protected":false},"excerpt":{"rendered":"","protected":false},"author":1,"featured_media":0,"parent":0,"menu_order":0,"comment_status":"closed","ping_status":"closed","template":"","meta":{"pagelayer_contact_templates":[],"_pagelayer_content":""},"_links":{"self":[{"href":"https:\/\/deportesalternativos.com\/argentina\/wp-json\/wp\/v2\/pages\/1983"}],"collection":[{"href":"https:\/\/deportesalternativos.com\/argentina\/wp-json\/wp\/v2\/pages"}],"about":[{"href":"https:\/\/deportesalternativos.com\/argentina\/wp-json\/wp\/v2\/types\/page"}],"author":[{"embeddable":true,"href":"https:\/\/deportesalternativos.com\/argentina\/wp-json\/wp\/v2\/users\/1"}],"replies":[{"embeddable":true,"href":"https:\/\/deportesalternativos.com\/argentina\/wp-json\/wp\/v2\/comments?post=1983"}],"version-history":[{"count":27,"href":"https:\/\/deportesalternativos.com\/argentina\/wp-json\/wp\/v2\/pages\/1983\/revisions"}],"predecessor-version":[{"id":2054,"href":"https:\/\/deportesalternativos.com\/argentina\/wp-json\/wp\/v2\/pages\/1983\/revisions\/2054"}],"wp:attachment":[{"href":"https:\/\/deportesalternativos.com\/argentina\/wp-json\/wp\/v2\/media?parent=1983"}],"curies":[{"name":"wp","href":"https:\/\/api.w.org\/{rel}","templated":true}]}}