{"id":1949,"date":"2024-12-06T02:58:07","date_gmt":"2024-12-06T05:58:07","guid":{"rendered":"https:\/\/deportesalternativos.com\/argentina\/?page_id=1949"},"modified":"2024-12-06T04:18:03","modified_gmt":"2024-12-06T07:18:03","slug":"kho-kho-2","status":"publish","type":"page","link":"https:\/\/deportesalternativos.com\/argentina\/kho-kho-2\/","title":{"rendered":"Kho-kho"},"content":{"rendered":"\n\n\n\n<p>\u00a1Bienvenidos a Kho-kho Argentina!<\/p>\n\n\n\n<p><\/p>\n\n\n\n<p><\/p>\n\n\n\n\n\n\n\nKHO-KHO ARGENTINA\n\n\n\n\n<h2>\n\n\n\n\n\n\n\nACOMPA\u00d1A A NUESTRO EQUIPO AL MUNDIAL DE KHO-KHO 2025<\/h2>\n<p>Necesitamos tu apoyo.<\/p><p>Vamos a llevar a India, una bandera con todos los nombres de las personas que han ayudado a que esta aventura se haga realidad.<\/p><p><br><\/p><p>Los costos del apoyo:<\/p><p><br><\/p>\n\nARS 5.000 (a pagar por transferencia \u00f3 MercadoPago)\nSi nos apoyas de otro pa\u00eds que no es Argentina, el costo es de USD 5\nDel 6 al 10 de diciembre, cada apoyo recibido, cuenta doble para el sorteo de una Camiseta Oficial de \u00abLos \u00d1and\u00faes\u00bb\nDel 11 al 18 de diciembre, seguiremos recibiendo apoyos\nEl 19 de diciembre, sorteo de la Camiseta Oficial.<br>\n<p>IMPORTANTE: HASTA EL D\u00cdA DE LA PARTIDA SEGUIREMOS RECIBIENDO APOYOS.<\/p>\n\n\n\n\n\n\n\n\n\n\n\n\n\n\n\n\n<p>ESTADO DE SITUACI\u00d3N<\/p>\n\nHASTA EL MOMENTO (JUEVES 5 DE DICIEMBRE), HEMOS CONSEGUIDO:\n\n\n\n\n<h6>96,5 %<\/h6><h6><br><\/h6><div>DE LOS RECURSOS NECESARIOS PARA REPRESENTAR A ARGENTINA, HABIENDO ASEGURADO LO M\u00c1S IMPORTANTE: TRASLADO A\u00c9REO, ALOJAMIENTO Y ALIMENTACI\u00d3N EN NUEVA DELHI, INDIA<\/div>\n\n\n\n\n\u00a1SUM\u00c1 TU APOYO!\n<br><br><p><strong>PARA SUMAR TU APOYO:<\/strong><\/p><br><p>DON\u00c1 <strong>AR$ 5.000<\/strong> (V\u00cdA <u>MERCADO PAGO<\/u>, <a href=\"https:\/\/mpago.la\/2ud39e1\"><strong>HACIENDO CLIC AQU\u00cd<\/strong><\/a>)<\/p><br><p>TAMBI\u00c9N PODRAS APOYARNOS, MEDIANTE UNA TRANSFERENCIA BANCARIA (ALIAS <strong>CODASPORTS<\/strong>)<\/p><br><p>ADEM\u00c1S,&nbsp;<strong>HACIENDO CLIC EN LA IMAGEN DE LA DERECHA &#8212;&gt;<\/strong> PODR\u00c1S DETERMINAR LA CANTIDAD QUE DESEES APORTAR A \u00abLOS \u00d1AND\u00daES\u00bb<\/p><br><p>SI NO RESID\u00cdS EN ARGENTINA, PODES APOYAR (<strong>USD 5<\/strong>) INGRESANDO EN EL <a href=\"https:\/\/www.paypal.com\/ncp\/payment\/PVWNTFTZGLDSL\"><strong>SIGUIENTE ENLACE DE PAYPAL<\/strong><\/a>:<\/p>\n\n\n\n\n\n\n\n\n\n\n\n\n","protected":false},"excerpt":{"rendered":"","protected":false},"author":1,"featured_media":0,"parent":0,"menu_order":0,"comment_status":"closed","ping_status":"closed","template":"","meta":{"pagelayer_contact_templates":[],"_pagelayer_content":""},"_links":{"self":[{"href":"https:\/\/deportesalternativos.com\/argentina\/wp-json\/wp\/v2\/pages\/1949"}],"collection":[{"href":"https:\/\/deportesalternativos.com\/argentina\/wp-json\/wp\/v2\/pages"}],"about":[{"href":"https:\/\/deportesalternativos.com\/argentina\/wp-json\/wp\/v2\/types\/page"}],"author":[{"embeddable":true,"href":"https:\/\/deportesalternativos.com\/argentina\/wp-json\/wp\/v2\/users\/1"}],"replies":[{"embeddable":true,"href":"https:\/\/deportesalternativos.com\/argentina\/wp-json\/wp\/v2\/comments?post=1949"}],"version-history":[{"count":6,"href":"https:\/\/deportesalternativos.com\/argentina\/wp-json\/wp\/v2\/pages\/1949\/revisions"}],"predecessor-version":[{"id":1975,"href":"https:\/\/deportesalternativos.com\/argentina\/wp-json\/wp\/v2\/pages\/1949\/revisions\/1975"}],"wp:attachment":[{"href":"https:\/\/deportesalternativos.com\/argentina\/wp-json\/wp\/v2\/media?parent=1949"}],"curies":[{"name":"wp","href":"https:\/\/api.w.org\/{rel}","templated":true}]}}