{"id":1786,"date":"2023-03-06T17:12:22","date_gmt":"2023-03-06T20:12:22","guid":{"rendered":"https:\/\/deportesalternativos.com\/argentina\/?page_id=1786"},"modified":"2026-03-04T17:51:02","modified_gmt":"2026-03-04T20:51:02","slug":"codasports-full","status":"publish","type":"page","link":"https:\/\/deportesalternativos.com\/argentina\/codasports-full\/","title":{"rendered":"CODASPORTS FULL 2026"},"content":{"rendered":"\n\n\n<p>Lorem Ipsum has been the industry&#8217;s standard dummy text ever since the 1500s.<\/p>\n\n\n\n\n\n<h2><b>MEMBRES\u00cdAS CODASPORTS 2026<\/b><\/h2> <h2><b>***\u00a0 Inicia 1\u00b0 de marzo de 2026 ***<\/b><\/h2><div><b><br><\/b><\/div><div><b>Fecha de cierre: 31\/03\/2026<\/b><\/div>\n\n\n\n<p>tenemos mucho para ofrecerte por tu soporte.<br><\/p><p>cumplimos 30 a\u00f1os de ser los pioneros en latinoam\u00e9rica.\u00a0<\/p><p>\u00a1H\u00c1ZTE MIEMBRO, te esperamos!<\/p>\n\n\n\n\n\n\n<p><span style=\"font-size: 21px; color: rgb(255, 255, 0);\"><strong style=\"font-size: 25px;\">MEMBRES\u00cdA FULL<\/strong><\/span><\/p><p><span style=\"font-size: 21px;\"><span style=\"color: rgb(255, 255, 0);\">Si ya est\u00e1s decidido, si ya nos acompa\u00f1as desde hace a\u00f1os, CODASPORTS tiene este escal\u00f3n, donde recibir\u00e1s todo el apoyo con la experiencia acumulada de 30 a\u00f1os.<\/span>&nbsp;<\/span><\/p><p><span style=\"font-size: 21px; color: rgb(255, 255, 255);\"><strong>Si quieres ser FULL<\/strong>, te esperamos en CODASPORTS con todos los beneficios que sin duda, ir\u00e1n creciendo<\/span><span style=\"font-size: 21px;\"><span style=\"color: rgb(255, 255, 255);\">.<\/span><\/span><\/p><p><span style=\"font-size: 21px; color: rgb(255, 255, 0);\"><strong>COSTO DE LA MEMBRES\u00cdA ANUAL:<\/strong><\/span><\/p><br><p><span style=\"font-size: 21px; color: rgb(255, 255, 255);\"><strong>\u00daNICO PAGO (anual) de <span style=\"color:#ffff00;\">AR$ 35.000<\/span> (hasta 8\/3\/26),&nbsp;<\/strong><\/span><\/p><p><span style=\"font-size: 21px; color: rgb(255, 255, 255);\"><strong>Desde 9\/3 y hasta el 31\/3\/26, <span style=\"color:#ffff00;\">AR$ 45.000<\/span><\/strong><\/span><\/p><br>\n\n\n\n\n\n\n<p class=\"MsoNormal\" style=\"text-align: center;\"><strong style=\"color: rgb(0, 0, 0);\">Membres\u00edas 2026<o:p><\/o:p><\/strong><\/p>\n\n<p class=\"MsoNormal\"><span style=\"color: rgb(0, 0, 0);\"><strong>CODASports \/&nbsp;<\/strong>Actividades<o:p><\/o:p><\/span><\/p>\n\n<table class=\"MsoNormalTable\" border=\"0\" cellpadding=\"0\">\n <thead>\n  <tr>\n   <td style=\"padding:.75pt .75pt .75pt .75pt\">\n   <p class=\"MsoNormal\" align=\"center\" style=\"text-align:center\"><strong><br><\/strong><\/p><\/td><\/tr><\/thead><\/table>\n\n\n<p><strong><span style=\"color:#9933ff;\">50%<\/span> \/ <span style=\"color:#000000;\">Certificaci\u00f3n Internacional<\/span> en Deportes Alternativos<\/strong><strong><br><\/strong><strong><span style=\"color: rgb(153, 51, 255);\">50%<\/span><\/strong><strong>\u00a0\/ Espe<span style=\"color:#000000;\">cializaci\u00f3n Internacional <\/span>en Deportes Alternativos <span style=\"color:#000000;\">Adaptados<\/span><br><\/strong><strong><span style=\"color: rgb(230, 0, 0);\">Free<\/span><\/strong><strong>\u00a0\/ <span style=\"color:#000000;\">Clasificaci\u00f3n Mundial <\/span>(pdf)<\/strong><strong><br><\/strong><strong><span style=\"color: rgb(153, 51, 255);\">50%<\/span><\/strong><strong>\u00a0\/ <span style=\"color:#000000;\">Campamento<\/span>-Vivac en C\u00f3rdoba<br><\/strong><strong><span style=\"color: rgb(153, 51, 255);\">50%\u00a0<\/span><\/strong><strong>\/ <span style=\"color:#000000;\">Certificaci\u00f3n Internacional<\/span> en Neuroeducaci\u00f3n y Juegos de Mesa<br><\/strong><strong><span style=\"color: rgb(153, 51, 255);\">50%<\/span><\/strong><strong>\u00a0\/\u00a0<\/strong><strong><span style=\"color: rgb(0, 0, 0);\">Certificaci\u00f3n Internacional<\/span><\/strong><strong>\u00a0en Juegos Abstractos competitivos<\/strong><strong><br><\/strong><strong><span style=\"color: rgb(153, 51, 255);\">50%<\/span><\/strong><strong>\u00a0\/ <span style=\"color:#000000;\">Curso Oficial IKF<\/span> Entrenador de <span style=\"color:#000000;\">Kabaddi<\/span> Level 1<br><\/strong><strong><span style=\"color: rgb(230, 0, 0);\">Free<\/span><\/strong><strong>\u00a0\/ Acceso a las Tertulias bimensuales virtuales<br><\/strong><strong><span style=\"color: rgb(230, 0, 0);\">Free<\/span><\/strong><strong>\u00a0\/ <span style=\"color:#000000;\">Congreso Sudamericano<\/span> de Deportes Alternativos\u00a0<br><\/strong><strong><span style=\"color: rgb(153, 51, 255);\">50%<\/span><\/strong><strong>\u00a0\/ <span style=\"color:#000000;\">Capacitaciones presenciales<\/span> en C\u00f3rdoba y CABA<br><\/strong><strong><span style=\"color: rgb(153, 51, 255);\">50%<\/span><\/strong><strong>\u00a0\/\u00a0<span style=\"color: rgb(0, 0, 0);\">Capacitaciones de actualizaci\u00f3n <\/span>en todas las provincias<\/strong><strong><br><\/strong><strong><span style=\"color: rgb(230, 0, 0);\">Free<\/span><\/strong><strong>\u00a0\/ <span style=\"color:#000000;\">Sello CODASPORTS para Capacitaciones<\/span> encuadradas en el marco de Deportes Alternativos<br><\/strong><strong><span style=\"color: rgb(230, 0, 0);\">Free<\/span><\/strong><strong>\u00a0\/ <span style=\"color:#000000;\">ENDA<\/span> (Encuentro Nacional de Deportes Alternativos) y <span style=\"color:#000000;\">TONA<\/span> (Torneos Nacionales Alternativos)<br><\/strong><strong><span style=\"color:#e60000;\">Free<\/span> \/ <span style=\"color:#000000;\">Grupos<\/span> de debates, charlas, mesa de ayuda y asesoramiento<br><\/strong><strong><span style=\"color:#e60000;\">Consultar<\/span> \/ Compra de <span style=\"color:#000000;\">material deportivo<\/span> alternativo exclusivo con descuentos<\/strong><\/p>\n\n<br>\n\n<p style=\"text-align: center;\"><strong style=\"color: rgb(0, 0, 0);\">(desde <span style=\"background-color:#ffff00;\">03\/03\/2026 hasta 08\/03\/2026<\/span>)&nbsp;<\/strong><strong style=\"color: rgb(0, 0, 0);\">1 cuota anual de:<\/strong><\/p>\n<p class=\"MsoNormal\" style=\"text-align: center; \"><strong style=\"color: rgb(0, 0, 0);\"><\/strong><\/p>\n\n<ul style=\"margin-top:0cm\" type=\"disc\">\n <li class=\"MsoNormal\" style=\"text-align: center; \"><p><span style=\"color: rgb(0, 0, 0);\"><span style=\"font-size: x-large;\">Membres\u00eda\n     FULL: <strong>AR$ 35.000<\/strong><\/span><strong><\/strong><o:p><\/o:p><\/span><\/p><\/li><li class=\"MsoNormal\" style=\"text-align: center; \"><span style=\"color: rgb(0, 0, 0);\"><span style=\"font-size: x-large;\"><strong><br><\/strong><\/span><\/span><\/li>\n<\/ul>\n\n<p class=\"MsoNormal\" style=\"text-align: center; \"><strong style=\"color: rgb(0, 0, 0);\">En Argentina, Transferencia bancaria, ALIAS: CODASPORTS<\/strong><\/p>\n<p class=\"MsoNormal\" style=\"text-align: center;\"><strong style=\"color: rgb(0, 0, 0);\">Desde el exterior, USD 35 <\/strong><span style=\"color: rgb(0, 0, 0);\">(<\/span><span style=\"color: rgb(0, 0, 0);\">a trav\u00e9s de <\/span><strong style=\"color: rgb(0, 0, 0);\">Paypal&nbsp; | <font face=\"PayPalPlain-Regular, Helvetica Neue, Arial, sans-serif\" size=\"3\"><span style=\"white-space: pre;\"><a href=\"https:\/\/www.paypal.com\/ncp\/payment\/9P2JJJEVFZGDN\">CLIC AQU\u00cd<\/a><\/span><\/font><\/strong><\/p>\n<script \n  src=\"https:\/\/www.paypal.com\/sdk\/js?client-id=BAAz9jTpmqkU9iAkeUThepIc4pCzgBek3X2SZH2tTFuU57GuslmZ0eYI5tMQhwQvxHqf6ydhBMwQnEsZrk&#038;components=hosted-buttons&#038;disable-funding=venmo&#038;currency=USD\">\n<\/script>\n<p\u00a0class=\"msonormal\" style=\"text-align: center; \"><strong style=\"color: rgb(0, 0, 0);\"><\/strong>\n<\/p\u00a0class=\"msonormal\">\n<p><strong style=\"color: rgb(0, 0, 0);\"><\/strong><o:p><\/o:p>\n\n<\/p><p class=\"MsoNormal\" style=\"text-align: center;\"><o:p><strong><span style=\"color:#e60000;\">Nota: a partir del 09\/03\/2026<\/span>, el costo ser\u00e1 de <span style=\"color:#e60000;\">AR$ 45.000<\/span><\/strong>&nbsp;<\/o:p><\/p>\n<p style=\"text-align: center;\"><strong style=\"color: rgb(230, 0, 0);\">Finalizaci\u00f3n de inscripciones para Membres\u00eda CODASPORTS FULL: 31\/03\/2026<\/strong><span style=\"color:#e60000;\"><\/span>&nbsp;<\/p>\n\n\n\n\n<p><br><\/p>\n\n\n","protected":false},"excerpt":{"rendered":"","protected":false},"author":1,"featured_media":0,"parent":0,"menu_order":0,"comment_status":"closed","ping_status":"closed","template":"","meta":{"pagelayer_contact_templates":[],"_pagelayer_content":""},"_links":{"self":[{"href":"https:\/\/deportesalternativos.com\/argentina\/wp-json\/wp\/v2\/pages\/1786"}],"collection":[{"href":"https:\/\/deportesalternativos.com\/argentina\/wp-json\/wp\/v2\/pages"}],"about":[{"href":"https:\/\/deportesalternativos.com\/argentina\/wp-json\/wp\/v2\/types\/page"}],"author":[{"embeddable":true,"href":"https:\/\/deportesalternativos.com\/argentina\/wp-json\/wp\/v2\/users\/1"}],"replies":[{"embeddable":true,"href":"https:\/\/deportesalternativos.com\/argentina\/wp-json\/wp\/v2\/comments?post=1786"}],"version-history":[{"count":52,"href":"https:\/\/deportesalternativos.com\/argentina\/wp-json\/wp\/v2\/pages\/1786\/revisions"}],"predecessor-version":[{"id":2098,"href":"https:\/\/deportesalternativos.com\/argentina\/wp-json\/wp\/v2\/pages\/1786\/revisions\/2098"}],"wp:attachment":[{"href":"https:\/\/deportesalternativos.com\/argentina\/wp-json\/wp\/v2\/media?parent=1786"}],"curies":[{"name":"wp","href":"https:\/\/api.w.org\/{rel}","templated":true}]}}