{"id":1654,"date":"2022-11-06T01:08:29","date_gmt":"2022-11-06T04:08:29","guid":{"rendered":"https:\/\/deportesalternativos.com\/argentina\/?page_id=1654"},"modified":"2022-11-26T01:47:37","modified_gmt":"2022-11-26T04:47:37","slug":"enda-2022","status":"publish","type":"page","link":"https:\/\/deportesalternativos.com\/argentina\/enda-2022\/","title":{"rendered":"ENDA 2022"},"content":{"rendered":"\n\n\n<p class=\"has-text-align-center\"><strong><br><\/strong><\/p><p class=\"has-text-align-center\"><strong>\u00a1Lo logramos! \u00a1Comienza la cuenta regresiva!<\/strong><\/p><p class=\"has-text-align-center\"><strong><br><\/strong><\/p>\n\n\n\n<p class=\"has-text-align-center has-pale-pink-background-color has-background\" style=\"text-align: center; font-size: 26px;\"><strong style=\"line-height: 1.5;\">Viernes 25, s\u00e1bado 26 y domingo 27: Congreso Argentino y ENDA (Encuentro Nacional de Deportes Alternativos)<\/strong><\/p><span style=\"font-size: 40px;\"><strong><br><\/strong><\/span><p style=\"text-align: center; \"><span style=\"font-size: 40px;\"><strong>Sede: Predio Deportivo de la UNCuyo, Ciudad de MENDOZA<\/strong><\/span><\/p><span style=\"font-size: 40px;\"><strong><br><\/strong><\/span><p style=\"text-align: center; \"><img decoding=\"async\" src=\"https:\/\/deportesalternativos.com\/argentina\/wp-content\/uploads\/2022\/11\/mendoza-gobierno.jpg\" alt=\"\" pl-media-id=\"1759\">&nbsp;<img decoding=\"async\" src=\"https:\/\/deportesalternativos.com\/argentina\/wp-content\/uploads\/2022\/11\/u-12.png\" style=\"background-color: transparent; font-size: 12px;\" alt=\"\" pl-media-id=\"1760\" width=\"100\"><\/p><span style=\"font-size: 40px;\"><strong><br><\/strong><\/span><span style=\"font-size: 60PX;\"><\/span><p class=\"has-text-align-center has-pale-pink-background-color has-background\" style=\"font-size:26px\"><strong style=\"line-height: 1.5;\"><\/strong><\/p>\n\n\n\n<p class=\"has-text-align-center\"><strong><br><\/strong><\/p><br>\n\n\n<p><hr class=\"wp-block-separator has-alpha-channel-opacity\"><\/p>\n<span style=\"font-size: 22px;\"><strong><br><\/strong><\/span><p><span style=\"font-size: 22px;\"><strong>Detalles confirmados <span style=\"color: rgb(192, 80, 77);\">(actualizado al VIERNES 25\/11, 4:00 AM)<\/span>:<\/strong><\/span><br><\/p><br><p><strong style=\"color: rgb(0, 0, 0);\">SEDE: PREDIO DEPORTIVO DE LA UNIVERSIDAD NACIONAL DE CUYO, MENDOZA, ARGENTINA<\/strong><br><\/p><p style=\"margin: 0px; padding: 0px; outline: 0px; overflow-wrap: break-word; line-height: 1.6; color: rgb(107, 124, 147); font-family: &quot;Open Sans&quot;, Helvetica, Arial, sans-serif; font-size: 16px;\"><strong style=\"margin: 0px; padding: 0px; outline: 0px; overflow-wrap: break-word; color: rgb(0, 0, 0);\">CIUDAD: MENDOZA, Provincia: MENDOZA (Argentina) \/&nbsp;<a href=\"https:\/\/goo.gl\/maps\/uMsLcwfHCqXNLy7X9\"><font xmlns=\"http:\/\/www.w3.org\/1999\/xhtml\" color=\"#1155cc\"><span style=\"outline-color: initial; outline-style: initial;\">VER UBICACI\u00d3N<\/span><\/font><\/a><font color=\"#1155cc\"><span style=\"outline-color: initial; outline-style: initial;\"><\/span><\/font><\/strong><\/p><p><strong><br><\/strong><\/p><p><strong>La inscripci\u00f3n (cuota recupero) ser\u00e1 de AR$1000 para Congreso y ENDA \/ <a href=\"https:\/\/mpago.la\/2ZiBt3b\"><span xmlns=\"http:\/\/www.w3.org\/1999\/xhtml\" style=\"font-size: 21px;\">LINK DE PAGO CLIC AQU\u00cd<\/span><\/a><\/strong><\/p><p><strong><br><\/strong><\/p><ul><li><br><\/li><\/ul><p><img decoding=\"async\" src=\"https:\/\/deportesalternativos.com\/argentina\/wp-content\/uploads\/2022\/11\/image-2.png\"><\/p><p><strong><br><\/strong><\/p><p><strong><br><\/strong><\/p><p><strong>Ponte en contacto con nosotros en el<\/strong>&nbsp;<span style=\"font-size: 20px;\"><strong><span style=\"background-color: rgb(31, 73, 125); color: rgb(238, 236, 225);\">+54 9 2945 60 2500<\/span><span style=\"color: rgb(31, 73, 125);\"> (CODASPORTS Argentina)<\/span><\/strong><\/span><strong> o con la Organizaci\u00f3n local al&nbsp;<\/strong><span style=\"font-size: 20px;\"><strong><span style=\"background-color: rgb(31, 73, 125); color: rgb(255, 255, 255);\">+54 9 2613 44-0367<\/span><span style=\"color: rgb(31, 73, 125);\"> (CODASPORTS Mendoza)<\/span><\/strong><\/span><span style=\"background-color: transparent; font-weight: bold;\">. <\/span><span style=\"background-color: transparent; font-weight: 700;\">Tambi\u00e9n<\/span><span style=\"background-color: transparent; font-weight: bold;\">&nbsp;escribiendo a&nbsp;<\/span><span style=\"font-size: 19px;\">codasports@gmail.com<\/span><br><\/p><br><br><br>\n<iframe loading=\"lazy\" src=\"https:\/\/docs.google.com\/forms\/d\/e\/1FAIpQLSfHS7fWPYy3TQVEj4DFxYGtPkFSoHiMjbanYX8IgfUB_776Pg\/viewform?embedded=true\" width=\"640\" height=\"2130\" frameborder=\"0\" marginheight=\"0\" marginwidth=\"0\">Cargando\u2026<\/iframe>\n<br><p style=\"text-align: center; font-size: 23px;\"><strong>LOS DEPORTES Y JUEGOS QUE ESTAR\u00c1N PRESENTES<\/strong><\/p><p style=\"text-align: center; font-size: 23px;\"><strong><br><\/strong><\/p>\n\n\n\n\n\n\n\n\n\n\n\n\n\n\n\n\n\n\n\n\n\n\n\n\n\n\n\n\n\n\n\n\n\n\n\n\n\n<p class=\"has-text-align-center\"><strong><br><\/strong><\/p><p class=\"has-text-align-center\"><br><\/p>\n\n\n\n<p class=\"has-text-align-center has-pale-cyan-blue-background-color has-background\"><strong>TODA LA INFO ESTAR\u00c1 REFLEJADA EN \u00c9STA P\u00c1GINA WEB Y A TRAV\u00c9S DE LA CUENTA de INSTAGRAM<\/strong> <span style=\"font-size: 22px;\"><a href=\"http:\/\/www.instagram.com\/codasportsargentina\">@codasportsargentina<\/a><\/span><strong><a href=\"http:\/\/www.instagram.com\/codasportsargentina\"><\/a><\/strong><\/p>\n\n\n\n<p class=\"has-text-align-center has-medium-font-size\"><strong><br><\/strong><\/p><p class=\"has-text-align-center has-medium-font-size\"><strong>\u00a1AND\u00c1 RESERVANDO TUS D\u00cdAS, SE VIENE EL ENCUENTRO DEL A\u00d1O!<\/strong><\/p><p class=\"has-text-align-center has-medium-font-size\"><br><\/p><p><\/p>\n<p class=\"has-text-align-center\"><strong><br><\/strong><\/p><br>\n\n\n\n<p class=\"has-text-align-center has-pale-cyan-blue-background-color has-background\"><strong style=\"font-size: var(--wp--preset--font-size--medium) ; background-color: rgb(255, 255, 255);\">FLYER OFICIAL<\/strong><br><\/p><p class=\"has-text-align-center has-medium-font-size\"><strong><br><\/strong><\/p>\n\n\n\n<figure class=\"aligncenter size-large is-resized\" style=\"text-align: center; \"><img decoding=\"async\" src=\"https:\/\/deportesalternativos.com\/argentina\/wp-content\/uploads\/2022\/11\/Flyer-Oficial-1000-ENDA-Mendoza-2022.png\"><\/figure><figure class=\"aligncenter size-large is-resized\" style=\"text-align: center; \"><br><\/figure><figure class=\"aligncenter size-large is-resized\" style=\"text-align: center; \"><br><\/figure><figure class=\"aligncenter size-large is-resized\" style=\"text-align: center; \"><br><\/figure>\n\n\n<p><hr class=\"wp-block-separator has-alpha-channel-opacity\"><\/p>\n\n\n","protected":false},"excerpt":{"rendered":"","protected":false},"author":1,"featured_media":0,"parent":0,"menu_order":0,"comment_status":"closed","ping_status":"closed","template":"","meta":{"pagelayer_contact_templates":[],"_pagelayer_content":""},"_links":{"self":[{"href":"https:\/\/deportesalternativos.com\/argentina\/wp-json\/wp\/v2\/pages\/1654"}],"collection":[{"href":"https:\/\/deportesalternativos.com\/argentina\/wp-json\/wp\/v2\/pages"}],"about":[{"href":"https:\/\/deportesalternativos.com\/argentina\/wp-json\/wp\/v2\/types\/page"}],"author":[{"embeddable":true,"href":"https:\/\/deportesalternativos.com\/argentina\/wp-json\/wp\/v2\/users\/1"}],"replies":[{"embeddable":true,"href":"https:\/\/deportesalternativos.com\/argentina\/wp-json\/wp\/v2\/comments?post=1654"}],"version-history":[{"count":16,"href":"https:\/\/deportesalternativos.com\/argentina\/wp-json\/wp\/v2\/pages\/1654\/revisions"}],"predecessor-version":[{"id":1784,"href":"https:\/\/deportesalternativos.com\/argentina\/wp-json\/wp\/v2\/pages\/1654\/revisions\/1784"}],"wp:attachment":[{"href":"https:\/\/deportesalternativos.com\/argentina\/wp-json\/wp\/v2\/media?parent=1654"}],"curies":[{"name":"wp","href":"https:\/\/api.w.org\/{rel}","templated":true}]}}