{"id":1624,"date":"2022-01-17T20:11:03","date_gmt":"2022-01-17T23:11:03","guid":{"rendered":"http:\/\/deportesalternativos.com\/argentina\/?page_id=1624"},"modified":"2022-01-19T11:20:41","modified_gmt":"2022-01-19T14:20:41","slug":"sjoelen","status":"publish","type":"page","link":"https:\/\/deportesalternativos.com\/argentina\/sjoelen\/","title":{"rendered":"Sjoelen"},"content":{"rendered":"\n\n\n<p class=\"MsoNormal\" style=\"text-align: center; margin-bottom: 12pt; line-height: normal; background-image: initial; background-position: initial; background-size: initial; background-repeat: initial; background-attachment: initial; background-origin: initial; background-clip: initial; vertical-align: baseline;\"><strong style=\"background-color: transparent; font-size: 12px;\"><span lang=\"ES-AR\" style=\"font-size: 22px; font-family: &quot;Trebuchet MS&quot;, sans-serif; color: rgb(149, 55, 52);\">PARA JUGAR LA COPA ARGENTINA DE SJOELEN, PRESENTARSE EN EL GIMNASIO MUNICIPAL N\u00b01 DE SARMIENTO, CHUBUT, EL D\u00cdA S\u00c1BADO 22 DE ENERO DE 2022 A LAS 3PM. INFORMES: +54-9-2945-602500<\/span><\/strong><\/p><p class=\"MsoNormal\" style=\"margin-bottom: 12pt; line-height: normal; background-image: initial; background-position: initial; background-size: initial; background-repeat: initial; background-attachment: initial; background-origin: initial; background-clip: initial; vertical-align: baseline;\"><strong style=\"background-color: transparent; font-size: 12px;\"><span lang=\"ES-AR\" style=\"font-size:15.0pt;font-family:&quot;Trebuchet MS&quot;,sans-serif;mso-fareast-font-family:\n&quot;Times New Roman&quot;;mso-bidi-font-family:&quot;Times New Roman&quot;;color:black;\nmso-font-kerning:18.0pt;mso-ansi-language:ES-AR\"><br><\/span><\/strong><\/p><p class=\"MsoNormal\" style=\"margin-bottom: 12pt; line-height: normal; background-image: initial; background-position: initial; background-size: initial; background-repeat: initial; background-attachment: initial; background-origin: initial; background-clip: initial; vertical-align: baseline;\"><strong style=\"background-color: transparent; font-size: 12px;\"><span lang=\"ES-AR\" style=\"font-size:15.0pt;font-family:&quot;Trebuchet MS&quot;,sans-serif;mso-fareast-font-family:\n&quot;Times New Roman&quot;;mso-bidi-font-family:&quot;Times New Roman&quot;;color:black;\nmso-font-kerning:18.0pt;mso-ansi-language:ES-AR\">Las reglas de Sjoelbak\n(Sjoelen) \u00f3 Tejo holand\u00e9s<\/span><\/strong><\/p>\n\n<p class=\"MsoNormal\" style=\"margin-bottom:14.4pt;line-height:15.6pt;vertical-align:\nbaseline\"><span lang=\"ES-AR\" style=\"font-size:11.5pt;font-family:&quot;Arial&quot;,sans-serif;\nmso-fareast-font-family:&quot;Times New Roman&quot;;color:black;mso-ansi-language:ES-AR\">Tambi\u00e9n\nconocido como Dutch Shuffleboard, Sjoelbak es el tablero de un juego llamado\nSjoelen que se juega principalmente en los Pa\u00edses Bajos, B\u00e9lgica y Alemania.<br>\n<br>\nNota: 1 yarda = 3 pies = 36 pulgadas = 0,9144 metros.<o:p><\/o:p><\/span><\/p>\n\n<p class=\"MsoNormal\" style=\"margin-bottom:0cm;margin-bottom:.0001pt;line-height:\nnormal;vertical-align:baseline\"><a name=\"rules-ads-sjoelbak\"><strong><span lang=\"ES-AR\" style=\"font-size:11.5pt;font-family:&quot;Trebuchet MS&quot;,sans-serif;mso-fareast-font-family:\n&quot;Times New Roman&quot;;mso-bidi-font-family:Arial;color:#005C09;mso-ansi-language:\nES-AR\">&nbsp;<\/span><\/strong><\/a><a href=\"https:\/\/www-mastersofgames-com.translate.goog\/cat\/table\/sjoelbak-sjoelen-dutch-shuffleboard-tournament.htm?_x_tr_sl=en&amp;_x_tr_tl=es&amp;_x_tr_hl=es\" style=\"text-align: center; font-size: 12px;\"><strong><span lang=\"ES-AR\" style=\"font-size: 20pt; font-family: &quot;Trebuchet MS&quot;, sans-serif; color: black; text-decoration-line: none;\">Sjoelbak<\/span><\/strong><\/a><\/p>\n\n<p class=\"MsoNormal\" style=\"text-align: center; margin: 12pt 0cm; line-height: normal; vertical-align: baseline;\"><img decoding=\"async\" src=\"https:\/\/deportesalternativos.com\/argentina\/wp-content\/uploads\/2022\/01\/boardsjoelen-3.jpg\" alt=\"\" pl-media-id=\"1631\"><\/p><p class=\"MsoNormal\" style=\"margin-top:12.0pt;margin-right:0cm;margin-bottom:\n12.0pt;margin-left:0cm;line-height:normal;mso-outline-level:3;vertical-align:\nbaseline\"><strong><span lang=\"ES-AR\" style=\"font-size:11.5pt;font-family:&quot;Trebuchet MS&quot;,sans-serif;\nmso-fareast-font-family:&quot;Times New Roman&quot;;mso-bidi-font-family:Arial;\ncolor:black;border:none windowtext 1.0pt;mso-border-alt:none windowtext 0cm;\npadding:0cm;mso-ansi-language:ES-AR\">Equipo<o:p><\/o:p><\/span><\/strong><\/p>\n\n<p class=\"MsoNormal\" style=\"margin-bottom:0cm;margin-bottom:.0001pt;line-height:\nnormal;vertical-align:baseline\"><span lang=\"ES-AR\" style=\"font-size:11.5pt;\nfont-family:&quot;Arial&quot;,sans-serif;mso-fareast-font-family:&quot;Times New Roman&quot;;\ncolor:black;border:none windowtext 1.0pt;mso-border-alt:none windowtext 0cm;\npadding:0cm;mso-ansi-language:ES-AR\"><br>\nUna tabla Sjoelbak es una tabla de madera de 2 metros x 0,4 metros con tres\nlados de unos 5 cm de altura. Se empujan discos de madera de 5,2 cm de di\u00e1metro\nhacia arriba del tablero desde el frente del juego que no tiene barrera\nlateral. A 43 cm del frente del tablero, una barra plana de madera cruza la\nparte superior del juego por debajo de la cual pasan los discos. Esto se llama\nla \u00abbarra de inicio\u00bb. En los partidos de liga y competici\u00f3n, est\u00e1\nprohibido apilar discos en la barra de inicio, pero los jugadores que\nparticipan en partidos amistosos a menudo la utilizan precisamente con este\nfin. A 39 cm de la parte posterior del tablero, se coloca una pieza de madera\nverticalmente con 4 ranuras o arcos espaciados uniformemente a lo largo de la\nparte inferior. Esto se llama la \u00abbarra de la puerta\u00bb, los arcos\nest\u00e1n marcados 2, 3, 4, 1 de izquierda a derecha y tienen 6 cm de ancho. Detr\u00e1s\nde los arcos, el tablero se divide a lo largo de la parte posterior del tablero\nen 4 particiones. Estos contenedores separan los discos que han pasado por los\ndiferentes arcos.<br>\n<br>\nLas dimensiones anteriores son para el tablero \u00abHomas\u00bb.&nbsp;Las\ntablas de \u00abSchilte\u00bb son exactamente iguales, pero los arcos y los\ndiscos tienen un tama\u00f1o ligeramente diferente.<br>\n<br>\n<!--[if !supportLineBreakNewLine]--><br>\n<!--[endif]--><\/span><span lang=\"ES-AR\" style=\"font-size:12.0pt;font-family:&quot;Arial&quot;,sans-serif;\nmso-fareast-font-family:&quot;Times New Roman&quot;;mso-bidi-font-family:&quot;Times New Roman&quot;;\nmso-ansi-language:ES-AR\"><o:p><\/o:p><\/span><\/p>\n\n<p class=\"MsoNormal\" style=\"margin-top:12.0pt;margin-right:0cm;margin-bottom:\n12.0pt;margin-left:0cm;line-height:normal;mso-outline-level:3;vertical-align:\nbaseline\"><strong><span lang=\"ES-AR\" style=\"font-size:11.5pt;font-family:&quot;Trebuchet MS&quot;,sans-serif;\nmso-fareast-font-family:&quot;Times New Roman&quot;;mso-bidi-font-family:Arial;\ncolor:black;border:none windowtext 1.0pt;mso-border-alt:none windowtext 0cm;\npadding:0cm;mso-ansi-language:ES-AR\">Reglas<\/span><\/strong><strong><span lang=\"ES-AR\" style=\"font-size:13.5pt;font-family:&quot;Trebuchet MS&quot;,sans-serif;mso-fareast-font-family:\n&quot;Times New Roman&quot;;mso-bidi-font-family:&quot;Times New Roman&quot;;mso-ansi-language:\nES-AR\"><o:p><\/o:p><\/span><\/strong><\/p>\n\n<p class=\"MsoNormal\" style=\"margin-bottom:0cm;margin-bottom:.0001pt;line-height:\nnormal;vertical-align:baseline\"><span lang=\"ES-AR\" style=\"font-size:11.5pt;\nfont-family:&quot;Arial&quot;,sans-serif;mso-fareast-font-family:&quot;Times New Roman&quot;;\ncolor:black;border:none windowtext 1.0pt;mso-border-alt:none windowtext 0cm;\npadding:0cm;mso-ansi-language:ES-AR\"><br>\nUn juego de Sjoelen consiste en que cada jugador\/a toma un turno y el\/la\njugador\/a con la puntuaci\u00f3n m\u00e1s alta gana el juego.&nbsp;Un turno consta de 3\noportunidades para deslizar todos los discos disponibles por el tablero\napuntando a los compartimentos numerados.&nbsp;Cada oportunidad se conoce como\nun sub-turno.&nbsp;Debido al hecho de que deslizar un disco en cada uno de los\ncuatro compartimentos duplica su valor de puntuaci\u00f3n, los jugadores normalmente\nintentan deslizar la misma cantidad de discos en cada compartimento.&nbsp;Este\nes un factor importante que contribuye al inter\u00e9s del juego.<br>\n<br>\nEn el primer sub-turno, el jugador desliza los 30 discos. Al final del turno\nsecundario, los discos que terminan en los compartimentos permanecen en los\ncompartimentos, pero se apilan en montones en la parte trasera del contenedor\npara despejar cualquier obstrucci\u00f3n de las entradas de los compartimentos.\nTradicionalmente, la primera pila que consta de 4 discos se empuja hacia la\nesquina trasera del contenedor y las pilas subsiguientes de 3 discos se colocan\nen diagonal contra las pilas anteriores. Si todos los discos entraron en los\ncompartimentos, el turno termina, pero de lo contrario, los discos restantes se\ndevuelven para que el jugador los juegue nuevamente en el segundo turno\nsecundario. Al final del segundo turno secundario, vuelve a ocurrir lo mismo:\nlos discos en los compartimentos se apilan ordenadamente y los discos restantes\nse devuelven al jugador para el tercer turno secundario. El tercer sub-turno es\nla \u00faltima oportunidad de deslizar los discos restantes por el tablero, despu\u00e9s\nde lo cual termina el turno y se cuentan los puntos.<br>\n<br>\nSe cuenta que un disco est\u00e1 en un compartimento si todo el disco ha pasado por\nla cara frontal de la barra de la puerta.&nbsp;Para resolver disputas, se debe\nempujar un \u00abtope de puerta\u00bb recto contra la parte delantera de la\nbarra de la puerta.&nbsp;Si el disco se mueve, no estaba en el contenedor.<br>\n<br>\nUna vez que un disco ha pasado completamente por debajo de la barra de inicio,\nse considera que est\u00e1 en juego y no debe tocarse hasta el final de ese turno\nsecundario, excepto en las siguientes situaciones: Un disco ingresa a un\ncontenedor a trav\u00e9s de una ruta distinta a la de ese contenedor;&nbsp;Un disco\nsale del tablero;&nbsp;Un disco sale de un contenedor que no sea a trav\u00e9s del\narco de ese contenedor;&nbsp;Un disco vuelve debajo de la barra de\ninicio.&nbsp;En los cuatro casos, el disco infractor se retira del juego, pero\nse puede usar en un turno secundario posterior.<br>\n<br>\n<!--[if !supportLineBreakNewLine]--><img decoding=\"async\" src=\"https:\/\/deportesalternativos.com\/argentina\/wp-content\/uploads\/2022\/01\/ccf83bab-e52e-4cd1-9ee7-148378f6f8f1.jpeg\">\n<!--[endif]--><\/span><span lang=\"ES-AR\" style=\"font-size:12.0pt;font-family:&quot;Arial&quot;,sans-serif;\nmso-fareast-font-family:&quot;Times New Roman&quot;;mso-bidi-font-family:&quot;Times New Roman&quot;;\nmso-ansi-language:ES-AR\"><o:p><\/o:p><\/span><\/p>\n\n<p class=\"MsoNormal\" style=\"margin-top:12.0pt;margin-right:0cm;margin-bottom:\n12.0pt;margin-left:0cm;line-height:normal;mso-outline-level:3;vertical-align:\nbaseline\"><strong><span style=\"font-size:11.5pt;font-family:&quot;Trebuchet MS&quot;,sans-serif;\nmso-fareast-font-family:&quot;Times New Roman&quot;;mso-bidi-font-family:Arial;\ncolor:black;border:none windowtext 1.0pt;mso-border-alt:none windowtext 0cm;\npadding:0cm\">Puntuaci\u00f3n<\/span><\/strong><strong><span style=\"font-size:13.5pt;font-family:\n&quot;Trebuchet MS&quot;,sans-serif;mso-fareast-font-family:&quot;Times New Roman&quot;;mso-bidi-font-family:\n&quot;Times New Roman&quot;\"><o:p><\/o:p><\/span><\/strong><\/p>\n\n<p class=\"MsoNormal\" style=\"line-height:normal;vertical-align:baseline\"><span lang=\"ES-AR\" style=\"font-size:11.5pt;font-family:&quot;Arial&quot;,sans-serif;mso-fareast-font-family:\n&quot;Times New Roman&quot;;color:black;border:none windowtext 1.0pt;mso-border-alt:none windowtext 0cm;\npadding:0cm;mso-ansi-language:ES-AR\"><br>\nLa puntuaci\u00f3n se basa en los n\u00fameros de los compartimentos 1 &#8211; 4. Por cada\nconjunto de cuatro discos construidos tomando uno de cada compartimento, se\notorgan 20 puntos (es decir, 1 + 2 + 3 + 4 duplicados). Despu\u00e9s de que los\nconjuntos de cuatro discos se hayan retirado y contado, los discos restantes\npunt\u00faan la cantidad que se muestra en su compartimento.<br>\n<br>\n<u>Ejemplo:<\/u><br>\n9 discos en el compartimento 2, 5 discos en el compartimento 3, 7 discos en el\ncompartimento 4, 5 discos en el compartimento 1.<br>\n<br>\n5 juegos completos de 4 discos punt\u00faan 100. 4 discos extra en el compartimento\n2 punt\u00faan 8. 2 discos extra en el compartimento 4 que punt\u00faa 8. La puntuaci\u00f3n\ntotal es de 116 puntos.<br>\n<br>\nPor lo tanto, la puntuaci\u00f3n m\u00e1xima en un turno es de 148 puntos = (20 X 7) + (2\nX 4)<br>\n<br>\nLos partidos de competencia generalmente consisten en 5, 10 o 20 juegos y el\ntotal de todos los juegos se sumar\u00e1 para determinar el ganador del\npartido.&nbsp;Cada juego se juega en un tablero diferente y las diferentes\ncaracter\u00edsticas de cada tablero hacen que sea muy dif\u00edcil seguir anotando\nconstantemente, por lo que, para hacerlo un poco m\u00e1s f\u00e1cil, se permiten cinco\ndiscos de pr\u00e1ctica en un tablero antes de comenzar el juego.<o:p><\/o:p><\/span><\/p>\n\n<span lang=\"ES-AR\" style=\"font-size:11.5pt;font-family:&quot;Arial&quot;,sans-serif;mso-fareast-font-family:\n&quot;Times New Roman&quot;;color:black;border:none windowtext 1.0pt;mso-border-alt:none windowtext 0cm;\npadding:0cm;mso-ansi-language:ES-AR\">&nbsp;<\/span><span lang=\"ES-AR\" style=\"font-size:12.0pt;font-family:&quot;Arial&quot;,sans-serif;mso-fareast-font-family:\n&quot;Times New Roman&quot;;mso-bidi-font-family:&quot;Times New Roman&quot;;mso-ansi-language:\nES-AR\">&nbsp;<\/span>\n\n\n","protected":false},"excerpt":{"rendered":"","protected":false},"author":1,"featured_media":0,"parent":0,"menu_order":0,"comment_status":"closed","ping_status":"closed","template":"","meta":{"pagelayer_contact_templates":[],"_pagelayer_content":""},"_links":{"self":[{"href":"https:\/\/deportesalternativos.com\/argentina\/wp-json\/wp\/v2\/pages\/1624"}],"collection":[{"href":"https:\/\/deportesalternativos.com\/argentina\/wp-json\/wp\/v2\/pages"}],"about":[{"href":"https:\/\/deportesalternativos.com\/argentina\/wp-json\/wp\/v2\/types\/page"}],"author":[{"embeddable":true,"href":"https:\/\/deportesalternativos.com\/argentina\/wp-json\/wp\/v2\/users\/1"}],"replies":[{"embeddable":true,"href":"https:\/\/deportesalternativos.com\/argentina\/wp-json\/wp\/v2\/comments?post=1624"}],"version-history":[{"count":5,"href":"https:\/\/deportesalternativos.com\/argentina\/wp-json\/wp\/v2\/pages\/1624\/revisions"}],"predecessor-version":[{"id":1635,"href":"https:\/\/deportesalternativos.com\/argentina\/wp-json\/wp\/v2\/pages\/1624\/revisions\/1635"}],"wp:attachment":[{"href":"https:\/\/deportesalternativos.com\/argentina\/wp-json\/wp\/v2\/media?parent=1624"}],"curies":[{"name":"wp","href":"https:\/\/api.w.org\/{rel}","templated":true}]}}