{"id":1468,"date":"2021-04-01T09:49:32","date_gmt":"2021-04-01T12:49:32","guid":{"rendered":"http:\/\/deportesalternativos.com\/argentina\/?page_id=1468"},"modified":"2021-04-01T16:43:53","modified_gmt":"2021-04-01T19:43:53","slug":"dodgebee","status":"publish","type":"page","link":"https:\/\/deportesalternativos.com\/argentina\/dodgebee\/","title":{"rendered":"Dodgebee"},"content":{"rendered":"\n<p><\/p>\n\n\n\n<p class=\"has-large-font-size\"><strong>\u00bfQu\u00e9 es un Dodgebee?<\/strong><\/p>\n\n\n\n<p class=\"has-black-color has-text-color has-medium-font-size\"><strong>Un Dodgebee es un disco volador suave y lavable hecho con una espuma suave cubierta de nailon que es lo suficientemente firme para mantener su forma pero lo suficientemente suave para lanzar y atrapar de manera f\u00e1cil y segura.<\/strong><\/p>\n\n\n\n<div class=\"wp-block-image\"><figure class=\"aligncenter size-large is-resized\"><img decoding=\"async\" loading=\"lazy\" src=\"https:\/\/deportesalternativos.com\/argentina\/wp-content\/uploads\/2021\/04\/LOGO-DODGEBEE-ARG-1024x1016.jpg\" alt=\"\" class=\"wp-image-1480\" width=\"358\" height=\"355\" srcset=\"https:\/\/deportesalternativos.com\/argentina\/wp-content\/uploads\/2021\/04\/LOGO-DODGEBEE-ARG-1024x1016.jpg 1024w, https:\/\/deportesalternativos.com\/argentina\/wp-content\/uploads\/2021\/04\/LOGO-DODGEBEE-ARG-300x298.jpg 300w, https:\/\/deportesalternativos.com\/argentina\/wp-content\/uploads\/2021\/04\/LOGO-DODGEBEE-ARG-150x150.jpg 150w, https:\/\/deportesalternativos.com\/argentina\/wp-content\/uploads\/2021\/04\/LOGO-DODGEBEE-ARG-768x762.jpg 768w, https:\/\/deportesalternativos.com\/argentina\/wp-content\/uploads\/2021\/04\/LOGO-DODGEBEE-ARG-1088x1080.jpg 1088w, https:\/\/deportesalternativos.com\/argentina\/wp-content\/uploads\/2021\/04\/LOGO-DODGEBEE-ARG.jpg 1200w\" sizes=\"(max-width: 358px) 100vw, 358px\" \/><\/figure><\/div>\n\n\n\n<p><a href=\"https:\/\/www.xcomdiscs.com\/store\/dodgebee-270\"><\/a><\/p>\n\n\n\n<div class=\"wp-block-image\"><figure class=\"aligncenter size-large\"><img decoding=\"async\" loading=\"lazy\" width=\"1024\" height=\"538\" src=\"https:\/\/deportesalternativos.com\/argentina\/wp-content\/uploads\/2021\/04\/programme-thumbnails-1561457293-5b421e8827db30bd926da21ffae3c039-CROP-1200x630-1-1024x538.jpg\" alt=\"\" class=\"wp-image-1481\" srcset=\"https:\/\/deportesalternativos.com\/argentina\/wp-content\/uploads\/2021\/04\/programme-thumbnails-1561457293-5b421e8827db30bd926da21ffae3c039-CROP-1200x630-1-1024x538.jpg 1024w, https:\/\/deportesalternativos.com\/argentina\/wp-content\/uploads\/2021\/04\/programme-thumbnails-1561457293-5b421e8827db30bd926da21ffae3c039-CROP-1200x630-1-300x158.jpg 300w, https:\/\/deportesalternativos.com\/argentina\/wp-content\/uploads\/2021\/04\/programme-thumbnails-1561457293-5b421e8827db30bd926da21ffae3c039-CROP-1200x630-1-768x403.jpg 768w, https:\/\/deportesalternativos.com\/argentina\/wp-content\/uploads\/2021\/04\/programme-thumbnails-1561457293-5b421e8827db30bd926da21ffae3c039-CROP-1200x630-1.jpg 1200w\" sizes=\"(max-width: 1024px) 100vw, 1024px\" \/><\/figure><\/div>\n\n\n\n<p><a href=\"https:\/\/www.xcomdiscs.com\/store\/dodgebee-270\">&nbsp;<\/a><\/p>\n\n\n\n<p class=\"has-large-font-size\"><strong>Cancha<\/strong><\/p>\n\n\n\n<p class=\"has-black-color has-text-color has-medium-font-size\"><strong>En el juego oficial, la cancha del infield es de 9 metros por 18 metros, dividida por la mitad para que la cancha de cada equipo sea un cuadrado de 9 x 9 metros. No hay l\u00edmites para los jardines excepto permanecer en el lado del campo de su equipo.<\/strong><\/p>\n\n\n\n<p><\/p>\n\n\n\n<p class=\"has-large-font-size\"><strong>Jugadores<\/strong><\/p>\n\n\n\n<p class=\"has-black-color has-text-color has-medium-font-size\"><strong>Hay dos equipos, el equipo A y el equipo B, como se muestra. Cada equipo tiene 10 jugadores en juego oficial (o cantidad pactada de antemano). Para que el juego sea justo, se recomienda que los jugadores de un juego no tengan m\u00e1s de 1 o 2 a\u00f1os de diferencia de edad.<\/strong><\/p>\n\n\n\n<p class=\"has-black-color has-text-color has-medium-font-size\"><strong>Los jugadores que entren o salgan del juego solo deben pasar por su propio campo de juego.<\/strong><\/p>\n\n\n\n<div class=\"wp-block-image\"><figure class=\"aligncenter size-large is-resized\"><img decoding=\"async\" loading=\"lazy\" src=\"https:\/\/deportesalternativos.com\/argentina\/wp-content\/uploads\/2021\/04\/field.jpg\" alt=\"\" class=\"wp-image-1479\" width=\"544\" height=\"377\" srcset=\"https:\/\/deportesalternativos.com\/argentina\/wp-content\/uploads\/2021\/04\/field.jpg 408w, https:\/\/deportesalternativos.com\/argentina\/wp-content\/uploads\/2021\/04\/field-300x208.jpg 300w\" sizes=\"(max-width: 544px) 100vw, 544px\" \/><\/figure><\/div>\n\n\n\n<div class=\"wp-block-image\"><figure class=\"aligncenter size-large\"><img decoding=\"async\" loading=\"lazy\" width=\"1000\" height=\"458\" src=\"https:\/\/deportesalternativos.com\/argentina\/wp-content\/uploads\/2021\/04\/Dodgebee_Fig_1.jpg\" alt=\"\" class=\"wp-image-1473\" srcset=\"https:\/\/deportesalternativos.com\/argentina\/wp-content\/uploads\/2021\/04\/Dodgebee_Fig_1.jpg 1000w, https:\/\/deportesalternativos.com\/argentina\/wp-content\/uploads\/2021\/04\/Dodgebee_Fig_1-300x137.jpg 300w, https:\/\/deportesalternativos.com\/argentina\/wp-content\/uploads\/2021\/04\/Dodgebee_Fig_1-768x352.jpg 768w\" sizes=\"(max-width: 1000px) 100vw, 1000px\" \/><\/figure><\/div>\n\n\n\n<p><\/p>\n\n\n\n<p class=\"has-large-font-size\"><strong>\u201cInfield\u201d (cuadro de juego) y \u201cOutfield\u201d (jardines)<\/strong><\/p>\n\n\n\n<p class=\"has-black-color has-text-color has-medium-font-size\"><strong>Para comenzar el juego, los equipos pueden decidir cu\u00e1ntos miembros componen su cuadro interior y campo antes. No hay reglas obligatorias, pero debe haber al menos 1 miembro de cada equipo en el campo designado.<\/strong><\/p>\n\n\n\n<figure class=\"wp-block-embed-youtube aligncenter wp-block-embed is-type-video is-provider-youtube wp-embed-aspect-16-9 wp-has-aspect-ratio\"><div class=\"wp-block-embed__wrapper\">\n<div class='embed-container'><iframe loading=\"lazy\" title=\"Dodgebee Competition in Japan 2016 (New Sports in the World)\" width=\"1920\" height=\"1080\" src=\"https:\/\/www.youtube.com\/embed\/NKHFi8lTfh0?feature=oembed\" frameborder=\"0\" allow=\"accelerometer; autoplay; clipboard-write; encrypted-media; gyroscope; picture-in-picture; web-share\" referrerpolicy=\"strict-origin-when-cross-origin\" allowfullscreen><\/iframe><\/div>\n<\/div><\/figure>\n\n\n\n<p><\/p>\n\n\n\n<p><\/p>\n\n\n\n<p class=\"has-large-font-size\"><strong>Reglas generales de juego<\/strong><\/p>\n\n\n\n<p class=\"has-black-color has-text-color has-medium-font-size\"><strong>a) El tiempo ser\u00e1 establecido por los organizadores, no siendo nunca menor a 5 minutos ni superior a 10 minutos.<\/strong><\/p>\n\n\n\n<p class=\"has-black-color has-text-color has-medium-font-size\"><strong>b) Los jugadores son eliminados en el cuadro del equipo contrario al golpearlos directamente con un lanzamiento y no se realiza ninguna captura (el disco no puede tocar el suelo primero) o intentan atrapar y soltar el disco. Cualquier jugador del cuadro que es golpeado o deja caer el Dodgebee debe moverse inmediatamente a los jardines de su equipo. El juego se reanuda cuando los jugadores afectados se han trasladado a los jardines.<\/strong><\/p>\n\n\n\n<div class=\"wp-block-image\"><figure class=\"aligncenter size-large\"><img decoding=\"async\" loading=\"lazy\" width=\"1000\" height=\"458\" src=\"https:\/\/deportesalternativos.com\/argentina\/wp-content\/uploads\/2021\/04\/Dodgebee_Fig_2.jpg\" alt=\"\" class=\"wp-image-1474\" srcset=\"https:\/\/deportesalternativos.com\/argentina\/wp-content\/uploads\/2021\/04\/Dodgebee_Fig_2.jpg 1000w, https:\/\/deportesalternativos.com\/argentina\/wp-content\/uploads\/2021\/04\/Dodgebee_Fig_2-300x137.jpg 300w, https:\/\/deportesalternativos.com\/argentina\/wp-content\/uploads\/2021\/04\/Dodgebee_Fig_2-768x352.jpg 768w\" sizes=\"(max-width: 1000px) 100vw, 1000px\" \/><\/figure><\/div>\n\n\n\n<p><\/p>\n\n\n\n<p class=\"has-black-color has-text-color has-medium-font-size\"><strong>c) Las capturas del Dodgebee deben hacerse limpiamente con las manos y\/o el cuerpo. Tambi\u00e9n se permiten capturas atrapando el disco entre las piernas. Las capturas simult\u00e1neas (atrapar al Dodgebee al mismo tiempo que golpea el suelo) est\u00e1n permitidas.<\/strong><\/p>\n\n\n\n<p class=\"has-black-color has-text-color has-medium-font-size\"><strong>d) Los jugadores de fuera del campo pueden pasar a cualquiera de los miembros de su equipo en el cuadro o a trav\u00e9s de las l\u00edneas a los jugadores en otros lados del campo. Los jugadores dentro del campo pueden pasar a cualquiera de sus equipos en los jardines, pero no se les permiten pases entre los jugadores dentro del cuadro.<\/strong><\/p>\n\n\n\n<div class=\"wp-block-image\"><figure class=\"aligncenter size-large\"><img decoding=\"async\" loading=\"lazy\" width=\"1000\" height=\"458\" src=\"https:\/\/deportesalternativos.com\/argentina\/wp-content\/uploads\/2021\/04\/Dodgebee_Fig_3.jpg\" alt=\"\" class=\"wp-image-1475\" srcset=\"https:\/\/deportesalternativos.com\/argentina\/wp-content\/uploads\/2021\/04\/Dodgebee_Fig_3.jpg 1000w, https:\/\/deportesalternativos.com\/argentina\/wp-content\/uploads\/2021\/04\/Dodgebee_Fig_3-300x137.jpg 300w, https:\/\/deportesalternativos.com\/argentina\/wp-content\/uploads\/2021\/04\/Dodgebee_Fig_3-768x352.jpg 768w\" sizes=\"(max-width: 1000px) 100vw, 1000px\" \/><\/figure><\/div>\n\n\n\n<p class=\"has-black-color has-text-color has-medium-font-size\"><strong>e) Si m\u00e1s de un jugador es golpeado en el infield con un solo lanzamiento y no se realiza ninguna recepci\u00f3n, cada uno de esos jugadores debe moverse al jard\u00edn de su equipo. Asimismo, si un jugador es golpeado y otro miembro del equipo lo atrapa, el juego contin\u00faa sin que ning\u00fan jugador se mueva hacia los jardines.<\/strong><\/p>\n\n\n\n<div class=\"wp-block-image\"><figure class=\"aligncenter size-large\"><img decoding=\"async\" loading=\"lazy\" width=\"1000\" height=\"458\" src=\"https:\/\/deportesalternativos.com\/argentina\/wp-content\/uploads\/2021\/04\/Dodgebee_Fig_4.jpg\" alt=\"\" class=\"wp-image-1476\" srcset=\"https:\/\/deportesalternativos.com\/argentina\/wp-content\/uploads\/2021\/04\/Dodgebee_Fig_4.jpg 1000w, https:\/\/deportesalternativos.com\/argentina\/wp-content\/uploads\/2021\/04\/Dodgebee_Fig_4-300x137.jpg 300w, https:\/\/deportesalternativos.com\/argentina\/wp-content\/uploads\/2021\/04\/Dodgebee_Fig_4-768x352.jpg 768w\" sizes=\"(max-width: 1000px) 100vw, 1000px\" \/><\/figure><\/div>\n\n\n\n<div class=\"wp-block-group\"><div class=\"wp-block-group__inner-container is-layout-flow\">\n<p><\/p>\n\n\n\n<p class=\"has-black-color has-text-color has-medium-font-size\"><strong>f) Las p\u00e9rdidas de bal\u00f3n otorgan inmediatamente el Dodgebee al equipo contrario. Ejemplos de p\u00e9rdidas de bal\u00f3n:<\/strong><\/p>\n\n\n\n<p class=\"has-black-color has-text-color has-medium-font-size\">\u2022 Un jugador atrap\u00f3 el disco pero luego lo dej\u00f3 caer<\/p>\n\n\n\n<p class=\"has-black-color has-text-color has-medium-font-size\">\u2022 Pateando el Dodgebee<\/p>\n\n\n\n<p class=\"has-black-color has-text-color has-medium-font-size\">\u2022 No moverse a los jardines despu\u00e9s de ser golpeado<\/p>\n\n\n\n<p class=\"has-black-color has-text-color has-medium-font-size\">\u2022 Cruzar la l\u00ednea central<\/p>\n\n\n\n<p class=\"has-black-color has-text-color has-medium-font-size\">\u2022 Al lanzar, golpear a un jugador por encima de los hombros<\/p>\n\n\n\n<p class=\"has-black-color has-text-color has-medium-font-size\">\u2022 Lanzamiento al rev\u00e9s o vertical<\/p>\n\n\n\n<p class=\"has-black-color has-text-color has-medium-font-size\">\u2022 Moverse a un lado diferente de la cancha mientras sostiene el Dodgebee<\/p>\n\n\n\n<p class=\"has-black-color has-text-color has-medium-font-size\">\u2022 Pase dentro del campo<\/p>\n\n\n\n<p class=\"has-black-color has-text-color has-medium-font-size\">\u2022 No atacar en los 10 segundos a partir de la posesi\u00f3n<\/p>\n\n\n\n<p class=\"has-black-color has-text-color has-medium-font-size\">\u2022 Conducta antideportiva<\/p>\n<\/div><\/div>\n\n\n\n<div class=\"wp-block-image\"><figure class=\"aligncenter size-large\"><img decoding=\"async\" loading=\"lazy\" width=\"1000\" height=\"458\" src=\"https:\/\/deportesalternativos.com\/argentina\/wp-content\/uploads\/2021\/04\/Dodgebee_Fig_5.jpg\" alt=\"\" class=\"wp-image-1477\" srcset=\"https:\/\/deportesalternativos.com\/argentina\/wp-content\/uploads\/2021\/04\/Dodgebee_Fig_5.jpg 1000w, https:\/\/deportesalternativos.com\/argentina\/wp-content\/uploads\/2021\/04\/Dodgebee_Fig_5-300x137.jpg 300w, https:\/\/deportesalternativos.com\/argentina\/wp-content\/uploads\/2021\/04\/Dodgebee_Fig_5-768x352.jpg 768w\" sizes=\"(max-width: 1000px) 100vw, 1000px\" \/><\/figure><\/div>\n\n\n\n<p><\/p>\n\n\n\n<p class=\"has-large-font-size\"><strong>Final del partido:<\/strong><\/p>\n\n\n\n<p class=\"has-black-color has-text-color has-medium-font-size\"><strong>En la imagen podr\u00e1n apreciar una de las situaciones de finalizaci\u00f3n: cuando se acaba el tiempo de juego. La otra situaci\u00f3n es cuando un equipo queda eliminado por completo antes de la finalizaci\u00f3n del tiempo establecido.<\/strong><\/p>\n\n\n\n<div class=\"wp-block-image\"><figure class=\"aligncenter size-large\"><img decoding=\"async\" loading=\"lazy\" width=\"1000\" height=\"458\" src=\"https:\/\/deportesalternativos.com\/argentina\/wp-content\/uploads\/2021\/04\/Dodgebee_Fig_6.jpg\" alt=\"\" class=\"wp-image-1478\" srcset=\"https:\/\/deportesalternativos.com\/argentina\/wp-content\/uploads\/2021\/04\/Dodgebee_Fig_6.jpg 1000w, https:\/\/deportesalternativos.com\/argentina\/wp-content\/uploads\/2021\/04\/Dodgebee_Fig_6-300x137.jpg 300w, https:\/\/deportesalternativos.com\/argentina\/wp-content\/uploads\/2021\/04\/Dodgebee_Fig_6-768x352.jpg 768w\" sizes=\"(max-width: 1000px) 100vw, 1000px\" \/><\/figure><\/div>\n\n\n\n<p><\/p>\n\n\n\n<p class=\"has-large-font-size\"><strong>Recomendaciones para principiantes:<\/strong><\/p>\n\n\n\n<ul><li><strong>Los jugadores pueden contar los segundos en voz alta por s\u00ed mismos para evitar perder la posesi\u00f3n del Dodgebee<\/strong><\/li><li><strong>Los jugadores pueden moverse libremente en los jardines mientras permanecen en sus lados designados. Pasar a otros miembros del equipo es una estrategia ganadora.<\/strong><\/li><li><strong>No volver a entrar voluntariamente. Si un jugador de los jardines se ha ganado el derecho de ingresar al cuadro, puede optar por no hacerlo.<\/strong><\/li><li><strong>Comenzar el juego con sus lanzadores m\u00e1s fuertes en los jardines.<\/strong><\/li><\/ul>\n\n\n\n<figure class=\"wp-block-image size-large\"><img decoding=\"async\" loading=\"lazy\" width=\"825\" height=\"412\" src=\"https:\/\/deportesalternativos.com\/argentina\/wp-content\/uploads\/2021\/04\/dodgebee_001.jpeg\" alt=\"\" class=\"wp-image-1472\" srcset=\"https:\/\/deportesalternativos.com\/argentina\/wp-content\/uploads\/2021\/04\/dodgebee_001.jpeg 825w, https:\/\/deportesalternativos.com\/argentina\/wp-content\/uploads\/2021\/04\/dodgebee_001-300x150.jpeg 300w, https:\/\/deportesalternativos.com\/argentina\/wp-content\/uploads\/2021\/04\/dodgebee_001-768x384.jpeg 768w\" sizes=\"(max-width: 825px) 100vw, 825px\" \/><\/figure>\n\n\n\n<p><\/p>\n\n\n\n<p class=\"has-medium-font-size\"><strong>Dodgebee en Argentina:<\/strong><\/p>\n\n\n\n<ul><li><strong>Ricardo Acu\u00f1a<\/strong><\/li><li><strong>Diego B\u00e9rtola<\/strong><\/li><\/ul>\n\n\n\n<p>Contacto: <strong>codasports@gmail.com<\/strong><\/p>\n\n\n\n<hr class=\"wp-block-separator\"\/>\n\n\n\n<p><\/p>\n\n\n\n\n\n<div class=\"wp-block-pb-accordion-item c-accordion__item js-accordion-item no-js\" data-initially-open=\"false\" data-click-to-close=\"true\" data-auto-close=\"true\" data-scroll=\"false\" data-scroll-offset=\"0\"><h2 id=\"at-14681\" class=\"c-accordion__title js-accordion-controller\" role=\"button\">Probando<\/h2><div id=\"ac-14681\" class=\"c-accordion__content\">\n<p>Prueba de acorde\u00f3n<\/p>\n\n\n\n<div class=\"wp-block-pb-accordion-item c-accordion__item js-accordion-item no-js\" data-initially-open=\"false\" data-click-to-close=\"true\" data-auto-close=\"true\" data-scroll=\"false\" data-scroll-offset=\"0\"><h2 id=\"at-14682\" class=\"c-accordion__title js-accordion-controller\" role=\"button\">Segunda parte<\/h2><div id=\"ac-14682\" class=\"c-accordion__content\">\n<p>Aqu\u00ed va texto completo + foto<\/p>\n\n\n\n<figure class=\"wp-block-image size-large\"><img decoding=\"async\" loading=\"lazy\" width=\"825\" height=\"412\" src=\"https:\/\/deportesalternativos.com\/argentina\/wp-content\/uploads\/2021\/04\/dodgebee_001.jpeg\" alt=\"\" class=\"wp-image-1472\" srcset=\"https:\/\/deportesalternativos.com\/argentina\/wp-content\/uploads\/2021\/04\/dodgebee_001.jpeg 825w, https:\/\/deportesalternativos.com\/argentina\/wp-content\/uploads\/2021\/04\/dodgebee_001-300x150.jpeg 300w, https:\/\/deportesalternativos.com\/argentina\/wp-content\/uploads\/2021\/04\/dodgebee_001-768x384.jpeg 768w\" sizes=\"(max-width: 825px) 100vw, 825px\" \/><\/figure>\n\n\n\n<div class=\"wp-block-pb-accordion-item c-accordion__item js-accordion-item no-js\" data-initially-open=\"false\" data-click-to-close=\"true\" data-auto-close=\"true\" data-scroll=\"false\" data-scroll-offset=\"0\"><h2 id=\"at-14683\" class=\"c-accordion__title js-accordion-controller\" role=\"button\">Tercera pata<\/h2><div id=\"ac-14683\" class=\"c-accordion__content\">\n<p>Se despliega el tercer p\u00e1rrafo con un video incrustado<\/p>\n<\/div><\/div>\n<\/div><\/div>\n<\/div><\/div>\n\n\n\n<figure class=\"wp-block-embed-youtube wp-block-embed is-type-video is-provider-youtube wp-embed-aspect-16-9 wp-has-aspect-ratio\"><div class=\"wp-block-embed__wrapper\">\n<div class='embed-container'><iframe loading=\"lazy\" title=\"2019 ADF??? ??? ???? vs ???? ???\" width=\"1920\" height=\"1080\" src=\"https:\/\/www.youtube.com\/embed\/rfPAmQpzgaE?feature=oembed\" frameborder=\"0\" allow=\"accelerometer; autoplay; clipboard-write; encrypted-media; gyroscope; picture-in-picture; web-share\" referrerpolicy=\"strict-origin-when-cross-origin\" allowfullscreen><\/iframe><\/div>\n<\/div><\/figure>\n\n\n\n<div class=\"wp-block-pb-accordion-item c-accordion__item js-accordion-item no-js\" data-initially-open=\"false\" data-click-to-close=\"true\" data-auto-close=\"true\" data-scroll=\"false\" data-scroll-offset=\"0\"><h2 id=\"at-14684\" class=\"c-accordion__title js-accordion-controller\" role=\"button\">Formulario de contacto<\/h2><div id=\"ac-14684\" class=\"c-accordion__content\">\n<p>Insertar un formulario aqu\u00ed<\/p>\n<\/div><\/div>\n","protected":false},"excerpt":{"rendered":"<p>\u00bfQu\u00e9 es un Dodgebee? Un Dodgebee es un disco volador suave y lavable hecho con una espuma suave cubierta de nailon que es lo suficientemente firme para mantener su forma pero lo suficientemente suave para lanzar y atrapar de manera f\u00e1cil y segura. &nbsp; Cancha En el juego oficial, la cancha del infield es de&hellip; <br \/> <a class=\"read-more\" href=\"https:\/\/deportesalternativos.com\/argentina\/dodgebee\/\">Leer m\u00e1s<\/a><\/p>\n","protected":false},"author":1,"featured_media":0,"parent":0,"menu_order":0,"comment_status":"closed","ping_status":"closed","template":"","meta":{"pagelayer_contact_templates":[],"_pagelayer_content":""},"_links":{"self":[{"href":"https:\/\/deportesalternativos.com\/argentina\/wp-json\/wp\/v2\/pages\/1468"}],"collection":[{"href":"https:\/\/deportesalternativos.com\/argentina\/wp-json\/wp\/v2\/pages"}],"about":[{"href":"https:\/\/deportesalternativos.com\/argentina\/wp-json\/wp\/v2\/types\/page"}],"author":[{"embeddable":true,"href":"https:\/\/deportesalternativos.com\/argentina\/wp-json\/wp\/v2\/users\/1"}],"replies":[{"embeddable":true,"href":"https:\/\/deportesalternativos.com\/argentina\/wp-json\/wp\/v2\/comments?post=1468"}],"version-history":[{"count":9,"href":"https:\/\/deportesalternativos.com\/argentina\/wp-json\/wp\/v2\/pages\/1468\/revisions"}],"predecessor-version":[{"id":1492,"href":"https:\/\/deportesalternativos.com\/argentina\/wp-json\/wp\/v2\/pages\/1468\/revisions\/1492"}],"wp:attachment":[{"href":"https:\/\/deportesalternativos.com\/argentina\/wp-json\/wp\/v2\/media?parent=1468"}],"curies":[{"name":"wp","href":"https:\/\/api.w.org\/{rel}","templated":true}]}}