{"id":1375,"date":"2020-07-11T03:44:30","date_gmt":"2020-07-11T06:44:30","guid":{"rendered":"http:\/\/deportesalternativos.com\/argentina\/?page_id=1375"},"modified":"2021-04-17T15:11:10","modified_gmt":"2021-04-17T18:11:10","slug":"ringball","status":"publish","type":"page","link":"https:\/\/deportesalternativos.com\/argentina\/ringball\/","title":{"rendered":"Ringball Argentina"},"content":{"rendered":"\n<p><strong>CODASPORTS<\/strong> coordina el desarrollo de este deporte sudafricano. El lanzamiento de Ringball Argentina se produjo en 2019, aunque ya hab\u00eda sido probado el deporte en diversas capacitaciones.<\/p>\n\n\n\n<div class=\"wp-block-image\"><figure class=\"aligncenter size-large is-resized\"><img decoding=\"async\" loading=\"lazy\" src=\"https:\/\/deportesalternativos.com\/argentina\/wp-content\/uploads\/2020\/07\/logo-1024x901.png\" alt=\"\" class=\"wp-image-1378\" width=\"404\" height=\"356\" srcset=\"https:\/\/deportesalternativos.com\/argentina\/wp-content\/uploads\/2020\/07\/logo-1024x901.png 1024w, https:\/\/deportesalternativos.com\/argentina\/wp-content\/uploads\/2020\/07\/logo-300x264.png 300w, https:\/\/deportesalternativos.com\/argentina\/wp-content\/uploads\/2020\/07\/logo-768x676.png 768w, https:\/\/deportesalternativos.com\/argentina\/wp-content\/uploads\/2020\/07\/logo.png 1200w\" sizes=\"(max-width: 404px) 100vw, 404px\" \/><\/figure><\/div>\n\n\n\n<p class=\"has-medium-font-size\"><strong>El Deporte<\/strong><\/p>\n\n\n\n<p>El Ringball es un deporte sin contacto jugado por equipos de hombres y mujeres. Tiene varias similitudes al Netball, Korfball y Cestoball. Se puede jugar outdoor e indoor, en cualquier superficie lisa. La cancha est\u00e1 dividido en tres secciones. Un equipo consta de tres goleadores, tres jugadores centrales y tres jugadores defensores. El objetivo del juego es lanzar la pelota de un\/a jugador\/a a otro\/a y finalmente a trav\u00e9s del anillo o aro del poste. Los postes que sostienen la canasta est\u00e1n en ambos extremos de la cancha.<\/p>\n\n\n\n<div class=\"wp-block-image\"><figure class=\"aligncenter size-large\"><img decoding=\"async\" loading=\"lazy\" width=\"440\" height=\"308\" src=\"https:\/\/deportesalternativos.com\/argentina\/wp-content\/uploads\/2020\/07\/Ringball_starting_positions.jpg\" alt=\"\" class=\"wp-image-1377\" srcset=\"https:\/\/deportesalternativos.com\/argentina\/wp-content\/uploads\/2020\/07\/Ringball_starting_positions.jpg 440w, https:\/\/deportesalternativos.com\/argentina\/wp-content\/uploads\/2020\/07\/Ringball_starting_positions-300x210.jpg 300w\" sizes=\"(max-width: 440px) 100vw, 440px\" \/><figcaption><em><strong>Figura 1<\/strong><\/em><\/figcaption><\/figure><\/div>\n\n\n\n<p>El Ringball sudafricano es jugado por dos equipos que consisten en nueve (9) jugadores\/as de cada lado. Tres jugadores\/as de cada equipo juegan en cada una de las tres secciones de la cancha (tres (3) tiradores\/as, tres (3) jugadores\/as centrales y tres (3) defensores\/as). Estos\/as jugadores\/as no pueden en ning\u00fan momento durante el juego, tocar el suelo en ninguna secci\u00f3n adyacente, pisar o recibir la pelota sobre las l\u00edneas que separan las secciones.<\/p>\n\n\n\n<p>La pelota pasa de jugador\/a a otro\/a por el aire y se atrapa con las manos, de modo que la pelota no toque ninguna otra parte del cuerpo. Al pasar la pelota, <strong>un\/a jugador\/a no puede<\/strong> moverse hacia adelante o hacia atr\u00e1s, fintar un pase o <strong>estar en posesi\u00f3n de la pelota por m\u00e1s de dos (2) segundos<\/strong> durante el intento de pasar la pelota.<\/p>\n\n\n\n<div class=\"wp-block-image\"><figure class=\"aligncenter size-large\"><a href=\"https:\/\/deportesalternativos.com\/argentina\/wp-content\/uploads\/2020\/07\/rbl1-1497879165-63196_1560923681.jpg\"><img decoding=\"async\" loading=\"lazy\" width=\"1024\" height=\"768\" src=\"https:\/\/deportesalternativos.com\/argentina\/wp-content\/uploads\/2020\/07\/rbl1-1497879165-63196_1560923681.jpg\" alt=\"\" class=\"wp-image-1379\" srcset=\"https:\/\/deportesalternativos.com\/argentina\/wp-content\/uploads\/2020\/07\/rbl1-1497879165-63196_1560923681.jpg 1024w, https:\/\/deportesalternativos.com\/argentina\/wp-content\/uploads\/2020\/07\/rbl1-1497879165-63196_1560923681-300x225.jpg 300w, https:\/\/deportesalternativos.com\/argentina\/wp-content\/uploads\/2020\/07\/rbl1-1497879165-63196_1560923681-768x576.jpg 768w\" sizes=\"(max-width: 1024px) 100vw, 1024px\" \/><\/a><figcaption><em><strong>Partido de ni\u00f1os y la t\u00edpica posici\u00f3n de lanzamiento del Ringball<\/strong><\/em><\/figcaption><\/figure><\/div>\n\n\n\n<p>Para anotar, la pelota debe caer a trav\u00e9s del anillo desde arriba. Un\/a tirador\/a de gol puede intentar marcar un gol desde cualquier posici\u00f3n en la secci\u00f3n de gol y fuera del semic\u00edrculo. <strong>Ambas manos (de abajo hacia arriba) se deben usar al lanzar a gol y se deben intentar dentro de los cinco (5) segundos desde el momento en que se recibe el bal\u00f3n. <\/strong>Cuando se ha otorgado un tiro penal, cualquiera de los\/as tres tiradores de gol pueden intentar un gol desde cualquier posici\u00f3n fuera del c\u00edrculo de goles. Se debe lanzar un penal dentro de los tres (3) segundos. Un\/a tirador\/a a gol tambi\u00e9n puede intentar un penal desde detr\u00e1s de la l\u00ednea de penal dentro de los tres (3) segundos.<\/p>\n\n\n\n<p>Los\/as jugadores\/as pueden intentar tomar posesi\u00f3n de la pelota sin golpearla o arrebatarla de las manos del oponente. Los jugadores no pueden sostener, empujar u obstruir a sus oponentes de ninguna manera para evitar que pasen la pelota. Dos (2) jugadores\/as del mismo equipo no pueden tocar o sostener la pelota simult\u00e1neamente. Es una infracci\u00f3n si la pelota cruza la secci\u00f3n sin ser tocada por un jugador en esa secci\u00f3n.<\/p>\n\n\n\n<p><strong>Un partido consiste en dos mitades de 25 minutos cada una con un intervalo de tres (3) minutos<\/strong>. Despu\u00e9s de cada gol, los\/as jugadores\/as deben tomar posici\u00f3n como se muestra en la Figura 1.<\/p>\n\n\n\n<p>El\/la jugador\/a central se coloca en el semic\u00edrculo frente a su propia porter\u00eda. Al sonar el silbato, la pelota debe pasar a una de las alas en dos (2) segundos. Es una infracci\u00f3n cuando la pelota se pasa a otra secci\u00f3n sin pasar primero a un ala.<\/p>\n\n\n\n<p>El equipo con la puntuaci\u00f3n m\u00e1s alta al final del partido es el equipo ganador.<\/p>\n\n\n\n<figure class=\"wp-block-image size-large\"><img decoding=\"async\" loading=\"lazy\" width=\"800\" height=\"600\" src=\"https:\/\/deportesalternativos.com\/argentina\/wp-content\/uploads\/2020\/07\/IMG_4611_53702.jpg\" alt=\"\" class=\"wp-image-1380\" srcset=\"https:\/\/deportesalternativos.com\/argentina\/wp-content\/uploads\/2020\/07\/IMG_4611_53702.jpg 800w, https:\/\/deportesalternativos.com\/argentina\/wp-content\/uploads\/2020\/07\/IMG_4611_53702-300x225.jpg 300w, https:\/\/deportesalternativos.com\/argentina\/wp-content\/uploads\/2020\/07\/IMG_4611_53702-768x576.jpg 768w\" sizes=\"(max-width: 800px) 100vw, 800px\" \/><figcaption><strong><em>Acci\u00f3n de jugadores adultos en la versi\u00f3n outdoor (9 vs 9). En la versi\u00f3n indoor, los equipos son de 6 person<\/em><\/strong><em><strong>as y se suele jugar en formato mixto<\/strong><\/em><\/figcaption><\/figure>\n\n\n\n<p class=\"has-medium-font-size\"><strong>Reglas<\/strong><\/p>\n\n\n\n<p><strong>La cancha mide 27 mx 18 m y est\u00e1 dividido en tres (3) secciones iguales (9 mx 18 m)<\/strong>. Los dos postes est\u00e1n situados en el medio de cada lado corto de la cancha contra la l\u00ednea exterior. Cada poste de la porter\u00eda tiene un anillo de acero de 450 mm de di\u00e1metro unido en la parte superior, exactamente a 3 m del suelo. Con el poste de la porter\u00eda como pivote se dibuja un semic\u00edrculo (el c\u00edrculo de la porter\u00eda) con un radio de 4,5 m. La l\u00ednea de penalizaci\u00f3n es una l\u00ednea corta en la secci\u00f3n de porter\u00eda de 1 m de longitud y 2 m de la l\u00ednea interna central directamente en l\u00ednea con los semic\u00edrculos intermedios. Las dos secciones laterales se denominan secciones de objetivo y la secci\u00f3n central se denomina secci\u00f3n central. Exactamente en el medio de la secci\u00f3n central, se dibuja un c\u00edrculo de 1 m de di\u00e1metro y en el medio de las dos l\u00edneas internas, dos semic\u00edrculos con un di\u00e1metro de 1 m. A cada lado del c\u00edrculo central dos \u00abSe dibujan l\u00edneas en V con patas de 1 m de largo y esto se conoce como la \u00abV\u00bb.<\/p>\n\n\n\n<p>Los postes deben ser de tubos circulares de acero de 3 m con un di\u00e1metro de 75 &#8211; 90 mm. Los postes deben colocarse en posici\u00f3n vertical en el centro de la l\u00ednea exterior de 18 m.<\/p>\n\n\n\n<p>El anillo en el poste de la porter\u00eda debe ser de una robusta barra redonda de metal con un grosor m\u00e1ximo de 18 mm y un di\u00e1metro interior de 350 mm. No se permiten anillos planos de acero. El anillo debe estar fijado horizontalmente (nivelado) en la parte superior del poste y no debe saltar cuando la pelota rebota en el anillo. Los anillos deben estar pintados de blanco o plateado.<\/p>\n\n\n\n<p>Las redes deben ser lo suficientemente grandes como para permitir el paso de una bola n\u00famero 5 y deben estar correctamente fijadas al aro de gol. Se recomiendan redes de nylon blancas o amarillas. Las bolas se pueden tirar cuando las redes se fijan con demasiada fuerza.<\/p>\n\n\n\n<p class=\"has-medium-font-size\"><strong>La pelota<\/strong><\/p>\n\n\n\n<p>Se debe usar una pelota hecha de cuero o material sint\u00e9tico. Las pelotas de goma no est\u00e1n permitidas. Todos los equipos juegan con una pelota n\u00famero 5, con una circunferencia de entre 69 y 71 cm y una masa de aproximadamente 450 gramos.<\/p>\n\n\n\n<p class=\"has-medium-font-size\"><strong>Los\/as jugadores\/as<\/strong><\/p>\n\n\n\n<p>Un equipo de Ringball consta de nueve (9) jugadores\/as, a saber:<\/p>\n\n\n\n<ol type=\"1\"><li>tres (3) tiradores<\/li><li>tres (3) jugadores centrales<\/li><li>tres (3) defensores<\/li><\/ol>\n\n\n\n<p class=\"has-medium-font-size\"><strong>Per\u00edodos<\/strong><\/p>\n\n\n\n<p>Todos los partidos consisten en dos per\u00edodos de 25 minutos cada uno con un intervalo de medio tiempo de tres (3) minutos.<\/p>\n\n\n\n<p class=\"has-medium-font-size\"><strong>Puntajes<\/strong><\/p>\n\n\n\n<p>Un gol cuenta dos (2) puntos.<\/p>\n\n\n\n<p>Si el\/la tirador\/a a gol intenta el penal desde atr\u00e1s de la l\u00ednea de penal y tiene \u00e9xito, se otorgan tres (3) puntos. Es la elecci\u00f3n del jugador\/a intentar el penal desde detr\u00e1s de la l\u00ednea de penal.<\/p>\n\n\n\n<figure class=\"wp-block-embed-youtube aligncenter wp-block-embed is-type-video is-provider-youtube wp-embed-aspect-4-3 wp-has-aspect-ratio\"><div class=\"wp-block-embed__wrapper\">\nhttps:\/\/www.youtube.com\/watch?v=tjLLXxNikYw\n<\/div><\/figure>\n\n\n\n<p><strong>Contacto:<\/strong><\/p>\n\n\n\n<div class=\"wp-block-group\"><div class=\"wp-block-group__inner-container is-layout-flow\">\n<p class=\"has-medium-font-size\"><strong>Ringball Argentina<\/strong><\/p>\n\n\n\n<ul><li>Calle Roca 230 P. 1 Of. 4<\/li><li>(9020) Sarmiento, Chubut &#8211; Argentina<\/li><li>E-mail oficial: <strong>codasports@gmail.com<\/strong><\/li><li>Web: <strong>www.bit.ly\/ringballarg<\/strong><\/li><\/ul>\n<\/div><\/div>\n\n\n\n<hr class=\"wp-block-separator\"\/>\n","protected":false},"excerpt":{"rendered":"<p>CODASPORTS coordina el desarrollo de este deporte sudafricano. El lanzamiento de Ringball Argentina se produjo en 2019, aunque ya hab\u00eda sido probado el deporte en diversas capacitaciones. El Deporte El Ringball es un deporte sin contacto jugado por equipos de hombres y mujeres. Tiene varias similitudes al Netball, Korfball y Cestoball. Se puede jugar outdoor&hellip; <br \/> <a class=\"read-more\" href=\"https:\/\/deportesalternativos.com\/argentina\/ringball\/\">Leer m\u00e1s<\/a><\/p>\n","protected":false},"author":1,"featured_media":0,"parent":0,"menu_order":0,"comment_status":"closed","ping_status":"closed","template":"","meta":{"pagelayer_contact_templates":[],"_pagelayer_content":""},"_links":{"self":[{"href":"https:\/\/deportesalternativos.com\/argentina\/wp-json\/wp\/v2\/pages\/1375"}],"collection":[{"href":"https:\/\/deportesalternativos.com\/argentina\/wp-json\/wp\/v2\/pages"}],"about":[{"href":"https:\/\/deportesalternativos.com\/argentina\/wp-json\/wp\/v2\/types\/page"}],"author":[{"embeddable":true,"href":"https:\/\/deportesalternativos.com\/argentina\/wp-json\/wp\/v2\/users\/1"}],"replies":[{"embeddable":true,"href":"https:\/\/deportesalternativos.com\/argentina\/wp-json\/wp\/v2\/comments?post=1375"}],"version-history":[{"count":1,"href":"https:\/\/deportesalternativos.com\/argentina\/wp-json\/wp\/v2\/pages\/1375\/revisions"}],"predecessor-version":[{"id":1381,"href":"https:\/\/deportesalternativos.com\/argentina\/wp-json\/wp\/v2\/pages\/1375\/revisions\/1381"}],"wp:attachment":[{"href":"https:\/\/deportesalternativos.com\/argentina\/wp-json\/wp\/v2\/media?parent=1375"}],"curies":[{"name":"wp","href":"https:\/\/api.w.org\/{rel}","templated":true}]}}