{"id":1337,"date":"2020-05-27T21:21:51","date_gmt":"2020-05-28T00:21:51","guid":{"rendered":"http:\/\/deportesalternativos.com\/argentina\/?page_id=1337"},"modified":"2020-05-30T13:21:48","modified_gmt":"2020-05-30T16:21:48","slug":"damas","status":"publish","type":"page","link":"https:\/\/deportesalternativos.com\/argentina\/damas\/","title":{"rendered":"Damas"},"content":{"rendered":"\n<p>La Asociaci\u00f3n Argentina del Juego de Damas (Argentina Draughts Association) en conjunto con la Confederaci\u00f3n Argentina de Deportes (CAD) y auspiciado por la Secretar\u00eda de Deportes de la Municipalidad de Sarmiento, organizan la COPA MUNICIPALIDAD DE SARMIENTO.<\/p>\n\n\n\n<p>Ser\u00e1 un torneo abierto (de 6 a 99 a\u00f1os), v\u00eda INTERNET, utilizando la Plataforma Lidraughts.org con 5 (cinco) partidas aseguradas por jugador\/a, a raz\u00f3n de 1 (una) partida diaria con hora de comienzo a las 10 PM (hora de Argentina (-3 GMT).<\/p>\n\n\n\n<p class=\"has-text-align-center\">Reglamento de <strong>International Draughts<\/strong> (DAMAS): <a href=\"https:\/\/es.wikipedia.org\/wiki\/Damas\"><strong>CLIC AQU\u00cd<\/strong><\/a><\/p>\n\n\n\n<p class=\"has-text-color has-background has-text-align-center has-very-light-gray-color has-vivid-red-background-color\"><strong>FORMULARIO DE INSCRIPCI\u00d3N<\/strong><\/p>\n\n\n\n<p class=\"has-text-align-center\"><strong>(La inscripci\u00f3n cierra el 31 de Mayo a las 6 PM Hora Argentina)<\/strong><\/p>\n\n\n\n<p>[wpforms id=\u00bb1340&#8243; title=\u00bbfalse\u00bb description=\u00bbfalse\u00bb]<\/p>\n\n\n\n<figure class=\"wp-block-image size-large\"><img decoding=\"async\" loading=\"lazy\" width=\"1024\" height=\"1024\" src=\"https:\/\/deportesalternativos.com\/argentina\/wp-content\/uploads\/2020\/05\/FLYERDAMAS-2020_2-1024x1024.jpg\" alt=\"\" class=\"wp-image-1344\" srcset=\"https:\/\/deportesalternativos.com\/argentina\/wp-content\/uploads\/2020\/05\/FLYERDAMAS-2020_2-1024x1024.jpg 1024w, https:\/\/deportesalternativos.com\/argentina\/wp-content\/uploads\/2020\/05\/FLYERDAMAS-2020_2-300x300.jpg 300w, https:\/\/deportesalternativos.com\/argentina\/wp-content\/uploads\/2020\/05\/FLYERDAMAS-2020_2-150x150.jpg 150w, https:\/\/deportesalternativos.com\/argentina\/wp-content\/uploads\/2020\/05\/FLYERDAMAS-2020_2-768x768.jpg 768w, https:\/\/deportesalternativos.com\/argentina\/wp-content\/uploads\/2020\/05\/FLYERDAMAS-2020_2-1536x1536.jpg 1536w, https:\/\/deportesalternativos.com\/argentina\/wp-content\/uploads\/2020\/05\/FLYERDAMAS-2020_2-1080x1080.jpg 1080w, https:\/\/deportesalternativos.com\/argentina\/wp-content\/uploads\/2020\/05\/FLYERDAMAS-2020_2.jpg 1600w\" sizes=\"(max-width: 1024px) 100vw, 1024px\" \/><\/figure>\n\n\n\n<p><\/p>\n\n\n\n<p><\/p>\n","protected":false},"excerpt":{"rendered":"<p>La Asociaci\u00f3n Argentina del Juego de Damas (Argentina Draughts Association) en conjunto con la Confederaci\u00f3n Argentina de Deportes (CAD) y auspiciado por la Secretar\u00eda de Deportes de la Municipalidad de Sarmiento, organizan la COPA MUNICIPALIDAD DE SARMIENTO. Ser\u00e1 un torneo abierto (de 6 a 99 a\u00f1os), v\u00eda INTERNET, utilizando la Plataforma Lidraughts.org con 5 (cinco)&hellip; <br \/> <a class=\"read-more\" href=\"https:\/\/deportesalternativos.com\/argentina\/damas\/\">Leer m\u00e1s<\/a><\/p>\n","protected":false},"author":1,"featured_media":0,"parent":0,"menu_order":0,"comment_status":"closed","ping_status":"closed","template":"","meta":{"pagelayer_contact_templates":[],"_pagelayer_content":""},"_links":{"self":[{"href":"https:\/\/deportesalternativos.com\/argentina\/wp-json\/wp\/v2\/pages\/1337"}],"collection":[{"href":"https:\/\/deportesalternativos.com\/argentina\/wp-json\/wp\/v2\/pages"}],"about":[{"href":"https:\/\/deportesalternativos.com\/argentina\/wp-json\/wp\/v2\/types\/page"}],"author":[{"embeddable":true,"href":"https:\/\/deportesalternativos.com\/argentina\/wp-json\/wp\/v2\/users\/1"}],"replies":[{"embeddable":true,"href":"https:\/\/deportesalternativos.com\/argentina\/wp-json\/wp\/v2\/comments?post=1337"}],"version-history":[{"count":3,"href":"https:\/\/deportesalternativos.com\/argentina\/wp-json\/wp\/v2\/pages\/1337\/revisions"}],"predecessor-version":[{"id":1345,"href":"https:\/\/deportesalternativos.com\/argentina\/wp-json\/wp\/v2\/pages\/1337\/revisions\/1345"}],"wp:attachment":[{"href":"https:\/\/deportesalternativos.com\/argentina\/wp-json\/wp\/v2\/media?parent=1337"}],"curies":[{"name":"wp","href":"https:\/\/api.w.org\/{rel}","templated":true}]}}