{"id":1300,"date":"2020-05-07T02:14:42","date_gmt":"2020-05-07T05:14:42","guid":{"rendered":"http:\/\/deportesalternativos.com\/argentina\/?page_id=1300"},"modified":"2020-05-07T04:40:31","modified_gmt":"2020-05-07T07:40:31","slug":"ajedrez","status":"publish","type":"page","link":"https:\/\/deportesalternativos.com\/argentina\/juegos\/ajedrez\/","title":{"rendered":"Ajedrez"},"content":{"rendered":"\n<p><strong>El Juego-ciencia nos convoca en tiempo de cuarentena.<\/strong><\/p>\n\n\n\n<div class=\"wp-block-image\"><figure class=\"aligncenter size-large is-resized\"><a href=\"https:\/\/deportesalternativos.com\/argentina\/wp-content\/uploads\/2020\/05\/CopaMunicipalidaddeSarmiento.jpg\" target=\"_blank\" rel=\"noopener noreferrer\"><img decoding=\"async\" loading=\"lazy\" src=\"https:\/\/deportesalternativos.com\/argentina\/wp-content\/uploads\/2020\/05\/CopaMunicipalidaddeSarmiento-1020x1024.jpg\" alt=\"\" class=\"wp-image-1304\" width=\"413\" height=\"414\" srcset=\"https:\/\/deportesalternativos.com\/argentina\/wp-content\/uploads\/2020\/05\/CopaMunicipalidaddeSarmiento-1020x1024.jpg 1020w, https:\/\/deportesalternativos.com\/argentina\/wp-content\/uploads\/2020\/05\/CopaMunicipalidaddeSarmiento-300x300.jpg 300w, https:\/\/deportesalternativos.com\/argentina\/wp-content\/uploads\/2020\/05\/CopaMunicipalidaddeSarmiento-150x150.jpg 150w, https:\/\/deportesalternativos.com\/argentina\/wp-content\/uploads\/2020\/05\/CopaMunicipalidaddeSarmiento-768x771.jpg 768w, https:\/\/deportesalternativos.com\/argentina\/wp-content\/uploads\/2020\/05\/CopaMunicipalidaddeSarmiento-1024x1028.jpg 1024w, https:\/\/deportesalternativos.com\/argentina\/wp-content\/uploads\/2020\/05\/CopaMunicipalidaddeSarmiento-1076x1080.jpg 1076w, https:\/\/deportesalternativos.com\/argentina\/wp-content\/uploads\/2020\/05\/CopaMunicipalidaddeSarmiento.jpg 1400w\" sizes=\"(max-width: 413px) 100vw, 413px\" \/><\/a><\/figure><\/div>\n\n\n\n<p style=\"font-size:21px\" class=\"has-text-align-center\">La <strong>Municipalidad de Sarmiento<\/strong> (Chubut) a trav\u00e9s de su <strong>Secretar\u00eda de Deportes<\/strong>, invita a todas las personas interesadas a participar de la <strong>Copa Municipalidad de Sarmiento<\/strong>.<\/p>\n\n\n\n<p class=\"has-text-color has-background has-text-align-center has-medium-font-size has-very-dark-gray-color has-light-green-cyan-background-color\"><strong>Fecha: 12 al 16 de Mayo de 2020<\/strong><\/p>\n\n\n\n<p class=\"has-text-color has-background has-text-align-center has-medium-font-size has-very-light-gray-color has-vivid-cyan-blue-background-color\"><strong>Categor\u00eda: ABIERTA, hombres y mujeres.<\/strong><\/p>\n\n\n\n<p class=\"has-text-color has-background has-text-align-center has-very-dark-gray-color has-light-green-cyan-background-color\"><strong>Sistema de Juego: Sistema Suizo a 5 rondas. En caso de empate en puntos, habr\u00e1 partidas eliminatorias hasta proclamar el\/la ganador\/a<\/strong><\/p>\n\n\n\n<p class=\"has-text-color has-very-dark-gray-color\">Cronograma de Juego (el listado de juego estar\u00e1 publicado en esta misma p\u00e1gina web)<\/p>\n\n\n\n<ul><li><strong>12 de Mayo, 22 horas: 1\u00b0 ronda<\/strong><\/li><li><strong>13 de Mayo, 22 horas: 2\u00b0 ronda<\/strong><\/li><li><strong>14 de Mayo, 22 horas: 3\u00b0 ronda<\/strong><\/li><li><strong>15 de Mayo, 22 horas: 4\u00b0 ronda<\/strong><\/li><li><strong>16 de Mayo, 22 horas: 5\u00b0 ronda<\/strong><\/li><li><strong>17 de Mayo, 12 horas: eventual desempate para proclamar ganador\/a<\/strong><\/li><\/ul>\n\n\n\n<p class=\"has-text-color has-background has-text-align-center has-medium-font-size has-very-light-gray-color has-vivid-cyan-blue-background-color\"><strong>Plataforma de Juego: flyordie.com | <a href=\"http:\/\/www.flyordie.com\/juegos\/ajedrez.html\">ACCESO CLIC AQU\u00cd<\/a><\/strong><\/p>\n\n\n\n<div class=\"wp-block-image\"><figure class=\"aligncenter size-large\"><a href=\"http:\/\/www.flyordie.com\/juegos\/ajedrez.html\"><img decoding=\"async\" loading=\"lazy\" width=\"561\" height=\"400\" src=\"https:\/\/deportesalternativos.com\/argentina\/wp-content\/uploads\/2020\/05\/logofly.jpg\" alt=\"\" class=\"wp-image-1314\" srcset=\"https:\/\/deportesalternativos.com\/argentina\/wp-content\/uploads\/2020\/05\/logofly.jpg 561w, https:\/\/deportesalternativos.com\/argentina\/wp-content\/uploads\/2020\/05\/logofly-300x214.jpg 300w\" sizes=\"(max-width: 561px) 100vw, 561px\" \/><\/a><\/figure><\/div>\n\n\n\n<p class=\"has-text-color has-background has-text-align-center has-very-dark-gray-color has-light-green-cyan-background-color\"><strong>El reglamento de la Copa Municipalidad de Sarmiento requiere que cada jugador ingrese con su nombre de usuario registrado en la inscripci\u00f3n.<\/strong><\/p>\n\n\n\n<p class=\"has-text-color has-background has-very-light-gray-color has-vivid-cyan-blue-background-color\">Ser\u00e1 obligaci\u00f3n participar brindando un n\u00famero de m\u00f3vil debido a que el torneo se coordinar\u00e1 por Whatsapp. <\/p>\n\n\n\n<p class=\"has-text-color has-background has-text-align-center has-very-light-gray-color has-very-dark-gray-background-color\"><strong>FORMULARIO DE INSCRIPCI\u00d3N A LA COPA<\/strong><\/p>\n\n\n\n<p>[wpforms id=\u00bb1307&#8243; title=\u00bbfalse\u00bb description=\u00bbfalse\u00bb]<\/p>\n\n\n\n<p>El\/la ganador\/a deber\u00e1 informar el Resultado completando el siguiente formulario. En caso de tablas, cualquiera de los\/las dos participantes puede informar.<\/p>\n\n\n\n<p class=\"has-text-color has-background has-text-align-center has-very-light-gray-color has-very-dark-gray-background-color\"><strong>REPORTE DE RESULTADO<\/strong><\/p>\n\n\n\n<p>[wpforms id=\u00bb1309&#8243; title=\u00bbfalse\u00bb description=\u00bbfalse\u00bb]<\/p>\n\n\n\n<p class=\"has-text-color has-background has-text-align-center has-medium-font-size has-very-dark-gray-color has-light-green-cyan-background-color\"><strong>COMPLETO TUTORIAL SOBRE AJEDREZ<\/strong> <strong>para PRINCIPIANTES<\/strong> | <strong><a href=\"https:\/\/ajedrezdelsur.com\/como-jugar-ajedrez-paso-a-paso-nivel-principiante\/\">CLIC AQU\u00cd<\/a><\/strong><\/p>\n\n\n\n<p class=\"has-text-color has-background has-text-align-center has-medium-font-size has-very-light-gray-color has-vivid-cyan-blue-background-color\"><strong>Lista Final de participantes (cierre de inscripciones: 11\/05\/2020 a las 23:59 hs. (-3 UTC)<\/strong><\/p>\n\n\n\n<p class=\"has-text-align-center\">Aqu\u00ed podr\u00e1s ver la Lista Final de Inscriptos\/as<\/p>\n\n\n\n<p class=\"has-text-color has-background has-text-align-center has-medium-font-size has-very-light-gray-color has-vivid-cyan-blue-background-color\"><strong>Resultados, Tabla de Posiciones y Fixture de partidas<\/strong><\/p>\n\n\n\n<p class=\"has-text-align-center\">Aqu\u00ed reflejaremos Resultados, Tablas y pr\u00f3ximas partidas<\/p>\n\n\n\n<p><\/p>\n","protected":false},"excerpt":{"rendered":"<p>El Juego-ciencia nos convoca en tiempo de cuarentena. La Municipalidad de Sarmiento (Chubut) a trav\u00e9s de su Secretar\u00eda de Deportes, invita a todas las personas interesadas a participar de la Copa Municipalidad de Sarmiento. Fecha: 12 al 16 de Mayo de 2020 Categor\u00eda: ABIERTA, hombres y mujeres. Sistema de Juego: Sistema Suizo a 5 rondas.&hellip; <br \/> <a class=\"read-more\" href=\"https:\/\/deportesalternativos.com\/argentina\/juegos\/ajedrez\/\">Leer m\u00e1s<\/a><\/p>\n","protected":false},"author":1,"featured_media":0,"parent":1223,"menu_order":0,"comment_status":"closed","ping_status":"closed","template":"","meta":{"pagelayer_contact_templates":[],"_pagelayer_content":""},"_links":{"self":[{"href":"https:\/\/deportesalternativos.com\/argentina\/wp-json\/wp\/v2\/pages\/1300"}],"collection":[{"href":"https:\/\/deportesalternativos.com\/argentina\/wp-json\/wp\/v2\/pages"}],"about":[{"href":"https:\/\/deportesalternativos.com\/argentina\/wp-json\/wp\/v2\/types\/page"}],"author":[{"embeddable":true,"href":"https:\/\/deportesalternativos.com\/argentina\/wp-json\/wp\/v2\/users\/1"}],"replies":[{"embeddable":true,"href":"https:\/\/deportesalternativos.com\/argentina\/wp-json\/wp\/v2\/comments?post=1300"}],"version-history":[{"count":7,"href":"https:\/\/deportesalternativos.com\/argentina\/wp-json\/wp\/v2\/pages\/1300\/revisions"}],"predecessor-version":[{"id":1315,"href":"https:\/\/deportesalternativos.com\/argentina\/wp-json\/wp\/v2\/pages\/1300\/revisions\/1315"}],"up":[{"embeddable":true,"href":"https:\/\/deportesalternativos.com\/argentina\/wp-json\/wp\/v2\/pages\/1223"}],"wp:attachment":[{"href":"https:\/\/deportesalternativos.com\/argentina\/wp-json\/wp\/v2\/media?parent=1300"}],"curies":[{"name":"wp","href":"https:\/\/api.w.org\/{rel}","templated":true}]}}