{"id":1270,"date":"2020-04-27T20:42:39","date_gmt":"2020-04-27T23:42:39","guid":{"rendered":"http:\/\/deportesalternativos.com\/argentina\/?page_id=1270"},"modified":"2020-05-07T04:58:56","modified_gmt":"2020-05-07T07:58:56","slug":"kamisado","status":"publish","type":"page","link":"https:\/\/deportesalternativos.com\/argentina\/juegos\/kamisado\/","title":{"rendered":"Kamisado"},"content":{"rendered":"\n<p>Se viene el Campeonato Panamericano de Kamisado Online<\/p>\n\n\n\n<p>MAYO 2020<\/p>\n\n\n\n<p>Aqu\u00ed podr\u00e1s ir conoci\u00e9ndolo:<\/p>\n\n\n\n<figure class=\"wp-block-embed-youtube wp-block-embed is-type-video is-provider-youtube wp-embed-aspect-4-3 wp-has-aspect-ratio\"><div class=\"wp-block-embed__wrapper\">\n<div class='embed-container'><iframe loading=\"lazy\" title=\"ASPO Recreaci\u00f3n - Juego de Mesa Kamisado\" width=\"1440\" height=\"1080\" src=\"https:\/\/www.youtube.com\/embed\/wFI1HsE8SWc?feature=oembed\" frameborder=\"0\" allow=\"accelerometer; autoplay; clipboard-write; encrypted-media; gyroscope; picture-in-picture; web-share\" referrerpolicy=\"strict-origin-when-cross-origin\" allowfullscreen><\/iframe><\/div>\n<\/div><\/figure>\n\n\n\n<p class=\"has-text-color has-background has-text-align-center has-huge-font-size has-very-light-gray-color has-vivid-purple-background-color\">REGLAS KAMISADO<\/p>\n\n\n\n<p>Cuenta su autor,&nbsp;<a href=\"http:\/\/www.kamisado.com\/\" target=\"_blank\" rel=\"noreferrer noopener\"><strong>Peter Burley<\/strong><\/a>, que la idea de juego se inci\u00f3 en la d\u00e9cada de los 1970s en una visita a un servicio de caballeros:<\/p>\n\n\n\n<blockquote class=\"wp-block-quote\"><p><em>\u00abMe fij\u00e9 en que el suelo estaba cubierto con un interesante dise\u00f1o de peque\u00f1as baldosas de colores. Tom\u00e9 nota mental de que aquello pod\u00eda ser usado como base para un juego de mesa &#8211; eso es algo que me gusta mucho, siempre que veo algo un poco inusual. Me debi\u00f3 dejar una gran impresi\u00f3n esa vez porque aquella misma noche tuve un sue\u00f1o muy vivido alrededor de ese dise\u00f1o de colores y algo sobre la noci\u00f3n de \u00abel color que eliges es el color que mueve tu rival\u00bb. Supongo que mi subconsciente hab\u00eda estado trabajando y lo sac\u00f3 a la luz cuando dorm\u00eda.<\/em>\u00ab<\/p><\/blockquote>\n\n\n\n<div class=\"wp-block-image\"><figure class=\"aligncenter\"><img decoding=\"async\" src=\"http:\/\/farm6.static.flickr.com\/5118\/5799925733_85eb451343.jpg\" alt=\"Kamisado\" title=\"Kamisado\"\/><\/figure><\/div>\n\n\n\n<p>En una una caja blanca m\u00e1s as\u00e9ptica,&nbsp;<strong>Kamisado<\/strong>&nbsp;tiene un aspecto visual inspirado en China, vistoso en su colorido y que est\u00e1 relacionado directamente con su forma de juego: Incluye un tablero multicolor y unas piezas blancas y negras con forma de torres, con un s\u00edmbolo de color encima.&nbsp;El tablero tiene doble cara, pero salvo el detalle que una cara tiene impresos los s\u00edmbolos chinos del color de cada casilla, no hay m\u00e1s diferencias para jugar.&nbsp;&nbsp;<\/p>\n\n\n\n<div class=\"wp-block-image\"><figure class=\"aligncenter\"><img decoding=\"async\" src=\"http:\/\/farm3.static.flickr.com\/2713\/5800477310_c30fbb0ba4.jpg\" alt=\"Kamisado\" title=\"Kamisado\"\/><\/figure><\/div>\n\n\n\n<p>&nbsp;Incialmente las torres se colocan en filas opuestas del tablero, cada una sobre una casilla de su color.&nbsp;Comienza a mover la persona que controle las torres negras. Una torre se mueve siempre hacia adelante, en vertical o diagonal en l\u00ednea recta sobre el tablero.&nbsp;<strong>La regla de Kamisado<\/strong>:&nbsp; Mueves una torre hasta donde quieras y el color de la casilla donde llegues indica el color de la pieza que debe mover tu rival en el siguiente turno.&nbsp;&nbsp;<\/p>\n\n\n\n<div class=\"wp-block-image\"><figure class=\"aligncenter\"><img decoding=\"async\" src=\"http:\/\/farm3.static.flickr.com\/2547\/5799924803_cd524475cc.jpg\" alt=\"Kamisado\" title=\"Kamisado\"\/><\/figure><\/div>\n\n\n\n<p class=\"has-text-align-center\"><em>Una partida en sus primeros movimientos.<\/em><em><br>Mueven las blancas. La torre amarilla se mueve hacia adelante hasta una casilla morada<\/em><\/p>\n\n\n\n<div class=\"wp-block-image\"><figure class=\"aligncenter\"><img decoding=\"async\" src=\"http:\/\/farm4.static.flickr.com\/3454\/5800477986_b03c634f14.jpg\" alt=\"Kamisado\" title=\"Kamisado\"\/><\/figure><\/div>\n\n\n\n<p class=\"has-text-align-center\"><em>El turno pasa a las negras que deben mover la torre con el s\u00edmbolo morado en su techo<\/em><em>(el color de la casilla donde acab\u00f3 la torre blanca).<\/em><\/p>\n\n\n\n<div class=\"wp-block-image\"><figure class=\"aligncenter\"><img decoding=\"async\" src=\"http:\/\/farm3.static.flickr.com\/2459\/5800478164_2b94da7b42.jpg\" alt=\"Kamisado\" title=\"Kamisado\"\/><\/figure><\/div>\n\n\n\n<p><em>La torre negra con el s\u00edmbolo morado se mueve\u00a0hasta una casilla naranja. El turno pasa a las blancas que deben mover su torre con s\u00edmbolo naranja&#8230;<\/em><br>\u00a0La caracter\u00edstica principal de\u00a0<strong>Kamisado<\/strong>\u00a0es por tanto que una persona determina qu\u00e9 pieza mover\u00e1 su contrincante en el turno siguiente, encadenando colores y movimientos. Es algo muy poco frecuente.\u00a0El objetivo del juego es llegar con una torre propia a la fila opuesta del tablero (la fila inicial de las torres oponentes).\u00a0\u00a0<a href=\"http:\/\/www.flickr.com\/photos\/jugamostodos\/5800477310\/in\/photostream\"><\/a>\u00a0\u00a0<\/p>\n\n\n\n<p>Como casi todos los grandes juegos abstractos,\u00a0<strong>Kamisado\u00a0<\/strong>cuenta con una amplia legi\u00f3n de aficionados que estudian el juego, lo juegan on-line y organizan campeonatos.<\/p>\n\n\n\n<p><strong>Kamisado<\/strong>\u00a0se puede jugar a<strong> partida \u00fanica<\/strong> <strong>(como haremos en el pr\u00f3ximo Torneo Argentino)<\/strong> o a <strong>partida Est\u00e1ndar<\/strong> (quien gane 3 puntos ganando 3 partidas), <strong>Larga<\/strong> (7 puntos) o <strong>Marath\u00f3n<\/strong> (15 puntos). Cuando se juegan m\u00e1s de una partida seguidas, la torres que llega al final del tablero (provocando la victoria) obtiene un cristal\u00a0<em>sumo<\/em>\u00a0que indica que tiene nuevos poderes.\u00a0Una torre\u00a0<em>sumo<\/em>\u00a0tiene limitaciones de movimiento (s\u00f3lo 5 casillas), pero puede empujar un espacio a torres rivales si est\u00e1n adyacentes &#8211; esto es, un movimiento\u00a0<em>sumo<\/em>. Si la misma torre sumo vuelve a llegar al final en otra partida, obtiene un segundo cristal sumo y en la siguiente partida tendremos una torre doble sumo (que puede empujar a las torres sumo simples, etc.), y as\u00ed hasta triple sumo.\u00a0\u00a0\u00a0<\/p>\n\n\n\n<div class=\"wp-block-image\"><figure class=\"aligncenter\"><img decoding=\"async\" src=\"http:\/\/farm3.static.flickr.com\/2421\/5799924615_d0e7019300.jpg\" alt=\"Kamisado\" title=\"Kamisado\"\/><\/figure><\/div>\n\n\n\n<p><em>Los cristales que se ponen encima de una torre par convertirla en torre sumo.<\/em><\/p>\n\n\n\n<p>&nbsp;El folleto de instrucciones parece denso, pero es que est\u00e1 estructurado de forma muy articulada, a modo de un manual de reglas oficiales de campaonato. Pero la mayor parte del reglamento se refiere a los detalles de las partidas m\u00faltiples, y las reglas del juego en s\u00ed son tan simples en realidad como hemos explicado aqu\u00ed.&nbsp;&nbsp;<strong>Kamisado<\/strong>&nbsp;es otro buen juego moderno en el g\u00e9nero de los juegos abstractos para dos personas. Tiene un amplio terreno abierto para explorar sus posibilidades y estrategias, pero el juego se aprende casi de forma instt\u00e1ntanea gracias a sus reglas muy sencillas y visuales. Tambi\u00e9n puede jugarse de forma desenfadada &#8211; hasta ni\u00f1os y ni\u00f1as pueden divertirse jugando, siguiendo con gusto el encadenado de colores y movimientos de una casilla del tablero a la torre correspondiente. Que su colorido tablero no te distraiga, o pronto te ver\u00e1s obligado a mover la torre que no deseabas&#8230;<\/p>\n\n\n\n<div class=\"wp-block-image\"><figure class=\"aligncenter\"><img decoding=\"async\" src=\"http:\/\/farm3.static.flickr.com\/2194\/5800478722_47c006191e.jpg\" alt=\"Kamisado\" title=\"Kamisado\"\/><\/figure><\/div>\n\n\n\n<p>\u00a1Nos jugamos!<\/p>\n\n\n\n<p>Cr\u00e9ditos y Agradecimiento:<\/p>\n\n\n\n<p><a href=\"http:\/\/www.jugamostodos.org\/index.php\/noticias-en-espana\/en-produccion\/2476-kamisado-de-peter-burley\">http:\/\/www.jugamostodos.org\/index.php\/noticias-en-espana\/en-produccion\/2476-kamisado-de-peter-burley<\/a><\/p>\n","protected":false},"excerpt":{"rendered":"<p>Se viene el Campeonato Panamericano de Kamisado Online MAYO 2020 Aqu\u00ed podr\u00e1s ir conoci\u00e9ndolo: REGLAS KAMISADO Cuenta su autor,&nbsp;Peter Burley, que la idea de juego se inci\u00f3 en la d\u00e9cada de los 1970s en una visita a un servicio de caballeros: \u00abMe fij\u00e9 en que el suelo estaba cubierto con un interesante dise\u00f1o de peque\u00f1as&hellip; <br \/> <a class=\"read-more\" href=\"https:\/\/deportesalternativos.com\/argentina\/juegos\/kamisado\/\">Leer m\u00e1s<\/a><\/p>\n","protected":false},"author":1,"featured_media":0,"parent":1223,"menu_order":0,"comment_status":"closed","ping_status":"closed","template":"","meta":{"pagelayer_contact_templates":[],"_pagelayer_content":""},"_links":{"self":[{"href":"https:\/\/deportesalternativos.com\/argentina\/wp-json\/wp\/v2\/pages\/1270"}],"collection":[{"href":"https:\/\/deportesalternativos.com\/argentina\/wp-json\/wp\/v2\/pages"}],"about":[{"href":"https:\/\/deportesalternativos.com\/argentina\/wp-json\/wp\/v2\/types\/page"}],"author":[{"embeddable":true,"href":"https:\/\/deportesalternativos.com\/argentina\/wp-json\/wp\/v2\/users\/1"}],"replies":[{"embeddable":true,"href":"https:\/\/deportesalternativos.com\/argentina\/wp-json\/wp\/v2\/comments?post=1270"}],"version-history":[{"count":2,"href":"https:\/\/deportesalternativos.com\/argentina\/wp-json\/wp\/v2\/pages\/1270\/revisions"}],"predecessor-version":[{"id":1320,"href":"https:\/\/deportesalternativos.com\/argentina\/wp-json\/wp\/v2\/pages\/1270\/revisions\/1320"}],"up":[{"embeddable":true,"href":"https:\/\/deportesalternativos.com\/argentina\/wp-json\/wp\/v2\/pages\/1223"}],"wp:attachment":[{"href":"https:\/\/deportesalternativos.com\/argentina\/wp-json\/wp\/v2\/media?parent=1270"}],"curies":[{"name":"wp","href":"https:\/\/api.w.org\/{rel}","templated":true}]}}