{"id":1237,"date":"2020-04-21T14:17:58","date_gmt":"2020-04-21T17:17:58","guid":{"rendered":"http:\/\/deportesalternativos.com\/argentina\/?page_id=1237"},"modified":"2021-07-28T21:35:56","modified_gmt":"2021-07-29T00:35:56","slug":"pente","status":"publish","type":"page","link":"https:\/\/deportesalternativos.com\/argentina\/juegos\/pente\/","title":{"rendered":"Pente"},"content":{"rendered":"\n<p><\/p>\n\n\n\n<figure class=\"wp-block-image size-large\"><a href=\"https:\/\/deportesalternativos.com\/argentina\/juegos\/pente\/resultados\/\"><img decoding=\"async\" loading=\"lazy\" width=\"550\" height=\"335\" src=\"https:\/\/deportesalternativos.com\/argentina\/wp-content\/uploads\/2021\/07\/BANNER.gif\" alt=\"\" class=\"wp-image-1581\"\/><\/a><\/figure>\n\n\n\n<p><\/p>\n\n\n\n<p class=\"has-text-align-center has-vivid-cyan-blue-color has-text-color has-large-font-size\"><strong>REGLAS | C\u00f3mo jugar PENTE<\/strong><\/p>\n\n\n\n<div class=\"wp-block-image\"><figure class=\"aligncenter size-large is-resized\"><img decoding=\"async\" loading=\"lazy\" src=\"https:\/\/deportesalternativos.com\/argentina\/wp-content\/uploads\/2020\/04\/pente.jpg\" alt=\"\" class=\"wp-image-1252\" width=\"580\" height=\"232\"\/><\/figure><\/div>\n\n\n\n<figure class=\"wp-block-embed-youtube aligncenter wp-block-embed is-type-video is-provider-youtube wp-embed-aspect-4-3 wp-has-aspect-ratio\"><div class=\"wp-block-embed__wrapper\">\n<div class='embed-container'><iframe loading=\"lazy\" title=\"ASPO Recreaci\u00f3n - Jugamos Pente\" width=\"1440\" height=\"1080\" src=\"https:\/\/www.youtube.com\/embed\/-utCAPKGYgs?start=4&#038;feature=oembed\" frameborder=\"0\" allow=\"accelerometer; autoplay; clipboard-write; encrypted-media; gyroscope; picture-in-picture; web-share\" referrerpolicy=\"strict-origin-when-cross-origin\" allowfullscreen><\/iframe><\/div>\n<\/div><\/figure>\n\n\n\n<p class=\"has-text-align-center has-large-font-size\"><strong>REGLAS<\/strong><\/p>\n\n\n\n<p class=\"has-very-light-gray-color has-very-dark-gray-background-color has-text-color has-background\"><strong>Posici\u00f3n inicial y objetivo del juego<\/strong><br> <br><strong>Pente <\/strong>se juega sobre un tablero de 19&#215;19 (<strong>13&#215;13 en nuestra variante de juego en CODASPORTS<\/strong>) en el que las fichas se colocan sobre las intersecciones del tablero, en vez de sobre las casillas. Al inicio de la partida el tablero est\u00e1 vac\u00edo:<br><\/p>\n\n\n\n<div class=\"wp-block-image\"><figure class=\"aligncenter size-large is-resized\"><img decoding=\"async\" loading=\"lazy\" src=\"https:\/\/deportesalternativos.com\/argentina\/wp-content\/uploads\/2020\/04\/image.png\" alt=\"\" class=\"wp-image-1239\" width=\"377\" height=\"377\" srcset=\"https:\/\/deportesalternativos.com\/argentina\/wp-content\/uploads\/2020\/04\/image.png 220w, https:\/\/deportesalternativos.com\/argentina\/wp-content\/uploads\/2020\/04\/image-150x150.png 150w\" sizes=\"(max-width: 377px) 100vw, 377px\" \/><figcaption><strong>TABLERO VAC\u00cdO AL INICIO<\/strong><\/figcaption><\/figure><\/div>\n\n\n\n<p class=\"has-very-light-gray-color has-very-dark-gray-background-color has-text-color has-background\"><strong>El objetivo es colocar 5 (cinco) o m\u00e1s fichas en una fila continua vertical, horizontal o diagonalmente, o capturar al menos 10 fichas del adversario.<\/strong><br> <br><strong>C\u00f3mo colocar las fichas<\/strong><br> <br>Cada jugador puede colocar una ficha por movimiento sobre una intersecci\u00f3n libre. Sin embargo, para mantener el equilibrio entre las opciones de ganar de ambos jugadores, se aplican varias restricciones:<\/p>\n\n\n\n<p class=\"has-very-light-gray-color has-very-dark-gray-background-color has-text-color has-background\">El primer movimiento debe ser colocado en el centro del tablero, en la intersecci\u00f3n K10:<\/p>\n\n\n\n<div class=\"wp-block-image\"><figure class=\"aligncenter size-large is-resized\"><img decoding=\"async\" loading=\"lazy\" src=\"https:\/\/deportesalternativos.com\/argentina\/wp-content\/uploads\/2020\/04\/image-1.png\" alt=\"\" class=\"wp-image-1240\" width=\"376\" height=\"376\" srcset=\"https:\/\/deportesalternativos.com\/argentina\/wp-content\/uploads\/2020\/04\/image-1.png 220w, https:\/\/deportesalternativos.com\/argentina\/wp-content\/uploads\/2020\/04\/image-1-150x150.png 150w\" sizes=\"(max-width: 376px) 100vw, 376px\" \/><\/figure><\/div>\n\n\n\n<p class=\"has-very-light-gray-color has-very-dark-gray-background-color has-text-color has-background\">La segunda ficha del blanco debe ser colocada <strong>al menos a tres intersecciones de distancia del centro K10 en cualquier direcci\u00f3n<\/strong>. Es decir, que el segundo movimiento del jugador\/a blanco debe ser realizado sobre cualquier sitio (en una intersecci\u00f3n libre) fuera del recuadro rojo:<br><\/p>\n\n\n\n<div class=\"wp-block-image\"><figure class=\"aligncenter size-large is-resized\"><img decoding=\"async\" loading=\"lazy\" src=\"https:\/\/deportesalternativos.com\/argentina\/wp-content\/uploads\/2020\/04\/image-2.png\" alt=\"\" class=\"wp-image-1241\" width=\"371\" height=\"371\" srcset=\"https:\/\/deportesalternativos.com\/argentina\/wp-content\/uploads\/2020\/04\/image-2.png 220w, https:\/\/deportesalternativos.com\/argentina\/wp-content\/uploads\/2020\/04\/image-2-150x150.png 150w\" sizes=\"(max-width: 371px) 100vw, 371px\" \/><\/figure><\/div>\n\n\n\n<p class=\"has-very-light-gray-color has-very-dark-gray-background-color has-text-color has-background\">No hay restricciones para los movimientos del jugador\/a con negras. Este\/a puede colocar sus fichas en cualquier intersecci\u00f3n libre.<\/p>\n\n\n\n<p class=\"has-very-light-gray-color has-very-dark-gray-background-color has-text-color has-background\"><br><strong>C\u00f3mo capturar las fichas del adversario<\/strong><br>Un\/a jugador\/a captura las fichas adversarias si rodea vertical, horizontal o diagonalmente una fila continua de dos y s\u00f3lo dos fichas adversarias. Las piezas capturadas son inmediatamente retiradas del tablero. La siguiente imagen muestra la situaci\u00f3n antes y despu\u00e9s de que el jugador blanco captur\u00f3 dos fichas negras:<br><\/p>\n\n\n\n<div class=\"wp-block-image\"><figure class=\"aligncenter size-large is-resized\"><img decoding=\"async\" loading=\"lazy\" src=\"https:\/\/deportesalternativos.com\/argentina\/wp-content\/uploads\/2020\/04\/image-3.png\" alt=\"\" class=\"wp-image-1242\" width=\"336\" height=\"336\" srcset=\"https:\/\/deportesalternativos.com\/argentina\/wp-content\/uploads\/2020\/04\/image-3.png 220w, https:\/\/deportesalternativos.com\/argentina\/wp-content\/uploads\/2020\/04\/image-3-150x150.png 150w\" sizes=\"(max-width: 336px) 100vw, 336px\" \/><figcaption>POSICI\u00d3N <strong>ANTES<\/strong> DE LA CAPTURA<\/figcaption><\/figure><\/div>\n\n\n\n<div class=\"wp-block-image\"><figure class=\"aligncenter size-large is-resized\"><img decoding=\"async\" loading=\"lazy\" src=\"https:\/\/deportesalternativos.com\/argentina\/wp-content\/uploads\/2020\/04\/image-4.png\" alt=\"\" class=\"wp-image-1243\" width=\"333\" height=\"333\" srcset=\"https:\/\/deportesalternativos.com\/argentina\/wp-content\/uploads\/2020\/04\/image-4.png 220w, https:\/\/deportesalternativos.com\/argentina\/wp-content\/uploads\/2020\/04\/image-4-150x150.png 150w\" sizes=\"(max-width: 333px) 100vw, 333px\" \/><figcaption>POSICI\u00d3N <strong>DESPU\u00c9S<\/strong> DE LA CAPTURA<\/figcaption><\/figure><\/div>\n\n\n\n<p class=\"has-very-light-gray-color has-very-dark-gray-background-color has-text-color has-background\">Es posible realizar una captura m\u00faltiple rodeando dos o m\u00e1s pares de fichas adversarias a la vez:<\/p>\n\n\n\n<div class=\"wp-block-image\"><figure class=\"aligncenter size-large is-resized\"><img decoding=\"async\" loading=\"lazy\" src=\"https:\/\/deportesalternativos.com\/argentina\/wp-content\/uploads\/2020\/04\/image-6.png\" alt=\"\" class=\"wp-image-1246\" width=\"587\" height=\"283\" srcset=\"https:\/\/deportesalternativos.com\/argentina\/wp-content\/uploads\/2020\/04\/image-6.png 618w, https:\/\/deportesalternativos.com\/argentina\/wp-content\/uploads\/2020\/04\/image-6-300x145.png 300w\" sizes=\"(max-width: 587px) 100vw, 587px\" \/><figcaption>CUANDO LA FICHA VERDE ES COLOCADA COMO INDICA LA FLECHA, <strong>SE PRODUCE UNA CAPTURA M\u00daLTIPLE<\/strong> (4 FICHAS CELESTES)<\/figcaption><\/figure><\/div>\n\n\n\n<p class=\"has-very-light-gray-color has-very-dark-gray-background-color has-text-color has-background\">Si un\/a jugador\/a coloca su ficha en una posici\u00f3n que un par de sus fichas sean rodeadas por fichas adversarias, las suyas propias no son capturadas. La captura puede \u00fanicamente ocurrir como resultado del movimiento del adversario:<\/p>\n\n\n\n<div class=\"wp-block-image\"><figure class=\"aligncenter size-large is-resized\"><img decoding=\"async\" loading=\"lazy\" src=\"https:\/\/deportesalternativos.com\/argentina\/wp-content\/uploads\/2020\/04\/image-5.png\" alt=\"\" class=\"wp-image-1244\" width=\"426\" height=\"169\"\/><figcaption>SI LA FICHA CELESTE ES COLOCADA DONDE INDICA LA FLECHA, <strong>NO SON CAPTURADAS<\/strong> <\/figcaption><\/figure><\/div>\n\n\n\n<p class=\"has-very-light-gray-color has-very-dark-gray-background-color has-text-color has-background\"><strong>C\u00f3mo finalizar la partida<\/strong><br> <br>La partida termina si se da una de las siguientes condiciones:<br><\/p>\n\n\n\n<ul><li>Uno\/a de los\/as jugadores\/as construye una fila continua de 5 o m\u00e1s fichas de su color horizontal, vertical o diagonalmente. <strong>Este\/a jugador\/a gana la partida<\/strong>.<\/li><li>Uno de los jugadores captura 10 o m\u00e1s fichas adversarias. <strong>Este\/a jugador\/a gana la partida<\/strong>.<\/li><li>Si no queda ninguna intersecci\u00f3n libre sobre el tablero (todas est\u00e1n ocupadas por fichas blancas o negras), la partida <strong>termina en empate<\/strong>. Sin embargo, debido a la posibilidad de capturar fichas, esta situaci\u00f3n ocurre muy raramente.<\/li><\/ul>\n\n\n\n<p class=\"has-very-light-gray-color has-very-dark-gray-background-color has-text-color has-background\"><strong>Puntuaci\u00f3n al finalizar<\/strong><\/p>\n\n\n\n<p>Cuando el juego finaliza, los puntos se\ncuentan de la siguiente manera:<\/p>\n\n\n\n<ul><li>El\/la jugador\/a que consiga colocar 5 fichas en l\u00ednea recibe 5 puntos como Bonus<\/li><li>Cada jugador\/a recibe 1 punto por cada captura que realice.<\/li><li>Cada jugador\/a recibe 1 punto por cada l\u00ednea de 4 fichas que al finalizar, permanezca en el tablero.<\/li><\/ul>\n\n\n\n<hr class=\"wp-block-separator\"\/>\n\n\n\n<p><\/p>\n\n\n\n<p><\/p>\n","protected":false},"excerpt":{"rendered":"<p>REGLAS | C\u00f3mo jugar PENTE REGLAS Posici\u00f3n inicial y objetivo del juego Pente se juega sobre un tablero de 19&#215;19 (13&#215;13 en nuestra variante de juego en CODASPORTS) en el que las fichas se colocan sobre las intersecciones del tablero, en vez de sobre las casillas. Al inicio de la partida el tablero est\u00e1 vac\u00edo:&hellip; <br \/> <a class=\"read-more\" href=\"https:\/\/deportesalternativos.com\/argentina\/juegos\/pente\/\">Leer m\u00e1s<\/a><\/p>\n","protected":false},"author":1,"featured_media":1252,"parent":1223,"menu_order":0,"comment_status":"closed","ping_status":"closed","template":"","meta":{"pagelayer_contact_templates":[],"_pagelayer_content":""},"_links":{"self":[{"href":"https:\/\/deportesalternativos.com\/argentina\/wp-json\/wp\/v2\/pages\/1237"}],"collection":[{"href":"https:\/\/deportesalternativos.com\/argentina\/wp-json\/wp\/v2\/pages"}],"about":[{"href":"https:\/\/deportesalternativos.com\/argentina\/wp-json\/wp\/v2\/types\/page"}],"author":[{"embeddable":true,"href":"https:\/\/deportesalternativos.com\/argentina\/wp-json\/wp\/v2\/users\/1"}],"replies":[{"embeddable":true,"href":"https:\/\/deportesalternativos.com\/argentina\/wp-json\/wp\/v2\/comments?post=1237"}],"version-history":[{"count":16,"href":"https:\/\/deportesalternativos.com\/argentina\/wp-json\/wp\/v2\/pages\/1237\/revisions"}],"predecessor-version":[{"id":1595,"href":"https:\/\/deportesalternativos.com\/argentina\/wp-json\/wp\/v2\/pages\/1237\/revisions\/1595"}],"up":[{"embeddable":true,"href":"https:\/\/deportesalternativos.com\/argentina\/wp-json\/wp\/v2\/pages\/1223"}],"wp:featuredmedia":[{"embeddable":true,"href":"https:\/\/deportesalternativos.com\/argentina\/wp-json\/wp\/v2\/media\/1252"}],"wp:attachment":[{"href":"https:\/\/deportesalternativos.com\/argentina\/wp-json\/wp\/v2\/media?parent=1237"}],"curies":[{"name":"wp","href":"https:\/\/api.w.org\/{rel}","templated":true}]}}