{"id":1188,"date":"2020-04-19T18:32:56","date_gmt":"2020-04-19T21:32:56","guid":{"rendered":"http:\/\/deportesalternativos.com\/argentina\/?page_id=1188"},"modified":"2025-11-14T00:17:29","modified_gmt":"2025-11-14T03:17:29","slug":"mesmerize","status":"publish","type":"page","link":"https:\/\/deportesalternativos.com\/argentina\/","title":{"rendered":"Front Page"},"content":{"rendered":"<div  data-label=\"Overlappable\" data-id=\"overlappable--1\" data-export-id=\"overlappable-4\" data-category=\"overlappable\" class=\"overlappable-4 content-section content-section-spacing\" data-overlap=\"true\" id=\"overlappable-1\" style=\"background-color: rgb(255, 255, 255); background-image: none;\"><div  class=\"gridContainer\"> <div  data-type=\"row\" class=\"row spaced-cols text-center content-center-sm center-sm\"><div  class=\"col-xs-12 col-sm-4 col-padding\"> <i  class=\"fa icon shadow-large-black aligncenter color1 fa-dribbble reverse round large\"><\/i> <div  data-type=\"column\" class=\"\"> <h5  class=\"\">DEPORTES ALTERNATIVOS<\/h5> <p  class=\"\">Un bal\u00f3n, diferentes usos. Alternativas. Construimos si no tenemos. Reemplazamos, adaptamos. Nos adaptamos a los elementos, el entorno y las personas<\/p><img  decoding=\"async\" class=\"custom-image\" src=\"https:\/\/deportesalternativos.com\/argentina\/wp-content\/uploads\/2018\/02\/cropped-Beach-Kabaddi-Phuket-2014_511434172016345.jpg\" scale=\"0\" alt=\"\" title=\"cropped-Beach-Kabaddi-Phuket-2014_511434172016345.jpg\"><\/div> <\/div> <div  class=\"col-xs-12 col-sm-4 col-padding\"> <i  class=\"fa icon shadow-large-black aligncenter color1 fa-puzzle-piece reverse round large\"><\/i> <div  data-type=\"column\" class=\"\"><h5  class=\"\">JUEGOS ALTERNATIVOS<\/h5> <p  class=\"\">Una gran variedad y cantidad de juegos alternativos, seleccionados por su disfrute y aplicaci\u00f3n, su simpleza y su utilidad. Utilizamos muchos juegos para recreaci\u00f3n<\/p><img  decoding=\"async\" class=\"custom-image\" src=\"https:\/\/deportesalternativos.com\/argentina\/wp-content\/uploads\/2018\/02\/cropped-enda_noche2.jpg\" scale=\"0\" alt=\"\" title=\"cropped-enda_noche2.jpg\"><\/div> <\/div> <div  class=\"col-xs-12 col-sm-4 col-padding\"> <i  class=\"fa icon shadow-large-black aligncenter color1 fa-globe reverse round large\"><\/i> <div  data-type=\"column\" class=\"\"><h5  class=\"\">COMPETENCIA<\/h5> <p  class=\"\">Dentro de CADALT conviven casi 100 deportes que son parte muy importante del deporte de representaci\u00f3n nacional. Conoc\u00e9 nuestros deportistas y sus esfuerzos<\/p><img  decoding=\"async\" class=\"custom-image\" src=\"https:\/\/deportesalternativos.com\/argentina\/wp-content\/uploads\/2018\/02\/cropped-Sel-Kayak-Polo-Masculina-2.jpg\" scale=\"0\" alt=\"\" title=\"cropped-Sel-Kayak-Polo-Masculina-2.jpg\"><\/div> <\/div><\/div> <\/div><\/div><div  id=\"latest-news-1\" style=\"background-color: #f5fafd;\" data-label=\"Latest-news\" data-id=\"blog-section\" data-export-id=\"blog-section\" data-category=\"latest_news\" class=\"blog-section blog-section-standard content-section content-section-spacing\"><div  class=\"gridContainer\"> <div  class=\"row\"><div  data-type=\"column\" class=\"section-title-col\"> <h2  class=\"\">Noticias | Juegos y Deportes Alternativos<\/h2> <p  class=\"lead\">Un resumen de nuestras \u00faltimas noticias.<\/p><\/div> <\/div> <div  class=\"row\"> <div  data-type=\"row\" data-dynamic-columns=\"handled\" data-content-shortcode=\"mesmerize_latest_news\">        <div class=\"row center-sm content-left-sm\">\n                    <div id=\"post-1935\" class=\"col-sm-6 col-md-4 space-bottom space-bottom-xs\">\n                <div class=\"post-content card y-move bordered\">\n                    <div class=\"post-thumbnail\">\n   <a href=\"https:\/\/deportesalternativos.com\/argentina\/tona-2024-todo-listo\/\" class=\"post-list-item-thumb \">\n      <img width=\"1024\" height=\"724\" src=\"https:\/\/deportesalternativos.com\/argentina\/wp-content\/uploads\/2024\/06\/WhatsApp-Image-2025-10-30-at-13.35.24-1024x724.jpeg\" class=\"attachment-post-thumbnail size-post-thumbnail wp-post-image\" alt=\"\" decoding=\"async\" loading=\"lazy\" srcset=\"https:\/\/deportesalternativos.com\/argentina\/wp-content\/uploads\/2024\/06\/WhatsApp-Image-2025-10-30-at-13.35.24-1024x724.jpeg 1024w, https:\/\/deportesalternativos.com\/argentina\/wp-content\/uploads\/2024\/06\/WhatsApp-Image-2025-10-30-at-13.35.24-300x212.jpeg 300w, https:\/\/deportesalternativos.com\/argentina\/wp-content\/uploads\/2024\/06\/WhatsApp-Image-2025-10-30-at-13.35.24-768x543.jpeg 768w, https:\/\/deportesalternativos.com\/argentina\/wp-content\/uploads\/2024\/06\/WhatsApp-Image-2025-10-30-at-13.35.24.jpeg 1068w\" sizes=\"(max-width: 1024px) 100vw, 1024px\" \/>   <\/a>\n<\/div>\n                    <div class=\"col-padding col-padding-xs\">\n                        <h3 class=\"post-title space-bottom-small\">\n                            <a href=\"https:\/\/deportesalternativos.com\/argentina\/tona-2024-todo-listo\/\" rel=\"bookmark\">\n                                \u00a1TONA 2025, todo listo!                            <\/a>\n                        <\/h3>\n                        <p>La edici\u00f3n 2025 de los TONA (Torneos Nacionales Alternativos) ser\u00e1 el pr\u00f3ximo 6 y 7 de diciembre de 2025, en Benito Ju\u00e1rez, provincia de Buenos Aires, Argentina. \u00a1Lee y conoce[&hellip;]<\/p>\n                        <a class=\"read-more link\" href=\"https:\/\/deportesalternativos.com\/argentina\/tona-2024-todo-listo\/\">\n                            Read more                        <\/a>\n                    <\/div>\n                <\/div>\n            <\/div>\n                    <div id=\"post-1931\" class=\"col-sm-6 col-md-4 space-bottom space-bottom-xs\">\n                <div class=\"post-content card y-move bordered\">\n                    <div class=\"post-thumbnail\">\n   <a href=\"https:\/\/deportesalternativos.com\/argentina\/mundialito-2025\/\" class=\"post-list-item-thumb \">\n      <img width=\"859\" height=\"535\" src=\"https:\/\/deportesalternativos.com\/argentina\/wp-content\/uploads\/2024\/06\/web_wasg_mundi.jpg\" class=\"attachment-post-thumbnail size-post-thumbnail wp-post-image\" alt=\"\" decoding=\"async\" loading=\"lazy\" srcset=\"https:\/\/deportesalternativos.com\/argentina\/wp-content\/uploads\/2024\/06\/web_wasg_mundi.jpg 859w, https:\/\/deportesalternativos.com\/argentina\/wp-content\/uploads\/2024\/06\/web_wasg_mundi-300x187.jpg 300w, https:\/\/deportesalternativos.com\/argentina\/wp-content\/uploads\/2024\/06\/web_wasg_mundi-768x478.jpg 768w\" sizes=\"(max-width: 859px) 100vw, 859px\" \/>   <\/a>\n<\/div>\n                    <div class=\"col-padding col-padding-xs\">\n                        <h3 class=\"post-title space-bottom-small\">\n                            <a href=\"https:\/\/deportesalternativos.com\/argentina\/mundialito-2025\/\" rel=\"bookmark\">\n                                Mundialito 2025                            <\/a>\n                        <\/h3>\n                        <p>La WASG (World Alternative Sports &amp; Games), entidad que coordina la divulgaci\u00f3n y desarrollo de 434 deportes alternativos en el mundo, inaugur\u00f3 su proyecto Mundialito 2025. Habr\u00e1 instancias clasificatorias en[&hellip;]<\/p>\n                        <a class=\"read-more link\" href=\"https:\/\/deportesalternativos.com\/argentina\/mundialito-2025\/\">\n                            Read more                        <\/a>\n                    <\/div>\n                <\/div>\n            <\/div>\n                    <div id=\"post-1886\" class=\"col-sm-6 col-md-4 space-bottom space-bottom-xs\">\n                <div class=\"post-content card y-move bordered\">\n                    <div class=\"post-thumbnail\">\n   <a href=\"https:\/\/deportesalternativos.com\/argentina\/congreso-2023-confirmado\/\" class=\"post-list-item-thumb \">\n      <img width=\"900\" height=\"1600\" src=\"https:\/\/deportesalternativos.com\/argentina\/wp-content\/uploads\/2023\/11\/flyer.jpg\" class=\"attachment-post-thumbnail size-post-thumbnail wp-post-image\" alt=\"\" decoding=\"async\" loading=\"lazy\" srcset=\"https:\/\/deportesalternativos.com\/argentina\/wp-content\/uploads\/2023\/11\/flyer.jpg 900w, https:\/\/deportesalternativos.com\/argentina\/wp-content\/uploads\/2023\/11\/flyer-169x300.jpg 169w, https:\/\/deportesalternativos.com\/argentina\/wp-content\/uploads\/2023\/11\/flyer-576x1024.jpg 576w, https:\/\/deportesalternativos.com\/argentina\/wp-content\/uploads\/2023\/11\/flyer-768x1365.jpg 768w, https:\/\/deportesalternativos.com\/argentina\/wp-content\/uploads\/2023\/11\/flyer-864x1536.jpg 864w, https:\/\/deportesalternativos.com\/argentina\/wp-content\/uploads\/2023\/11\/flyer-608x1080.jpg 608w\" sizes=\"(max-width: 900px) 100vw, 900px\" \/>   <\/a>\n<\/div>\n                    <div class=\"col-padding col-padding-xs\">\n                        <h3 class=\"post-title space-bottom-small\">\n                            <a href=\"https:\/\/deportesalternativos.com\/argentina\/congreso-2023-confirmado\/\" rel=\"bookmark\">\n                                Congreso 2023 confirmado                            <\/a>\n                        <\/h3>\n                        <p>Ser\u00e1 en Benito Ju\u00e1rez, Provincia de Buenos Aires, del 15 al 17 de diciembre de 2023. Toda la informaci\u00f3n en la p\u00e1gina oficial del XII Congreso Argentino y Sudamericano de[&hellip;]<\/p>\n                        <a class=\"read-more link\" href=\"https:\/\/deportesalternativos.com\/argentina\/congreso-2023-confirmado\/\">\n                            Read more                        <\/a>\n                    <\/div>\n                <\/div>\n            <\/div>\n            <\/div>\n    <\/div><\/div> <div  class=\"row\"><div  class=\"text-center\"> <a  class=\"button color1\" data-attr-shortcode=\"href:mesmerize_blog_link\" href=\"https:\/\/deportesalternativos.com\/argentina\/blog\/\">CLIC AQU\u00cd PARA VER TODAS LAS NOTICIAS<\/a><\/div> <\/div><\/div><\/div><div  data-label=\"Features\" data-id=\"features--1\" data-export-id=\"features-16-card-bordered\" data-category=\"features\" class=\"features-16-card-bordered content-section content-section-spacing\" id=\"features-1\" style=\"background-color: rgb(245, 250, 253); background-image: none;\"><div  class=\"gridContainer\"> <div  class=\"row text-center\"><div  class=\"section-title-col\" data-type=\"column\"> <h2  class=\"\">CODASPORTS CURSOS:\n<br >investigamos y facilitamos<\/h2> <p  class=\"lead\">Nuestra oferta de Cursos y Capacitaciones sigue en expansi\u00f3n, para que sumarse a esta tem\u00e1tica deportivo-recreativa sea un constante descubrimiento. Continuamos investigando, todos los d\u00edas.<\/p><\/div> <\/div> <div  class=\"row spaced-cols\" data-type=\"row\"> <div  class=\"col-xs-12 col-sm-6 col-md-4\"> <div  class=\"card no-padding bordered y-move\"> <img  decoding=\"async\" class=\"face\" src=\"https:\/\/deportesalternativos.com\/argentina\/wp-content\/uploads\/2024\/06\/cropped-DIPLO_UCASAL_BANNER.jpg\" scale=\"0\" title=\"cropped-DIPLO_UCASAL_BANNER.jpg\" alt=\"\"> <div  data-type=\"column\" class=\"col-padding-small col-padding-small-xs description-container\"> <h4  class=\"font-500\">Diplomatura UCASAL<\/h4> <p  class=\"\">Con inscripciones abiertas, comenzar\u00e1 en junio-julio de 2024, la m\u00e1xima instancia mundial en Deportes Alternativos: Diplomatura Universitaria en Deportes Emergentes, Alternativos y \u00c9tnicos. Toda la informaci\u00f3n en este enlace.<\/p><\/div> <div  data-type=\"column\" class=\"col-padding-small col-padding-small-xs read-more-container\"><a class=\"read-more\" href=\"https:\/\/www.ucasal.edu.ar\/cursos\/diplomatura-deportes-emergentes-alternativos-etnicos.php\" target=\"_blank\" data-cp-link=\"1\" rel=\"noopener noreferrer\">TODA LA INFO, CLIC AQU\u00cd<\/a><\/div> <\/div><\/div> <div  class=\"col-xs-12 col-sm-6 col-md-4\"><div  class=\"card no-padding bordered y-move\"> <img  decoding=\"async\" class=\"face\" src=\"https:\/\/deportesalternativos.com\/argentina\/wp-content\/uploads\/2022\/01\/cropped-FLYERS_CEIDA1_chico.jpg\" scale=\"0\" title=\"cropped-FLYERS_CEIDA1_chico.jpg\" alt=\"\"> <div  data-type=\"column\" class=\"col-padding-small col-padding-small-xs description-container\"> <h4  class=\"font-500\">Curso Virtual 2025 Internacional<\/h4> <p  class=\"\">Reabrimos la inscripci\u00f3n para seguir brindando el 1\u00b0 Curso Internacional hasta el 30\/11\/25, creando egresados\/as con conocimiento cabal de la tem\u00e1tica y acredit\u00e1ndolos\/as oficialmente.\n<br >Abierto para personas de todo el mundo.<\/p><\/div> <div  data-type=\"column\" class=\"col-padding-small col-padding-small-xs read-more-container\"><a class=\"read-more\" href=\"https:\/\/deportesalternativos.com\/cursos\/ceida1\" target=\"_blank\" data-cp-link=\"1\" rel=\"noopener noreferrer\">CLIC AQU\u00cd PARA CONOCER PROGRAMA Y COSTOS<\/a><\/div> <\/div><\/div> <div  class=\"col-xs-12 col-sm-6 col-md-4\"><div  class=\"card no-padding bordered y-move\"> <img  decoding=\"async\" class=\"face\" src=\"https:\/\/deportesalternativos.com\/argentina\/wp-content\/uploads\/2023\/03\/cropped-Flyer_EIDAA2023.jpg\" scale=\"0\" title=\"cropped-Flyer_EIDAA2023.jpg\" alt=\"\"> <div  data-type=\"column\" class=\"col-padding-small col-padding-small-xs description-container\"> <h4  class=\"font-500\">Alternativos Adaptados 2025<\/h4> <p  class=\"\">La Especializaci\u00f3n Internacional en Deportes Alternativos Adaptados, continuar\u00e1 recibiendo inscripciones hasta el 30\/11\/25. Ya son m\u00e1s de 300 los y las que han cursado (y cursan) esta innovadora opci\u00f3n con \u00e9nfasis en las Personas con Discapacidad.<\/p><\/div> <div  data-type=\"column\" class=\"col-padding-small col-padding-small-xs read-more-container\"><a class=\"read-more\" href=\"https:\/\/deportesalternativos.com\/cursos\/eidaa1\" target=\"_blank\" data-cp-link=\"1\" rel=\"noopener noreferrer\">\u00a1SUMATE A LA ESPECIALIZACI\u00d3N!<\/a><\/div> <\/div><\/div> <\/div><\/div> <\/div><div  data-label=\"Features\" data-id=\"features--2\" data-export-id=\"features-13\" data-category=\"features\" class=\"features-13 content-section content-section-spacing\" id=\"features-2\" style=\"background-color: rgb(255, 255, 255);\"><div  class=\"gridContainer\"> <div  class=\"row text-center\"><div  class=\"section-title-col\" data-type=\"column\"> <h2  class=\"\">CADALT<\/h2> <p  class=\"lead\">CADALT (Consejo Argentino de Deportes Alternativos), reune 115 deportes y sus entidades rectoras. El Consejo es miembro de la m\u00e1xima entidad del Deporte Argentino: la Confederaci\u00f3n Argentina de Deportes (CAD).\n<br >Conoce 4 de nuestros 115 Deportes Alternativos&nbsp;<\/p><\/div> <\/div> <div  class=\"row spaced-cols\" data-type=\"row\"> <div  class=\"col col-sm-6 col-md-3 space-bottom\">  <h4  class=\"\">KABADDI<\/h4> <p  class=\"\">Oriundo de Bangladesh, en Argentina pis\u00f3 fuerte desde 2003. Muchos mundiales, mucha historia y un futuro excelso le depara este deporte a nuestro pa\u00eds.<\/p> <a class=\"button small y-move color2\" href=\"https:\/\/deportesalternativos.com\/kabaddi\" target=\"_self\" data-cp-link=\"1\" rel=\"noopener noreferrer\">KABADDI<\/a><img  decoding=\"async\" class=\"custom-image\" src=\"https:\/\/deportesalternativos.com\/argentina\/wp-content\/uploads\/2018\/02\/cropped-logo-kabaddi_250_250-1.jpg\" scale=\"0\" alt=\"\" title=\"cropped-logo-kabaddi_250_250-1.jpg\"><\/div> <div  class=\"col col-sm-6 col-md-3 space-bottom\"> <h4  class=\"\">FAUSTBALL<\/h4> <p  class=\"\">Nuestro pa\u00eds es una de las mayores potencias del planeta. Faustball (tambi\u00e9n Fistball \u00f3 Punhobol), tuvo su Mundial 2015 en tierra cordobesa. A disfrutar.<\/p> <a class=\"button small y-move color2\" href=\"https:\/\/www.facebook.com\/faustballArg\" target=\"_self\" data-cp-link=\"1\" rel=\"noopener noreferrer\">FAUSTBALL<\/a><img  decoding=\"async\" class=\"custom-image\" src=\"https:\/\/deportesalternativos.com\/argentina\/wp-content\/uploads\/2018\/02\/cropped-logo_faf_250_221.png\" scale=\"0\" alt=\"\" title=\"cropped-logo_faf_250_221.png\"><\/div> <div  class=\"col col-sm-6 col-md-3 space-bottom\"> <h4  class=\"\">ECUAVOLLEY<\/h4> <p  class=\"\">Un din\u00e1mico deporte nacido en las entra\u00f1as de Ecuador, divulgado por sus orgullosos\/as migrantes, con gran historia y en constante expansi\u00f3n en Argentina y en el mundo.<\/p> <a class=\"button small y-move color2\" href=\"https:\/\/www.facebook.com\/profile.php?id=100055662833218\" target=\"_self\" data-cp-link=\"1\" rel=\"noopener noreferrer\">ECUAVOLLEY<\/a><img  decoding=\"async\" class=\"custom-image\" src=\"https:\/\/deportesalternativos.com\/argentina\/wp-content\/uploads\/2023\/03\/cropped-ecuavolley.jpg\" scale=\"0\" alt=\"\" title=\"cropped-ecuavolley.jpg\"><\/div> <div  class=\"col col-sm-6 col-md-3 space-bottom\"> <h4  class=\"\">DODGEBALL<\/h4> <p  class=\"\">Ascenso mete\u00f3rico, de mucha difusi\u00f3n, divertido y con un gran esfuerzo ya fue mundialista en 2 ocasiones. Liga Nacional y un futuro plagado de eventos.<\/p> <a class=\"button small y-move color2\" href=\"https:\/\/www.facebook.com\/dodgeball.ar\" target=\"_self\" data-cp-link=\"1\" rel=\"noopener noreferrer\">DODGEBALL<\/a><img  decoding=\"async\" class=\"custom-image\" src=\"https:\/\/deportesalternativos.com\/argentina\/wp-content\/uploads\/2020\/04\/cropped-dodgeball-argentina-1.jpg\" scale=\"0\" alt=\"\" title=\"cropped-dodgeball-argentina-1.jpg\"><\/div> <\/div><\/div> <\/div><div  id=\"contact-1\" data-label=\"Contact\" data-id=\"contact-1\" data-export-id=\"contact-1\" data-category=\"contact\" class=\"contact-1 content-section content-section-spacing white-text\" data-parallax-depth=\"20\"><div  class=\"gridContainer\"> <div  class=\"row text-center\"><div  class=\"section-title-col\" data-type=\"column\"> <h2  class=\"\">\u00a1Cont\u00e1ctanos!<\/h2> <p  class=\"lead\">Completa el formulario y ponte en contacto con CODASPORTS Argentina.<\/p><\/div> <\/div> <div  class=\"row text-center\"> <div  class=\"col-xs-12 col-sm-8 col-sm-offset-2 contact-form-wrapper inline-info\"> <div  class=\"card large-padding\"> <div  class=\"\" data-content-shortcode=\"mesmerize_contact_form shortcode=&quot;wpforms id=&amp;amp;quot;1192&amp;amp;quot; title=&amp;amp;quot;false&amp;amp;quot; description=&amp;amp;quot;false&amp;amp;quot;&quot;\" data-editable=\"true\">[wpforms id=\"1192\" title=\"false\" description=\"false\"]<\/div><\/div> <\/div><\/div> <\/div><\/div>","protected":false},"excerpt":{"rendered":"<p>DEPORTES ALTERNATIVOS Un bal\u00f3n, diferentes usos. Alternativas. Construimos si no tenemos. Reemplazamos, adaptamos. Nos adaptamos a los elementos, el entorno y las personas JUEGOS ALTERNATIVOS Una gran variedad y cantidad de juegos alternativos, seleccionados por su disfrute y aplicaci\u00f3n, su simpleza y su utilidad. Utilizamos muchos juegos para recreaci\u00f3n COMPETENCIA Dentro de CADALT conviven casi&hellip; <br \/> <a class=\"read-more\" href=\"https:\/\/deportesalternativos.com\/argentina\/congreso-2023-confirmado\/\">Leer m\u00e1s<\/a><\/p>\n","protected":false},"author":1,"featured_media":0,"parent":0,"menu_order":0,"comment_status":"closed","ping_status":"closed","template":"page-templates\/homepage.php","meta":{"pagelayer_contact_templates":[],"_pagelayer_content":""},"_links":{"self":[{"href":"https:\/\/deportesalternativos.com\/argentina\/wp-json\/wp\/v2\/pages\/1188"}],"collection":[{"href":"https:\/\/deportesalternativos.com\/argentina\/wp-json\/wp\/v2\/pages"}],"about":[{"href":"https:\/\/deportesalternativos.com\/argentina\/wp-json\/wp\/v2\/types\/page"}],"author":[{"embeddable":true,"href":"https:\/\/deportesalternativos.com\/argentina\/wp-json\/wp\/v2\/users\/1"}],"replies":[{"embeddable":true,"href":"https:\/\/deportesalternativos.com\/argentina\/wp-json\/wp\/v2\/comments?post=1188"}],"version-history":[{"count":20,"href":"https:\/\/deportesalternativos.com\/argentina\/wp-json\/wp\/v2\/pages\/1188\/revisions"}],"predecessor-version":[{"id":2066,"href":"https:\/\/deportesalternativos.com\/argentina\/wp-json\/wp\/v2\/pages\/1188\/revisions\/2066"}],"wp:attachment":[{"href":"https:\/\/deportesalternativos.com\/argentina\/wp-json\/wp\/v2\/media?parent=1188"}],"curies":[{"name":"wp","href":"https:\/\/api.w.org\/{rel}","templated":true}]}}