{"id":1128,"date":"2020-03-20T19:06:03","date_gmt":"2020-03-20T22:06:03","guid":{"rendered":"http:\/\/deportesalternativos.com\/argentina\/?page_id=1128"},"modified":"2020-04-21T13:46:00","modified_gmt":"2020-04-21T16:46:00","slug":"guguel","status":"publish","type":"page","link":"https:\/\/deportesalternativos.com\/argentina\/juegos\/guguel\/","title":{"rendered":"Guguel"},"content":{"rendered":"\n<p>Hola.<\/p>\n\n\n\n<p>Desde aqu\u00ed podr\u00e1s ingresar a completar el Formulario y participar de <strong>GUGUEL<\/strong>, el juego virtual que crece torneo a torneo.<\/p>\n\n\n\n<p><a href=\"https:\/\/forms.gle\/LZpkFjbhkHG4AoYP6\"><strong>INGRESAR Y COMPLETAR EL FORMULARIO<\/strong><\/a><\/p>\n\n\n\n<p>Aqu\u00ed abajo encontrar\u00e1s las instrucciones y tambi\u00e9n videoexplicaci\u00f3n e invitaci\u00f3n<\/p>\n\n\n\n<p class=\"has-text-align-center\"><strong>INSTRUCCIONES:<\/strong><\/p>\n\n\n\n<ol><li>Ingresas en el <a href=\"https:\/\/forms.gle\/LZpkFjbhkHG4AoYP6\">FORMULARIO DE INSCRIPCI\u00d3N<\/a>. Completas tus datos<\/li><li>Luego, tienes <strong>6 (seis) espacios<\/strong> para colocar las palabras que t\u00fa has elegido de acuerdo a la tem\u00e1tica en juego.<\/li><li>Ten en cuenta que el orden es importante, ya que tu primer palabra elegida ser\u00e1 usada para la primera ronda del torneo, en caso de ganar continuas y se usar\u00e1 la segunda palabra que hayas escogido y as\u00ed hasta llegar a una hipot\u00e9tica final.<\/li><li>Un partido se compone de 2 (dos) personas que se enfrentan. Cada unx ha elegido sus palabras (6) en orden. El Torneo lo desarrolla <strong>CODASPORTS<\/strong> y desde el pr\u00f3ximo torneo se podr\u00e1 seguir por <strong>Facebook Live<\/strong>.<\/li><li>CODASPORTS (<strong>el \u00e1rbitro<\/strong>), arma los torneos. <\/li><li><strong>Ejemplo de partido: Jugador A eligi\u00f3 \u00abPapa\u00bb como su primer palabra y jugador B escogi\u00f3 \u00abVerde\u00bb. El \u00e1rbitro ingresa a google.com.ar y coloca el t\u00e9rmino \u00abverde\u00bb<\/strong>:<\/li><\/ol>\n\n\n\n<div class=\"wp-block-image\"><figure class=\"aligncenter size-large\"><img decoding=\"async\" loading=\"lazy\" width=\"591\" height=\"292\" src=\"https:\/\/deportesalternativos.com\/argentina\/wp-content\/uploads\/2020\/03\/verdeguguel.jpg\" alt=\"\" class=\"wp-image-1129\" srcset=\"https:\/\/deportesalternativos.com\/argentina\/wp-content\/uploads\/2020\/03\/verdeguguel.jpg 591w, https:\/\/deportesalternativos.com\/argentina\/wp-content\/uploads\/2020\/03\/verdeguguel-300x148.jpg 300w\" sizes=\"(max-width: 591px) 100vw, 591px\" \/><figcaption><strong>El\/la jugadora B eligi\u00f3 \u00abverde\u00bb, obtiene 2.550 puntos. Si su rival A escogi\u00f3 \u00abPapa\u00bb y GANAR\u00c1 EL\/LA QUE OBTENGA MAYOR CANTIDAD DE RESULTADOS.<\/strong><\/figcaption><\/figure><\/div>\n\n\n\n<p><\/p>\n\n\n\n<figure class=\"wp-block-embed-youtube wp-block-embed is-type-video is-provider-youtube wp-embed-aspect-16-9 wp-has-aspect-ratio\"><div class=\"wp-block-embed__wrapper\">\n<div class='embed-container'><iframe loading=\"lazy\" title=\"Invitaci\u00f3n a GUGEL \/ Sarmiento Deportes\" width=\"1920\" height=\"1080\" src=\"https:\/\/www.youtube.com\/embed\/Lvt6-cAFE6g?feature=oembed\" frameborder=\"0\" allow=\"accelerometer; autoplay; clipboard-write; encrypted-media; gyroscope; picture-in-picture; web-share\" referrerpolicy=\"strict-origin-when-cross-origin\" allowfullscreen><\/iframe><\/div>\n<\/div><\/figure>\n\n\n\n<p>Todxs sabemos que debemos quedarnos en casa, evitando as\u00ed la propagaci\u00f3n del COVID-19<\/p>\n\n\n\n<p>Por eso, hemos inaugurado \u00e9stos, los primeros Juegos Ociol\u00edmpicos, con actividades l\u00fadico-recreativas de utilidad en diversas ramas.<\/p>\n\n\n\n<div class=\"wp-block-image\"><figure class=\"aligncenter size-large\"><img decoding=\"async\" loading=\"lazy\" width=\"450\" height=\"176\" src=\"https:\/\/deportesalternativos.com\/argentina\/wp-content\/uploads\/2020\/03\/Logo-Guguel.jpg\" alt=\"\" class=\"wp-image-1130\" srcset=\"https:\/\/deportesalternativos.com\/argentina\/wp-content\/uploads\/2020\/03\/Logo-Guguel.jpg 450w, https:\/\/deportesalternativos.com\/argentina\/wp-content\/uploads\/2020\/03\/Logo-Guguel-300x117.jpg 300w\" sizes=\"(max-width: 450px) 100vw, 450px\" \/><\/figure><\/div>\n\n\n\n<h2 class=\"has-text-align-center wp-block-heading\"><a href=\"https:\/\/forms.gle\/uAgGgdPC5NBSJFS79\">INSCRIBIRSE A GUGUEL, CLIC AQU\u00cd<\/a><\/h2>\n\n\n\n<figure class=\"wp-block-embed-youtube wp-block-embed is-type-video is-provider-youtube wp-embed-aspect-16-9 wp-has-aspect-ratio\"><div class=\"wp-block-embed__wrapper\">\n<div class='embed-container'><iframe loading=\"lazy\" title=\"Como jugar GUGUEL \/ Sarmiento Deportes\" width=\"1920\" height=\"1080\" src=\"https:\/\/www.youtube.com\/embed\/-F-TsDpmaPo?feature=oembed\" frameborder=\"0\" allow=\"accelerometer; autoplay; clipboard-write; encrypted-media; gyroscope; picture-in-picture; web-share\" referrerpolicy=\"strict-origin-when-cross-origin\" allowfullscreen><\/iframe><\/div>\n<\/div><\/figure>\n","protected":false},"excerpt":{"rendered":"<p>Hola. Desde aqu\u00ed podr\u00e1s ingresar a completar el Formulario y participar de GUGUEL, el juego virtual que crece torneo a torneo. INGRESAR Y COMPLETAR EL FORMULARIO Aqu\u00ed abajo encontrar\u00e1s las instrucciones y tambi\u00e9n videoexplicaci\u00f3n e invitaci\u00f3n INSTRUCCIONES: Ingresas en el FORMULARIO DE INSCRIPCI\u00d3N. Completas tus datos Luego, tienes 6 (seis) espacios para colocar las palabras&hellip; <br \/> <a class=\"read-more\" href=\"https:\/\/deportesalternativos.com\/argentina\/juegos\/guguel\/\">Leer m\u00e1s<\/a><\/p>\n","protected":false},"author":1,"featured_media":0,"parent":1223,"menu_order":0,"comment_status":"closed","ping_status":"closed","template":"","meta":{"pagelayer_contact_templates":[],"_pagelayer_content":""},"_links":{"self":[{"href":"https:\/\/deportesalternativos.com\/argentina\/wp-json\/wp\/v2\/pages\/1128"}],"collection":[{"href":"https:\/\/deportesalternativos.com\/argentina\/wp-json\/wp\/v2\/pages"}],"about":[{"href":"https:\/\/deportesalternativos.com\/argentina\/wp-json\/wp\/v2\/types\/page"}],"author":[{"embeddable":true,"href":"https:\/\/deportesalternativos.com\/argentina\/wp-json\/wp\/v2\/users\/1"}],"replies":[{"embeddable":true,"href":"https:\/\/deportesalternativos.com\/argentina\/wp-json\/wp\/v2\/comments?post=1128"}],"version-history":[{"count":5,"href":"https:\/\/deportesalternativos.com\/argentina\/wp-json\/wp\/v2\/pages\/1128\/revisions"}],"predecessor-version":[{"id":1138,"href":"https:\/\/deportesalternativos.com\/argentina\/wp-json\/wp\/v2\/pages\/1128\/revisions\/1138"}],"up":[{"embeddable":true,"href":"https:\/\/deportesalternativos.com\/argentina\/wp-json\/wp\/v2\/pages\/1223"}],"wp:attachment":[{"href":"https:\/\/deportesalternativos.com\/argentina\/wp-json\/wp\/v2\/media?parent=1128"}],"curies":[{"name":"wp","href":"https:\/\/api.w.org\/{rel}","templated":true}]}}