{"id":444,"date":"2020-02-20T09:49:01","date_gmt":"2020-02-20T09:49:01","guid":{"rendered":"http:\/\/deportesalternativos.com\/kabaddi\/?page_id=444"},"modified":"2021-10-19T19:56:30","modified_gmt":"2021-10-19T22:56:30","slug":"calendario","status":"publish","type":"page","link":"http:\/\/deportesalternativos.com\/kabaddi\/liga-nacional-2017\/calendario\/","title":{"rendered":"Competencias"},"content":{"rendered":"\n<h2 class=\"wp-block-heading\"><span style=\"color: #000000;\"><strong>Campeonato Argentino 2021<\/strong><\/span><\/h2>\n\n\n\n<h3 class=\"wp-block-heading\"><span style=\"color: #000000;\"><strong>Se disputar\u00e1 en Octubre (Domingos 24 y 31, en Gar\u00edn (24\/10\/2021) y en La Plata (31\/10\/2021). Incluir\u00e1, a modo de prueba, un formato novedoso que promueve juveniles y la nueva especialidad K5 (Kabaddi 5).<\/strong><\/span><\/h3>\n\n\n\n<h3 class=\"wp-block-heading\"><span style=\"color: #000000;\"><strong>La obtenci\u00f3n de la Copa de Campe\u00f3n Argentino ser\u00e1 por sistema de diferentes puntuaciones. El club-franquicia que m\u00e1s puntos obtenga se har\u00e1 acreedor de la Copa de Campe\u00f3n Argentino 2021.<\/strong><\/span><\/h3>\n\n\n\n<h4 class=\"wp-block-heading\">&nbsp;<\/h4>\n\n\n\n<blockquote class=\"wp-block-quote\"><p><a href=\"https:\/\/deportesalternativos.com\/kabaddi\/campeonato-nacional-2021\/\">VER TODOS LOS DETALLES DE LA <strong>COPA CAD CENTENARIO (Campeonato Nacional 2021)<\/strong><\/a><\/p><cite><strong><a href=\"https:\/\/deportesalternativos.com\/kabaddi\/campeonato-nacional-2021\/\">CLIC AQU\u00cd<\/a><\/strong><\/cite><\/blockquote>\n\n\n\n<hr class=\"wp-block-separator\"\/>\n\n\n\n<p class=\"has-text-align-left\"><strong>Calendario 2020<\/strong><\/p>\n\n\n\n<p>El Calendario 2020 fue consensuado en una reuni\u00f3n de autoridades de Kabaddi pero en Marzo 2020 se declar\u00f3 el Aislamiento Social Preventivo y Obligatorio (ASPO) que se mantuvo durante todo el a\u00f1o para los deportes de contacto en Argentina.<\/p>\n\n\n\n<ul><li>\n<h2><span style=\"color: #ff6600;\"><strong>KABADDI BEACH<\/strong><\/span><\/h2>\n<\/li><li>1\u00b0 Fecha: <span style=\"color: #ff0000;\"><strong>Domingo 9 de FEBRERO de 2020 \/&nbsp;<\/strong><\/span>Sede: <strong><span style=\"color: #ff0000;\">GUALEGUAYCH\u00da (Entre R\u00edos)<\/span><\/strong><\/li><li><span style=\"color: #000000;\"><strong>Especialidades: <\/strong><\/span><span style=\"color: #000000;\"><strong>Beach Kabaddi M<\/strong><strong>asculino y <\/strong><\/span><span style=\"color: #000000;\"><strong>Femenino<\/strong><\/span><\/li><\/ul>\n\n\n\n<hr class=\"wp-block-separator\"\/>\n\n\n\n<ul><li>\n<h2><span style=\"color: #ff6600;\"><strong>KABADDI BEACH<\/strong><\/span><\/h2>\n<\/li><li>2\u00b0 Fecha: <span style=\"color: #ff0000;\"><strong>Domingo 1\u00b0 de MARZO de 2020 \/&nbsp;<\/strong><\/span>Sede: <strong><span style=\"color: #ff0000;\">PILAR<\/span><\/strong><\/li><li><span style=\"color: #000000;\"><strong>Especialidades: B<\/strong><\/span><span style=\"color: #000000;\"><strong>each Kabaddi M<\/strong><strong>asculino y <\/strong><\/span><span style=\"color: #000000;\"><strong>Femenino<\/strong><\/span><\/li><\/ul>\n\n\n\n<hr class=\"wp-block-separator\"\/>\n\n\n\n<ul><li>\n<h2><span style=\"color: #0000ff;\"><strong>KABADDI NATIONAL STYLE | <span style=\"color: #ff0000;\">Suspendido por situaci\u00f3n epidemiol\u00f3gica COVID-19<\/span><\/strong><\/span><\/h2>\n<\/li><\/ul>\n\n\n\n<p><del>Fecha EXHIBICI\u00d3N: <span style=\"color: #ff0000;\"><strong>Domingo 28 de MARZO de 2020 \/&nbsp;<\/strong><\/span><\/del><del>Sede: <strong><span style=\"color: #ff0000;\">Polideportivo de GAR\u00cdN (Buenos Aires)<\/span><\/strong><\/del><\/p>\n\n\n\n<p><del><span style=\"color: #000000;\"><strong>Especialidades Exhibici\u00f3n:&nbsp;<\/strong><\/span><span style=\"color: #000000;\"><strong>National Style Masculino y&nbsp;<\/strong><\/span><span style=\"color: #000000;\"><strong>National Style Femenino<\/strong><\/span><\/del><\/p>\n\n\n\n<hr class=\"wp-block-separator\"\/>\n\n\n\n<ul><li>\n<h2><span style=\"color: #008000;\"><strong>CIRCLE KABADDI |&nbsp;<\/strong><\/span><span style=\"color: #0000ff;\"><strong><span style=\"color: #ff0000;\">Suspendido por situaci\u00f3n epidemiol\u00f3gica COVID-19<\/span><\/strong><\/span><\/h2>\n<\/li><\/ul>\n\n\n\n<p><del>1\u00b0 Fecha: <span style=\"color: #ff0000;\"><strong>Domingo 5 de ABRIL de 2020 \/&nbsp;<\/strong><\/span><\/del><del>Sede: <strong><span style=\"color: #ff0000;\">Parque Sarmiento (Ciudad de Buenos Aires)<\/span><\/strong><\/del><\/p>\n\n\n\n<p><del><span style=\"color: #000000;\"><strong>Especialidades:&nbsp;<\/strong><\/span><span style=\"color: #000000;\"><strong>Fecha #1 Circle<\/strong><strong> Style Masculino y <\/strong><\/span><span style=\"color: #000000;\"><strong>Circle Style Femenino<\/strong><\/span><\/del><\/p>\n\n\n\n<hr class=\"wp-block-separator\"\/>\n\n\n\n<h2 class=\"wp-block-heading\"><span style=\"color: #0000ff;\"><strong>KABADDI NATIONAL STYLE |&nbsp;<\/strong><\/span><span style=\"color: #0000ff;\"><strong><span style=\"color: #ff0000;\">Suspendido por situaci\u00f3n epidemiol\u00f3gica COVID-19<\/span><\/strong><\/span><span style=\"color: #0000ff;\"><strong>&nbsp;<\/strong><\/span><\/h2>\n\n\n\n<p><del>1\u00b0 Fecha: <span style=\"color: #ff0000;\"><strong>Domingo 19 de ABRIL de 2020 \/&nbsp;<\/strong><\/span><\/del><del>Sede: <strong><span style=\"color: #ff0000;\">A CONFIRMAR<\/span><\/strong><\/del><\/p>\n\n\n\n<p><del><span style=\"color: #000000;\"><strong>Especialidades:&nbsp;<\/strong><\/span><span style=\"color: #000000;\"><strong>Fecha #1&nbsp;<\/strong><strong>National Style Masculino y <\/strong><\/span><span style=\"color: #000000;\"><strong>National Style Femenino<\/strong><\/span><\/del><\/p>\n\n\n\n<hr class=\"wp-block-separator\"\/>\n\n\n\n<ul><li>\n<h2><span style=\"color: #0000ff;\"><strong>KABADDI NATIONAL STYLE |&nbsp;<\/strong><\/span><span style=\"color: #0000ff;\"><strong><span style=\"color: #ff0000;\">Suspendido por situaci\u00f3n epidemiol\u00f3gica COVID-19<\/span><\/strong><\/span><\/h2>\n<\/li><\/ul>\n\n\n\n<p><del>2\u00b0 Fecha: <span style=\"color: #ff0000;\"><strong>Domingo 17 de MAYO de 2020 \/&nbsp;<\/strong><\/span>Sede: <strong><span style=\"color: #ff0000;\">A CONFIRMAR<\/span><\/strong><\/del><\/p>\n\n\n\n<p><del><span style=\"color: #000000;\"><strong>Especialidades:&nbsp;<\/strong><\/span><span style=\"color: #000000;\"><strong>Fecha #2&nbsp;<\/strong><strong>National Style Masculino y <\/strong><\/span><span style=\"color: #000000;\"><strong>National Style Femenino<\/strong><\/span><\/del><\/p>\n\n\n\n<hr class=\"wp-block-separator\"\/>\n\n\n\n<ul><li>\n<h2><span style=\"color: #0000ff;\"><strong>KABADDI NATIONAL STYLE |<\/strong><\/span><\/h2>\n<h2><span style=\"color: #0000ff;\"><strong><span style=\"color: #ff0000;\">Suspendido por situaci\u00f3n epidemiol\u00f3gica COVID-19<\/span><\/strong><\/span><\/h2>\n<\/li><\/ul>\n\n\n\n<p><del><strong style=\"color: #ff0000; font-size: 16px;\">1\u00b0 Convocatoria Selecciones Nacionales&nbsp;<\/strong><\/del><\/p>\n\n\n\n<p><del>Fecha: <span style=\"color: #ff0000;\"><strong>S\u00e1bado 30 y Domingo 31 de MAYO de 2020 \/&nbsp;<\/strong><\/span>Sede: <strong><span style=\"color: #ff0000;\">A CONFIRMAR<\/span><\/strong><\/del><\/p>\n\n\n\n<p><del><span style=\"color: #000000;\"><strong>Especialidades:&nbsp;<\/strong><\/span><span style=\"color: #000000;\"><strong>National Style Masculino y&nbsp;<\/strong><\/span><span style=\"color: #000000;\"><strong>National Style Femenino<\/strong><\/span><\/del><\/p>\n\n\n\n<hr class=\"wp-block-separator\"\/>\n\n\n\n<ul><li>\n<h2><span style=\"color: #008000;\"><strong>CIRCLE KABADDI |&nbsp;<\/strong><\/span><span style=\"color: #0000ff;\"><strong><span style=\"color: #ff0000;\">Suspendido por situaci\u00f3n epidemiol\u00f3gica COVID-19<\/span><\/strong><\/span><\/h2>\n<\/li><\/ul>\n\n\n\n<p><del>2\u00b0 Fecha: <span style=\"color: #ff0000;\"><strong>Domingo 7 de JUNIO de 2020 \/&nbsp;<\/strong><\/span>Sede: <strong><span style=\"color: #ff0000;\">A CONFIRMAR<\/span><\/strong><\/del><\/p>\n\n\n\n<p><del><span style=\"color: #000000;\"><strong>Especialidades: <\/strong><\/span><span style=\"color: #000000;\"><strong>Circle<\/strong><strong> Style Masculino y <\/strong><\/span><span style=\"color: #000000;\"><strong>Circle Style Femenino<\/strong><\/span><\/del><\/p>\n\n\n\n<hr class=\"wp-block-separator\"\/>\n\n\n\n<ul><li>\n<h2><span style=\"color: #0000ff;\"><strong>KABADDI NATIONAL STYLE |<\/strong><\/span><\/h2>\n<h2><span style=\"color: #0000ff;\"><strong><span style=\"color: #ff0000;\">Suspendido por situaci\u00f3n epidemiol\u00f3gica COVID-19<\/span><\/strong><\/span><\/h2>\n<\/li><\/ul>\n\n\n\n<p><del>3\u00b0 Fecha: <span style=\"color: #ff0000;\"><strong>Domingo 28 de JUNIO de 2020 \/&nbsp;<\/strong><\/span>Sede: <strong><span style=\"color: #ff0000;\">A CONFIRMAR<\/span><\/strong><\/del><\/p>\n\n\n\n<p><del><span style=\"color: #000000;\"><strong>Especialidades: <\/strong><\/span><span style=\"color: #000000;\"><strong>National Style Masculino \/ <\/strong><\/span><span style=\"color: #000000;\"><strong>National Style Femenino<\/strong><\/span><\/del><\/p>\n\n\n\n<hr class=\"wp-block-separator\"\/>\n\n\n\n<ul><li>\n<h2><span style=\"color: #0000ff;\"><strong>KABADDI NATIONAL STYLE |<\/strong><\/span><\/h2>\n<h2><span style=\"color: #0000ff;\"><strong><span style=\"color: #ff0000;\">Suspendido por situaci\u00f3n epidemiol\u00f3gica COVID-19<\/span><\/strong><\/span><\/h2>\n<\/li><\/ul>\n\n\n\n<p><del>4\u00b0 Fecha: <span style=\"color: #ff0000;\"><strong>Domingo 9 de AGOSTO de 2020 \/&nbsp;<\/strong><\/span>Sede: <strong><span style=\"color: #ff0000;\">A CONFIRMAR<\/span><\/strong><\/del><\/p>\n\n\n\n<p><del><span style=\"color: #000000;\"><strong>Especialidades: <\/strong><\/span><span style=\"color: #000000;\"><strong>National Style Masculino y N<\/strong><\/span><span style=\"color: #000000;\"><strong>ational Style Femenino<\/strong><\/span><\/del><\/p>\n\n\n\n<hr class=\"wp-block-separator\"\/>\n\n\n\n<ul><li>\n<h2><span style=\"color: #008000;\"><strong>CIRCLE KABADDI |&nbsp;<\/strong><\/span><span style=\"color: #0000ff;\"><strong><span style=\"color: #ff0000;\">Suspendido por situaci\u00f3n epidemiol\u00f3gica COVID-19<\/span><\/strong><\/span><\/h2>\n<\/li><\/ul>\n\n\n\n<p><del>3\u00b0 Fecha: <span style=\"color: #ff0000;\"><strong>Domingo 23 de AGOSTO de 2020 \/&nbsp;<\/strong><\/span>Sede: <strong><span style=\"color: #ff0000;\">A CONFIRMAR<\/span><\/strong><\/del><\/p>\n\n\n\n<p><del><span style=\"color: #000000;\"><strong>Especialidades: <\/strong><\/span><span style=\"color: #000000;\"><strong>Circle<\/strong><strong> Style Masculino y <\/strong><\/span><span style=\"color: #000000;\"><strong>Circle Style Femenino<\/strong><\/span><\/del><\/p>\n\n\n\n<hr class=\"wp-block-separator\"\/>\n\n\n\n<ul><li>\n<h2><span style=\"color: #0000ff;\"><strong>KABADDI NATIONAL STYLE y <span style=\"color: #008000;\">CIRCLE KABADDI |&nbsp;<\/span><\/strong><\/span><span style=\"color: #0000ff;\"><strong><span style=\"color: #ff0000;\">Suspendido por situaci\u00f3n epidemiol\u00f3gica COVID-19<\/span><\/strong><\/span><\/h2>\n<\/li><\/ul>\n\n\n\n<p><del>Fecha Especial: <span style=\"color: #ff0000;\"><strong>S\u00e1bado 26 y Domingo 27 de SEPTIEMBRE de 2020 \/&nbsp;<\/strong><\/span>Sede: <strong><span style=\"color: #ff0000;\">Bah\u00eda Blanca (Provincia de Buenos Aires)<\/span><\/strong><\/del><\/p>\n\n\n\n<p><del><span style=\"color: #000000;\"><strong>Especialidades:&nbsp;<\/strong><\/span><span style=\"color: #000000;\"><strong>Fecha Final Nacional&nbsp;<\/strong><strong>National Style Masculino, <\/strong><\/span><span style=\"color: #000000;\"><strong>National Style Femenino, <\/strong><\/span><span style=\"color: #000000;\"><strong>Circle<\/strong><strong> Style Masculino y <\/strong><\/span><span style=\"color: #000000;\"><strong>Circle Style Femenino<\/strong><\/span><\/del><\/p>\n\n\n\n<hr class=\"wp-block-separator\"\/>\n","protected":false},"excerpt":{"rendered":"<p>Campeonato Argentino 2021 Se disputar\u00e1 en Octubre (Domingos 24 y 31, en Gar\u00edn (24\/10\/2021) y en La Plata (31\/10\/2021). Incluir\u00e1, a modo de prueba, un<\/p>\n","protected":false},"author":1,"featured_media":0,"parent":22,"menu_order":0,"comment_status":"closed","ping_status":"closed","template":"","meta":[],"_links":{"self":[{"href":"http:\/\/deportesalternativos.com\/kabaddi\/wp-json\/wp\/v2\/pages\/444"}],"collection":[{"href":"http:\/\/deportesalternativos.com\/kabaddi\/wp-json\/wp\/v2\/pages"}],"about":[{"href":"http:\/\/deportesalternativos.com\/kabaddi\/wp-json\/wp\/v2\/types\/page"}],"author":[{"embeddable":true,"href":"http:\/\/deportesalternativos.com\/kabaddi\/wp-json\/wp\/v2\/users\/1"}],"replies":[{"embeddable":true,"href":"http:\/\/deportesalternativos.com\/kabaddi\/wp-json\/wp\/v2\/comments?post=444"}],"version-history":[{"count":8,"href":"http:\/\/deportesalternativos.com\/kabaddi\/wp-json\/wp\/v2\/pages\/444\/revisions"}],"predecessor-version":[{"id":641,"href":"http:\/\/deportesalternativos.com\/kabaddi\/wp-json\/wp\/v2\/pages\/444\/revisions\/641"}],"up":[{"embeddable":true,"href":"http:\/\/deportesalternativos.com\/kabaddi\/wp-json\/wp\/v2\/pages\/22"}],"wp:attachment":[{"href":"http:\/\/deportesalternativos.com\/kabaddi\/wp-json\/wp\/v2\/media?parent=444"}],"curies":[{"name":"wp","href":"https:\/\/api.w.org\/{rel}","templated":true}]}}